{"id":7618,"date":"2020-06-03T17:46:11","date_gmt":"2020-06-03T21:46:11","guid":{"rendered":"https:\/\/www.serrarpharma.com\/?post_type=product&#038;p=7618"},"modified":"2024-08-21T21:13:23","modified_gmt":"2024-08-22T01:13:23","slug":"collagen-pure","status":"publish","type":"product","link":"https:\/\/www.serrarpharma.com\/it\/product\/collagen-pure\/","title":{"rendered":"Collagen Pure"},"content":{"rendered":"<p><img loading=\"lazy\" class=\"alignnone wp-image-11896\" src=\"https:\/\/i0.wp.com\/www.serrarpharma.com\/wp-content\/uploads\/2021\/05\/Quality-Labels-US-09.png?resize=70%2C70&#038;ssl=1\" alt=\"\" width=\"70\" height=\"70\" data-recalc-dims=\"1\" \/><img loading=\"lazy\" class=\"alignnone wp-image-11370\" src=\"https:\/\/i0.wp.com\/www.serrarpharma.com\/wp-content\/uploads\/2021\/04\/GMP.png?resize=70%2C70&#038;ssl=1\" alt=\"\" width=\"70\" height=\"70\" srcset=\"https:\/\/i0.wp.com\/www.serrarpharma.com\/wp-content\/uploads\/2021\/04\/GMP.png?w=150&amp;ssl=1 150w, https:\/\/i0.wp.com\/www.serrarpharma.com\/wp-content\/uploads\/2021\/04\/GMP.png?resize=100%2C100&amp;ssl=1 100w\" sizes=\"(max-width: 70px) 100vw, 70px\" data-recalc-dims=\"1\" \/><img loading=\"lazy\" class=\"alignnone wp-image-11369\" src=\"https:\/\/i0.wp.com\/www.serrarpharma.com\/wp-content\/uploads\/2021\/04\/Nongmo.png?resize=70%2C70&#038;ssl=1\" alt=\"\" width=\"70\" height=\"70\" srcset=\"https:\/\/i0.wp.com\/www.serrarpharma.com\/wp-content\/uploads\/2021\/04\/Nongmo.png?w=150&amp;ssl=1 150w, https:\/\/i0.wp.com\/www.serrarpharma.com\/wp-content\/uploads\/2021\/04\/Nongmo.png?resize=100%2C100&amp;ssl=1 100w\" sizes=\"(max-width: 70px) 100vw, 70px\" data-recalc-dims=\"1\" \/><img loading=\"lazy\" class=\"alignnone wp-image-11799\" src=\"https:\/\/i0.wp.com\/www.serrarpharma.com\/wp-content\/uploads\/2021\/04\/ISO-07.png?resize=70%2C70&#038;ssl=1\" alt=\"\" width=\"70\" height=\"70\" srcset=\"https:\/\/i0.wp.com\/www.serrarpharma.com\/wp-content\/uploads\/2021\/04\/ISO-07.png?resize=300%2C300&amp;ssl=1 300w, https:\/\/i0.wp.com\/www.serrarpharma.com\/wp-content\/uploads\/2021\/04\/ISO-07.png?resize=150%2C150&amp;ssl=1 150w, https:\/\/i0.wp.com\/www.serrarpharma.com\/wp-content\/uploads\/2021\/04\/ISO-07.png?resize=100%2C100&amp;ssl=1 100w, https:\/\/i0.wp.com\/www.serrarpharma.com\/wp-content\/uploads\/2021\/04\/ISO-07.png?w=418&amp;ssl=1 418w\" sizes=\"(max-width: 70px) 100vw, 70px\" data-recalc-dims=\"1\" \/><\/p>\n<p>Supporto delle articolazioni<br \/>\nPelle sana<br \/>\nRiduci le rughe<br \/>\nFornisce tessuto connettivo<br \/>\nAiuta a costruire i muscoli<br \/>\nBruciare grasso<\/p>\n<p><strong> Che cos&#8217;\u00e8 il collagene: <\/strong><br \/>\nIl collagene \u00e8 come la colla che tiene insieme il corpo. \u00c8 la proteina pi\u00f9 abbondante nel corpo e si trova nei muscoli, nella pelle, nella cartilagine, nelle ossa e nel sangue, solo per citare alcuni dei ruoli vitali che svolge nel corpo. Negli ultimi anni il collagene ha iniziato a diventare sempre pi\u00f9 popolare.<br \/>\n<strong><br \/>\nPerch\u00e9 il collagene: <\/strong><br \/>\nIl collagene \u00e8 un complesso di collagene multimolecolare che offre supporto per la salute delle articolazioni e per una pelle sana. Il collagene pu\u00f2 supportare l&#8217;elasticit\u00e0 e la compattezza della pelle e anche aiutare a trattenere l&#8217;umidit\u00e0. *<\/p>\n<div class=\"productlist\">Supporta la salute delle articolazioni<br \/>\nPromuove l&#8217;elasticit\u00e0 della pelle<br \/>\nPu\u00f2 aiutare a ridurre la comparsa di linee sottili e rughe *<br \/>\nPotenziale per fornire supporto al tessuto connettivo *<br \/>\nAiuta a costruire muscoli e bruciare i grassi<br \/>\nIntegratore naturale<\/div>\n<p>&#8211;<br \/>\nIl corpo produce naturalmente collagene ma con l&#8217;avanzare dell&#8217;et\u00e0 iniziamo a produrre sempre meno. Ci\u00f2 pu\u00f2 provocare segni visibili dell&#8217;invecchiamento, come rughe e rilassamento cutaneo, e segni invisibili dell&#8217;invecchiamento, come articolazioni doloranti. Il collagene pu\u00f2 aiutare a dare al tuo corpo gli elementi costitutivi di cui ha bisogno per mantenere queste e altre aree della salute. Pu\u00f2 anche aiutare a sostenere una massa muscolare magra sana. Con la sua vasta gamma di vantaggi e utilizzi il collagene pu\u00f2 attrarre clienti grandi e piccini!<\/p>\n<h5>Perch\u00e9 scegliere Dr. SERRAR <sup> \u00ae <\/sup> Collagen Pure?<\/h5>\n<p>Dr. SERRAR <sup> \u00ae <\/sup> Collagen Pure \u00e8 prodotto secondo i pi\u00f9 alti standard dell&#8217;industria farmaceutica. Contengono complessi di collagene multi-molecola: Bovini, Pollo, Peptidi della membrana del guscio d&#8217;uovo.<\/p>\n<div class=\"productlist\">\n<p>LA PI\u00d9 ALTA QUALIT\u00c0. SENZA GLUTINE. Fabbricato negli Usa.<br \/>\nStrutture certificate dalla FDA<br \/>\nLe buone pratiche di fabbricazione (GMP) sono un insieme di rigide normative farmaceutiche che garantiscono che gli integratori alimentari siano prodotti e controllati secondo uno standard elevato idoneo all&#8217;uso.<br \/>\nSenza soia, senza glutine, certificato Kosher, senza latticini, senza latte, frutta a guscio, arachidi, crostacei, grano e soia. Inoltre privo di lievito, orzo, riso, sodio e zucchero.<br \/>\nMassima efficienza<br \/>\nTutto naturale Sourced<br \/>\nRealizzato con ingredienti ipoallergenici<\/p>\n<\/div>\n<p><strong><br \/>\nIstruzioni per l&#8217;uso: <\/strong><br \/>\nCome integratore alimentare, prendi una (1) capsula una volta al giorno prima dei pasti o come indicato da un operatore sanitario.<br \/>\nConservare in luogo fresco e asciutto.<\/p>\n<p><strong> Altri ingredienti <\/strong><br \/>\nCapsule di gelatina, magnesio stearato<\/p>\n<p><strong><br \/>\nInformazioni importanti: <\/strong><br \/>\nSe stai assumendo farmaci su prescrizione, hai una condizione medica o hai dubbi specifici sull&#8217;idoneit\u00e0 di uno qualsiasi dei nostri prodotti in relazione a questi, dovresti sempre consultare il tuo medico di famiglia o il farmacista prima di assumere integratori. Le donne in gravidanza o in allattamento dovrebbero consultare un medico di famiglia prima di assumere integratori. Non superare la dose giornaliera consigliata. Tenere fuori dalla portata dei bambini. Gli integratori non vanno intesi come sostituti di una dieta variata. Leggere sempre l&#8217;etichetta prima dell&#8217;uso.<\/p>\n<p>Serrar Pharma utilizza solo ingredienti puri e naturali, da fonti attendibili GMP. Garantiamo la qualit\u00e0 non solo per ogni lotto, ma anche per ogni ingrediente in quel lotto, assicurandoti di ottenere solo il prodotto della massima qualit\u00e0. Ci sono molti vantaggi del supporto degli integratori. Vedi le recensioni.<br \/>\nSe avete domande, non esitate a contattarci. Grazie.<\/p>\n<p>&nbsp;<\/p>\n<p><span style=\"color: #005890;\"><strong><span class=\"VIiyi\" lang=\"it\"><span class=\"JLqJ4b ChMk0b\" data-language-for-alternatives=\"it\" data-language-to-translate-into=\"en\" data-phrase-index=\"1\">FABBRICATO NEGLI USA <span class=\"VIiyi\" lang=\"es\"> \u00a0\u00a0\u00a0\u00a0 <\/span>|<\/span> <span class=\"VIiyi\" lang=\"es\"> \u00a0\u00a0\u00a0\u00a0 <\/span><span class=\"JLqJ4b ChMk0b\" data-language-for-alternatives=\"it\" data-language-to-translate-into=\"en\" data-phrase-index=\"2\">CERTIFICATO GMP <span class=\"VIiyi\" lang=\"es\"> \u00a0\u00a0\u00a0\u00a0 <\/span>|<\/span> <span class=\"VIiyi\" lang=\"es\"> \u00a0\u00a0\u00a0\u00a0 <\/span><span class=\"JLqJ4b ChMk0b\" data-language-for-alternatives=\"it\" data-language-to-translate-into=\"en\" data-phrase-index=\"3\">NON OGM <span class=\"VIiyi\" lang=\"es\"> \u00a0\u00a0\u00a0\u00a0 <\/span>|<\/span> <span class=\"VIiyi\" lang=\"es\"> \u00a0\u00a0\u00a0\u00a0 <\/span><span class=\"JLqJ4b ChMk0b\" data-language-for-alternatives=\"it\" data-language-to-translate-into=\"en\" data-phrase-index=\"4\">LAB. CERTIFICATO ISO 17025<\/span><\/span><\/strong><\/span><\/p>\n","protected":false},"excerpt":{"rendered":"<p>Supporto delle articolazioni Pelle sana Riduci le rughe Fornisce tessuto connettivo Aiuta a costruire i muscoli Bruciare grasso Che cos&#8217;\u00e8 il collagene: Il collagene \u00e8 come la colla che tiene insieme il corpo. \u00c8 la proteina pi\u00f9 abbondante nel corpo e si trova nei muscoli, nella pelle, nella cartilagine, nelle ossa e nel sangue, solo [&hellip;]<\/p>\n","protected":false},"featured_media":7917,"template":"","meta":{"hide_page_title":"","_coblocks_attr":"","_coblocks_dimensions":"","_coblocks_responsive_height":"","_coblocks_accordion_ie_support":""},"product_cat":[21],"product_tag":[],"translation":{"provider":"WPGlobus","version":"3.0.1","language":"it","enabled_languages":["en","es","fr","ar","pt","it"],"languages":{"en":{"title":true,"content":true,"excerpt":false},"es":{"title":false,"content":true,"excerpt":false},"fr":{"title":true,"content":true,"excerpt":false},"ar":{"title":false,"content":true,"excerpt":false},"pt":{"title":false,"content":true,"excerpt":false},"it":{"title":false,"content":true,"excerpt":false}}},"_links":{"self":[{"href":"https:\/\/www.serrarpharma.com\/it\/wp-json\/wp\/v2\/product\/7618"}],"collection":[{"href":"https:\/\/www.serrarpharma.com\/it\/wp-json\/wp\/v2\/product"}],"about":[{"href":"https:\/\/www.serrarpharma.com\/it\/wp-json\/wp\/v2\/types\/product"}],"wp:featuredmedia":[{"embeddable":true,"href":"https:\/\/www.serrarpharma.com\/it\/wp-json\/wp\/v2\/media\/7917"}],"wp:attachment":[{"href":"https:\/\/www.serrarpharma.com\/it\/wp-json\/wp\/v2\/media?parent=7618"}],"wp:term":[{"taxonomy":"product_cat","embeddable":true,"href":"https:\/\/www.serrarpharma.com\/it\/wp-json\/wp\/v2\/product_cat?post=7618"},{"taxonomy":"product_tag","embeddable":true,"href":"https:\/\/www.serrarpharma.com\/it\/wp-json\/wp\/v2\/product_tag?post=7618"}],"curies":[{"name":"wp","href":"https:\/\/api.w.org\/{rel}","templated":true}]}}