{"id":7401,"date":"2020-05-20T01:14:02","date_gmt":"2020-05-20T05:14:02","guid":{"rendered":"https:\/\/www.serrarpharma.com\/?post_type=product&#038;p=7401"},"modified":"2024-08-21T21:17:55","modified_gmt":"2024-08-22T01:17:55","slug":"zinavitamin-d3","status":"publish","type":"product","link":"https:\/\/www.serrarpharma.com\/it\/product\/zinavitamin-d3\/","title":{"rendered":"Vitamin D3"},"content":{"rendered":"<p><img loading=\"lazy\" class=\"alignnone wp-image-11896\" src=\"https:\/\/i0.wp.com\/www.serrarpharma.com\/wp-content\/uploads\/2021\/05\/Quality-Labels-US-09.png?resize=70%2C70&#038;ssl=1\" alt=\"\" width=\"70\" height=\"70\" data-recalc-dims=\"1\" \/><img loading=\"lazy\" class=\"alignnone wp-image-11370\" src=\"https:\/\/i0.wp.com\/www.serrarpharma.com\/wp-content\/uploads\/2021\/04\/GMP.png?resize=70%2C70&#038;ssl=1\" alt=\"\" width=\"70\" height=\"70\" srcset=\"https:\/\/i0.wp.com\/www.serrarpharma.com\/wp-content\/uploads\/2021\/04\/GMP.png?w=150&amp;ssl=1 150w, https:\/\/i0.wp.com\/www.serrarpharma.com\/wp-content\/uploads\/2021\/04\/GMP.png?resize=100%2C100&amp;ssl=1 100w\" sizes=\"(max-width: 70px) 100vw, 70px\" data-recalc-dims=\"1\" \/><img loading=\"lazy\" class=\"alignnone wp-image-11369\" src=\"https:\/\/i0.wp.com\/www.serrarpharma.com\/wp-content\/uploads\/2021\/04\/Nongmo.png?resize=70%2C70&#038;ssl=1\" alt=\"\" width=\"70\" height=\"70\" srcset=\"https:\/\/i0.wp.com\/www.serrarpharma.com\/wp-content\/uploads\/2021\/04\/Nongmo.png?w=150&amp;ssl=1 150w, https:\/\/i0.wp.com\/www.serrarpharma.com\/wp-content\/uploads\/2021\/04\/Nongmo.png?resize=100%2C100&amp;ssl=1 100w\" sizes=\"(max-width: 70px) 100vw, 70px\" data-recalc-dims=\"1\" \/><img loading=\"lazy\" class=\"alignnone wp-image-11799\" src=\"https:\/\/i0.wp.com\/www.serrarpharma.com\/wp-content\/uploads\/2021\/04\/ISO-07.png?resize=70%2C70&#038;ssl=1\" alt=\"\" width=\"70\" height=\"70\" srcset=\"https:\/\/i0.wp.com\/www.serrarpharma.com\/wp-content\/uploads\/2021\/04\/ISO-07.png?resize=300%2C300&amp;ssl=1 300w, https:\/\/i0.wp.com\/www.serrarpharma.com\/wp-content\/uploads\/2021\/04\/ISO-07.png?resize=150%2C150&amp;ssl=1 150w, https:\/\/i0.wp.com\/www.serrarpharma.com\/wp-content\/uploads\/2021\/04\/ISO-07.png?resize=100%2C100&amp;ssl=1 100w, https:\/\/i0.wp.com\/www.serrarpharma.com\/wp-content\/uploads\/2021\/04\/ISO-07.png?w=418&amp;ssl=1 418w\" sizes=\"(max-width: 70px) 100vw, 70px\" data-recalc-dims=\"1\" \/><\/p>\n<p>FORNITURA PER 4 MESI<br \/>\n<strong> Benefici per la salute del Dr. SERRAR <sup> \u00ae <\/sup> Vitamin D3 <\/strong><\/p>\n<div class=\"productlist\">5000 UI<br \/>\nTutti gli ingredienti naturali<br \/>\nQuotidiano al supporto<br \/>\nAssorbimento del calcio<br \/>\nUn sistema immunitario sano e forte<br \/>\nSalute polmonare<br \/>\nRischio ridotto di influenza<br \/>\nEvita i diabetici<br \/>\nMigliora la salute del cuore<br \/>\nOssa e denti pi\u00f9 forti<br \/>\nRende i muscoli pi\u00f9 forti<br \/>\nProtegge la memoria<br \/>\nUmore e benessere migliorati<br \/>\nAumenta naturalmente i livelli di energia<br \/>\nAntinfiammatorio<\/div>\n<p>&#8211;<br \/>\nDr. SERRAR <sup> \u00ae <\/sup> Vitamina D3 Vegetariana 5000 UI ad alto assorbimento<br \/>\n500 UI per goccia<br \/>\n(Fornitura per 4 mesi)<br \/>\nLe gocce sono una facile goccia giornaliera di vitamine con grandi benefici!<\/p>\n<p><strong> PRINCIPALI VANTAGGI <\/strong><\/p>\n<div class=\"productlist\">Promuove il rafforzamento delle ossa sane e amp; Denti<br \/>\nSupporta immunitario<br \/>\nSupportare la salute del cervello e del sistema nervoso<br \/>\nSupporta la risposta infiammatoria<br \/>\nSupporta la funzione polmonare<br \/>\nRegola i livelli di insulina<br \/>\nRegolazione del diabete<br \/>\nSupporto alla salute cardiovascolare<br \/>\nRiduzione delle possibilit\u00e0 di malattie cardiache<br \/>\nContribuisce alla normale funzione muscolare<br \/>\nNormale assorbimento \/ utilizzo di calcio e fosforo<br \/>\nLivelli normali di calcio nel sangue<br \/>\nHa un ruolo nel processo di divisione cellulare<br \/>\nRidurre il rischio di sclerosi multipla<br \/>\nCombattere le malattie<br \/>\nCombattere la depressione<br \/>\nPerdita di peso<\/div>\n<p>&#8211;<\/p>\n<p><strong> Che cos&#8217;\u00e8 la vitamina D3? <\/strong><br \/>\nLa vitamina D \u00e8 talvolta chiamata &#8220;vitamina del sole&#8221; perch\u00e9 viene prodotta dalla pelle in risposta alla luce solare (ultravioletti B: UVB). \u00c8 una vitamina liposolubile in una famiglia di composti che include le vitamine D-1, D-2 e D-3. Sarebbe difficile trovare una quantit\u00e0 sufficiente di vitamina D solo con il cibo, poich\u00e9 la quantit\u00e0 \u00e8 piccola nella maggior parte degli alimenti eccetto nel pesce grasso.Se il tuo corpo non riceve abbastanza vitamina D, sei a rischio di sviluppare anomalie ossee come ossa molli (osteomalacia) o fragili (osteoporosi).<\/p>\n<p><strong> Perch\u00e9 la vitamina D3? <\/strong><br \/>\nSecondo un recente studio, pi\u00f9 del 40% di tutta la popolazione \u00e8 carente di vitamina D. Sei uno di loro? Come lo sapresti? I sintomi comuni includono:<\/p>\n<div class=\"productlist\">Sbalzi d&#8217;umore<br \/>\nDepressione<br \/>\nMancanza di energia<br \/>\nMalattie croniche della pelle<br \/>\nAltre malattie croniche<\/div>\n<p><strong><br \/>\nSe soffri di uno di questi sintomi, la risposta potrebbe essere semplice come poche gocce della nostra vitamina D3 ogni giorno. <\/strong><\/p>\n<p>&amp; nbsp;<\/p>\n<h5>Perch\u00e9 scegliere Dr. SERRAR <sup> \u00ae <\/sup> Vitamina D3?<\/h5>\n<p>SerrarPharma Vitamin D3 sono prodotti secondo i pi\u00f9 alti standard di qualit\u00e0 nell&#8217;industria farmaceutica. Contengono vitamina D3 5000iu liquido naturale ad alto assorbimento con olio d&#8217;oliva contiene il pi\u00f9 alto livello di vitamina D3 efficace in una gustosa dose giornaliera. La nostra formula \u00e8 progettata per essere semplicemente lasciata cadere sotto la lingua per il massimo assorbimento.La vitamina D3 liquida viene assorbita pi\u00f9 facilmente ed \u00e8 ideale per le persone con problemi digestivi.<br \/>\n&amp; nbsp;<\/p>\n<div class=\"productlist\">Fornitura per 4 mesi di una bottiglia. 210 dosi giornaliere. Ottimo gusto e vegetariano.<br \/>\nFabbricato negli Usa. L&#8217;olio d&#8217;oliva \u00e8 garantito puro e prodotto in una struttura certificata GMP.<br \/>\nConsigliato dai migliori dermatologi e oncologi. Supporta la disintossicazione, il sistema immunitario ottimale e migliora il sonno. L&#8217;80% degli americani \u00e8 carente di vitamina D3. La vitamina D3 \u00e8 liposolubile \u00e8 l&#8217;olio naturale meglio assorbito come nella nostra formula unica di olio di oliva.<br \/>\nOttieni capelli e pelle sani; ottenere energia e metabolismo ottimali.<br \/>\nStrutture certificate dalla FDA<br \/>\nLe buone pratiche di fabbricazione (GMP) sono un insieme di rigide normative farmaceutiche che garantiscono che gli integratori alimentari siano prodotti e controllati secondo uno standard elevato idoneo all&#8217;uso.<br \/>\nSenza soia, senza glutine, certificato kosher, senza latticini, vegetariano<br \/>\nSenza latte, uova, pesce, crostacei, frutta a guscio, arachidi, grano e soia. Inoltre priva di lievito, glutine, orzo, riso, sodio e zucchero.<br \/>\nLiquido ad assorbimento rapido<br \/>\nPure VIT D3 consegnato in Olio Extra Vergine di Oliva Non OGM<br \/>\nMassima efficienza<br \/>\nTutto naturale Sourced<\/div>\n<p><strong><br \/>\nIstruzioni per l&#8217;uso <\/strong><\/p>\n<div class=\"productlist\">Prendi 10 gocce al giorno. La nostra formula ad alto assorbimento \u00e8 progettata per essere semplicemente lasciata cadere sotto la lingua per il massimo assorbimento.<br \/>\nNon eccedere la dose consigliata.<br \/>\nUna bottiglia fornitura 4 mesi. 120 dosi giornaliere. Fabbricato negli Usa. Olio d&#8217;oliva.<br \/>\nGarantito puro e prodotto in una struttura certificata cGMP.<br \/>\nLa vitamina D3 liquida viene assorbita pi\u00f9 facilmente ed \u00e8 ideale per le persone con problemi digestivi<\/div>\n<p>&#8211;<br \/>\n<strong> Informazioni importanti: <\/strong><br \/>\nSe stai assumendo farmaci su prescrizione, hai una condizione medica o hai dubbi specifici sull&#8217;idoneit\u00e0 di uno qualsiasi dei nostri prodotti in relazione a questi, dovresti sempre consultare il tuo medico di famiglia o il farmacista prima di assumere integratori. Le donne in gravidanza o in allattamento dovrebbero consultare un medico di famiglia prima di assumere integratori. Non superare la dose giornaliera consigliata. Tenere fuori dalla portata dei bambini. Gli integratori non vanno intesi come sostituti di una dieta variata. Leggere sempre l&#8217;etichetta prima dell&#8217;uso<\/p>\n<p>Serrar Pharma utilizza solo ingredienti puri e naturali, da fonti attendibili GMP. Garantiamo la qualit\u00e0 non solo per ogni lotto, ma anche per ogni ingrediente in quel lotto, assicurandoti di ottenere solo il prodotto della massima qualit\u00e0. Ci sono molti vantaggi del supporto degli integratori. Vedi sotto le recensioni. In caso di domande, contattaci a<\/p>\n<p>&nbsp;<\/p>\n<p><span style=\"color: #005890;\"><strong><span class=\"VIiyi\" lang=\"it\"><span class=\"JLqJ4b ChMk0b\" data-language-for-alternatives=\"it\" data-language-to-translate-into=\"en\" data-phrase-index=\"1\">FABBRICATO NEGLI USA <span class=\"VIiyi\" lang=\"es\"> \u00a0\u00a0\u00a0\u00a0 <\/span>|<\/span> <span class=\"VIiyi\" lang=\"es\"> \u00a0\u00a0\u00a0\u00a0 <\/span><span class=\"JLqJ4b ChMk0b\" data-language-for-alternatives=\"it\" data-language-to-translate-into=\"en\" data-phrase-index=\"2\">CERTIFICATO GMP <span class=\"VIiyi\" lang=\"es\"> \u00a0\u00a0\u00a0\u00a0 <\/span>|<\/span> <span class=\"VIiyi\" lang=\"es\"> \u00a0\u00a0\u00a0\u00a0 <\/span><span class=\"JLqJ4b ChMk0b\" data-language-for-alternatives=\"it\" data-language-to-translate-into=\"en\" data-phrase-index=\"3\">NON OGM <span class=\"VIiyi\" lang=\"es\"> \u00a0\u00a0\u00a0\u00a0 <\/span>|<\/span> <span class=\"VIiyi\" lang=\"es\"> \u00a0\u00a0\u00a0\u00a0 <\/span><span class=\"JLqJ4b ChMk0b\" data-language-for-alternatives=\"it\" data-language-to-translate-into=\"en\" data-phrase-index=\"4\">LAB. CERTIFICATO ISO 17025<\/span><\/span><\/strong><\/span><\/p>\n","protected":false},"excerpt":{"rendered":"<p>FORNITURA PER 4 MESI Benefici per la salute del Dr. SERRAR \u00ae Vitamin D3 5000 UI Tutti gli ingredienti naturali Quotidiano al supporto Assorbimento del calcio Un sistema immunitario sano e forte Salute polmonare Rischio ridotto di influenza Evita i diabetici Migliora la salute del cuore Ossa e denti pi\u00f9 forti Rende i muscoli pi\u00f9 [&hellip;]<\/p>\n","protected":false},"featured_media":7923,"template":"","meta":{"hide_page_title":"","_coblocks_attr":"","_coblocks_dimensions":"","_coblocks_responsive_height":"","_coblocks_accordion_ie_support":""},"product_cat":[21],"product_tag":[],"translation":{"provider":"WPGlobus","version":"3.0.1","language":"it","enabled_languages":["en","es","fr","ar","pt","it"],"languages":{"en":{"title":true,"content":true,"excerpt":false},"es":{"title":false,"content":true,"excerpt":false},"fr":{"title":false,"content":true,"excerpt":false},"ar":{"title":false,"content":true,"excerpt":false},"pt":{"title":false,"content":true,"excerpt":false},"it":{"title":false,"content":true,"excerpt":false}}},"_links":{"self":[{"href":"https:\/\/www.serrarpharma.com\/it\/wp-json\/wp\/v2\/product\/7401"}],"collection":[{"href":"https:\/\/www.serrarpharma.com\/it\/wp-json\/wp\/v2\/product"}],"about":[{"href":"https:\/\/www.serrarpharma.com\/it\/wp-json\/wp\/v2\/types\/product"}],"wp:featuredmedia":[{"embeddable":true,"href":"https:\/\/www.serrarpharma.com\/it\/wp-json\/wp\/v2\/media\/7923"}],"wp:attachment":[{"href":"https:\/\/www.serrarpharma.com\/it\/wp-json\/wp\/v2\/media?parent=7401"}],"wp:term":[{"taxonomy":"product_cat","embeddable":true,"href":"https:\/\/www.serrarpharma.com\/it\/wp-json\/wp\/v2\/product_cat?post=7401"},{"taxonomy":"product_tag","embeddable":true,"href":"https:\/\/www.serrarpharma.com\/it\/wp-json\/wp\/v2\/product_tag?post=7401"}],"curies":[{"name":"wp","href":"https:\/\/api.w.org\/{rel}","templated":true}]}}