{"id":2327,"date":"2020-04-17T15:32:03","date_gmt":"2020-04-17T15:32:03","guid":{"rendered":"https:\/\/www.serrarpharma.com\/?post_type=product&#038;p=2327"},"modified":"2021-11-12T18:21:51","modified_gmt":"2021-11-12T23:21:51","slug":"zinabalance","status":"publish","type":"product","link":"https:\/\/www.serrarpharma.com\/it\/product\/zinabalance\/","title":{"rendered":"ZinaBalance"},"content":{"rendered":"<p><img loading=\"lazy\" class=\"alignnone wp-image-11896\" src=\"https:\/\/i0.wp.com\/www.serrarpharma.com\/wp-content\/uploads\/2021\/05\/Quality-Labels-US-09.png?resize=70%2C70&#038;ssl=1\" alt=\"\" width=\"70\" height=\"70\" data-recalc-dims=\"1\" \/><img loading=\"lazy\" class=\"alignnone wp-image-11370\" src=\"https:\/\/i0.wp.com\/www.serrarpharma.com\/wp-content\/uploads\/2021\/04\/GMP.png?resize=70%2C70&#038;ssl=1\" alt=\"\" width=\"70\" height=\"70\" srcset=\"https:\/\/i0.wp.com\/www.serrarpharma.com\/wp-content\/uploads\/2021\/04\/GMP.png?w=150&amp;ssl=1 150w, https:\/\/i0.wp.com\/www.serrarpharma.com\/wp-content\/uploads\/2021\/04\/GMP.png?resize=100%2C100&amp;ssl=1 100w\" sizes=\"(max-width: 70px) 100vw, 70px\" data-recalc-dims=\"1\" \/><img loading=\"lazy\" class=\"alignnone wp-image-11369\" src=\"https:\/\/i0.wp.com\/www.serrarpharma.com\/wp-content\/uploads\/2021\/04\/Nongmo.png?resize=70%2C70&#038;ssl=1\" alt=\"\" width=\"70\" height=\"70\" srcset=\"https:\/\/i0.wp.com\/www.serrarpharma.com\/wp-content\/uploads\/2021\/04\/Nongmo.png?w=150&amp;ssl=1 150w, https:\/\/i0.wp.com\/www.serrarpharma.com\/wp-content\/uploads\/2021\/04\/Nongmo.png?resize=100%2C100&amp;ssl=1 100w\" sizes=\"(max-width: 70px) 100vw, 70px\" data-recalc-dims=\"1\" \/><img loading=\"lazy\" class=\"alignnone wp-image-11799\" src=\"https:\/\/i0.wp.com\/www.serrarpharma.com\/wp-content\/uploads\/2021\/04\/ISO-07.png?resize=70%2C70&#038;ssl=1\" alt=\"\" width=\"70\" height=\"70\" srcset=\"https:\/\/i0.wp.com\/www.serrarpharma.com\/wp-content\/uploads\/2021\/04\/ISO-07.png?resize=300%2C300&amp;ssl=1 300w, https:\/\/i0.wp.com\/www.serrarpharma.com\/wp-content\/uploads\/2021\/04\/ISO-07.png?resize=150%2C150&amp;ssl=1 150w, https:\/\/i0.wp.com\/www.serrarpharma.com\/wp-content\/uploads\/2021\/04\/ISO-07.png?resize=100%2C100&amp;ssl=1 100w, https:\/\/i0.wp.com\/www.serrarpharma.com\/wp-content\/uploads\/2021\/04\/ISO-07.png?w=418&amp;ssl=1 418w\" sizes=\"(max-width: 70px) 100vw, 70px\" data-recalc-dims=\"1\" \/><\/p>\n<p>Contiene ingredienti naturali che aiutano a regolare gli ormoni dello stress<br \/>\n<strong> Ridotto: <\/strong><\/p>\n<div class=\"productlist\">Livelli di cortisolo<br \/>\nStress e ansia<br \/>\nAppetito (soppressore dell&#8217;appetito)<br \/>\nVoglia di zucchero e spuntini<br \/>\nAssorbimento dei grassi e<br \/>\nAccumulo di grasso nello stomaco<\/div>\n<p><strong> Aumenti: <\/strong><\/p>\n<div class=\"productlist\">Serotonina<br \/>\nLivello di energia<br \/>\nSensazione di gioia e benessere<br \/>\nAntiossidante<\/div>\n<p><strong> Regolarizza: <\/strong><\/p>\n<div class=\"productlist\">Ormoni metabolici<br \/>\nIndice glicemico<br \/>\nLivelli di colesterolo<\/div>\n<p>&#8211;<\/p>\n<p>Questa formula unica ed esclusiva \u00e8 stata creata con cura da un dottor Serrar MD, PhD, ND certificato dal Board, per aiutarti a trovare una soluzione sicura e naturale a stress, ansia, disturbo da stress post-traumatico, controllo dell&#8217;appetito, bilanciamento dell&#8217;ormone metabolico e migliorare l&#8217;umore e il livello di energia man mano che il tuo corpo si adatta a nuove abitudini alimentari pi\u00f9 sane. Il programma ZinaCal + ZinaBalance ti mette sulla strada per essere una persona pi\u00f9 felice, pi\u00f9 sana e pi\u00f9 rilassata!<\/p>\n<p>&nbsp;<\/p>\n<p><strong> Dosaggio: <\/strong><\/p>\n<p>10 gocce 3 volte al giorno<\/p>\n<p><strong> Informazioni importanti: <\/strong><br \/>\nSe stai assumendo farmaci su prescrizione, hai una condizione medica o hai dubbi specifici sull&#8217;idoneit\u00e0 di uno qualsiasi dei nostri prodotti in relazione a questi, dovresti sempre consultare il tuo medico di famiglia o il farmacista prima di assumere integratori. Le donne in gravidanza o in allattamento dovrebbero consultare un medico di famiglia prima di assumere integratori. Non superare la dose giornaliera consigliata. Tenere fuori dalla portata dei bambini. Gli integratori non vanno intesi come sostituti di una dieta variata. Leggere sempre l&#8217;etichetta prima dell&#8217;uso<\/p>\n<p>Serrar Pharma utilizza solo ingredienti puri e naturali, da fonti attendibili GMP. Garantiamo la qualit\u00e0 non solo per ogni lotto, ma anche per ogni ingrediente in quel lotto, assicurandoti di ottenere solo il prodotto della massima qualit\u00e0. Ci sono molti vantaggi del supporto degli integratori. Vedi sotto le recensioni. In caso di domande, contattaci all&#8217;indirizzo info@serrarpharma.com<\/p>\n<p>&nbsp;<\/p>\n<p><span style=\"color: #005890;\"><strong><span class=\"VIiyi\" lang=\"it\"><span class=\"JLqJ4b ChMk0b\" data-language-for-alternatives=\"it\" data-language-to-translate-into=\"en\" data-phrase-index=\"1\">FABBRICATO NEGLI USA <span class=\"VIiyi\" lang=\"es\"> \u00a0\u00a0\u00a0\u00a0 <\/span>|<\/span> <span class=\"VIiyi\" lang=\"es\"> \u00a0\u00a0\u00a0\u00a0 <\/span><span class=\"JLqJ4b ChMk0b\" data-language-for-alternatives=\"it\" data-language-to-translate-into=\"en\" data-phrase-index=\"2\">CERTIFICATO GMP <span class=\"VIiyi\" lang=\"es\"> \u00a0\u00a0\u00a0\u00a0 <\/span>|<\/span> <span class=\"VIiyi\" lang=\"es\"> \u00a0\u00a0\u00a0\u00a0 <\/span><span class=\"JLqJ4b ChMk0b\" data-language-for-alternatives=\"it\" data-language-to-translate-into=\"en\" data-phrase-index=\"3\">NON OGM <span class=\"VIiyi\" lang=\"es\"> \u00a0\u00a0\u00a0\u00a0 <\/span>|<\/span> <span class=\"VIiyi\" lang=\"es\"> \u00a0\u00a0\u00a0\u00a0 <\/span><span class=\"JLqJ4b ChMk0b\" data-language-for-alternatives=\"it\" data-language-to-translate-into=\"en\" data-phrase-index=\"4\">LAB. CERTIFICATO ISO 17025<\/span><\/span><\/strong><\/span><\/p>\n","protected":false},"excerpt":{"rendered":"<p>Contiene ingredienti naturali che aiutano a regolare gli ormoni dello stress Ridotto: Livelli di cortisolo Stress e ansia Appetito (soppressore dell&#8217;appetito) Voglia di zucchero e spuntini Assorbimento dei grassi e Accumulo di grasso nello stomaco Aumenti: Serotonina Livello di energia Sensazione di gioia e benessere Antiossidante Regolarizza: Ormoni metabolici Indice glicemico Livelli di colesterolo &#8211; [&hellip;]<\/p>\n","protected":false},"featured_media":7922,"template":"","meta":{"hide_page_title":"","_coblocks_attr":"","_coblocks_dimensions":"","_coblocks_responsive_height":"","_coblocks_accordion_ie_support":""},"product_cat":[21],"product_tag":[],"translation":{"provider":"WPGlobus","version":"3.0.1","language":"it","enabled_languages":["en","es","fr","ar","pt","it"],"languages":{"en":{"title":true,"content":true,"excerpt":false},"es":{"title":false,"content":true,"excerpt":false},"fr":{"title":false,"content":true,"excerpt":false},"ar":{"title":false,"content":true,"excerpt":false},"pt":{"title":false,"content":true,"excerpt":false},"it":{"title":false,"content":true,"excerpt":false}}},"_links":{"self":[{"href":"https:\/\/www.serrarpharma.com\/it\/wp-json\/wp\/v2\/product\/2327"}],"collection":[{"href":"https:\/\/www.serrarpharma.com\/it\/wp-json\/wp\/v2\/product"}],"about":[{"href":"https:\/\/www.serrarpharma.com\/it\/wp-json\/wp\/v2\/types\/product"}],"wp:featuredmedia":[{"embeddable":true,"href":"https:\/\/www.serrarpharma.com\/it\/wp-json\/wp\/v2\/media\/7922"}],"wp:attachment":[{"href":"https:\/\/www.serrarpharma.com\/it\/wp-json\/wp\/v2\/media?parent=2327"}],"wp:term":[{"taxonomy":"product_cat","embeddable":true,"href":"https:\/\/www.serrarpharma.com\/it\/wp-json\/wp\/v2\/product_cat?post=2327"},{"taxonomy":"product_tag","embeddable":true,"href":"https:\/\/www.serrarpharma.com\/it\/wp-json\/wp\/v2\/product_tag?post=2327"}],"curies":[{"name":"wp","href":"https:\/\/api.w.org\/{rel}","templated":true}]}}