{"id":1882,"date":"2020-04-15T02:08:06","date_gmt":"2020-04-15T02:08:06","guid":{"rendered":"https:\/\/www.serrarpharma.com\/?post_type=product&#038;p=1882"},"modified":"2021-11-12T13:28:02","modified_gmt":"2021-11-12T18:28:02","slug":"zinaboost","status":"publish","type":"product","link":"https:\/\/www.serrarpharma.com\/it\/product\/zinaboost\/","title":{"rendered":"ZinaBoost Advance"},"content":{"rendered":"<p><strong><img loading=\"lazy\" class=\"alignnone wp-image-11896\" src=\"https:\/\/i0.wp.com\/www.serrarpharma.com\/wp-content\/uploads\/2021\/05\/Quality-Labels-US-09.png?resize=70%2C70&#038;ssl=1\" alt=\"\" width=\"70\" height=\"70\" data-recalc-dims=\"1\" \/><img loading=\"lazy\" class=\"alignnone wp-image-11370\" src=\"https:\/\/i0.wp.com\/www.serrarpharma.com\/wp-content\/uploads\/2021\/04\/GMP.png?resize=70%2C70&#038;ssl=1\" alt=\"\" width=\"70\" height=\"70\" srcset=\"https:\/\/i0.wp.com\/www.serrarpharma.com\/wp-content\/uploads\/2021\/04\/GMP.png?w=150&amp;ssl=1 150w, https:\/\/i0.wp.com\/www.serrarpharma.com\/wp-content\/uploads\/2021\/04\/GMP.png?resize=100%2C100&amp;ssl=1 100w\" sizes=\"(max-width: 70px) 100vw, 70px\" data-recalc-dims=\"1\" \/><img loading=\"lazy\" class=\"alignnone wp-image-11369\" src=\"https:\/\/i0.wp.com\/www.serrarpharma.com\/wp-content\/uploads\/2021\/04\/Nongmo.png?resize=70%2C70&#038;ssl=1\" alt=\"\" width=\"70\" height=\"70\" srcset=\"https:\/\/i0.wp.com\/www.serrarpharma.com\/wp-content\/uploads\/2021\/04\/Nongmo.png?w=150&amp;ssl=1 150w, https:\/\/i0.wp.com\/www.serrarpharma.com\/wp-content\/uploads\/2021\/04\/Nongmo.png?resize=100%2C100&amp;ssl=1 100w\" sizes=\"(max-width: 70px) 100vw, 70px\" data-recalc-dims=\"1\" \/><img loading=\"lazy\" class=\"alignnone wp-image-11799\" src=\"https:\/\/i0.wp.com\/www.serrarpharma.com\/wp-content\/uploads\/2021\/04\/ISO-07.png?resize=70%2C70&#038;ssl=1\" alt=\"\" width=\"70\" height=\"70\" srcset=\"https:\/\/i0.wp.com\/www.serrarpharma.com\/wp-content\/uploads\/2021\/04\/ISO-07.png?resize=300%2C300&amp;ssl=1 300w, https:\/\/i0.wp.com\/www.serrarpharma.com\/wp-content\/uploads\/2021\/04\/ISO-07.png?resize=150%2C150&amp;ssl=1 150w, https:\/\/i0.wp.com\/www.serrarpharma.com\/wp-content\/uploads\/2021\/04\/ISO-07.png?resize=100%2C100&amp;ssl=1 100w, https:\/\/i0.wp.com\/www.serrarpharma.com\/wp-content\/uploads\/2021\/04\/ISO-07.png?w=418&amp;ssl=1 418w\" sizes=\"(max-width: 70px) 100vw, 70px\" data-recalc-dims=\"1\" \/><\/strong><\/p>\n<p>&nbsp;<\/p>\n<p><strong>Consente l&#8217;attivit\u00e0 fisica a chiunque abbia una dieta ipocalorica in un programma di perdita di peso <\/strong><\/p>\n<div class=\"productlist\">Aumenta il metabolismo dei nutrienti<br \/>\nAumenta l&#8217;energia<br \/>\nElimina la fatica<br \/>\nSopprime l&#8217;appetito e il desiderio di zucchero<br \/>\nEffetto ipoglicemico e controlla la glicemia<br \/>\nAiuta a bilanciare i grassi e gli ormoni<br \/>\nAiuta nel corretto funzionamento dei muscoli<br \/>\nAumenta le capacit\u00e0 fisiche e le prestazioni<\/div>\n<p>&#8211;<\/p>\n<p>Questi prodotti promuovono la resistenza, aiutano a ridurre l&#8217;affaticamento, migliorare le prestazioni fisiche e mantenere la capacit\u00e0 del corpo di metabolizzare i nutrienti. Questa formula unica ed esclusiva \u00e8 stata attentamente studiata per aiutarti a mantenere le capacit\u00e0 del corpo di metabolizzare i nutrienti e aumentare le tue capacit\u00e0 fisiche durante la prestazione fisica (stress fisico).<br \/>\n&amp; nbsp;<\/p>\n<p>Soppressore del gusto dolce.<br \/>\nAumenta il tuo metabolismo.<br \/>\nAumenta l&#8217;energia.<br \/>\nRimuove la fatica.<br \/>\nUn supplemento a uno stile di vita<br \/>\nInclude un basso contenuto calorico<br \/>\nDieta e regolare<br \/>\nAttivit\u00e0 fisica<br \/>\nper coloro che sono coinvolti<br \/>\nin un peso sano<br \/>\nProgramma di gestione<\/p>\n<p><strong> Dosaggio: <\/strong><\/p>\n<p>30 gocce una volta al giorno dopo la colazione<\/p>\n<p><strong> Informazioni importanti: <\/strong><br \/>\nSe stai assumendo farmaci su prescrizione, hai una condizione medica o hai dubbi specifici sull&#8217;idoneit\u00e0 di uno qualsiasi dei nostri prodotti in relazione a questi, dovresti sempre consultare il tuo medico di famiglia o il farmacista prima di assumere integratori. Le donne in gravidanza o in allattamento dovrebbero consultare un medico di famiglia prima di assumere integratori. Non superare la dose giornaliera consigliata. Tenere fuori dalla portata dei bambini. Gli integratori non vanno intesi come sostituti di una dieta variata. Leggere sempre l&#8217;etichetta prima dell&#8217;uso<\/p>\n<p>Serrar Pharma utilizza solo ingredienti puri e naturali, da fonti attendibili GMP. Garantiamo la qualit\u00e0 non solo per ogni lotto, ma anche per ogni ingrediente in quel lotto, assicurandoti di ottenere solo il prodotto della massima qualit\u00e0. Ci sono molti vantaggi del supporto degli integratori. Vedi sotto le recensioni. In caso di domande, contattaci all&#8217;indirizzo info@serrarpharma.com<\/p>\n<p>&nbsp;<\/p>\n<p><span style=\"color: #005890;\"><strong><span class=\"VIiyi\" lang=\"it\"><span class=\"JLqJ4b ChMk0b\" data-language-for-alternatives=\"it\" data-language-to-translate-into=\"en\" data-phrase-index=\"1\">FABBRICATO NEGLI USA<span class=\"VIiyi\" lang=\"es\"> \u00a0\u00a0\u00a0\u00a0 <\/span>|<\/span> <span class=\"VIiyi\" lang=\"es\"> \u00a0\u00a0\u00a0\u00a0 <\/span><span class=\"JLqJ4b ChMk0b\" data-language-for-alternatives=\"it\" data-language-to-translate-into=\"en\" data-phrase-index=\"2\">CERTIFICATO GMP <span class=\"VIiyi\" lang=\"es\"> \u00a0\u00a0\u00a0\u00a0 <\/span>|<\/span> <span class=\"VIiyi\" lang=\"es\"> \u00a0\u00a0\u00a0\u00a0 <\/span><span class=\"JLqJ4b ChMk0b\" data-language-for-alternatives=\"it\" data-language-to-translate-into=\"en\" data-phrase-index=\"3\">NON OGM <span class=\"VIiyi\" lang=\"es\"> \u00a0\u00a0\u00a0\u00a0 <\/span>|<\/span> <span class=\"VIiyi\" lang=\"es\"> \u00a0\u00a0\u00a0\u00a0 <\/span><span class=\"JLqJ4b ChMk0b\" data-language-for-alternatives=\"it\" data-language-to-translate-into=\"en\" data-phrase-index=\"4\">LAB. CERTIFICATO ISO 17025<\/span><\/span><\/strong><\/span><\/p>\n","protected":false},"excerpt":{"rendered":"<p>&nbsp; Consente l&#8217;attivit\u00e0 fisica a chiunque abbia una dieta ipocalorica in un programma di perdita di peso Aumenta il metabolismo dei nutrienti Aumenta l&#8217;energia Elimina la fatica Sopprime l&#8217;appetito e il desiderio di zucchero Effetto ipoglicemico e controlla la glicemia Aiuta a bilanciare i grassi e gli ormoni Aiuta nel corretto funzionamento dei muscoli Aumenta [&hellip;]<\/p>\n","protected":false},"featured_media":7920,"template":"","meta":{"hide_page_title":"","_coblocks_attr":"","_coblocks_dimensions":"","_coblocks_responsive_height":"","_coblocks_accordion_ie_support":""},"product_cat":[21],"product_tag":[],"translation":{"provider":"WPGlobus","version":"3.0.1","language":"it","enabled_languages":["en","es","fr","ar","pt","it"],"languages":{"en":{"title":true,"content":true,"excerpt":false},"es":{"title":false,"content":true,"excerpt":false},"fr":{"title":false,"content":true,"excerpt":false},"ar":{"title":false,"content":true,"excerpt":false},"pt":{"title":false,"content":true,"excerpt":false},"it":{"title":false,"content":true,"excerpt":false}}},"_links":{"self":[{"href":"https:\/\/www.serrarpharma.com\/it\/wp-json\/wp\/v2\/product\/1882"}],"collection":[{"href":"https:\/\/www.serrarpharma.com\/it\/wp-json\/wp\/v2\/product"}],"about":[{"href":"https:\/\/www.serrarpharma.com\/it\/wp-json\/wp\/v2\/types\/product"}],"wp:featuredmedia":[{"embeddable":true,"href":"https:\/\/www.serrarpharma.com\/it\/wp-json\/wp\/v2\/media\/7920"}],"wp:attachment":[{"href":"https:\/\/www.serrarpharma.com\/it\/wp-json\/wp\/v2\/media?parent=1882"}],"wp:term":[{"taxonomy":"product_cat","embeddable":true,"href":"https:\/\/www.serrarpharma.com\/it\/wp-json\/wp\/v2\/product_cat?post=1882"},{"taxonomy":"product_tag","embeddable":true,"href":"https:\/\/www.serrarpharma.com\/it\/wp-json\/wp\/v2\/product_tag?post=1882"}],"curies":[{"name":"wp","href":"https:\/\/api.w.org\/{rel}","templated":true}]}}