{"id":11123,"date":"2021-04-05T19:09:15","date_gmt":"2021-04-05T23:09:15","guid":{"rendered":"https:\/\/www.serrarpharma.com\/?post_type=product&#038;p=11123"},"modified":"2025-02-01T23:16:13","modified_gmt":"2025-02-02T04:16:13","slug":"naturosleep","status":"publish","type":"product","link":"https:\/\/www.serrarpharma.com\/it\/product\/naturosleep\/","title":{"rendered":"NaturoSleep"},"content":{"rendered":"<p><img loading=\"lazy\" class=\"alignnone wp-image-11371\" src=\"https:\/\/i0.wp.com\/www.serrarpharma.com\/wp-content\/uploads\/2021\/04\/Made-in-CA.png?resize=70%2C70&#038;ssl=1\" alt=\"\" width=\"70\" height=\"70\" srcset=\"https:\/\/i0.wp.com\/www.serrarpharma.com\/wp-content\/uploads\/2021\/04\/Made-in-CA.png?w=150&amp;ssl=1 150w, https:\/\/i0.wp.com\/www.serrarpharma.com\/wp-content\/uploads\/2021\/04\/Made-in-CA.png?resize=100%2C100&amp;ssl=1 100w\" sizes=\"(max-width: 70px) 100vw, 70px\" data-recalc-dims=\"1\" \/><img loading=\"lazy\" class=\"alignnone wp-image-11370\" src=\"https:\/\/i0.wp.com\/www.serrarpharma.com\/wp-content\/uploads\/2021\/04\/GMP.png?resize=70%2C70&#038;ssl=1\" alt=\"\" width=\"70\" height=\"70\" srcset=\"https:\/\/i0.wp.com\/www.serrarpharma.com\/wp-content\/uploads\/2021\/04\/GMP.png?w=150&amp;ssl=1 150w, https:\/\/i0.wp.com\/www.serrarpharma.com\/wp-content\/uploads\/2021\/04\/GMP.png?resize=100%2C100&amp;ssl=1 100w\" sizes=\"(max-width: 70px) 100vw, 70px\" data-recalc-dims=\"1\" \/><img loading=\"lazy\" class=\"alignnone wp-image-11369\" src=\"https:\/\/i0.wp.com\/www.serrarpharma.com\/wp-content\/uploads\/2021\/04\/Nongmo.png?resize=70%2C70&#038;ssl=1\" alt=\"\" width=\"70\" height=\"70\" srcset=\"https:\/\/i0.wp.com\/www.serrarpharma.com\/wp-content\/uploads\/2021\/04\/Nongmo.png?w=150&amp;ssl=1 150w, https:\/\/i0.wp.com\/www.serrarpharma.com\/wp-content\/uploads\/2021\/04\/Nongmo.png?resize=100%2C100&amp;ssl=1 100w\" sizes=\"(max-width: 70px) 100vw, 70px\" data-recalc-dims=\"1\" \/><img loading=\"lazy\" class=\"alignnone wp-image-11799\" src=\"https:\/\/i0.wp.com\/www.serrarpharma.com\/wp-content\/uploads\/2021\/04\/ISO-07.png?resize=70%2C70&#038;ssl=1\" alt=\"\" width=\"70\" height=\"70\" srcset=\"https:\/\/i0.wp.com\/www.serrarpharma.com\/wp-content\/uploads\/2021\/04\/ISO-07.png?resize=300%2C300&amp;ssl=1 300w, https:\/\/i0.wp.com\/www.serrarpharma.com\/wp-content\/uploads\/2021\/04\/ISO-07.png?resize=150%2C150&amp;ssl=1 150w, https:\/\/i0.wp.com\/www.serrarpharma.com\/wp-content\/uploads\/2021\/04\/ISO-07.png?resize=100%2C100&amp;ssl=1 100w, https:\/\/i0.wp.com\/www.serrarpharma.com\/wp-content\/uploads\/2021\/04\/ISO-07.png?w=418&amp;ssl=1 418w\" sizes=\"(max-width: 70px) 100vw, 70px\" data-recalc-dims=\"1\" \/><\/p>\n<p>La melatonina \u00e8 un ormone prodotto e secreto dalla ghiandola pineale, una ghiandola a forma di pigna lunga meno di un centimetro, situata in profondit\u00e0 nel cervello.<\/p>\n<p>La funzione primaria della melatonina \u00e8 il mantenimento di un sano ritmo circadiano; in altre parole, il tuo ciclo sonno \/ veglia. La luce arresta il rilascio di melatonina, che pone un problema di salute per coloro che viaggiano spesso e soffrono di jet lag, o per i turnisti che non hanno questo prezioso ormone per ottenere il loro sonno profondo e critico per rimanere in salute. Anche la produzione di melatonina diminuisce con l&#8217;et\u00e0, il che pu\u00f2 anche contribuire all&#8217;insonnia cronica degli adulti.<\/p>\n<p>La melatonina \u00e8 un&#8217;alternativa sicura, ben tollerata e priva di effetti collaterali ai sonniferi che non porter\u00e0 a dipendenza e dipendenza. Pu\u00f2 ridurre il tempo necessario per addormentarsi, oltre a migliorare la durata e la qualit\u00e0 del sonno. La mancanza di sonno influisce su molti aspetti della vita quotidiana, tra cui prontezza mentale, energia e resistenza. La mancanza di sonno rende le persone pi\u00f9 suscettibili agli incidenti e agli sbalzi d&#8217;umore. La carenza di melatonina pu\u00f2 anche essere collegata alla malattia coronarica e alla funzione immunitaria compromessa.<\/p>\n<p>Il liquido NaturoSleep del Dr. SERRAR <sup> \u00ae <\/sup> \u00e8 un&#8217;alternativa conveniente e ad azione rapida a compresse e capsule. Ha un sapore naturale di menta e la dose pu\u00f2 essere facilmente calibrata in base alle esigenze terapeutiche individuali.<\/p>\n<p><strong> Vantaggi: <\/strong><br \/>\nAiuta a ripristinare un ritmo circadiano sano (ciclo sonno \/ veglia)<br \/>\nAiuta ad aumentare il tempo totale di sonno<br \/>\nSapore naturale di menta<br \/>\nNon OGM<\/p>\n<p><strong> Informazioni importanti: <\/strong><br \/>\nSe stai assumendo farmaci su prescrizione, hai una condizione medica o hai dubbi specifici sull&#8217;idoneit\u00e0 di uno qualsiasi dei nostri prodotti in relazione a questi, dovresti sempre consultare il tuo medico di famiglia o il farmacista prima di assumere integratori. Le donne in gravidanza o in allattamento dovrebbero consultare un medico di famiglia prima di assumere integratori. Non superare la dose giornaliera consigliata. Tenere fuori dalla portata dei bambini. Gli integratori non vanno intesi come sostituti di una dieta variata. Leggere sempre l&#8217;etichetta prima dell&#8217;uso<\/p>\n<p>Serrar Pharma utilizza solo ingredienti puri e naturali, da fonti attendibili GMP. Garantiamo la qualit\u00e0 non solo per ogni lotto, ma anche per ogni ingrediente in quel lotto, assicurandoti di ottenere solo il prodotto della massima qualit\u00e0. Ci sono molti vantaggi per il supporto degli integratori. Vedi sotto le recensioni. In caso di domande, contattaci all&#8217;indirizzo info@serrarpharma.com<\/p>\n<p><strong><span style=\"color: #005890;\"><span class=\"VIiyi\" lang=\"it\"><span class=\"JLqJ4b ChMk0b\" data-language-for-alternatives=\"it\" data-language-to-translate-into=\"en\" data-phrase-index=\"1\">PRODOTTO IN CANADA\u00a0\u00a0\u00a0 |<\/span> \u00a0\u00a0 <span class=\"JLqJ4b ChMk0b\" data-language-for-alternatives=\"it\" data-language-to-translate-into=\"en\" data-phrase-index=\"2\">CERTIFICATO GMP \u00a0\u00a0 |<\/span> \u00a0\u00a0 <span class=\"JLqJ4b ChMk0b\" data-language-for-alternatives=\"it\" data-language-to-translate-into=\"en\" data-phrase-index=\"3\">NON OGM \u00a0\u00a0 |<\/span> \u00a0\u00a0 <span class=\"JLqJ4b ChMk0b\" data-language-for-alternatives=\"it\" data-language-to-translate-into=\"en\" data-phrase-index=\"4\">LAB. CERTIFICATO ISO 17025<\/span><\/span><\/span><\/strong><\/p>\n","protected":false},"excerpt":{"rendered":"<p>La melatonina \u00e8 un ormone prodotto e secreto dalla ghiandola pineale, una ghiandola a forma di pigna lunga meno di un centimetro, situata in profondit\u00e0 nel cervello. La funzione primaria della melatonina \u00e8 il mantenimento di un sano ritmo circadiano; in altre parole, il tuo ciclo sonno \/ veglia. La luce arresta il rilascio di [&hellip;]<\/p>\n","protected":false},"featured_media":11303,"template":"","meta":{"hide_page_title":"","_coblocks_attr":"","_coblocks_dimensions":"","_coblocks_responsive_height":"","_coblocks_accordion_ie_support":""},"product_cat":[21],"product_tag":[],"translation":{"provider":"WPGlobus","version":"3.0.1","language":"it","enabled_languages":["en","es","fr","ar","pt","it"],"languages":{"en":{"title":true,"content":true,"excerpt":false},"es":{"title":false,"content":true,"excerpt":false},"fr":{"title":false,"content":true,"excerpt":false},"ar":{"title":false,"content":true,"excerpt":false},"pt":{"title":false,"content":true,"excerpt":false},"it":{"title":false,"content":true,"excerpt":false}}},"_links":{"self":[{"href":"https:\/\/www.serrarpharma.com\/it\/wp-json\/wp\/v2\/product\/11123"}],"collection":[{"href":"https:\/\/www.serrarpharma.com\/it\/wp-json\/wp\/v2\/product"}],"about":[{"href":"https:\/\/www.serrarpharma.com\/it\/wp-json\/wp\/v2\/types\/product"}],"wp:featuredmedia":[{"embeddable":true,"href":"https:\/\/www.serrarpharma.com\/it\/wp-json\/wp\/v2\/media\/11303"}],"wp:attachment":[{"href":"https:\/\/www.serrarpharma.com\/it\/wp-json\/wp\/v2\/media?parent=11123"}],"wp:term":[{"taxonomy":"product_cat","embeddable":true,"href":"https:\/\/www.serrarpharma.com\/it\/wp-json\/wp\/v2\/product_cat?post=11123"},{"taxonomy":"product_tag","embeddable":true,"href":"https:\/\/www.serrarpharma.com\/it\/wp-json\/wp\/v2\/product_tag?post=11123"}],"curies":[{"name":"wp","href":"https:\/\/api.w.org\/{rel}","templated":true}]}}