{"id":11120,"date":"2021-04-05T18:24:41","date_gmt":"2021-04-05T22:24:41","guid":{"rendered":"https:\/\/www.serrarpharma.com\/?post_type=product&#038;p=11120"},"modified":"2025-02-01T23:16:13","modified_gmt":"2025-02-02T04:16:13","slug":"zinaboost-capsule","status":"publish","type":"product","link":"https:\/\/www.serrarpharma.com\/it\/product\/zinaboost-capsule\/","title":{"rendered":"ZinaBoost Capsule"},"content":{"rendered":"<p><img loading=\"lazy\" class=\"alignnone wp-image-11371\" src=\"https:\/\/i0.wp.com\/www.serrarpharma.com\/wp-content\/uploads\/2021\/04\/Made-in-CA.png?resize=70%2C70&#038;ssl=1\" alt=\"\" width=\"70\" height=\"70\" srcset=\"https:\/\/i0.wp.com\/www.serrarpharma.com\/wp-content\/uploads\/2021\/04\/Made-in-CA.png?w=150&amp;ssl=1 150w, https:\/\/i0.wp.com\/www.serrarpharma.com\/wp-content\/uploads\/2021\/04\/Made-in-CA.png?resize=100%2C100&amp;ssl=1 100w\" sizes=\"(max-width: 70px) 100vw, 70px\" data-recalc-dims=\"1\" \/><img loading=\"lazy\" class=\"alignnone wp-image-11370\" src=\"https:\/\/i0.wp.com\/www.serrarpharma.com\/wp-content\/uploads\/2021\/04\/GMP.png?resize=70%2C70&#038;ssl=1\" alt=\"\" width=\"70\" height=\"70\" srcset=\"https:\/\/i0.wp.com\/www.serrarpharma.com\/wp-content\/uploads\/2021\/04\/GMP.png?w=150&amp;ssl=1 150w, https:\/\/i0.wp.com\/www.serrarpharma.com\/wp-content\/uploads\/2021\/04\/GMP.png?resize=100%2C100&amp;ssl=1 100w\" sizes=\"(max-width: 70px) 100vw, 70px\" data-recalc-dims=\"1\" \/><img loading=\"lazy\" class=\"alignnone wp-image-11369\" src=\"https:\/\/i0.wp.com\/www.serrarpharma.com\/wp-content\/uploads\/2021\/04\/Nongmo.png?resize=70%2C70&#038;ssl=1\" alt=\"\" width=\"70\" height=\"70\" srcset=\"https:\/\/i0.wp.com\/www.serrarpharma.com\/wp-content\/uploads\/2021\/04\/Nongmo.png?w=150&amp;ssl=1 150w, https:\/\/i0.wp.com\/www.serrarpharma.com\/wp-content\/uploads\/2021\/04\/Nongmo.png?resize=100%2C100&amp;ssl=1 100w\" sizes=\"(max-width: 70px) 100vw, 70px\" data-recalc-dims=\"1\" \/><img loading=\"lazy\" class=\"alignnone wp-image-11799\" src=\"https:\/\/i0.wp.com\/www.serrarpharma.com\/wp-content\/uploads\/2021\/04\/ISO-07.png?resize=70%2C70&#038;ssl=1\" alt=\"\" width=\"70\" height=\"70\" srcset=\"https:\/\/i0.wp.com\/www.serrarpharma.com\/wp-content\/uploads\/2021\/04\/ISO-07.png?resize=300%2C300&amp;ssl=1 300w, https:\/\/i0.wp.com\/www.serrarpharma.com\/wp-content\/uploads\/2021\/04\/ISO-07.png?resize=150%2C150&amp;ssl=1 150w, https:\/\/i0.wp.com\/www.serrarpharma.com\/wp-content\/uploads\/2021\/04\/ISO-07.png?resize=100%2C100&amp;ssl=1 100w, https:\/\/i0.wp.com\/www.serrarpharma.com\/wp-content\/uploads\/2021\/04\/ISO-07.png?w=418&amp;ssl=1 418w\" sizes=\"(max-width: 70px) 100vw, 70px\" data-recalc-dims=\"1\" \/><\/p>\n<p>&nbsp;<\/p>\n<p><strong>Consente l&#8217;attivit\u00e0 fisica a chiunque abbia una dieta ipocalorica in un programma di perdita di peso <\/strong><\/p>\n<div class=\"productlist\">Aumenta il metabolismo dei nutrienti<br \/>\nAumenta l&#8217;energia<br \/>\nElimina la fatica<br \/>\nSopprime l&#8217;appetito e il desiderio di zucchero<br \/>\nEffetto ipoglicemico e controlla la glicemia<br \/>\nAiuta a bilanciare i grassi e gli ormoni<br \/>\nAiuta nel corretto funzionamento dei muscoli<br \/>\nAumenta le capacit\u00e0 fisiche e le prestazioni<\/div>\n<p>&#8211;<\/p>\n<p>ZinaBoost del Dr. SERRAR\u00ae \u00e8 una combinazione ben bilanciata di sostanze nutritive progettata per aumentare l&#8217;energia e la resistenza. La formula ZinaBoost del Dr. SERRAR\u00ae \u00e8 una miscela multidimensionale di nutrienti formulata per amplificare l&#8217;energia e costruire la resistenza. Rivediamo il mazzo degli ingredienti della nostra formula sviluppata da naturopata.<\/p>\n<p><strong> Contiene: <\/strong><br \/>\n\u1d05 \u2011 ribosio aiuta a ripristinare i livelli di energia per accelerare i tempi di recupero dopo periodi di stress e sforzo.<\/p>\n<p>L&#8217;astragalo (16% di polisaccaridi) \u00e8 una delle erbe pi\u00f9 apprezzate in Oriente. \u00c8 particolarmente utile per aumentare l&#8217;energia e la resistenza, nonch\u00e9 per aumentare la resistenza del corpo. \u00c8 un&#8217;erba tonificante che aiuta a bilanciare i sistemi del corpo.<\/p>\n<p>Panax ginseng (20% ginsenosidi) \u00e8 conosciuto come il re di tutti i tonici energetici. Stimola tutto il corpo, aiutando a superare stress, stanchezza e debolezza.<br \/>\nIl ginseng siberiano (0,8% di eleuterosidi) \u00e8 uno dei migliori tonici energetici. Gli studi hanno dimostrato che pu\u00f2 aumentare notevolmente la resistenza, consentendo a chi lo usa di lavorare pi\u00f9 a lungo e pi\u00f9 duramente e di riprendersi dall&#8217;esaurimento pi\u00f9 velocemente.<\/p>\n<p>La radice di liquirizia (10% di acido glicirrizinico) \u00e8 ben nota per la sua capacit\u00e0 di aiutare con lo stress e l&#8217;energia. Contiene sostanze simili agli ormoni corticali surrenali del corpo, che lo rendono ideale per chi soffre di insufficienza surrenalica e spossatezza.<\/p>\n<p>Questi prodotti promuovono la resistenza, aiutano a ridurre l&#8217;affaticamento, migliorare le prestazioni fisiche e mantenere la capacit\u00e0 del corpo di metabolizzare i nutrienti. Questa formula unica ed esclusiva \u00e8 stata attentamente studiata per aiutarti a mantenere le capacit\u00e0 del corpo di metabolizzare i nutrienti e aumentare le tue capacit\u00e0 fisiche durante la prestazione fisica (stress fisico).<br \/>\n&amp; nbsp;<br \/>\n<strong> Dosaggio: <\/strong><\/p>\n<p>Prendi 1 capsula una volta al giorno o come indicato dal tuo medico.<\/p>\n<p><strong> Informazioni importanti: <\/strong><\/p>\n<p>Non contiene: glutine, soia, grano, uova, latticini, lievito, agrumi, conservanti, aromi o coloranti artificiali o amido.<\/p>\n<p>Precauzioni e avvertenze: consultare un medico prima dell&#8217;uso in caso di gravidanza o allattamento; se sta assumendo farmaci antidepressivi; se sta assumendo anticoagulanti o digossina; se soffre di qualsiasi tipo di infezione acuta; o se hai una malattia autoimmune. Consultare un medico se i sintomi persistono o peggiorano.<\/p>\n<p>Contraddizioni: non utilizzare in caso di disturbi ematologici; se sta assumendo Warfarin; se soffre di allergie o soffre di asma; o se hai allergie alle api o ai prodotti delle api.<\/p>\n<p>Reazioni avverse note: \u00e8 nota la comparsa di ipersensibilit\u00e0 (ad es. Allergia); in tal caso, interromperne l&#8217;uso. Alcune persone possono provare insonnia, ansia o mal di testa; in tal caso, interromperne l&#8217;uso.<\/p>\n<p>Non usare se il sigillo \u00e8 rotto. Tenere fuori dalla portata dei bambini.<\/p>\n<p>Se stai assumendo farmaci su prescrizione, hai una condizione medica o hai dubbi specifici sull&#8217;idoneit\u00e0 di uno qualsiasi dei nostri prodotti in relazione a questi, dovresti sempre consultare il tuo medico di famiglia o il farmacista prima di assumere integratori. Le donne in gravidanza o in allattamento dovrebbero consultare un medico di famiglia prima di assumere integratori. Non superare la dose giornaliera consigliata. Tenere fuori dalla portata dei bambini. Gli integratori non vanno intesi come sostituti di una dieta variata. Leggere sempre l&#8217;etichetta prima dell&#8217;uso<\/p>\n<p>Serrar Pharma utilizza solo ingredienti puri e naturali, da fonti attendibili GMP. Garantiamo la qualit\u00e0 non solo per ogni lotto, ma anche per ogni ingrediente in quel lotto, assicurandoti di ottenere solo il prodotto della massima qualit\u00e0. Ci sono molti vantaggi del supporto degli integratori. Vedi sotto le recensioni. In caso di domande, contattaci all&#8217;indirizzo info@serrarpharma.com<\/p>\n<p><strong><span style=\"color: #005890;\"><span class=\"VIiyi\" lang=\"it\"><span class=\"JLqJ4b ChMk0b\" data-language-for-alternatives=\"it\" data-language-to-translate-into=\"en\" data-phrase-index=\"1\">PRODOTTO IN CANADA <span class=\"VIiyi\" lang=\"es\"> \u00a0\u00a0\u00a0\u00a0 <\/span>|<\/span> <span class=\"VIiyi\" lang=\"es\"> \u00a0\u00a0\u00a0\u00a0 <\/span><span class=\"JLqJ4b ChMk0b\" data-language-for-alternatives=\"it\" data-language-to-translate-into=\"en\" data-phrase-index=\"2\">CERTIFICATO GMP <span class=\"VIiyi\" lang=\"es\"> \u00a0\u00a0\u00a0\u00a0 <\/span>|<\/span> <span class=\"VIiyi\" lang=\"es\"> \u00a0\u00a0\u00a0\u00a0 <\/span><span class=\"JLqJ4b ChMk0b\" data-language-for-alternatives=\"it\" data-language-to-translate-into=\"en\" data-phrase-index=\"3\">NON OGM <span class=\"VIiyi\" lang=\"es\"> \u00a0\u00a0\u00a0\u00a0 <\/span>|<\/span> <span class=\"VIiyi\" lang=\"es\"> \u00a0\u00a0\u00a0\u00a0 <\/span><span class=\"JLqJ4b ChMk0b\" data-language-for-alternatives=\"it\" data-language-to-translate-into=\"en\" data-phrase-index=\"4\">LAB. CERTIFICATO ISO 17025<\/span><\/span><\/span><\/strong><\/p>\n","protected":false},"excerpt":{"rendered":"<p>&nbsp; Consente l&#8217;attivit\u00e0 fisica a chiunque abbia una dieta ipocalorica in un programma di perdita di peso Aumenta il metabolismo dei nutrienti Aumenta l&#8217;energia Elimina la fatica Sopprime l&#8217;appetito e il desiderio di zucchero Effetto ipoglicemico e controlla la glicemia Aiuta a bilanciare i grassi e gli ormoni Aiuta nel corretto funzionamento dei muscoli Aumenta [&hellip;]<\/p>\n","protected":false},"featured_media":11122,"template":"","meta":{"hide_page_title":"","_coblocks_attr":"","_coblocks_dimensions":"","_coblocks_responsive_height":"","_coblocks_accordion_ie_support":""},"product_cat":[21],"product_tag":[],"translation":{"provider":"WPGlobus","version":"3.0.1","language":"it","enabled_languages":["en","es","fr","ar","pt","it"],"languages":{"en":{"title":true,"content":true,"excerpt":false},"es":{"title":false,"content":true,"excerpt":false},"fr":{"title":false,"content":true,"excerpt":false},"ar":{"title":false,"content":true,"excerpt":false},"pt":{"title":false,"content":true,"excerpt":false},"it":{"title":false,"content":true,"excerpt":false}}},"_links":{"self":[{"href":"https:\/\/www.serrarpharma.com\/it\/wp-json\/wp\/v2\/product\/11120"}],"collection":[{"href":"https:\/\/www.serrarpharma.com\/it\/wp-json\/wp\/v2\/product"}],"about":[{"href":"https:\/\/www.serrarpharma.com\/it\/wp-json\/wp\/v2\/types\/product"}],"wp:featuredmedia":[{"embeddable":true,"href":"https:\/\/www.serrarpharma.com\/it\/wp-json\/wp\/v2\/media\/11122"}],"wp:attachment":[{"href":"https:\/\/www.serrarpharma.com\/it\/wp-json\/wp\/v2\/media?parent=11120"}],"wp:term":[{"taxonomy":"product_cat","embeddable":true,"href":"https:\/\/www.serrarpharma.com\/it\/wp-json\/wp\/v2\/product_cat?post=11120"},{"taxonomy":"product_tag","embeddable":true,"href":"https:\/\/www.serrarpharma.com\/it\/wp-json\/wp\/v2\/product_tag?post=11120"}],"curies":[{"name":"wp","href":"https:\/\/api.w.org\/{rel}","templated":true}]}}