{"id":11117,"date":"2021-04-05T18:08:03","date_gmt":"2021-04-05T22:08:03","guid":{"rendered":"https:\/\/www.serrarpharma.com\/?post_type=product&#038;p=11117"},"modified":"2025-02-01T23:16:13","modified_gmt":"2025-02-02T04:16:13","slug":"zinaslim-capsule","status":"publish","type":"product","link":"https:\/\/www.serrarpharma.com\/it\/product\/zinaslim-capsule\/","title":{"rendered":"ZinaSlim Capsule"},"content":{"rendered":"<p><img loading=\"lazy\" class=\"alignnone wp-image-11371\" src=\"https:\/\/i0.wp.com\/www.serrarpharma.com\/wp-content\/uploads\/2021\/04\/Made-in-CA.png?resize=70%2C70&#038;ssl=1\" alt=\"\" width=\"70\" height=\"70\" srcset=\"https:\/\/i0.wp.com\/www.serrarpharma.com\/wp-content\/uploads\/2021\/04\/Made-in-CA.png?w=150&amp;ssl=1 150w, https:\/\/i0.wp.com\/www.serrarpharma.com\/wp-content\/uploads\/2021\/04\/Made-in-CA.png?resize=100%2C100&amp;ssl=1 100w\" sizes=\"(max-width: 70px) 100vw, 70px\" data-recalc-dims=\"1\" \/><img loading=\"lazy\" class=\"alignnone wp-image-11370\" src=\"https:\/\/i0.wp.com\/www.serrarpharma.com\/wp-content\/uploads\/2021\/04\/GMP.png?resize=70%2C70&#038;ssl=1\" alt=\"\" width=\"70\" height=\"70\" srcset=\"https:\/\/i0.wp.com\/www.serrarpharma.com\/wp-content\/uploads\/2021\/04\/GMP.png?w=150&amp;ssl=1 150w, https:\/\/i0.wp.com\/www.serrarpharma.com\/wp-content\/uploads\/2021\/04\/GMP.png?resize=100%2C100&amp;ssl=1 100w\" sizes=\"(max-width: 70px) 100vw, 70px\" data-recalc-dims=\"1\" \/><img loading=\"lazy\" class=\"alignnone wp-image-11369\" src=\"https:\/\/i0.wp.com\/www.serrarpharma.com\/wp-content\/uploads\/2021\/04\/Nongmo.png?resize=70%2C70&#038;ssl=1\" alt=\"\" width=\"70\" height=\"70\" srcset=\"https:\/\/i0.wp.com\/www.serrarpharma.com\/wp-content\/uploads\/2021\/04\/Nongmo.png?w=150&amp;ssl=1 150w, https:\/\/i0.wp.com\/www.serrarpharma.com\/wp-content\/uploads\/2021\/04\/Nongmo.png?resize=100%2C100&amp;ssl=1 100w\" sizes=\"(max-width: 70px) 100vw, 70px\" data-recalc-dims=\"1\" \/><img loading=\"lazy\" class=\"alignnone wp-image-11799\" src=\"https:\/\/i0.wp.com\/www.serrarpharma.com\/wp-content\/uploads\/2021\/04\/ISO-07.png?resize=70%2C70&#038;ssl=1\" alt=\"\" width=\"70\" height=\"70\" srcset=\"https:\/\/i0.wp.com\/www.serrarpharma.com\/wp-content\/uploads\/2021\/04\/ISO-07.png?resize=300%2C300&amp;ssl=1 300w, https:\/\/i0.wp.com\/www.serrarpharma.com\/wp-content\/uploads\/2021\/04\/ISO-07.png?resize=150%2C150&amp;ssl=1 150w, https:\/\/i0.wp.com\/www.serrarpharma.com\/wp-content\/uploads\/2021\/04\/ISO-07.png?resize=100%2C100&amp;ssl=1 100w, https:\/\/i0.wp.com\/www.serrarpharma.com\/wp-content\/uploads\/2021\/04\/ISO-07.png?w=418&amp;ssl=1 418w\" sizes=\"(max-width: 70px) 100vw, 70px\" data-recalc-dims=\"1\" \/><\/p>\n<p>&nbsp;<\/p>\n<p>Riduce l&#8217;aumento di peso<br \/>\n<strong>Riduce :<\/strong><\/p>\n<div class=\"productlist\">Contenuto di grassi e%<br \/>\nVita e fianchi (BMI)<br \/>\nIpertensione arteriosa<br \/>\nAnsia e stanchezza<\/div>\n<p>Incrementi:<\/p>\n<div class=\"productlist\">Sensazione di saziet\u00e0<br \/>\nPerdita di grasso con l&#8217;esercizio aerobico<\/div>\n<p><strong> Effetto ipoglicemico: <\/strong><\/p>\n<div class=\"productlist\">Soppressore del gusto dolce<br \/>\nRegolazione del livello di zucchero<\/div>\n<p><strong><br \/>\nEFFETTO SULL&#8217;EQUILIBRIO LIPIDICO E GLI ORMONI <\/strong><\/p>\n<p><strong> Riduce: <\/strong><\/p>\n<div class=\"productlist\">LDL<br \/>\nLivello di colesterolo<br \/>\nAttivit\u00e0 della lipasi pancreatica<\/div>\n<p><strong> Aumenti: <\/strong><\/p>\n<div class=\"productlist\">Livelli di testosterone HDL totali, gratuiti, libido negli uomini<br \/>\nSerotonina (benessere e meno ansia)<\/div>\n<p>&nbsp;<\/p>\n<p>Questa formula unica ed esclusiva \u00e8 stata creata con cura dal dottor Serrar MD, PhD, ND per aiutarti a trovare una soluzione di perdita di peso sicura e naturale. \u00c8 utile per chiunque abbia una dieta ipocalorica in un programma di perdita di peso.<\/p>\n<p>Questo integratore botanico naturale contiene sostanze naturali che controllano l&#8217;appetito in modo naturale e aumentano i livelli dell&#8217;ormone serotonina (una sostanza chimica nel cervello che ti rende felice, rilassato, emotivamente e fisicamente). Questa potente formula ti aiuter\u00e0 a evitare l&#8217;eccesso di cibo e il consumo emotivo di cibi e snack malsani. Ti aiuta a migliorare l&#8217;umore e l&#8217;energia mentre il corpo si adatta a nuove abitudini alimentari sane. Molti pazienti notano un cambiamento positivo: un migliore aspetto della loro silhouette (attivazione del metabolismo: diminuzione del grasso corporeo) un migliore umore, una diminuzione del colesterolo, una diminuzione della pressione sanguigna e una regolarizzazione del loro livello di zucchero dopo i primi 30 giorni . ZinaSlim ti mette sulla strada giusta per ridurre notevolmente lo stress e la fatica e diventare un te pi\u00f9 felice e pi\u00f9 sano!<\/p>\n<p>ZinaSLim (Capsule) \u00e8 una combinazione unica di nutrienti efficaci per la perdita di peso. Aiuta a frenare l&#8217;appetito, aiuta a bruciare i grassi e aumenta il metabolismo. Il suo t\u00e8 verde ad alta potenza offre anche protezione dalle malattie del seno.<\/p>\n<p>ZinaSLim (Capsule) \u00e8 una combinazione unica dei nutrienti per il controllo del peso pi\u00f9 efficaci disponibili. Questi nutrienti lavorano in sinergia per aiutare a frenare l&#8217;appetito, bruciare i grassi e aumentare il metabolismo, la massa muscolare magra e l&#8217;energia.<\/p>\n<p>ZinaSLim (Capsule) contiene catechine del t\u00e8 verde, termogenici, diuretici, lipotropi, vitamine e minerali. Questi nutrienti ti aiuteranno a perdere peso, nutrire il corpo e ti aiuteranno a proteggerti dalle malattie.<\/p>\n<p>ZinaSLim (Capsule) deve essere utilizzato come parte di uno stile di vita sano e di una strategia di gestione del peso. Il modo pi\u00f9 sano per gestire il peso in modo permanente \u00e8 capire come funzionano e funzionano i nostri corpi in quel contesto.<\/p>\n<p>Il corpo e il metabolismo di ognuno \u00e8 diverso, questo \u00e8 vero; tuttavia, stiamo ancora consumando energia, utilizzandola e immagazzinandola. ZinaSLim (Capsule) ti aiuter\u00e0 a raggiungere il tuo obiettivo di controllo del peso.<\/p>\n<p>ZinaSLim (Capsule) \u00e8 l&#8217;unico programma dietetico a formulare gli ingredienti pi\u00f9 efficaci, comprovati e ricercati in un&#8217;unica formula dimagrante, con 300 mg di EGCG puro per la protezione del seno.<\/p>\n<p><strong> Dosaggio: <\/strong><\/p>\n<p>Adulti: assumere 1 capsula tre volte al giorno con il cibo o secondo le istruzioni del medico. Se stai assumendo altri farmaci, prendi questo prodotto 2 ore prima o dopo di loro.<\/p>\n<p>Durata di utilizzo: consultare un medico per un utilizzo oltre i 3 mesi.<\/p>\n<p><strong> Informazioni importanti: <\/strong><\/p>\n<p>Non contiene: glutine, soia, grano, uova, latticini, lievito, agrumi, conservanti, aromi o coloranti artificiali o zucchero.<\/p>\n<p>Precauzioni e avvertenze: consultare un medico prima dell&#8217;uso in caso di disturbi al fegato; carenza di ferro; ulcere allo stomaco o infiammazione; ha il diabete; disturbi o sintomi intestinali come dolore addominale, nausea, vomito o febbre; o malattie cardiovascolari. Non utilizzare in caso di gravidanza o allattamento. Interrompere l&#8217;uso e consultare un medico se si sviluppano sintomi di problemi al fegato come ingiallimento della pelle o degli occhi (ittero), mal di stomaco, urine scure, sudorazione, nausea, stanchezza insolita o perdita di appetito. Sono stati segnalati casi rari e imprevedibili di danno epatico associati a prodotti contenenti estratto di t\u00e8 verde.<\/p>\n<p>Non utilizzare se il sigillo \u00e8 rotto. Tenere fuori dalla portata dei bambini.<\/p>\n<p>Se stai assumendo farmaci su prescrizione, hai una condizione medica o hai dubbi specifici sull&#8217;idoneit\u00e0 di uno qualsiasi dei nostri prodotti in relazione a questi, dovresti sempre consultare il tuo medico di famiglia o il farmacista prima di assumere integratori. Le donne in gravidanza o in allattamento dovrebbero consultare un medico di famiglia prima di assumere integratori. Non superare la dose giornaliera consigliata. Tenere fuori dalla portata dei bambini. Gli integratori non vanno intesi come sostituti di una dieta variata. Leggere sempre l&#8217;etichetta prima dell&#8217;uso<\/p>\n<p>Serrar Pharma utilizza solo ingredienti puri e naturali, da fonti attendibili GMP. Garantiamo la qualit\u00e0 non solo per ogni lotto, ma anche per ogni ingrediente in quel lotto, assicurandoti di ottenere solo il prodotto della massima qualit\u00e0. Ci sono molti vantaggi del supporto degli integratori. Vedi sotto le recensioni. In caso di domande, contattaci all&#8217;indirizzo info@serrarpharma.com<\/p>\n<p>&nbsp;<\/p>\n<p><span style=\"color: #005890;\"><strong><span class=\"VIiyi\" lang=\"it\"><span class=\"JLqJ4b ChMk0b\" data-language-for-alternatives=\"it\" data-language-to-translate-into=\"en\" data-phrase-index=\"1\">PRODOTTO IN CANADA\u00a0\u00a0\u00a0 |<\/span> \u00a0\u00a0 <span class=\"JLqJ4b ChMk0b\" data-language-for-alternatives=\"it\" data-language-to-translate-into=\"en\" data-phrase-index=\"2\">CERTIFICATO GMP \u00a0\u00a0 |<\/span> \u00a0\u00a0 <span class=\"JLqJ4b ChMk0b\" data-language-for-alternatives=\"it\" data-language-to-translate-into=\"en\" data-phrase-index=\"3\">NON OGM \u00a0\u00a0 |<\/span> \u00a0\u00a0 <span class=\"JLqJ4b ChMk0b\" data-language-for-alternatives=\"it\" data-language-to-translate-into=\"en\" data-phrase-index=\"4\">LAB. CERTIFICATO ISO 17025<\/span><\/span><\/strong><\/span><\/p>\n","protected":false},"excerpt":{"rendered":"<p>&nbsp; Riduce l&#8217;aumento di peso Riduce : Contenuto di grassi e% Vita e fianchi (BMI) Ipertensione arteriosa Ansia e stanchezza Incrementi: Sensazione di saziet\u00e0 Perdita di grasso con l&#8217;esercizio aerobico Effetto ipoglicemico: Soppressore del gusto dolce Regolazione del livello di zucchero EFFETTO SULL&#8217;EQUILIBRIO LIPIDICO E GLI ORMONI Riduce: LDL Livello di colesterolo Attivit\u00e0 della lipasi [&hellip;]<\/p>\n","protected":false},"featured_media":11121,"template":"","meta":{"hide_page_title":"","_coblocks_attr":"","_coblocks_dimensions":"","_coblocks_responsive_height":"","_coblocks_accordion_ie_support":""},"product_cat":[21],"product_tag":[],"translation":{"provider":"WPGlobus","version":"3.0.1","language":"it","enabled_languages":["en","es","fr","ar","pt","it"],"languages":{"en":{"title":true,"content":true,"excerpt":false},"es":{"title":false,"content":true,"excerpt":false},"fr":{"title":false,"content":true,"excerpt":false},"ar":{"title":false,"content":true,"excerpt":false},"pt":{"title":false,"content":true,"excerpt":false},"it":{"title":false,"content":true,"excerpt":false}}},"_links":{"self":[{"href":"https:\/\/www.serrarpharma.com\/it\/wp-json\/wp\/v2\/product\/11117"}],"collection":[{"href":"https:\/\/www.serrarpharma.com\/it\/wp-json\/wp\/v2\/product"}],"about":[{"href":"https:\/\/www.serrarpharma.com\/it\/wp-json\/wp\/v2\/types\/product"}],"wp:featuredmedia":[{"embeddable":true,"href":"https:\/\/www.serrarpharma.com\/it\/wp-json\/wp\/v2\/media\/11121"}],"wp:attachment":[{"href":"https:\/\/www.serrarpharma.com\/it\/wp-json\/wp\/v2\/media?parent=11117"}],"wp:term":[{"taxonomy":"product_cat","embeddable":true,"href":"https:\/\/www.serrarpharma.com\/it\/wp-json\/wp\/v2\/product_cat?post=11117"},{"taxonomy":"product_tag","embeddable":true,"href":"https:\/\/www.serrarpharma.com\/it\/wp-json\/wp\/v2\/product_tag?post=11117"}],"curies":[{"name":"wp","href":"https:\/\/api.w.org\/{rel}","templated":true}]}}