{"id":795,"date":"2020-04-12T20:21:45","date_gmt":"2020-04-12T20:21:45","guid":{"rendered":"https:\/\/www.serrarpharma.com\/?page_id=795"},"modified":"2021-11-11T15:31:55","modified_gmt":"2021-11-11T20:31:55","slug":"meet-the-doctor","status":"publish","type":"page","link":"https:\/\/www.serrarpharma.com\/it\/meet-the-doctor\/","title":{"rendered":"Meet The Doctor"},"content":{"rendered":"\n<div class=\"wp-block-media-text alignfull has-media-on-the-right is-stacked-on-mobile is-vertically-aligned-top meetdrsection\" style=\"grid-template-columns:auto 35%\"><figure class=\"wp-block-media-text__media\"><img loading=\"lazy\" width=\"660\" height=\"990\" src=\"https:\/\/i0.wp.com\/www.serrarpharma.com\/wp-content\/uploads\/2020\/09\/Dr-Serrara-Steth-min.png?resize=660%2C990&#038;ssl=1\" alt=\"\" class=\"wp-image-8379 size-full\" srcset=\"https:\/\/i0.wp.com\/www.serrarpharma.com\/wp-content\/uploads\/2020\/09\/Dr-Serrara-Steth-min.png?resize=683%2C1024&amp;ssl=1 683w, https:\/\/i0.wp.com\/www.serrarpharma.com\/wp-content\/uploads\/2020\/09\/Dr-Serrara-Steth-min.png?resize=200%2C300&amp;ssl=1 200w, https:\/\/i0.wp.com\/www.serrarpharma.com\/wp-content\/uploads\/2020\/09\/Dr-Serrara-Steth-min.png?resize=600%2C900&amp;ssl=1 600w, https:\/\/i0.wp.com\/www.serrarpharma.com\/wp-content\/uploads\/2020\/09\/Dr-Serrara-Steth-min.png?w=700&amp;ssl=1 700w\" sizes=\"(max-width: 660px) 100vw, 660px\" data-recalc-dims=\"1\" \/><\/figure><div class=\"wp-block-media-text__content\">\n<p class=\"has-text-color meethalima has-huge-font-size has-custom-font\" style=\"font-family:Open Sans;color:#63ade5\">INCONTRA IL DOTTORE HALIMA SERRAR<\/p>\n\n\n\n<p class=\"has-text-color meetdrtag\" style=\"font-size:40px;color:#005e94\">Dottore, Naturopata e Fondatore<\/p>\n\n\n\n<p class=\"has-custom-font has-custom-lineheight\" style=\"font-family:Open Sans;line-height:1.5\">Dr. Halima Serrar \u00e8 un dottore certificato di medicina in Marocco e un dottorato di ricerca in farmacologia e naturopata certificato in Canada. \u00c8 la fondatrice del programma di controllo del peso ZinaCal e ha sviluppato formulazioni e integratori prodotti in una struttura registrata dalla FDA per aiutare uomini, donne e bambini di tutte le et\u00e0 a perdere peso in modo sano, mantenerlo lontano a lungo termine e prevenire le malattie croniche. \u00c8 appassionata di aiutare gli altri a vivere una vita sana, in forma, forte ed energica! Questi integratori sono privi di OGM. Prodotto in stabilimenti certificati GMP negli Stati Uniti.<\/p>\n\n\n\n<p class=\"has-text-color meettoplinks has-custom-font\" style=\"font-family:Open Sans;color:#63ade5\"><a href=\"https:\/\/www.serrarpharma.com\/it\/testimonials\/\">ASCOLTA DAI NOSTRI CLIENTI \u2192<\/a><\/p>\n\n\n\n<p class=\"has-text-color meettoplinks has-custom-font\" style=\"font-family:Open Sans;color:#63ade5\"><a href=\"https:\/\/www.serrarpharma.com\/it\/shop\/\">VEDI PRODOTTI \u2192<\/a><\/p>\n<\/div><\/div>\n\n\n\n<figure class=\"wp-block-image alignfull size-large meetdrtopwave\"><img loading=\"lazy\" width=\"660\" height=\"102\" src=\"https:\/\/i0.wp.com\/www.serrarpharma.com\/wp-content\/uploads\/2020\/04\/White-Wave-Bottom-Transparent.png?resize=660%2C102&#038;ssl=1\" alt=\"\" class=\"wp-image-221\" srcset=\"https:\/\/i0.wp.com\/www.serrarpharma.com\/wp-content\/uploads\/2020\/04\/White-Wave-Bottom-Transparent.png?resize=1024%2C158&amp;ssl=1 1024w, https:\/\/i0.wp.com\/www.serrarpharma.com\/wp-content\/uploads\/2020\/04\/White-Wave-Bottom-Transparent.png?resize=300%2C46&amp;ssl=1 300w, https:\/\/i0.wp.com\/www.serrarpharma.com\/wp-content\/uploads\/2020\/04\/White-Wave-Bottom-Transparent.png?resize=768%2C118&amp;ssl=1 768w, https:\/\/i0.wp.com\/www.serrarpharma.com\/wp-content\/uploads\/2020\/04\/White-Wave-Bottom-Transparent.png?resize=1536%2C237&amp;ssl=1 1536w, https:\/\/i0.wp.com\/www.serrarpharma.com\/wp-content\/uploads\/2020\/04\/White-Wave-Bottom-Transparent.png?resize=2048%2C315&amp;ssl=1 2048w, https:\/\/i0.wp.com\/www.serrarpharma.com\/wp-content\/uploads\/2020\/04\/White-Wave-Bottom-Transparent.png?resize=600%2C92&amp;ssl=1 600w, https:\/\/i0.wp.com\/www.serrarpharma.com\/wp-content\/uploads\/2020\/04\/White-Wave-Bottom-Transparent.png?w=1320&amp;ssl=1 1320w, https:\/\/i0.wp.com\/www.serrarpharma.com\/wp-content\/uploads\/2020\/04\/White-Wave-Bottom-Transparent.png?w=1980&amp;ssl=1 1980w\" sizes=\"(max-width: 660px) 100vw, 660px\" data-recalc-dims=\"1\" \/><\/figure>\n\n\n\n<div class=\"wp-block-coblocks-row alignfull coblocks-row-311182055872 aboutbody\" data-columns=\"1\" data-layout=\"100\"><div class=\"aboutbody wp-block-coblocks-row__inner has-background has-padding has-medium-padding is-stacked-on-mobile has-medium-gutter\" style=\"background-color:#eff2f7\">\n<div class=\"wp-block-coblocks-column coblocks-column-31118212625\"><div class=\"wp-block-coblocks-column__inner has-background has-padding has-small-padding\" style=\"background-color:#eff2f7\">\n<p class=\"has-text-color has-custom-font has-custom-lineheight\" style=\"font-family:Open Sans;line-height:1.5;color:#005e94\">Questo programma \u00e8 stato accuratamente sviluppato dalla Dott.ssa Halima Serra MD (Marocco), Ph.D, ND (Canada), per bilanciare gli ormoni metabolici, bruciare il grasso della pancia e offrire risultati salutari per la perdita di peso.<\/p>\n\n\n\n<p class=\"has-custom-font has-custom-lineheight\" style=\"font-family:Open Sans;line-height:1.5\">Questo programma \u00e8 stato molto efficace per aiutare coloro che hanno avuto difficolt\u00e0 a perdere peso in passato, compresi quelli con diabete e colesterolo. Ipertensione, malattie autoimmuni, artrite, fibromialgia, infertilit\u00e0, tumore della prostata, squilibri ormonali, PCOS, problemi alla tiroide, deficit di attenzione, iperattivit\u00e0 nei bambini ed emicrania. <\/p>\n<\/div><\/div>\n<\/div><\/div>\n\n\n\n<div class=\"wp-block-media-text alignfull is-stacked-on-mobile is-vertically-aligned-center is-image-fill waistsection has-background\" style=\"background-color:#eff2f7;grid-template-columns:42% auto\"><figure class=\"wp-block-media-text__media\" style=\"background-image:url(https:\/\/www.serrarpharma.com\/wp-content\/uploads\/2020\/04\/waist-min-1024x879.jpg);background-position:50% 50%\"><img loading=\"lazy\" width=\"660\" height=\"567\" src=\"https:\/\/i0.wp.com\/www.serrarpharma.com\/wp-content\/uploads\/2020\/04\/waist-min.jpg?resize=660%2C567&#038;ssl=1\" alt=\"\" class=\"wp-image-847 size-full\" srcset=\"https:\/\/i0.wp.com\/www.serrarpharma.com\/wp-content\/uploads\/2020\/04\/waist-min.jpg?resize=1024%2C879&amp;ssl=1 1024w, https:\/\/i0.wp.com\/www.serrarpharma.com\/wp-content\/uploads\/2020\/04\/waist-min.jpg?resize=300%2C258&amp;ssl=1 300w, https:\/\/i0.wp.com\/www.serrarpharma.com\/wp-content\/uploads\/2020\/04\/waist-min.jpg?resize=768%2C659&amp;ssl=1 768w, https:\/\/i0.wp.com\/www.serrarpharma.com\/wp-content\/uploads\/2020\/04\/waist-min.jpg?resize=1536%2C1318&amp;ssl=1 1536w, https:\/\/i0.wp.com\/www.serrarpharma.com\/wp-content\/uploads\/2020\/04\/waist-min.jpg?resize=600%2C515&amp;ssl=1 600w, https:\/\/i0.wp.com\/www.serrarpharma.com\/wp-content\/uploads\/2020\/04\/waist-min.jpg?w=1652&amp;ssl=1 1652w, https:\/\/i0.wp.com\/www.serrarpharma.com\/wp-content\/uploads\/2020\/04\/waist-min.jpg?w=1320&amp;ssl=1 1320w\" sizes=\"(max-width: 660px) 100vw, 660px\" data-recalc-dims=\"1\" \/><\/figure><div class=\"wp-block-media-text__content\">\n<p class=\"waistbody has-small-font-size has-custom-font has-custom-lineheight\" style=\"font-family:Open Sans;line-height:1.5\">Seguendo il programma ZinaCal che include il nostro programma e integratore per l&#8217;alimentazione sana Zinacal, il tuo corpo passer\u00e0 naturalmente dall&#8217;accumulo di grasso alla combustione dei grassi entro 24 ore dall&#8217;inizio del programma ZinaCal. Abbiamo aiutato migliaia di uomini, donne e bambini in tutto il paese a perdere peso e guadagnare libert\u00e0 nella loro salute. I nostri clienti vedono ottimi risultati con questo programma; mai sentirsi stanchi, affamati o privati, il modo pi\u00f9 semplice e pi\u00f9 sano per perdere peso!*<\/p>\n\n\n\n<p class=\"has-text-color meetseetest has-custom-font\" style=\"font-family:Open Sans;font-size:18px;color:#63ade5\"><a href=\"https:\/\/www.serrarpharma.com\/it\/testimonials\/\">VEDI TESTIMONIANZE \u2192<\/a><\/p>\n<\/div><\/div>\n\n\n\n<div class=\"wp-block-coblocks-row alignfull coblocks-row-31119409415 meetbottomspace\" data-columns=\"1\" data-layout=\"100\"><div class=\"meetbottomspace wp-block-coblocks-row__inner has-background has-padding has-medium-padding is-stacked-on-mobile has-medium-gutter\" style=\"background-color:#eff2f7\">\n<div class=\"wp-block-coblocks-column coblocks-column-311194013277\"><div class=\"wp-block-coblocks-column__inner\">\n<div style=\"height:75px\" aria-hidden=\"true\" class=\"wp-block-spacer\"><\/div>\n<\/div><\/div>\n<\/div><\/div>\n\n\n\n<div class=\"wp-container-1 Disclaimer Disclaimer Disclaimer Disclaimer Disclaimer wp-block-group Disclaimer\"><div class=\"wp-block-group__inner-container\">\n<p class=\"has-custom-font\" style=\"font-family:Open Sans;font-size:15px\">Dichiarazione di non responsabilit\u00e0: con qualsiasi dieta o nuovo regime nutrizionale, ogni persona sperimenter\u00e0 risultati diversi a seconda di una variet\u00e0 di fattori individuali e ambientali. Nessun risultato con questa o qualsiasi altra dieta pu\u00f2 essere garantito e le testimonianze trovate su questo sito rappresentano solo le esperienze di quegli individui, che hanno offerto volontariamente le loro storie per il nostro uso. L&#8217;uso di queste testimonianze non garantisce risultati simili da parte di altri programmi.<\/p>\n\n\n\n<p class=\"has-custom-font\" style=\"font-family:Open Sans;font-size:15px\">Il piano ufficiale del programma ZinaCal non offre alcun consiglio medico n\u00e9 pretende di farlo. I nostri commenti e raccomandazioni dietetiche si basano tutti sulla ricerca dei riassunti delle prove per la sicurezza e l&#8217;efficacia clinica degli ingredienti degli integratori di ZinaSlim, ZinaBoost, ZinaDetox &amp; amp; ZinaBalance per una sana gestione del peso. Prima di iniziare qualsiasi dieta o intraprendere qualsiasi regime nutrizionale, consultare un professionista sanitario qualificato che abbia familiarit\u00e0 con la propria situazione. Inoltre, tieni presente che la Food and Drug Administration (FDA) non ha valutato il nostro integratore o altri prodotti offerti su questo sito in grado di diagnosticare, curare, trattare o prevenire qualsiasi malattia che venga prodotta qui.<\/p>\n\n\n\n<p class=\"has-custom-font\" style=\"font-family:Open Sans;font-size:15px\">In ogni caso, le informazioni e i consigli offerti sul sito Alternativo non sostituiscono un consulto o una diagnosi formulata da un medico o da un operatore sanitario, i soli in grado di valutare adeguatamente il tuo stato di salute.<\/p>\n<\/div><\/div>\n\n\n\n<div class=\"wp-container-8 wp-block-columns alignfull spfootblock\">\n<div class=\"wp-container-2 wp-block-column is-vertically-aligned-top\" style=\"flex-basis:49%\">\n<div class=\"wp-block-media-text is-stacked-on-mobile is-vertically-aligned-top footlogoblock\" style=\"grid-template-columns:28% auto\"><figure class=\"wp-block-media-text__media\"><img loading=\"lazy\" width=\"603\" height=\"811\" src=\"https:\/\/i0.wp.com\/www.serrarpharma.com\/wp-content\/uploads\/2020\/04\/2-sp-png.png?resize=603%2C811&#038;ssl=1\" alt=\"\" class=\"wp-image-394 size-full\" srcset=\"https:\/\/i0.wp.com\/www.serrarpharma.com\/wp-content\/uploads\/2020\/04\/2-sp-png.png?w=603&amp;ssl=1 603w, https:\/\/i0.wp.com\/www.serrarpharma.com\/wp-content\/uploads\/2020\/04\/2-sp-png.png?resize=223%2C300&amp;ssl=1 223w, https:\/\/i0.wp.com\/www.serrarpharma.com\/wp-content\/uploads\/2020\/04\/2-sp-png.png?resize=600%2C807&amp;ssl=1 600w\" sizes=\"(max-width: 603px) 100vw, 603px\" data-recalc-dims=\"1\" \/><\/figure><div class=\"wp-block-media-text__content\">\n<p class=\"has-text-color has-custom-font has-custom-lineheight\" style=\"font-family:Open Sans;line-height:1.5;font-size:18px;color:#005e94\">SerrarPharma si concentra sul miglioramento della qualit\u00e0 della tua vita. Siamo appassionati di aiutarti non solo a gestire la tua salute, ma a prosperare utilizzando i nostri metodi unici e comprovati.<\/p>\n<\/div><\/div>\n<\/div>\n\n\n\n<div class=\"wp-container-6 wp-block-column footmiddlecol\" style=\"flex-basis:25%\">\n<p class=\"has-text-color serrarmidfooter has-custom-lineheight\" style=\"line-height:1;font-size:18px;color:#005e94\"><strong>SERRAR PHARMA LLC<\/strong><\/p>\n\n\n\n<p class=\"has-text-color footeraddress has-custom-font has-custom-lineheight\" style=\"font-family:Open Sans;line-height:1.4;color:#005e94\">4 Hunter Lane<br>Elmsford, NY 10523<br>USA<\/p>\n\n\n\n<p class=\"has-text-color footerphone has-medium-font-size\" style=\"color:#005e94\"><strong>(302) 200-2171<\/strong><\/p>\n\n\n\n<p class=\"has-text-color has-custom-font\" style=\"font-family:Open Sans;color:#005e94\">info@serrarpharma.com<\/p>\n\n\n\n<div class=\"wp-container-5 wp-block-columns footersm\">\n<div class=\"wp-container-3 wp-block-column\">\n<div class=\"wp-block-image mb-0 mt-0\"><figure class=\"aligncenter size-thumbnail\"><a href=\"https:\/\/www.instagram.com\/drserrar\/\" target=\"_blank\" rel=\"noopener noreferrer\"><img loading=\"lazy\" width=\"150\" height=\"150\" src=\"https:\/\/i0.wp.com\/www.serrarpharma.com\/wp-content\/uploads\/2021\/01\/SPWebInstaSymbol.png?resize=150%2C150&#038;ssl=1\" alt=\"\" class=\"wp-image-10264\" srcset=\"https:\/\/i0.wp.com\/www.serrarpharma.com\/wp-content\/uploads\/2021\/01\/SPWebInstaSymbol.png?resize=150%2C150&amp;ssl=1 150w, https:\/\/i0.wp.com\/www.serrarpharma.com\/wp-content\/uploads\/2021\/01\/SPWebInstaSymbol.png?resize=300%2C300&amp;ssl=1 300w, https:\/\/i0.wp.com\/www.serrarpharma.com\/wp-content\/uploads\/2021\/01\/SPWebInstaSymbol.png?resize=100%2C100&amp;ssl=1 100w, https:\/\/i0.wp.com\/www.serrarpharma.com\/wp-content\/uploads\/2021\/01\/SPWebInstaSymbol.png?w=362&amp;ssl=1 362w\" sizes=\"(max-width: 150px) 100vw, 150px\" data-recalc-dims=\"1\" \/><\/a><\/figure><\/div>\n<\/div>\n\n\n\n<div class=\"wp-container-4 wp-block-column\">\n<div class=\"wp-block-image mb-0 mt-0\"><figure class=\"aligncenter size-thumbnail\"><a href=\"https:\/\/www.facebook.com\/DrSerrar-112763810583917\" target=\"_blank\" rel=\"noopener noreferrer\"><img loading=\"lazy\" width=\"150\" height=\"150\" src=\"https:\/\/i0.wp.com\/www.serrarpharma.com\/wp-content\/uploads\/2021\/01\/SPWebFBSymbol.png?resize=150%2C150&#038;ssl=1\" alt=\"\" class=\"wp-image-10265\" srcset=\"https:\/\/i0.wp.com\/www.serrarpharma.com\/wp-content\/uploads\/2021\/01\/SPWebFBSymbol.png?resize=150%2C150&amp;ssl=1 150w, https:\/\/i0.wp.com\/www.serrarpharma.com\/wp-content\/uploads\/2021\/01\/SPWebFBSymbol.png?resize=300%2C300&amp;ssl=1 300w, https:\/\/i0.wp.com\/www.serrarpharma.com\/wp-content\/uploads\/2021\/01\/SPWebFBSymbol.png?resize=100%2C100&amp;ssl=1 100w, https:\/\/i0.wp.com\/www.serrarpharma.com\/wp-content\/uploads\/2021\/01\/SPWebFBSymbol.png?w=362&amp;ssl=1 362w\" sizes=\"(max-width: 150px) 100vw, 150px\" data-recalc-dims=\"1\" \/><\/a><\/figure><\/div>\n\n\n\n<p><\/p>\n<\/div>\n<\/div>\n<\/div>\n\n\n\n<div class=\"wp-container-7 wp-block-column\" style=\"flex-basis:20%\">\n<p class=\"has-text-color footerGS has-custom-lineheight\" style=\"line-height:1;font-size:18px;color:#005e94\"><strong>INIZIARE<\/strong><\/p>\n\n\n\n<p class=\"footerlinks has-secondary-color has-text-color has-custom-lineheight\" style=\"line-height:1.5;font-size:18px\"><a href=\"https:\/\/www.serrarpharma.com\/it\/about\/\">CHI SIAMO<\/a><br><a href=\"https:\/\/www.serrarpharma.com\/it\/zinacal-program\/\">PROGRAMMA ZINACAL <\/a><br><a href=\"https:\/\/www.serrarpharma.com\/it\/testimonials\/\">TESTIMONIANZE<\/a> <br><a href=\"https:\/\/www.serrarpharma.com\/it\/shop\/\">COMPRARE<\/a><br><a href=\"https:\/\/www.serrarpharma.com\/it\/contact\/\">CONTATTACI<\/a> <\/p>\n<\/div>\n<\/div>\n\n\n\n<p><\/p>\n","protected":false},"excerpt":{"rendered":"<p>INCONTRA IL DOTTORE HALIMA SERRAR Dottore, Naturopata e Fondatore Dr. Halima Serrar \u00e8 un dottore certificato di medicina in Marocco e un dottorato di ricerca in farmacologia e naturopata certificato in Canada. \u00c8 la fondatrice del programma di controllo del peso ZinaCal e ha sviluppato formulazioni e integratori prodotti in una struttura registrata dalla FDA [&hellip;]<\/p>\n","protected":false},"author":1,"featured_media":0,"parent":0,"menu_order":0,"comment_status":"closed","ping_status":"closed","template":"","meta":{"hide_page_title":"","_coblocks_attr":"Open Sans,Noto Serif,Open Sans","_coblocks_dimensions":"","_coblocks_responsive_height":"","_coblocks_accordion_ie_support":""},"translation":{"provider":"WPGlobus","version":"3.0.1","language":"it","enabled_languages":["en","es","fr","ar","pt","it"],"languages":{"en":{"title":true,"content":true,"excerpt":false},"es":{"title":true,"content":true,"excerpt":false},"fr":{"title":true,"content":true,"excerpt":false},"ar":{"title":false,"content":true,"excerpt":false},"pt":{"title":false,"content":true,"excerpt":false},"it":{"title":false,"content":true,"excerpt":false}}},"_links":{"self":[{"href":"https:\/\/www.serrarpharma.com\/it\/wp-json\/wp\/v2\/pages\/795"}],"collection":[{"href":"https:\/\/www.serrarpharma.com\/it\/wp-json\/wp\/v2\/pages"}],"about":[{"href":"https:\/\/www.serrarpharma.com\/it\/wp-json\/wp\/v2\/types\/page"}],"author":[{"embeddable":true,"href":"https:\/\/www.serrarpharma.com\/it\/wp-json\/wp\/v2\/users\/1"}],"replies":[{"embeddable":true,"href":"https:\/\/www.serrarpharma.com\/it\/wp-json\/wp\/v2\/comments?post=795"}],"version-history":[{"count":0,"href":"https:\/\/www.serrarpharma.com\/it\/wp-json\/wp\/v2\/pages\/795\/revisions"}],"wp:attachment":[{"href":"https:\/\/www.serrarpharma.com\/it\/wp-json\/wp\/v2\/media?parent=795"}],"curies":[{"name":"wp","href":"https:\/\/api.w.org\/{rel}","templated":true}]}}