{"id":12108,"date":"2022-02-22T18:13:31","date_gmt":"2022-02-22T23:13:31","guid":{"rendered":"https:\/\/www.serrarpharma.com\/?page_id=12108"},"modified":"2022-08-06T15:08:47","modified_gmt":"2022-08-06T19:08:47","slug":"esthetics","status":"publish","type":"page","link":"https:\/\/www.serrarpharma.com\/it\/esthetics\/","title":{"rendered":"Esthetics"},"content":{"rendered":"\n<div style=\"height:25px\" aria-hidden=\"true\" class=\"wp-block-spacer\"><\/div>\n\n\n<div class=\"wp-block-image\">\n<figure class=\"aligncenter size-full is-resized\"><img loading=\"lazy\" src=\"https:\/\/i0.wp.com\/www.serrarpharma.com\/wp-content\/uploads\/2022\/02\/Academie-Dr.-SERRAR-Logo.png?resize=150%2C150&#038;ssl=1\" alt=\"\" class=\"wp-image-12015\" width=\"150\" height=\"150\" srcset=\"https:\/\/i0.wp.com\/www.serrarpharma.com\/wp-content\/uploads\/2022\/02\/Academie-Dr.-SERRAR-Logo.png?w=1080&amp;ssl=1 1080w, https:\/\/i0.wp.com\/www.serrarpharma.com\/wp-content\/uploads\/2022\/02\/Academie-Dr.-SERRAR-Logo.png?resize=300%2C300&amp;ssl=1 300w, https:\/\/i0.wp.com\/www.serrarpharma.com\/wp-content\/uploads\/2022\/02\/Academie-Dr.-SERRAR-Logo.png?resize=150%2C150&amp;ssl=1 150w, https:\/\/i0.wp.com\/www.serrarpharma.com\/wp-content\/uploads\/2022\/02\/Academie-Dr.-SERRAR-Logo.png?resize=768%2C768&amp;ssl=1 768w, https:\/\/i0.wp.com\/www.serrarpharma.com\/wp-content\/uploads\/2022\/02\/Academie-Dr.-SERRAR-Logo.png?resize=600%2C600&amp;ssl=1 600w, https:\/\/i0.wp.com\/www.serrarpharma.com\/wp-content\/uploads\/2022\/02\/Academie-Dr.-SERRAR-Logo.png?resize=100%2C100&amp;ssl=1 100w, https:\/\/i0.wp.com\/www.serrarpharma.com\/wp-content\/uploads\/2022\/02\/Academie-Dr.-SERRAR-Logo.png?resize=90%2C90&amp;ssl=1 90w, https:\/\/i0.wp.com\/www.serrarpharma.com\/wp-content\/uploads\/2022\/02\/Academie-Dr.-SERRAR-Logo.png?resize=60%2C60&amp;ssl=1 60w\" sizes=\"(max-width: 150px) 100vw, 150px\" data-recalc-dims=\"1\" \/><\/figure><\/div>\n\n\n<div style=\"height:10px\" aria-hidden=\"true\" class=\"wp-block-spacer\"><\/div>\n\n\n\n<p class=\"has-text-align-center coursetitle has-text-color has-huge-font-size\" style=\"color:#005e94\"><strong>ESTETICA DI BASE | PARTE 1<\/strong><\/p>\n\n\n\n<p class=\"has-text-align-center has-secondary-color has-text-color has-medium-font-size\">CERTIFICATO DI FORMAZIONE | AF<\/p>\n\n\n\n<div style=\"height:35px\" aria-hidden=\"true\" class=\"wp-block-spacer\"><\/div>\n\n\n\n<p><\/p>\n\n\n\n<p class=\"has-text-align-center\">I laureati in ESTETICA ricercano una certa autonomia e si dedicano alla buona salute delle persone. I nostri laureati lavorano per se stessi, in cliniche specializzate o per resort, terme, navi da crociera, complessi alberghieri, ecc.<\/p>\n\n\n\n<div style=\"height:35px\" aria-hidden=\"true\" class=\"wp-block-spacer\"><\/div>\n\n\n\n<p><\/p>\n\n\n\n<p class=\"has-text-align-center acablue has-text-color has-medium-font-size\" style=\"color:#005e94\"><strong>DURATA DELL&#8217;ALLENAMENTO<\/strong><\/p>\n\n\n\n<p class=\"has-text-align-center\">1800 ora (24 mesi)<\/p>\n\n\n\n<p><\/p>\n\n\n\n<p class=\"has-text-align-center acablue has-text-color has-medium-font-size\" style=\"color:#005e94\"><strong>ORE<\/strong><\/p>\n\n\n\n<p class=\"has-text-align-center\">LUN &#8211; GIOVEDI (6 ORE AL GIORNO)<\/p>\n\n\n\n<div class=\"wp-block-coblocks-row alignfull coblocks-row-122123829351\" data-columns=\"1\" data-layout=\"100\"><div class=\"wp-block-coblocks-row__inner has-background has-padding has-medium-padding has-no-margin is-stacked-on-mobile has-medium-gutter\" style=\"background-color:#e4effa\">\n<div class=\"wp-block-coblocks-column coblocks-column-122123836624 academy\" style=\"width:100%\"><div class=\"wp-block-coblocks-column__inner has-quaternary-background-color has-background has-padding has-no-margin\">\n<p class=\"has-text-align-center has-text-color has-large-font-size\" style=\"color:#005e94\"><strong><a href=\"https:\/\/www.serrarpharma.com\/wp-content\/uploads\/2022\/08\/4-Accre\u0301ditation-Esthe\u0301ticienne-APESEQ.png\">Accreditamento dall&#8217;Associazione dei professionisti in elettrolisi e cure estetiche del Quebec (APESEQ) dal 1970 dell&#8217;Accademia Dr. SERRAR\u00ae Training in Aesthetics<\/a><\/strong><\/p>\n<\/div><\/div>\n<\/div><\/div>\n\n\n\n<p class=\"has-text-align-center has-secondary-color has-text-color has-medium-font-size\"><strong>MISSIONE<\/strong><\/p>\n\n\n\n<p><\/p>\n\n\n\n<p>Il nostro programma di formazione in estetica applicata della nostra Accademia Dr. SERRAR\u00ae \u00e8 destinato a coloro che desiderano scoprire, comprendere e implementare un approccio professionale e sicuro all&#8217;estetica per i vostri clienti.<\/p>\n\n\n\n<p><\/p>\n\n\n\n<p>Per chi ha gi\u00e0 seguito un percorso formativo in estetica, questa formazione \u00e8 complementare, perch\u00e9 ti permetter\u00e0 di andare oltre, indirizzandoti verso un approccio pi\u00f9 avanzato e moderno all&#8217;estetica.<\/p>\n\n\n\n<p><\/p>\n\n\n\n<p>Per chi non ha ancora avuto accesso alla formazione in estetica, o che non ha conoscenze specifiche in materia, non si preoccupi. Il contenuto di questa formazione \u00e8 progettato per consentirti di assimilare informazioni e conoscenze, qualunque sia il tuo livello di partenza.<\/p>\n\n\n\n<p><\/p>\n\n\n\n<p>Una precisazione importante prima di intraprendere questa formazione. Il diritto alla diagnosi cos\u00ec come la nozione di cura delle patologie, secondo la normativa, sono riservati ai titolari di un dottorato in medicina. I consigli sulla salute menzionati in questo corso verranno eventualmente aggiunti alle tecniche e ai farmaci allopatici o omeopatici prescritti dal medico. Non \u00e8 in alcun modo un sostituto o l&#8217;interruzione dei trattamenti medici in corso senza il consiglio del medico.<\/p>\n\n\n\n<p><\/p>\n\n\n\n<p>Se decidi di intraprendere la professione di estetista, ti consigliamo vivamente di collaborare con medici e medicina tradizionale allopatica. In effetti, una stretta collaborazione non pu\u00f2 che essere proficua e benefica per la salute e il benessere dei tuoi futuri clienti.<\/p>\n\n\n\n<p><\/p>\n\n\n\n<p>Alla fine di ogni modulo, ti verr\u00e0 offerto un test di 10 domande per convalidare le tue conoscenze.<\/p>\n\n\n\n<p><\/p>\n\n\n\n<p><\/p>\n\n\n\n<p><\/p>\n\n\n\n<p><\/p>\n\n\n\n<figure class=\"wp-block-image alignfull size-large\"><img loading=\"lazy\" width=\"660\" height=\"265\" src=\"https:\/\/i0.wp.com\/www.serrarpharma.com\/wp-content\/uploads\/2022\/02\/Est-wide-min1.jpg?resize=660%2C265&#038;ssl=1\" alt=\"\" class=\"wp-image-12109\" srcset=\"https:\/\/i0.wp.com\/www.serrarpharma.com\/wp-content\/uploads\/2022\/02\/Est-wide-min1.jpg?resize=2000%2C803&amp;ssl=1 2000w, https:\/\/i0.wp.com\/www.serrarpharma.com\/wp-content\/uploads\/2022\/02\/Est-wide-min1.jpg?resize=300%2C120&amp;ssl=1 300w, https:\/\/i0.wp.com\/www.serrarpharma.com\/wp-content\/uploads\/2022\/02\/Est-wide-min1.jpg?resize=768%2C308&amp;ssl=1 768w, https:\/\/i0.wp.com\/www.serrarpharma.com\/wp-content\/uploads\/2022\/02\/Est-wide-min1.jpg?resize=1536%2C616&amp;ssl=1 1536w, https:\/\/i0.wp.com\/www.serrarpharma.com\/wp-content\/uploads\/2022\/02\/Est-wide-min1.jpg?resize=2048%2C822&amp;ssl=1 2048w, https:\/\/i0.wp.com\/www.serrarpharma.com\/wp-content\/uploads\/2022\/02\/Est-wide-min1.jpg?resize=600%2C241&amp;ssl=1 600w, https:\/\/i0.wp.com\/www.serrarpharma.com\/wp-content\/uploads\/2022\/02\/Est-wide-min1.jpg?resize=190%2C76&amp;ssl=1 190w, https:\/\/i0.wp.com\/www.serrarpharma.com\/wp-content\/uploads\/2022\/02\/Est-wide-min1.jpg?resize=224%2C90&amp;ssl=1 224w, https:\/\/i0.wp.com\/www.serrarpharma.com\/wp-content\/uploads\/2022\/02\/Est-wide-min1.jpg?resize=149%2C60&amp;ssl=1 149w, https:\/\/i0.wp.com\/www.serrarpharma.com\/wp-content\/uploads\/2022\/02\/Est-wide-min1.jpg?w=1320&amp;ssl=1 1320w\" sizes=\"(max-width: 660px) 100vw, 660px\" data-recalc-dims=\"1\" \/><\/figure>\n\n\n\n<p class=\"has-text-align-center has-secondary-color has-text-color has-medium-font-size\"><strong>DESCRIZIONE<\/strong><\/p>\n\n\n\n<p>Durante questo corso di cura estetica, esploriamo tutti gli aspetti di questo campo fino a quando lo studente non \u00e8 pronto a presentare il suo esame e iniziare questa attivit\u00e0.<\/p>\n\n\n\n<p><\/p>\n\n\n\n<p>L&#8217;estetica \u00e8 sicuramente un settore del futuro, perch\u00e9 le donne stanno diventando sempre pi\u00f9 indipendenti finanziariamente e hanno anche pi\u00f9 tempo per se stesse. Se gli uomini preferiscono fare sport, le donne preferiscono prendersi cura di se stesse. Inoltre, l&#8217;estetica non \u00e8 pi\u00f9 riservata a una certa classe sociale, \u00e8 ormai comune vedere persone meno abbienti, soprattutto studenti, venire per farsi curare.<\/p>\n\n\n\n<p><\/p>\n\n\n\n<p>La professione di estetista \u00e8 anche molto pi\u00f9 sottile e complicata dell&#8217;idea generalmente condivisa. Non si tratta solo di applicare creme o massaggiare. \u00c8 un lavoro molto tecnico che richiede una buona conoscenza dei diversi tipi di pelle, prodotti, dispositivi, gesti&#8230; Seguiamo protocolli molto precisi e non ci limitiamo a fare nulla!<\/p>\n\n\n\n<p><\/p>\n\n\n\n<p>La formazione in cure estetiche presentata nel nostro corso ti consentir\u00e0 di prepararti all&#8217;esame. Questo corso fornisce una formazione teorica su tutti gli argomenti necessari per superare l&#8217;esame. Sta a te studiare attentamente gli argomenti trattati nel corso. Il nostro obiettivo \u00e8 che tu superi l&#8217;esame, in modo che tu possa avere la possibilit\u00e0 di esercitare questa meravigliosa professione di estetista, permettendo cos\u00ec alle donne di trovare lavoro da sole, in una clinica specializzata o per centri estetici. resort, terme, navi da crociera, resort, ecc.<\/p>\n\n\n\n<p><\/p>\n\n\n\n<p>In questo corso studieremo anatomia, fisiologia, cosmetologia, fisioterapia, studio della pelle e delle sue anomalie, studio dei capelli, cura del viso, cura del corpo, cura delle unghie, cura delle mani e dei piedi, nonch\u00e9 dietetica e igiene.<\/p>\n\n\n\n<p><\/p>\n\n\n\n<p>Il superamento dell&#8217;esame implica l&#8217;accesso immediato alla professione, purch\u00e9 in possesso di una qualifica in management.<\/p>\n\n\n\n<p><\/p>\n\n\n\n<p>Dr. Halima Serrar Ph,D., M.Sc, N.D.<\/p>\n\n\n\n<p>President<\/p>\n\n\n\n<p>Dr. SERRAR\u00ae Academy<\/p>\n\n\n\n<div style=\"height:65px\" aria-hidden=\"true\" class=\"wp-block-spacer\"><\/div>\n\n\n\n<div class=\"wp-block-coblocks-row alignfull coblocks-row-12213653691\" data-columns=\"1\" data-layout=\"100\"><div class=\"wp-block-coblocks-row__inner has-primary-background-color has-background has-padding has-medium-padding has-no-margin is-stacked-on-mobile has-medium-gutter\">\n<div class=\"wp-block-coblocks-column coblocks-column-1221365599\" style=\"width:100%\"><div class=\"wp-block-coblocks-column__inner has-no-padding has-no-margin\"><\/div><\/div>\n<\/div><\/div>\n\n\n\n<div class=\"wp-container-4 wp-block-columns alignwide\">\n<div class=\"wp-container-1 wp-block-column\"><div class=\"wp-block-image\">\n<figure class=\"aligncenter size-medium\"><img loading=\"lazy\" width=\"300\" height=\"298\" src=\"https:\/\/i0.wp.com\/www.serrarpharma.com\/wp-content\/uploads\/2022\/02\/Naturopathy-Pic-min.png?resize=300%2C298&#038;ssl=1\" alt=\"\" class=\"wp-image-12018\" srcset=\"https:\/\/i0.wp.com\/www.serrarpharma.com\/wp-content\/uploads\/2022\/02\/Naturopathy-Pic-min.png?resize=300%2C298&amp;ssl=1 300w, https:\/\/i0.wp.com\/www.serrarpharma.com\/wp-content\/uploads\/2022\/02\/Naturopathy-Pic-min.png?resize=150%2C150&amp;ssl=1 150w, https:\/\/i0.wp.com\/www.serrarpharma.com\/wp-content\/uploads\/2022\/02\/Naturopathy-Pic-min.png?resize=768%2C762&amp;ssl=1 768w, https:\/\/i0.wp.com\/www.serrarpharma.com\/wp-content\/uploads\/2022\/02\/Naturopathy-Pic-min.png?resize=600%2C596&amp;ssl=1 600w, https:\/\/i0.wp.com\/www.serrarpharma.com\/wp-content\/uploads\/2022\/02\/Naturopathy-Pic-min.png?resize=100%2C100&amp;ssl=1 100w, https:\/\/i0.wp.com\/www.serrarpharma.com\/wp-content\/uploads\/2022\/02\/Naturopathy-Pic-min.png?resize=91%2C90&amp;ssl=1 91w, https:\/\/i0.wp.com\/www.serrarpharma.com\/wp-content\/uploads\/2022\/02\/Naturopathy-Pic-min.png?resize=60%2C60&amp;ssl=1 60w, https:\/\/i0.wp.com\/www.serrarpharma.com\/wp-content\/uploads\/2022\/02\/Naturopathy-Pic-min.png?w=1500&amp;ssl=1 1500w, https:\/\/i0.wp.com\/www.serrarpharma.com\/wp-content\/uploads\/2022\/02\/Naturopathy-Pic-min.png?w=1320&amp;ssl=1 1320w\" sizes=\"(max-width: 300px) 100vw, 300px\" data-recalc-dims=\"1\" \/><\/figure><\/div>\n\n\n<div style=\"height:10px\" aria-hidden=\"true\" class=\"wp-block-spacer\"><\/div>\n\n\n\n<p class=\"has-text-align-center has-text-color has-large-font-size\" style=\"color:#005e94\"><strong>Naturopatia<\/strong><\/p>\n\n\n\n<p class=\"has-text-align-center\">1800 ore di aula e corsi pratici.<\/p>\n\n\n\n<p class=\"has-text-align-center has-secondary-color has-text-color\"><a href=\"https:\/\/www.serrarpharma.com\/it\/naturopathy\/\" data-type=\"URL\" data-id=\"https:\/\/www.serrarpharma.com\/it\/naturopathy\/\">PER SAPERNE DI PI\u00d9<\/a><\/p>\n<\/div>\n\n\n\n<div class=\"wp-container-2 wp-block-column\">\n<figure class=\"wp-block-image size-full\"><img loading=\"lazy\" width=\"660\" height=\"642\" src=\"https:\/\/i0.wp.com\/www.serrarpharma.com\/wp-content\/uploads\/2022\/07\/Hypno-Pic-min.png?resize=660%2C642&#038;ssl=1\" alt=\"\" class=\"wp-image-12215\" srcset=\"https:\/\/i0.wp.com\/www.serrarpharma.com\/wp-content\/uploads\/2022\/07\/Hypno-Pic-min.png?w=1500&amp;ssl=1 1500w, https:\/\/i0.wp.com\/www.serrarpharma.com\/wp-content\/uploads\/2022\/07\/Hypno-Pic-min.png?resize=300%2C292&amp;ssl=1 300w, https:\/\/i0.wp.com\/www.serrarpharma.com\/wp-content\/uploads\/2022\/07\/Hypno-Pic-min.png?resize=768%2C748&amp;ssl=1 768w, https:\/\/i0.wp.com\/www.serrarpharma.com\/wp-content\/uploads\/2022\/07\/Hypno-Pic-min.png?resize=600%2C584&amp;ssl=1 600w, https:\/\/i0.wp.com\/www.serrarpharma.com\/wp-content\/uploads\/2022\/07\/Hypno-Pic-min.png?resize=92%2C90&amp;ssl=1 92w, https:\/\/i0.wp.com\/www.serrarpharma.com\/wp-content\/uploads\/2022\/07\/Hypno-Pic-min.png?resize=62%2C60&amp;ssl=1 62w, https:\/\/i0.wp.com\/www.serrarpharma.com\/wp-content\/uploads\/2022\/07\/Hypno-Pic-min.png?w=1320&amp;ssl=1 1320w\" sizes=\"(max-width: 660px) 100vw, 660px\" data-recalc-dims=\"1\" \/><\/figure>\n\n\n\n<div style=\"height:10px\" aria-hidden=\"true\" class=\"wp-block-spacer\"><\/div>\n\n\n\n<p class=\"has-text-align-center has-text-color has-large-font-size\" style=\"color:#005e94\"><strong>Naturopatia\/Ipnosi<\/strong><\/p>\n\n\n\n<p class=\"wp-elements-bce10c93ebe450a0eeea34ddfe00ee89 has-text-align-center has-link-color\">1800 ore di aula e corsi pratici.<\/p>\n\n\n\n<p class=\"has-text-align-center has-secondary-color has-text-color\"><a href=\"https:\/\/www.serrarpharma.com\/it\/naturo-hypno\/\">PER SAPERNE DI PI\u00d9<\/a><\/p>\n<\/div>\n\n\n\n<div class=\"wp-container-3 wp-block-column\"><div class=\"wp-block-image\">\n<figure class=\"aligncenter size-full is-resized\"><img loading=\"lazy\" src=\"https:\/\/i0.wp.com\/www.serrarpharma.com\/wp-content\/uploads\/2022\/02\/Massage-Pic-min.png?resize=300%2C300&#038;ssl=1\" alt=\"\" class=\"wp-image-12017\" width=\"300\" height=\"300\" srcset=\"https:\/\/i0.wp.com\/www.serrarpharma.com\/wp-content\/uploads\/2022\/02\/Massage-Pic-min.png?resize=150%2C150&amp;ssl=1 150w, https:\/\/i0.wp.com\/www.serrarpharma.com\/wp-content\/uploads\/2022\/02\/Massage-Pic-min.png?resize=300%2C300&amp;ssl=1 300w, https:\/\/i0.wp.com\/www.serrarpharma.com\/wp-content\/uploads\/2022\/02\/Massage-Pic-min.png?resize=100%2C100&amp;ssl=1 100w, https:\/\/i0.wp.com\/www.serrarpharma.com\/wp-content\/uploads\/2022\/02\/Massage-Pic-min.png?resize=89%2C90&amp;ssl=1 89w, https:\/\/i0.wp.com\/www.serrarpharma.com\/wp-content\/uploads\/2022\/02\/Massage-Pic-min.png?resize=59%2C60&amp;ssl=1 59w, https:\/\/i0.wp.com\/www.serrarpharma.com\/wp-content\/uploads\/2022\/02\/Massage-Pic-min.png?zoom=2&amp;resize=300%2C300&amp;ssl=1 600w, https:\/\/i0.wp.com\/www.serrarpharma.com\/wp-content\/uploads\/2022\/02\/Massage-Pic-min.png?zoom=3&amp;resize=300%2C300&amp;ssl=1 900w\" sizes=\"(max-width: 300px) 100vw, 300px\" data-recalc-dims=\"1\" \/><\/figure><\/div>\n\n\n<div style=\"height:10px\" aria-hidden=\"true\" class=\"wp-block-spacer\"><\/div>\n\n\n\n<p class=\"has-text-align-center has-text-color has-large-font-size\" style=\"color:#005e94\"><strong>Massoterapia<\/strong><\/p>\n\n\n\n<p class=\"has-text-align-center\">1800 ore di aula e corsi pratici.<\/p>\n\n\n\n<p class=\"has-text-align-center has-secondary-color has-text-color\"><a href=\"https:\/\/www.serrarpharma.com\/it\/massage-therapy\/\" data-type=\"URL\" data-id=\"https:\/\/www.serrarpharma.com\/it\/massage-therapy\/\">PER SAPERNE DI PI\u00d9<\/a><\/p>\n<\/div>\n<\/div>\n\n\n\n<div style=\"height:2px\" aria-hidden=\"true\" class=\"wp-block-spacer\"><\/div>\n","protected":false},"excerpt":{"rendered":"<p>ESTETICA DI BASE | PARTE 1 CERTIFICATO DI FORMAZIONE | AF I laureati in ESTETICA ricercano una certa autonomia e si dedicano alla buona salute delle persone. I nostri laureati lavorano per se stessi, in cliniche specializzate o per resort, terme, navi da crociera, complessi alberghieri, ecc. DURATA DELL&#8217;ALLENAMENTO 1800 ora (24 mesi) ORE LUN [&hellip;]<\/p>\n","protected":false},"author":1,"featured_media":0,"parent":0,"menu_order":0,"comment_status":"closed","ping_status":"closed","template":"","meta":{"hide_page_title":"","_coblocks_attr":"","_coblocks_dimensions":"{\"coblocks-column-122123836624\":{\"padding\":{\"paddingBottom\":\"10%\",\"paddingBottomMobile\":null,\"paddingBottomTablet\":null,\"paddingLeft\":\"10%\",\"paddingLeftMobile\":null,\"paddingLeftTablet\":null,\"paddingRight\":\"10%\",\"paddingRightMobile\":null,\"paddingRightTablet\":null,\"paddingTop\":\"10%\",\"paddingTopMobile\":null,\"paddingTopTablet\":null}}}","_coblocks_responsive_height":"","_coblocks_accordion_ie_support":""},"translation":{"provider":"WPGlobus","version":"3.0.1","language":"it","enabled_languages":["en","es","fr","ar","pt","it"],"languages":{"en":{"title":true,"content":true,"excerpt":false},"es":{"title":false,"content":true,"excerpt":false},"fr":{"title":false,"content":true,"excerpt":false},"ar":{"title":false,"content":true,"excerpt":false},"pt":{"title":false,"content":true,"excerpt":false},"it":{"title":false,"content":true,"excerpt":false}}},"_links":{"self":[{"href":"https:\/\/www.serrarpharma.com\/it\/wp-json\/wp\/v2\/pages\/12108"}],"collection":[{"href":"https:\/\/www.serrarpharma.com\/it\/wp-json\/wp\/v2\/pages"}],"about":[{"href":"https:\/\/www.serrarpharma.com\/it\/wp-json\/wp\/v2\/types\/page"}],"author":[{"embeddable":true,"href":"https:\/\/www.serrarpharma.com\/it\/wp-json\/wp\/v2\/users\/1"}],"replies":[{"embeddable":true,"href":"https:\/\/www.serrarpharma.com\/it\/wp-json\/wp\/v2\/comments?post=12108"}],"version-history":[{"count":0,"href":"https:\/\/www.serrarpharma.com\/it\/wp-json\/wp\/v2\/pages\/12108\/revisions"}],"wp:attachment":[{"href":"https:\/\/www.serrarpharma.com\/it\/wp-json\/wp\/v2\/media?parent=12108"}],"curies":[{"name":"wp","href":"https:\/\/api.w.org\/{rel}","templated":true}]}}