{"id":12012,"date":"2022-02-22T12:31:23","date_gmt":"2022-02-22T17:31:23","guid":{"rendered":"https:\/\/www.serrarpharma.com\/?page_id=12012"},"modified":"2022-08-08T11:12:21","modified_gmt":"2022-08-08T15:12:21","slug":"dr-serrar-academy","status":"publish","type":"page","link":"https:\/\/www.serrarpharma.com\/it\/dr-serrar-academy\/","title":{"rendered":"Dr. SERRAR Academy"},"content":{"rendered":"\n<div style=\"height:25px\" aria-hidden=\"true\" class=\"wp-block-spacer\"><\/div>\n\n\n<div class=\"wp-block-image\">\n<figure class=\"aligncenter size-full is-resized\"><img loading=\"lazy\" src=\"https:\/\/i0.wp.com\/www.serrarpharma.com\/wp-content\/uploads\/2022\/02\/Academie-Dr.-SERRAR-Logo.png?resize=150%2C150&#038;ssl=1\" alt=\"\" class=\"wp-image-12015\" width=\"150\" height=\"150\" srcset=\"https:\/\/i0.wp.com\/www.serrarpharma.com\/wp-content\/uploads\/2022\/02\/Academie-Dr.-SERRAR-Logo.png?w=1080&amp;ssl=1 1080w, https:\/\/i0.wp.com\/www.serrarpharma.com\/wp-content\/uploads\/2022\/02\/Academie-Dr.-SERRAR-Logo.png?resize=300%2C300&amp;ssl=1 300w, https:\/\/i0.wp.com\/www.serrarpharma.com\/wp-content\/uploads\/2022\/02\/Academie-Dr.-SERRAR-Logo.png?resize=150%2C150&amp;ssl=1 150w, https:\/\/i0.wp.com\/www.serrarpharma.com\/wp-content\/uploads\/2022\/02\/Academie-Dr.-SERRAR-Logo.png?resize=768%2C768&amp;ssl=1 768w, https:\/\/i0.wp.com\/www.serrarpharma.com\/wp-content\/uploads\/2022\/02\/Academie-Dr.-SERRAR-Logo.png?resize=600%2C600&amp;ssl=1 600w, https:\/\/i0.wp.com\/www.serrarpharma.com\/wp-content\/uploads\/2022\/02\/Academie-Dr.-SERRAR-Logo.png?resize=100%2C100&amp;ssl=1 100w, https:\/\/i0.wp.com\/www.serrarpharma.com\/wp-content\/uploads\/2022\/02\/Academie-Dr.-SERRAR-Logo.png?resize=90%2C90&amp;ssl=1 90w, https:\/\/i0.wp.com\/www.serrarpharma.com\/wp-content\/uploads\/2022\/02\/Academie-Dr.-SERRAR-Logo.png?resize=60%2C60&amp;ssl=1 60w\" sizes=\"(max-width: 150px) 100vw, 150px\" data-recalc-dims=\"1\" \/><\/figure><\/div>\n\n\n<div style=\"height:10px\" aria-hidden=\"true\" class=\"wp-block-spacer\"><\/div>\n\n\n\n<p class=\"has-text-align-center Academysubtitle has-text-color\" style=\"color:#005e94;font-size:35px\"><strong>PERMIS D&#8217;\u00c9TUDES EN 20 JOURS<\/strong><\/p>\n\n\n\n<p class=\"has-text-align-center has-secondary-color has-text-color\">Permis de travail pendant les \u00e9tudes. Taux d&#8217;emploi \u00e9lev\u00e9.<\/p>\n\n\n\n<div class=\"wp-container-5 wp-block-columns alignwide\">\n<div class=\"wp-container-1 wp-block-column\">\n<figure class=\"wp-block-image size-full\"><a href=\"https:\/\/www.serrarpharma.com\/fr\/massage-therapy\/\"><img loading=\"lazy\" width=\"660\" height=\"667\" src=\"https:\/\/i0.wp.com\/www.serrarpharma.com\/wp-content\/uploads\/2022\/02\/Massage-Pic-min.png?resize=660%2C667&#038;ssl=1\" alt=\"\" class=\"wp-image-12017\" srcset=\"https:\/\/i0.wp.com\/www.serrarpharma.com\/wp-content\/uploads\/2022\/02\/Massage-Pic-min.png?w=1500&amp;ssl=1 1500w, https:\/\/i0.wp.com\/www.serrarpharma.com\/wp-content\/uploads\/2022\/02\/Massage-Pic-min.png?resize=297%2C300&amp;ssl=1 297w, https:\/\/i0.wp.com\/www.serrarpharma.com\/wp-content\/uploads\/2022\/02\/Massage-Pic-min.png?resize=768%2C776&amp;ssl=1 768w, https:\/\/i0.wp.com\/www.serrarpharma.com\/wp-content\/uploads\/2022\/02\/Massage-Pic-min.png?resize=600%2C606&amp;ssl=1 600w, https:\/\/i0.wp.com\/www.serrarpharma.com\/wp-content\/uploads\/2022\/02\/Massage-Pic-min.png?resize=100%2C100&amp;ssl=1 100w, https:\/\/i0.wp.com\/www.serrarpharma.com\/wp-content\/uploads\/2022\/02\/Massage-Pic-min.png?resize=89%2C90&amp;ssl=1 89w, https:\/\/i0.wp.com\/www.serrarpharma.com\/wp-content\/uploads\/2022\/02\/Massage-Pic-min.png?resize=59%2C60&amp;ssl=1 59w, https:\/\/i0.wp.com\/www.serrarpharma.com\/wp-content\/uploads\/2022\/02\/Massage-Pic-min.png?w=1320&amp;ssl=1 1320w\" sizes=\"(max-width: 660px) 100vw, 660px\" data-recalc-dims=\"1\" \/><\/a><\/figure>\n\n\n\n<div style=\"height:10px\" aria-hidden=\"true\" class=\"wp-block-spacer\"><\/div>\n\n\n\n<p class=\"has-text-align-center has-text-color has-large-font-size\" style=\"color:#005e94\"><strong><a href=\"https:\/\/www.serrarpharma.com\/fr\/massage-therapy\/\">Massage Th\u00e9rapeutique<\/a><\/strong><\/p>\n\n\n\n<p class=\"wp-elements-f9bb1501e188fea79554f09c0b2b7714 has-text-align-center has-link-color\"><a href=\"https:\/\/www.serrarpharma.com\/fr\/massage-therapy\/\">1800 heures de cours th\u00e9oriques et pratiques.<\/a> <\/p>\n\n\n\n<p class=\"has-text-align-center has-secondary-color has-text-color\"><a href=\"https:\/\/www.serrarpharma.com\/fr\/massage-therapy\/\" data-type=\"URL\">APPRENDRE ENCORE PLUS <\/a><\/p>\n<\/div>\n\n\n\n<div class=\"wp-container-2 wp-block-column\">\n<figure class=\"wp-block-image size-full\"><img loading=\"lazy\" width=\"660\" height=\"642\" src=\"https:\/\/i0.wp.com\/www.serrarpharma.com\/wp-content\/uploads\/2022\/07\/Hypno-Pic-min.png?resize=660%2C642&#038;ssl=1\" alt=\"\" class=\"wp-image-12215\" srcset=\"https:\/\/i0.wp.com\/www.serrarpharma.com\/wp-content\/uploads\/2022\/07\/Hypno-Pic-min.png?w=1500&amp;ssl=1 1500w, https:\/\/i0.wp.com\/www.serrarpharma.com\/wp-content\/uploads\/2022\/07\/Hypno-Pic-min.png?resize=300%2C292&amp;ssl=1 300w, https:\/\/i0.wp.com\/www.serrarpharma.com\/wp-content\/uploads\/2022\/07\/Hypno-Pic-min.png?resize=768%2C748&amp;ssl=1 768w, https:\/\/i0.wp.com\/www.serrarpharma.com\/wp-content\/uploads\/2022\/07\/Hypno-Pic-min.png?resize=600%2C584&amp;ssl=1 600w, https:\/\/i0.wp.com\/www.serrarpharma.com\/wp-content\/uploads\/2022\/07\/Hypno-Pic-min.png?resize=92%2C90&amp;ssl=1 92w, https:\/\/i0.wp.com\/www.serrarpharma.com\/wp-content\/uploads\/2022\/07\/Hypno-Pic-min.png?resize=62%2C60&amp;ssl=1 62w, https:\/\/i0.wp.com\/www.serrarpharma.com\/wp-content\/uploads\/2022\/07\/Hypno-Pic-min.png?w=1320&amp;ssl=1 1320w\" sizes=\"(max-width: 660px) 100vw, 660px\" data-recalc-dims=\"1\" \/><\/figure>\n\n\n\n<div style=\"height:10px\" aria-hidden=\"true\" class=\"wp-block-spacer\"><\/div>\n\n\n\n<p class=\"has-text-align-center has-text-color has-large-font-size\" style=\"color:#005e94\"><strong><a href=\"https:\/\/www.serrarpharma.com\/fr\/naturopathy\/naturo-hypno\/\">Naturopathie \/ Hypnose<\/a><\/strong><\/p>\n\n\n\n<p class=\"wp-elements-90159c5f7e258978021db38d6c0b7013 has-text-align-center has-link-color\"><a href=\"https:\/\/www.serrarpharma.com\/fr\/naturo-hypno\/\">1800 heures de cours th\u00e9oriques et pratiques.<\/a><\/p>\n\n\n\n<p class=\"has-text-align-center has-secondary-color has-text-color\"><a href=\"https:\/\/www.serrarpharma.com\/fr\/naturo-hypno\/\">POUR EN SAVOIR PLUS<\/a><\/p>\n<\/div>\n\n\n\n<div class=\"wp-container-3 wp-block-column\">\n<figure class=\"wp-block-image size-full\"><a href=\"https:\/\/www.serrarpharma.com\/fr\/naturopathy\/\"><img loading=\"lazy\" width=\"660\" height=\"655\" src=\"https:\/\/i0.wp.com\/www.serrarpharma.com\/wp-content\/uploads\/2022\/02\/Naturopathy-Pic-min.png?resize=660%2C655&#038;ssl=1\" alt=\"\" class=\"wp-image-12018\" srcset=\"https:\/\/i0.wp.com\/www.serrarpharma.com\/wp-content\/uploads\/2022\/02\/Naturopathy-Pic-min.png?w=1500&amp;ssl=1 1500w, https:\/\/i0.wp.com\/www.serrarpharma.com\/wp-content\/uploads\/2022\/02\/Naturopathy-Pic-min.png?resize=300%2C298&amp;ssl=1 300w, https:\/\/i0.wp.com\/www.serrarpharma.com\/wp-content\/uploads\/2022\/02\/Naturopathy-Pic-min.png?resize=150%2C150&amp;ssl=1 150w, https:\/\/i0.wp.com\/www.serrarpharma.com\/wp-content\/uploads\/2022\/02\/Naturopathy-Pic-min.png?resize=768%2C762&amp;ssl=1 768w, https:\/\/i0.wp.com\/www.serrarpharma.com\/wp-content\/uploads\/2022\/02\/Naturopathy-Pic-min.png?resize=600%2C596&amp;ssl=1 600w, https:\/\/i0.wp.com\/www.serrarpharma.com\/wp-content\/uploads\/2022\/02\/Naturopathy-Pic-min.png?resize=100%2C100&amp;ssl=1 100w, https:\/\/i0.wp.com\/www.serrarpharma.com\/wp-content\/uploads\/2022\/02\/Naturopathy-Pic-min.png?resize=91%2C90&amp;ssl=1 91w, https:\/\/i0.wp.com\/www.serrarpharma.com\/wp-content\/uploads\/2022\/02\/Naturopathy-Pic-min.png?resize=60%2C60&amp;ssl=1 60w, https:\/\/i0.wp.com\/www.serrarpharma.com\/wp-content\/uploads\/2022\/02\/Naturopathy-Pic-min.png?w=1320&amp;ssl=1 1320w\" sizes=\"(max-width: 660px) 100vw, 660px\" data-recalc-dims=\"1\" \/><\/a><\/figure>\n\n\n\n<div style=\"height:10px\" aria-hidden=\"true\" class=\"wp-block-spacer\"><\/div>\n\n\n\n<p class=\"has-text-align-center has-text-color has-large-font-size\" style=\"color:#005e94\"><strong><a href=\"https:\/\/www.serrarpharma.com\/fr\/naturopathy\/\">Naturopathie<\/a><\/strong><\/p>\n\n\n\n<p class=\"wp-elements-b925cfc5286fafc335f9c9c7ec2100bf has-text-align-center has-link-color\"><a href=\"https:\/\/www.serrarpharma.com\/fr\/naturopathy\/\">1800 heures de cours th\u00e9oriques et pratiques. <\/a><\/p>\n\n\n\n<p class=\"has-text-align-center has-secondary-color has-text-color\"><a href=\"https:\/\/www.serrarpharma.com\/fr\/naturopathy\/\">APPRENDRE ENCORE PLUS<\/a><\/p>\n<\/div>\n\n\n\n<div class=\"wp-container-4 wp-block-column\">\n<figure class=\"wp-block-image size-full\"><img loading=\"lazy\" width=\"660\" height=\"642\" src=\"https:\/\/i0.wp.com\/www.serrarpharma.com\/wp-content\/uploads\/2022\/02\/Facial-Pic-min.png?resize=660%2C642&#038;ssl=1\" alt=\"\" class=\"wp-image-12019\" srcset=\"https:\/\/i0.wp.com\/www.serrarpharma.com\/wp-content\/uploads\/2022\/02\/Facial-Pic-min.png?w=1500&amp;ssl=1 1500w, https:\/\/i0.wp.com\/www.serrarpharma.com\/wp-content\/uploads\/2022\/02\/Facial-Pic-min.png?resize=300%2C292&amp;ssl=1 300w, https:\/\/i0.wp.com\/www.serrarpharma.com\/wp-content\/uploads\/2022\/02\/Facial-Pic-min.png?resize=768%2C748&amp;ssl=1 768w, https:\/\/i0.wp.com\/www.serrarpharma.com\/wp-content\/uploads\/2022\/02\/Facial-Pic-min.png?resize=600%2C584&amp;ssl=1 600w, https:\/\/i0.wp.com\/www.serrarpharma.com\/wp-content\/uploads\/2022\/02\/Facial-Pic-min.png?resize=92%2C90&amp;ssl=1 92w, https:\/\/i0.wp.com\/www.serrarpharma.com\/wp-content\/uploads\/2022\/02\/Facial-Pic-min.png?resize=62%2C60&amp;ssl=1 62w, https:\/\/i0.wp.com\/www.serrarpharma.com\/wp-content\/uploads\/2022\/02\/Facial-Pic-min.png?w=1320&amp;ssl=1 1320w\" sizes=\"(max-width: 660px) 100vw, 660px\" data-recalc-dims=\"1\" \/><\/figure>\n\n\n\n<div style=\"height:10px\" aria-hidden=\"true\" class=\"wp-block-spacer\"><\/div>\n\n\n\n<p class=\"has-text-align-center has-text-color has-large-font-size\" style=\"color:#005e94\"><strong><a href=\"https:\/\/www.serrarpharma.com\/fr\/esthetics\/\">Esthetics<\/a><\/strong><\/p>\n\n\n\n<p class=\"wp-elements-3c5b8c3af0bf684c4cdd963e28235769 has-text-align-center has-link-color\"><a href=\"https:\/\/www.serrarpharma.com\/fr\/esthetics\/\">1800 heures de cours th\u00e9oriques et pratiques.<\/a><\/p>\n\n\n\n<p class=\"has-text-align-center has-secondary-color has-text-color\"><a href=\"https:\/\/www.serrarpharma.com\/fr\/esthetics\/\">APPRENDRE ENCORE PLUS<\/a><\/p>\n<\/div>\n<\/div>\n\n\n\n<div class=\"wp-block-coblocks-row alignfull coblocks-row-122112247397\" data-columns=\"1\" data-layout=\"100\"><div class=\"wp-block-coblocks-row__inner has-background has-padding has-no-margin is-stacked-on-mobile has-medium-gutter\" style=\"background-color:#e4effa\">\n<div class=\"wp-block-coblocks-column coblocks-column-122112251588\" style=\"width:100%\"><div class=\"wp-block-coblocks-column__inner has-quaternary-background-color has-background has-padding has-no-margin\">\n<div style=\"height:95px\" aria-hidden=\"true\" class=\"wp-block-spacer\"><\/div>\n\n\n\n<p class=\"has-text-align-center has-text-color has-medium-font-size\" style=\"color:#005e94\">Programmes \u00e0 temps partiel, \u00e0 temps plein et acc\u00e9l\u00e9r\u00e9s.<\/p>\n\n\n\n<p class=\"has-text-align-center has-text-color has-medium-font-size\" style=\"color:#005e94\">La plus haute reconnaissance et accr\u00e9ditation au Qu\u00e9bec.<\/p>\n\n\n\n<p class=\"has-text-align-center has-text-color has-medium-font-size\" style=\"color:#005e94\">Partenaire privil\u00e9gi\u00e9 de l&#8217;AMPQ (associations de naturopathes accr\u00e9dit\u00e9es au Qu\u00e9bec) de la RAMQ (massoth\u00e9rapeutes accr\u00e9dit\u00e9s au Qu\u00e9bec) et de l&#8217;APESEQ (Associations des professionnels de l&#8217;\u00e9lectrolyse et des soins esth\u00e9tiques du Qu\u00e9bec).<\/p>\n\n\n\n<p class=\"has-text-align-center has-text-color has-medium-font-size\" style=\"color:#005e94\">Acad\u00e9mie de naturopathie, massoth\u00e9rapie et esth\u00e9tique reconnue par Revenu Qu\u00e9bec et Revenu Canada<\/p>\n\n\n\n<p class=\"has-text-align-center has-secondary-color has-text-color has-medium-font-size\"><strong>(CR\u00c9DITS D&#8217;IMP\u00d4T POUR FRAIS DE SCOLARIT\u00c9)<\/strong><\/p>\n\n\n\n<figure class=\"wp-block-image alignfull size-full Academypic\"><img loading=\"lazy\" width=\"660\" height=\"372\" src=\"https:\/\/i0.wp.com\/www.serrarpharma.com\/wp-content\/uploads\/2022\/02\/Woman-at-Table-Laptop-min-edited.jpg?resize=660%2C372&#038;ssl=1\" alt=\"\" class=\"wp-image-12026\" srcset=\"https:\/\/i0.wp.com\/www.serrarpharma.com\/wp-content\/uploads\/2022\/02\/Woman-at-Table-Laptop-min-edited.jpg?w=1900&amp;ssl=1 1900w, https:\/\/i0.wp.com\/www.serrarpharma.com\/wp-content\/uploads\/2022\/02\/Woman-at-Table-Laptop-min-edited.jpg?resize=300%2C169&amp;ssl=1 300w, https:\/\/i0.wp.com\/www.serrarpharma.com\/wp-content\/uploads\/2022\/02\/Woman-at-Table-Laptop-min-edited.jpg?resize=768%2C433&amp;ssl=1 768w, https:\/\/i0.wp.com\/www.serrarpharma.com\/wp-content\/uploads\/2022\/02\/Woman-at-Table-Laptop-min-edited.jpg?resize=1536%2C865&amp;ssl=1 1536w, https:\/\/i0.wp.com\/www.serrarpharma.com\/wp-content\/uploads\/2022\/02\/Woman-at-Table-Laptop-min-edited.jpg?resize=600%2C338&amp;ssl=1 600w, https:\/\/i0.wp.com\/www.serrarpharma.com\/wp-content\/uploads\/2022\/02\/Woman-at-Table-Laptop-min-edited.jpg?resize=160%2C90&amp;ssl=1 160w, https:\/\/i0.wp.com\/www.serrarpharma.com\/wp-content\/uploads\/2022\/02\/Woman-at-Table-Laptop-min-edited.jpg?resize=107%2C60&amp;ssl=1 107w, https:\/\/i0.wp.com\/www.serrarpharma.com\/wp-content\/uploads\/2022\/02\/Woman-at-Table-Laptop-min-edited.jpg?w=1320&amp;ssl=1 1320w\" sizes=\"(max-width: 660px) 100vw, 660px\" data-recalc-dims=\"1\" \/><\/figure>\n\n\n\n<p class=\"has-text-align-center academyinfo has-secondary-color has-text-color has-medium-font-size\">Prix \u200b\u200bcomp\u00e9titifs.<br>Agr\u00e9ment reconnu par toutes les compagnies d&#8217;assurances.<br>La meilleure reconnaissance et accr\u00e9ditation au Qu\u00e9bec (Canada).<br>Service personnalis\u00e9 et individualis\u00e9.<br>Professeurs exp\u00e9riment\u00e9s, dynamiques et comp\u00e9tents.<\/p>\n\n\n\n<p><\/p>\n\n\n\n<p class=\"has-text-align-center has-text-color has-large-font-size\" style=\"color:#005e94\"><strong>COMMENCEZ AUJOURD&#8217;HUI<\/strong><\/p>\n\n\n\n<p class=\"has-text-align-center has-primary-color has-text-color has-medium-font-size\"><strong>514-908-9462<br>info@academiedrserrar.com<\/strong><\/p>\n\n\n\n<p class=\"has-text-align-center\"><strong><a href=\"https:\/\/www.serrarpharma.com\/wp-content\/uploads\/2022\/08\/Acade\u0301mie-Dr.-Serrar-IT.pdf\">Voir notre brochure<\/a><\/strong><\/p>\n\n\n\n<div style=\"height:120px\" aria-hidden=\"true\" class=\"wp-block-spacer\"><\/div>\n<\/div><\/div>\n<\/div><\/div>\n","protected":false},"excerpt":{"rendered":"<p>PERMIS D&#8217;\u00c9TUDES EN 20 JOURS Permis de travail pendant les \u00e9tudes. Taux d&#8217;emploi \u00e9lev\u00e9. Massage Th\u00e9rapeutique 1800 heures de cours th\u00e9oriques et pratiques. APPRENDRE ENCORE PLUS Naturopathie \/ Hypnose 1800 heures de cours th\u00e9oriques et pratiques. POUR EN SAVOIR PLUS Naturopathie 1800 heures de cours th\u00e9oriques et pratiques. APPRENDRE ENCORE PLUS Esthetics 1800 heures de [&hellip;]<\/p>\n","protected":false},"author":1,"featured_media":0,"parent":0,"menu_order":0,"comment_status":"closed","ping_status":"closed","template":"","meta":{"hide_page_title":"","_coblocks_attr":"","_coblocks_dimensions":"{\"coblocks-row-122112247397\":{\"padding\":{\"paddingBottom\":\"10%\",\"paddingBottomMobile\":\"10%\",\"paddingBottomTablet\":\"20%\",\"paddingLeft\":\"10%\",\"paddingLeftMobile\":\"20%\",\"paddingLeftTablet\":\"20%\",\"paddingRight\":\"10%\",\"paddingRightMobile\":\"20%\",\"paddingRightTablet\":\"20%\",\"paddingTop\":\"10%\",\"paddingTopMobile\":\"10%\",\"paddingTopTablet\":\"20%\"}},\"coblocks-column-122112251588\":{\"padding\":{\"paddingBottom\":\"NaN%\",\"paddingBottomMobile\":null,\"paddingBottomTablet\":null,\"paddingLeft\":\"10%\",\"paddingLeftMobile\":null,\"paddingLeftTablet\":null,\"paddingRight\":\"10%\",\"paddingRightMobile\":null,\"paddingRightTablet\":null,\"paddingTop\":\"NaN%\",\"paddingTopMobile\":null,\"paddingTopTablet\":null}}}","_coblocks_responsive_height":"","_coblocks_accordion_ie_support":""},"translation":{"provider":"WPGlobus","version":"3.0.1","language":"it","enabled_languages":["en","es","fr","ar","pt","it"],"languages":{"en":{"title":true,"content":true,"excerpt":false},"es":{"title":false,"content":true,"excerpt":false},"fr":{"title":false,"content":true,"excerpt":false},"ar":{"title":false,"content":true,"excerpt":false},"pt":{"title":false,"content":true,"excerpt":false},"it":{"title":false,"content":true,"excerpt":false}}},"_links":{"self":[{"href":"https:\/\/www.serrarpharma.com\/it\/wp-json\/wp\/v2\/pages\/12012"}],"collection":[{"href":"https:\/\/www.serrarpharma.com\/it\/wp-json\/wp\/v2\/pages"}],"about":[{"href":"https:\/\/www.serrarpharma.com\/it\/wp-json\/wp\/v2\/types\/page"}],"author":[{"embeddable":true,"href":"https:\/\/www.serrarpharma.com\/it\/wp-json\/wp\/v2\/users\/1"}],"replies":[{"embeddable":true,"href":"https:\/\/www.serrarpharma.com\/it\/wp-json\/wp\/v2\/comments?post=12012"}],"version-history":[{"count":0,"href":"https:\/\/www.serrarpharma.com\/it\/wp-json\/wp\/v2\/pages\/12012\/revisions"}],"wp:attachment":[{"href":"https:\/\/www.serrarpharma.com\/it\/wp-json\/wp\/v2\/media?parent=12012"}],"curies":[{"name":"wp","href":"https:\/\/api.w.org\/{rel}","templated":true}]}}