{"id":8543,"date":"2020-10-01T14:03:23","date_gmt":"2020-10-01T14:03:23","guid":{"rendered":"https:\/\/www.serrarpharma.com\/?post_type=product&#038;p=8543"},"modified":"2025-02-01T23:16:13","modified_gmt":"2025-02-02T04:16:13","slug":"bodylift-bodyslim","status":"publish","type":"product","link":"https:\/\/www.serrarpharma.com\/fr\/product\/bodylift-bodyslim\/","title":{"rendered":"SLIM PACKAGE"},"content":{"rendered":"<p>BODYLIFT &amp; BODYSLIM!<\/p>\n<p><strong>\u00c0 base de caf\u00e9ine <\/strong><br \/>\nStar Anti-cellulite<br \/>\nAnti-\u0153d\u00e8me<br \/>\nRaffermissante<br \/>\nAm\u00e9liore la Circulation Sanguine.<br \/>\nReconstruit l&#8217;\u00e9lasticit\u00e9 de la Peau.<br \/>\nEmp\u00eache le regroupement Cellules Adipeuses.<\/p>\n<p><strong>Avertissement:<\/strong><br \/>\nArr\u00eatez-vous au moindre changement ou r\u00e9action. Si n\u00e9cessaire, consultez un professionnel de la sant\u00e9 ou des informations sur la sant\u00e9 en cas de r\u00e9action allergique.<br \/>\nChaque peau est diff\u00e9rente et r\u00e9agit diff\u00e9remment au m\u00eame cosm\u00e9tique. Nous ne fournissons pas de conseils personnalis\u00e9s, nous ne connaissons pas votre peau.<br \/>\nPour tout conseil personnalis\u00e9, notamment si vous suivez un traitement m\u00e9dical: consultez votre m\u00e9decin ou votre dermatologue.<br \/>\nNe modifiez jamais un traitement prescrit en fonction de ce que vous lisez sur Internet.<\/p>\n","protected":false},"excerpt":{"rendered":"<p>BODYLIFT &amp; BODYSLIM! \u00c0 base de caf\u00e9ine Star Anti-cellulite Anti-\u0153d\u00e8me Raffermissante Am\u00e9liore la Circulation Sanguine. Reconstruit l&#8217;\u00e9lasticit\u00e9 de la Peau. Emp\u00eache le regroupement Cellules Adipeuses. Avertissement: Arr\u00eatez-vous au moindre changement ou r\u00e9action. Si n\u00e9cessaire, consultez un professionnel de la sant\u00e9 ou des informations sur la sant\u00e9 en cas de r\u00e9action allergique. Chaque peau est diff\u00e9rente [&hellip;]<\/p>\n","protected":false},"featured_media":8544,"template":"","meta":{"hide_page_title":"","_coblocks_attr":"","_coblocks_dimensions":"","_coblocks_responsive_height":"","_coblocks_accordion_ie_support":""},"product_cat":[21],"product_tag":[],"translation":{"provider":"WPGlobus","version":"3.0.1","language":"fr","enabled_languages":["en","es","fr","ar","pt","it"],"languages":{"en":{"title":true,"content":true,"excerpt":false},"es":{"title":false,"content":true,"excerpt":false},"fr":{"title":false,"content":true,"excerpt":false},"ar":{"title":false,"content":true,"excerpt":false},"pt":{"title":false,"content":true,"excerpt":false},"it":{"title":false,"content":true,"excerpt":false}}},"_links":{"self":[{"href":"https:\/\/www.serrarpharma.com\/fr\/wp-json\/wp\/v2\/product\/8543"}],"collection":[{"href":"https:\/\/www.serrarpharma.com\/fr\/wp-json\/wp\/v2\/product"}],"about":[{"href":"https:\/\/www.serrarpharma.com\/fr\/wp-json\/wp\/v2\/types\/product"}],"wp:featuredmedia":[{"embeddable":true,"href":"https:\/\/www.serrarpharma.com\/fr\/wp-json\/wp\/v2\/media\/8544"}],"wp:attachment":[{"href":"https:\/\/www.serrarpharma.com\/fr\/wp-json\/wp\/v2\/media?parent=8543"}],"wp:term":[{"taxonomy":"product_cat","embeddable":true,"href":"https:\/\/www.serrarpharma.com\/fr\/wp-json\/wp\/v2\/product_cat?post=8543"},{"taxonomy":"product_tag","embeddable":true,"href":"https:\/\/www.serrarpharma.com\/fr\/wp-json\/wp\/v2\/product_tag?post=8543"}],"curies":[{"name":"wp","href":"https:\/\/api.w.org\/{rel}","templated":true}]}}