{"id":8374,"date":"2020-09-21T20:33:05","date_gmt":"2020-09-21T20:33:05","guid":{"rendered":"https:\/\/www.serrarpharma.com\/?post_type=product&#038;p=8374"},"modified":"2024-08-21T20:32:39","modified_gmt":"2024-08-22T00:32:39","slug":"immunity-boost-package","status":"publish","type":"product","link":"https:\/\/www.serrarpharma.com\/fr\/product\/immunity-boost-package\/","title":{"rendered":"Immunity Boost Package"},"content":{"rendered":"<p>Le package Immunit\u00e9 Boost comprend ZinaBoost, ProBiotic, Vitamin D3, Collagen Pure, et Programme Journalier!<\/p>\n<p><em>VALEUR DE $283<\/em><br \/>\n<strong>COLLAGEN GRATUIT<\/strong><\/p>\n<p><strong>Stimule le Syst\u00e8me Immunitaire.<\/strong><br \/>\nSoutient les Articulations<br \/>\nPr\u00e9vient Douleurs et Tendinites.<br \/>\nAm\u00e9liore l\u2019apparence des Ongles et Cheveux.<br \/>\nAide le Syst\u00e8me Digestif<br \/>\nGestion du Poids Sant\u00e9<br \/>\nIngr\u00e9dients Purs et Naturels.<\/p>\n<p><strong> Informations importantes: <\/strong><br \/>\nSi vous prenez des m\u00e9dicaments sur ordonnance, que vous avez un probl\u00e8me de sant\u00e9 ou que vous avez des pr\u00e9occupations sp\u00e9cifiques concernant l&#8217;ad\u00e9quation de l&#8217;un de nos produits par rapport \u00e0 ceux-ci, vous devez toujours consulter votre m\u00e9decin g\u00e9n\u00e9raliste ou votre pharmacien avant de prendre des suppl\u00e9ments. Les femmes enceintes ou allaitantes devraient consulter un m\u00e9decin g\u00e9n\u00e9raliste avant de prendre des suppl\u00e9ments. Ne d\u00e9passez pas la dose quotidienne recommand\u00e9e. Tenir hors de port\u00e9e des enfants. Les suppl\u00e9ments ne doivent pas remplacer un r\u00e9gime alimentaire vari\u00e9. Lisez toujours l&#8217;\u00e9tiquette avant utilisation<\/p>\n<p>Serrar Pharma utilise uniquement des ingr\u00e9dients purs et naturels, provenant de sources fiables GMP. Nous assurons la qualit\u00e9 non seulement de chaque lot, mais de chaque ingr\u00e9dient de ce lot, en vous assurant d&#8217;obtenir uniquement le produit de la plus haute qualit\u00e9. Il existe de nombreux avantages de support suppl\u00e9mentaires. Voir ci-dessous les avis. Si vous avez des questions, veuillez nous contacter \u00e0 info@serrarpharma.com<\/p>\n","protected":false},"excerpt":{"rendered":"<p>Le package Immunit\u00e9 Boost comprend ZinaBoost, ProBiotic, Vitamin D3, Collagen Pure, et Programme Journalier! VALEUR DE $283 COLLAGEN GRATUIT Stimule le Syst\u00e8me Immunitaire. Soutient les Articulations Pr\u00e9vient Douleurs et Tendinites. Am\u00e9liore l\u2019apparence des Ongles et Cheveux. Aide le Syst\u00e8me Digestif Gestion du Poids Sant\u00e9 Ingr\u00e9dients Purs et Naturels. Informations importantes: Si vous prenez des m\u00e9dicaments [&hellip;]<\/p>\n","protected":false},"featured_media":8545,"template":"","meta":{"hide_page_title":"","_coblocks_attr":"","_coblocks_dimensions":"","_coblocks_responsive_height":"","_coblocks_accordion_ie_support":""},"product_cat":[21],"product_tag":[],"translation":{"provider":"WPGlobus","version":"3.0.1","language":"fr","enabled_languages":["en","es","fr","ar","pt","it"],"languages":{"en":{"title":true,"content":true,"excerpt":false},"es":{"title":false,"content":true,"excerpt":false},"fr":{"title":false,"content":true,"excerpt":false},"ar":{"title":false,"content":true,"excerpt":false},"pt":{"title":false,"content":true,"excerpt":false},"it":{"title":false,"content":true,"excerpt":false}}},"_links":{"self":[{"href":"https:\/\/www.serrarpharma.com\/fr\/wp-json\/wp\/v2\/product\/8374"}],"collection":[{"href":"https:\/\/www.serrarpharma.com\/fr\/wp-json\/wp\/v2\/product"}],"about":[{"href":"https:\/\/www.serrarpharma.com\/fr\/wp-json\/wp\/v2\/types\/product"}],"wp:featuredmedia":[{"embeddable":true,"href":"https:\/\/www.serrarpharma.com\/fr\/wp-json\/wp\/v2\/media\/8545"}],"wp:attachment":[{"href":"https:\/\/www.serrarpharma.com\/fr\/wp-json\/wp\/v2\/media?parent=8374"}],"wp:term":[{"taxonomy":"product_cat","embeddable":true,"href":"https:\/\/www.serrarpharma.com\/fr\/wp-json\/wp\/v2\/product_cat?post=8374"},{"taxonomy":"product_tag","embeddable":true,"href":"https:\/\/www.serrarpharma.com\/fr\/wp-json\/wp\/v2\/product_tag?post=8374"}],"curies":[{"name":"wp","href":"https:\/\/api.w.org\/{rel}","templated":true}]}}