{"id":8368,"date":"2020-09-21T15:47:12","date_gmt":"2020-09-21T15:47:12","guid":{"rendered":"https:\/\/www.serrarpharma.com\/?post_type=product&#038;p=8368"},"modified":"2025-02-01T23:16:13","modified_gmt":"2025-02-02T04:16:13","slug":"phyto-reve-skin-care-package","status":"publish","type":"product","link":"https:\/\/www.serrarpharma.com\/fr\/product\/phyto-reve-skin-care-package\/","title":{"rendered":"Le KIT  PHYTO-R\u00caVE SOIN VISAGE"},"content":{"rendered":"<p><em> Valeur de 385,00 $ <\/em><br \/>\n<strong> MASQUE GRATUIT <\/strong><\/p>\n<p>R\u00e9g\u00e9n\u00e8re<br \/>\nR\u00e9duit visiblement les Rides.<br \/>\nLaisse votre Peau Saine,<br \/>\nJeune, Hydrat\u00e9e et Lumineuse<br \/>\nFabriqu\u00e9 avec des ingr\u00e9dients<br \/>\nHypoallerg\u00e9niques<\/p>\n<p>Con\u00e7u pour tous les types de peau<\/p>\n<p>S\u00e9rum \u00e0 la vitamine C<br \/>\nNettoyant<br \/>\nToner<br \/>\nFrotter<br \/>\nMasque<br \/>\nDERM<br \/>\n\u00c9CLAT<\/p>\n","protected":false},"excerpt":{"rendered":"<p>Valeur de 385,00 $ MASQUE GRATUIT R\u00e9g\u00e9n\u00e8re R\u00e9duit visiblement les Rides. Laisse votre Peau Saine, Jeune, Hydrat\u00e9e et Lumineuse Fabriqu\u00e9 avec des ingr\u00e9dients Hypoallerg\u00e9niques Con\u00e7u pour tous les types de peau S\u00e9rum \u00e0 la vitamine C Nettoyant Toner Frotter Masque DERM \u00c9CLAT<\/p>\n","protected":false},"featured_media":8504,"template":"","meta":{"hide_page_title":"","_coblocks_attr":"","_coblocks_dimensions":"","_coblocks_responsive_height":"","_coblocks_accordion_ie_support":""},"product_cat":[22],"product_tag":[],"translation":{"provider":"WPGlobus","version":"3.0.1","language":"fr","enabled_languages":["en","es","fr","ar","pt","it"],"languages":{"en":{"title":true,"content":true,"excerpt":false},"es":{"title":false,"content":true,"excerpt":false},"fr":{"title":true,"content":true,"excerpt":false},"ar":{"title":false,"content":true,"excerpt":false},"pt":{"title":false,"content":true,"excerpt":false},"it":{"title":false,"content":true,"excerpt":false}}},"_links":{"self":[{"href":"https:\/\/www.serrarpharma.com\/fr\/wp-json\/wp\/v2\/product\/8368"}],"collection":[{"href":"https:\/\/www.serrarpharma.com\/fr\/wp-json\/wp\/v2\/product"}],"about":[{"href":"https:\/\/www.serrarpharma.com\/fr\/wp-json\/wp\/v2\/types\/product"}],"wp:featuredmedia":[{"embeddable":true,"href":"https:\/\/www.serrarpharma.com\/fr\/wp-json\/wp\/v2\/media\/8504"}],"wp:attachment":[{"href":"https:\/\/www.serrarpharma.com\/fr\/wp-json\/wp\/v2\/media?parent=8368"}],"wp:term":[{"taxonomy":"product_cat","embeddable":true,"href":"https:\/\/www.serrarpharma.com\/fr\/wp-json\/wp\/v2\/product_cat?post=8368"},{"taxonomy":"product_tag","embeddable":true,"href":"https:\/\/www.serrarpharma.com\/fr\/wp-json\/wp\/v2\/product_tag?post=8368"}],"curies":[{"name":"wp","href":"https:\/\/api.w.org\/{rel}","templated":true}]}}