{"id":8366,"date":"2020-09-21T15:03:31","date_gmt":"2020-09-21T15:03:31","guid":{"rendered":"https:\/\/www.serrarpharma.com\/?post_type=product&#038;p=8366"},"modified":"2025-02-01T23:16:13","modified_gmt":"2025-02-02T04:16:13","slug":"jasmine-body-care-package","status":"publish","type":"product","link":"https:\/\/www.serrarpharma.com\/fr\/product\/jasmine-body-care-package\/","title":{"rendered":"Le KIT  BIO SOIN CORPS"},"content":{"rendered":"<p><em> VALEUR DE 210,00 $ <\/em><br \/>\n<strong> LAVAGE CORPOREL GRATUIT <\/strong><\/p>\n<p>Hydratant<br \/>\nAnti-Cellulite &#8211; Raffermissant.<br \/>\nVegan<br \/>\nSans Paraben<br \/>\nSans Sulfate<br \/>\nSans Parfum Chimique,<br \/>\nSans Aluminium<br \/>\nSans Bact\u00e9ricide<\/p>\n<p>Cr\u00e8me de douche nettoyante<br \/>\nCr\u00e8me pour le corps<br \/>\nD\u00e9odorant<br \/>\nPeau d&#8217;orange<br \/>\nProtection des l\u00e8vres<\/p>\n","protected":false},"excerpt":{"rendered":"<p>VALEUR DE 210,00 $ LAVAGE CORPOREL GRATUIT Hydratant Anti-Cellulite &#8211; Raffermissant. Vegan Sans Paraben Sans Sulfate Sans Parfum Chimique, Sans Aluminium Sans Bact\u00e9ricide Cr\u00e8me de douche nettoyante Cr\u00e8me pour le corps D\u00e9odorant Peau d&#8217;orange Protection des l\u00e8vres<\/p>\n","protected":false},"featured_media":9163,"template":"","meta":{"hide_page_title":"","_coblocks_attr":"","_coblocks_dimensions":"","_coblocks_responsive_height":"","_coblocks_accordion_ie_support":""},"product_cat":[24],"product_tag":[],"translation":{"provider":"WPGlobus","version":"3.0.1","language":"fr","enabled_languages":["en","es","fr","ar","pt","it"],"languages":{"en":{"title":true,"content":true,"excerpt":false},"es":{"title":false,"content":true,"excerpt":false},"fr":{"title":true,"content":true,"excerpt":false},"ar":{"title":false,"content":true,"excerpt":false},"pt":{"title":false,"content":true,"excerpt":false},"it":{"title":false,"content":true,"excerpt":false}}},"_links":{"self":[{"href":"https:\/\/www.serrarpharma.com\/fr\/wp-json\/wp\/v2\/product\/8366"}],"collection":[{"href":"https:\/\/www.serrarpharma.com\/fr\/wp-json\/wp\/v2\/product"}],"about":[{"href":"https:\/\/www.serrarpharma.com\/fr\/wp-json\/wp\/v2\/types\/product"}],"wp:featuredmedia":[{"embeddable":true,"href":"https:\/\/www.serrarpharma.com\/fr\/wp-json\/wp\/v2\/media\/9163"}],"wp:attachment":[{"href":"https:\/\/www.serrarpharma.com\/fr\/wp-json\/wp\/v2\/media?parent=8366"}],"wp:term":[{"taxonomy":"product_cat","embeddable":true,"href":"https:\/\/www.serrarpharma.com\/fr\/wp-json\/wp\/v2\/product_cat?post=8366"},{"taxonomy":"product_tag","embeddable":true,"href":"https:\/\/www.serrarpharma.com\/fr\/wp-json\/wp\/v2\/product_tag?post=8366"}],"curies":[{"name":"wp","href":"https:\/\/api.w.org\/{rel}","templated":true}]}}