{"id":8365,"date":"2020-09-21T14:53:45","date_gmt":"2020-09-21T14:53:45","guid":{"rendered":"https:\/\/www.serrarpharma.com\/?post_type=product&#038;p=8365"},"modified":"2024-08-21T21:04:10","modified_gmt":"2024-08-22T01:04:10","slug":"sublime-skin-care-package","status":"publish","type":"product","link":"https:\/\/www.serrarpharma.com\/fr\/product\/sublime-skin-care-package\/","title":{"rendered":"Le KIT  BIO SOIN VISAGE SUBLIME"},"content":{"rendered":"<p>Valeur de 583,00 $<br \/>\nS\u00c9RUM YEUX GRATUIT<\/p>\n<p>Fabriqu\u00e9 avec guaran\u00e1<br \/>\nEffet V\u00e9g\u00e9tal de Peptide DHEA<br \/>\nAnti-Rides<br \/>\nAnti-Cernes<br \/>\nAnti-Poches<br \/>\nRaffermit<br \/>\nAnti-\u00e2ge<br \/>\n\u00c9claircissant<\/p>\n<p>Nettoyant<br \/>\nToner<br \/>\nDermabrasion<br \/>\nNaturo-Cils<br \/>\nS\u00e9rum \u00e0 la vitamine C<br \/>\nS\u00e9rum pour les yeux 45+<br \/>\nSUBLIME CR\u00c8ME DE JOUR<br \/>\nSUBLIME CR\u00c8ME DE NUIT<\/p>\n","protected":false},"excerpt":{"rendered":"<p>Valeur de 583,00 $ S\u00c9RUM YEUX GRATUIT Fabriqu\u00e9 avec guaran\u00e1 Effet V\u00e9g\u00e9tal de Peptide DHEA Anti-Rides Anti-Cernes Anti-Poches Raffermit Anti-\u00e2ge \u00c9claircissant Nettoyant Toner Dermabrasion Naturo-Cils S\u00e9rum \u00e0 la vitamine C S\u00e9rum pour les yeux 45+ SUBLIME CR\u00c8ME DE JOUR SUBLIME CR\u00c8ME DE NUIT<\/p>\n","protected":false},"featured_media":8485,"template":"","meta":{"hide_page_title":"","_coblocks_attr":"","_coblocks_dimensions":"","_coblocks_responsive_height":"","_coblocks_accordion_ie_support":""},"product_cat":[23],"product_tag":[],"translation":{"provider":"WPGlobus","version":"3.0.1","language":"fr","enabled_languages":["en","es","fr","ar","pt","it"],"languages":{"en":{"title":true,"content":true,"excerpt":false},"es":{"title":false,"content":true,"excerpt":false},"fr":{"title":true,"content":true,"excerpt":false},"ar":{"title":false,"content":true,"excerpt":false},"pt":{"title":false,"content":true,"excerpt":false},"it":{"title":false,"content":true,"excerpt":false}}},"_links":{"self":[{"href":"https:\/\/www.serrarpharma.com\/fr\/wp-json\/wp\/v2\/product\/8365"}],"collection":[{"href":"https:\/\/www.serrarpharma.com\/fr\/wp-json\/wp\/v2\/product"}],"about":[{"href":"https:\/\/www.serrarpharma.com\/fr\/wp-json\/wp\/v2\/types\/product"}],"wp:featuredmedia":[{"embeddable":true,"href":"https:\/\/www.serrarpharma.com\/fr\/wp-json\/wp\/v2\/media\/8485"}],"wp:attachment":[{"href":"https:\/\/www.serrarpharma.com\/fr\/wp-json\/wp\/v2\/media?parent=8365"}],"wp:term":[{"taxonomy":"product_cat","embeddable":true,"href":"https:\/\/www.serrarpharma.com\/fr\/wp-json\/wp\/v2\/product_cat?post=8365"},{"taxonomy":"product_tag","embeddable":true,"href":"https:\/\/www.serrarpharma.com\/fr\/wp-json\/wp\/v2\/product_tag?post=8365"}],"curies":[{"name":"wp","href":"https:\/\/api.w.org\/{rel}","templated":true}]}}