{"id":8360,"date":"2020-09-21T14:25:21","date_gmt":"2020-09-21T18:25:21","guid":{"rendered":"https:\/\/www.serrarpharma.com\/?post_type=product&#038;p=8360"},"modified":"2024-08-21T22:36:22","modified_gmt":"2024-08-22T02:36:22","slug":"untouched-skin-care-package","status":"publish","type":"product","link":"https:\/\/www.serrarpharma.com\/fr\/product\/untouched-skin-care-package\/","title":{"rendered":"Le KIT BIO SOIN VISAGE UNTOUCHED"},"content":{"rendered":"<p>Valeur de 523,00 $<br \/>\nS\u00c9RUM YEUX GRATUIT<\/p>\n<p><strong>Fabriqu\u00e9 avec Tamarinier<br \/>\neffet Hyaluronique V\u00e9g\u00e9tal<\/strong><br \/>\nHydrate<br \/>\nResserre les Pores<br \/>\nAnti-Cernes<br \/>\nAnti-Poches<br \/>\n<br \/>\n&nbsp;<\/p>\n<p>Nettoyant<br \/>\nToner<br \/>\nDermabrasion<br \/>\nNaturo-Cils<br \/>\nS\u00e9rum \u00e0 la vitamine C<br \/>\nS\u00e9rum pour les yeux 20+<br \/>\nUNTOUCHED CR\u00c8ME DE JOUR<br \/>\nUNTOUCHED CR\u00c8ME DE NUIT<\/p>\n","protected":false},"excerpt":{"rendered":"<p>Valeur de 523,00 $ S\u00c9RUM YEUX GRATUIT Fabriqu\u00e9 avec Tamarinier effet Hyaluronique V\u00e9g\u00e9tal Hydrate Resserre les Pores Anti-Cernes Anti-Poches &nbsp; Nettoyant Toner Dermabrasion Naturo-Cils S\u00e9rum \u00e0 la vitamine C S\u00e9rum pour les yeux 20+ UNTOUCHED CR\u00c8ME DE JOUR UNTOUCHED CR\u00c8ME DE NUIT<\/p>\n","protected":false},"featured_media":8486,"template":"","meta":{"hide_page_title":"","_coblocks_attr":"","_coblocks_dimensions":"","_coblocks_responsive_height":"","_coblocks_accordion_ie_support":""},"product_cat":[23],"product_tag":[],"translation":{"provider":"WPGlobus","version":"3.0.1","language":"fr","enabled_languages":["en","es","fr","ar","pt","it"],"languages":{"en":{"title":true,"content":true,"excerpt":false},"es":{"title":false,"content":true,"excerpt":false},"fr":{"title":true,"content":true,"excerpt":false},"ar":{"title":false,"content":true,"excerpt":false},"pt":{"title":false,"content":true,"excerpt":false},"it":{"title":false,"content":true,"excerpt":false}}},"_links":{"self":[{"href":"https:\/\/www.serrarpharma.com\/fr\/wp-json\/wp\/v2\/product\/8360"}],"collection":[{"href":"https:\/\/www.serrarpharma.com\/fr\/wp-json\/wp\/v2\/product"}],"about":[{"href":"https:\/\/www.serrarpharma.com\/fr\/wp-json\/wp\/v2\/types\/product"}],"wp:featuredmedia":[{"embeddable":true,"href":"https:\/\/www.serrarpharma.com\/fr\/wp-json\/wp\/v2\/media\/8486"}],"wp:attachment":[{"href":"https:\/\/www.serrarpharma.com\/fr\/wp-json\/wp\/v2\/media?parent=8360"}],"wp:term":[{"taxonomy":"product_cat","embeddable":true,"href":"https:\/\/www.serrarpharma.com\/fr\/wp-json\/wp\/v2\/product_cat?post=8360"},{"taxonomy":"product_tag","embeddable":true,"href":"https:\/\/www.serrarpharma.com\/fr\/wp-json\/wp\/v2\/product_tag?post=8360"}],"curies":[{"name":"wp","href":"https:\/\/api.w.org\/{rel}","templated":true}]}}