{"id":8354,"date":"2020-09-30T14:05:36","date_gmt":"2020-09-30T14:05:36","guid":{"rendered":"https:\/\/www.serrarpharma.com\/?post_type=product&#038;p=8354"},"modified":"2025-02-01T23:16:12","modified_gmt":"2025-02-02T04:16:12","slug":"dry-hair-care-package","status":"publish","type":"product","link":"https:\/\/www.serrarpharma.com\/fr\/product\/dry-hair-care-package\/","title":{"rendered":"Le KIT BIO SOINS CHEVEUX SECS"},"content":{"rendered":"<p><img loading=\"lazy\" class=\"alignnone wp-image-11371\" src=\"https:\/\/i0.wp.com\/www.serrarpharma.com\/wp-content\/uploads\/2021\/04\/Made-in-CA.png?resize=70%2C70&#038;ssl=1\" alt=\"\" width=\"70\" height=\"70\" srcset=\"https:\/\/i0.wp.com\/www.serrarpharma.com\/wp-content\/uploads\/2021\/04\/Made-in-CA.png?w=150&amp;ssl=1 150w, https:\/\/i0.wp.com\/www.serrarpharma.com\/wp-content\/uploads\/2021\/04\/Made-in-CA.png?resize=100%2C100&amp;ssl=1 100w\" sizes=\"(max-width: 70px) 100vw, 70px\" data-recalc-dims=\"1\" \/><img loading=\"lazy\" class=\"alignnone wp-image-11370\" src=\"https:\/\/i0.wp.com\/www.serrarpharma.com\/wp-content\/uploads\/2021\/04\/GMP.png?resize=70%2C70&#038;ssl=1\" alt=\"\" width=\"70\" height=\"70\" srcset=\"https:\/\/i0.wp.com\/www.serrarpharma.com\/wp-content\/uploads\/2021\/04\/GMP.png?w=150&amp;ssl=1 150w, https:\/\/i0.wp.com\/www.serrarpharma.com\/wp-content\/uploads\/2021\/04\/GMP.png?resize=100%2C100&amp;ssl=1 100w\" sizes=\"(max-width: 70px) 100vw, 70px\" data-recalc-dims=\"1\" \/><img loading=\"lazy\" class=\"alignnone wp-image-11369\" src=\"https:\/\/i0.wp.com\/www.serrarpharma.com\/wp-content\/uploads\/2021\/04\/Nongmo.png?resize=70%2C70&#038;ssl=1\" alt=\"\" width=\"70\" height=\"70\" srcset=\"https:\/\/i0.wp.com\/www.serrarpharma.com\/wp-content\/uploads\/2021\/04\/Nongmo.png?w=150&amp;ssl=1 150w, https:\/\/i0.wp.com\/www.serrarpharma.com\/wp-content\/uploads\/2021\/04\/Nongmo.png?resize=100%2C100&amp;ssl=1 100w\" sizes=\"(max-width: 70px) 100vw, 70px\" data-recalc-dims=\"1\" \/><img loading=\"lazy\" class=\"alignnone wp-image-11799\" src=\"https:\/\/i0.wp.com\/www.serrarpharma.com\/wp-content\/uploads\/2021\/04\/ISO-07.png?resize=70%2C70&#038;ssl=1\" alt=\"\" width=\"70\" height=\"70\" srcset=\"https:\/\/i0.wp.com\/www.serrarpharma.com\/wp-content\/uploads\/2021\/04\/ISO-07.png?resize=300%2C300&amp;ssl=1 300w, https:\/\/i0.wp.com\/www.serrarpharma.com\/wp-content\/uploads\/2021\/04\/ISO-07.png?resize=150%2C150&amp;ssl=1 150w, https:\/\/i0.wp.com\/www.serrarpharma.com\/wp-content\/uploads\/2021\/04\/ISO-07.png?resize=100%2C100&amp;ssl=1 100w, https:\/\/i0.wp.com\/www.serrarpharma.com\/wp-content\/uploads\/2021\/04\/ISO-07.png?w=418&amp;ssl=1 418w\" sizes=\"(max-width: 70px) 100vw, 70px\" data-recalc-dims=\"1\" \/><\/p>\n<p>Shampooing et revitalisant, revitalisant sans rin\u00e7age, masque pour cheveux secs<\/p>\n<p><strong>Avec Acides Amin\u00e9s de Soie<\/strong><br \/>\nCheveux Sains<br \/>\nRevitalis\u00e9s<br \/>\nHydrat\u00e9s<br \/>\nBrillants.<br \/>\nSans Paraben et sans Sulfate<br \/>\nConservateur Naturel et \u00c9cologique<\/p>\n<p>&nbsp;<\/p>\n<p><span style=\"color: #005890;\"><strong>FABRIQU\u00c9 AU CANADA \u00a0 \u00a0\u00a0 | \u00a0 \u00a0\u00a0 CERTIFI\u00c9 GMP \u00a0 \u00a0\u00a0 | \u00a0 \u00a0\u00a0 SANS OGM\u00a0 \u00a0 \u00a0 |\u00a0 \u00a0 \u00a0 <span class=\"VIiyi\" lang=\"fr\"><span class=\"JLqJ4b ChMk0b\" data-language-for-alternatives=\"fr\" data-language-to-translate-into=\"en\" data-phrase-index=\"0\">LABORATOIRE CERTIFI\u00c9 ISO 17025<\/span><\/span><\/strong><\/span><\/p>\n","protected":false},"excerpt":{"rendered":"<p>Shampooing et revitalisant, revitalisant sans rin\u00e7age, masque pour cheveux secs Avec Acides Amin\u00e9s de Soie Cheveux Sains Revitalis\u00e9s Hydrat\u00e9s Brillants. Sans Paraben et sans Sulfate Conservateur Naturel et \u00c9cologique &nbsp; FABRIQU\u00c9 AU CANADA \u00a0 \u00a0\u00a0 | \u00a0 \u00a0\u00a0 CERTIFI\u00c9 GMP \u00a0 \u00a0\u00a0 | \u00a0 \u00a0\u00a0 SANS OGM\u00a0 \u00a0 \u00a0 |\u00a0 \u00a0 \u00a0 LABORATOIRE CERTIFI\u00c9 ISO [&hellip;]<\/p>\n","protected":false},"featured_media":9146,"template":"","meta":{"hide_page_title":"","_coblocks_attr":"","_coblocks_dimensions":"","_coblocks_responsive_height":"","_coblocks_accordion_ie_support":""},"product_cat":[27],"product_tag":[],"translation":{"provider":"WPGlobus","version":"3.0.1","language":"fr","enabled_languages":["en","es","fr","ar","pt","it"],"languages":{"en":{"title":true,"content":true,"excerpt":false},"es":{"title":false,"content":true,"excerpt":false},"fr":{"title":true,"content":true,"excerpt":false},"ar":{"title":false,"content":true,"excerpt":false},"pt":{"title":false,"content":true,"excerpt":false},"it":{"title":false,"content":true,"excerpt":false}}},"_links":{"self":[{"href":"https:\/\/www.serrarpharma.com\/fr\/wp-json\/wp\/v2\/product\/8354"}],"collection":[{"href":"https:\/\/www.serrarpharma.com\/fr\/wp-json\/wp\/v2\/product"}],"about":[{"href":"https:\/\/www.serrarpharma.com\/fr\/wp-json\/wp\/v2\/types\/product"}],"wp:featuredmedia":[{"embeddable":true,"href":"https:\/\/www.serrarpharma.com\/fr\/wp-json\/wp\/v2\/media\/9146"}],"wp:attachment":[{"href":"https:\/\/www.serrarpharma.com\/fr\/wp-json\/wp\/v2\/media?parent=8354"}],"wp:term":[{"taxonomy":"product_cat","embeddable":true,"href":"https:\/\/www.serrarpharma.com\/fr\/wp-json\/wp\/v2\/product_cat?post=8354"},{"taxonomy":"product_tag","embeddable":true,"href":"https:\/\/www.serrarpharma.com\/fr\/wp-json\/wp\/v2\/product_tag?post=8354"}],"curies":[{"name":"wp","href":"https:\/\/api.w.org\/{rel}","templated":true}]}}