{"id":8353,"date":"2020-09-21T14:02:19","date_gmt":"2020-09-21T18:02:19","guid":{"rendered":"https:\/\/www.serrarpharma.com\/?post_type=product&#038;p=8353"},"modified":"2024-08-21T22:28:10","modified_gmt":"2024-08-22T02:28:10","slug":"leave-in-conditioner","status":"publish","type":"product","link":"https:\/\/www.serrarpharma.com\/fr\/product\/leave-in-conditioner\/","title":{"rendered":"REVITALISANT SANS RIN\u00c7AGE"},"content":{"rendered":"<p><img loading=\"lazy\" class=\"alignnone wp-image-11371\" src=\"https:\/\/i0.wp.com\/www.serrarpharma.com\/wp-content\/uploads\/2021\/04\/Made-in-CA.png?resize=70%2C70&#038;ssl=1\" alt=\"\" width=\"70\" height=\"70\" srcset=\"https:\/\/i0.wp.com\/www.serrarpharma.com\/wp-content\/uploads\/2021\/04\/Made-in-CA.png?w=150&amp;ssl=1 150w, https:\/\/i0.wp.com\/www.serrarpharma.com\/wp-content\/uploads\/2021\/04\/Made-in-CA.png?resize=100%2C100&amp;ssl=1 100w\" sizes=\"(max-width: 70px) 100vw, 70px\" data-recalc-dims=\"1\" \/><img loading=\"lazy\" class=\"alignnone wp-image-11370\" src=\"https:\/\/i0.wp.com\/www.serrarpharma.com\/wp-content\/uploads\/2021\/04\/GMP.png?resize=70%2C70&#038;ssl=1\" alt=\"\" width=\"70\" height=\"70\" srcset=\"https:\/\/i0.wp.com\/www.serrarpharma.com\/wp-content\/uploads\/2021\/04\/GMP.png?w=150&amp;ssl=1 150w, https:\/\/i0.wp.com\/www.serrarpharma.com\/wp-content\/uploads\/2021\/04\/GMP.png?resize=100%2C100&amp;ssl=1 100w\" sizes=\"(max-width: 70px) 100vw, 70px\" data-recalc-dims=\"1\" \/><img loading=\"lazy\" class=\"alignnone wp-image-11369\" src=\"https:\/\/i0.wp.com\/www.serrarpharma.com\/wp-content\/uploads\/2021\/04\/Nongmo.png?resize=70%2C70&#038;ssl=1\" alt=\"\" width=\"70\" height=\"70\" srcset=\"https:\/\/i0.wp.com\/www.serrarpharma.com\/wp-content\/uploads\/2021\/04\/Nongmo.png?w=150&amp;ssl=1 150w, https:\/\/i0.wp.com\/www.serrarpharma.com\/wp-content\/uploads\/2021\/04\/Nongmo.png?resize=100%2C100&amp;ssl=1 100w\" sizes=\"(max-width: 70px) 100vw, 70px\" data-recalc-dims=\"1\" \/><img loading=\"lazy\" class=\"alignnone wp-image-11799\" src=\"https:\/\/i0.wp.com\/www.serrarpharma.com\/wp-content\/uploads\/2021\/04\/ISO-07.png?resize=70%2C70&#038;ssl=1\" alt=\"\" width=\"70\" height=\"70\" srcset=\"https:\/\/i0.wp.com\/www.serrarpharma.com\/wp-content\/uploads\/2021\/04\/ISO-07.png?resize=300%2C300&amp;ssl=1 300w, https:\/\/i0.wp.com\/www.serrarpharma.com\/wp-content\/uploads\/2021\/04\/ISO-07.png?resize=150%2C150&amp;ssl=1 150w, https:\/\/i0.wp.com\/www.serrarpharma.com\/wp-content\/uploads\/2021\/04\/ISO-07.png?resize=100%2C100&amp;ssl=1 100w, https:\/\/i0.wp.com\/www.serrarpharma.com\/wp-content\/uploads\/2021\/04\/ISO-07.png?w=418&amp;ssl=1 418w\" sizes=\"(max-width: 70px) 100vw, 70px\" data-recalc-dims=\"1\" \/><\/p>\n<p>&nbsp;<\/p>\n<p><strong>Keratine Bamboo<br \/>\nProbiotique<\/strong><br \/>\nChute, Repousse<br \/>\nCheveux Ab\u00eem\u00e9s<br \/>\nVolume<br \/>\nProtection<br \/>\nRenforce Tige Du Cheveux<br \/>\nBrillance<br \/>\nMaintien Du Style<br \/>\n(Boucles, Lissage)<\/p>\n<p>Ce revitalisant sans rin\u00e7age \u00e0 base de chanvre et d\u2019om\u00e9ga-3 est rempli d&#8217;huiles naturelles, d&#8217;extraits et d&#8217;acides amin\u00e9s. Il est sans silicone et conserv\u00e9 avec un probiotique, qui est naturellement obtenu \u00e0 partir d&#8217;un processus de fermentation.<br \/>\nIl est \u00e0 base de l\u00e9gumes, ce qui offre un \u00e9clat naturel sans silicones, ni accumulation de r\u00e9sidus. Il aide \u00e0 am\u00e9liorer vos cheveux avec le peptide de pois qui combine un m\u00e9lange d&#8217;acides amin\u00e9s. Il est nourrissant et b\u00e9n\u00e9fique pour la volumisation des cheveux et le renforcement de la tige capillaire. Ce revitalisant, con\u00e7u par des professionnels et test\u00e9 en salon, offre une r\u00e9tention de style, un bouclage, un lissage et une protection thermique. Ces avantages sont d\u00e9riv\u00e9s de Karazime Protect, ce qui est un m\u00e9lange d&#8217;extraits de k\u00e9ratine, de bambou et de champignons. Il contient du panth\u00e9nol (B5), de la gomme de guar, des \u00e9paississants \u00e0 base de l\u00e9gumes et conserv\u00e9s avec du radis ferment\u00e9&#8230; un probiotique.<\/p>\n<p><strong>Mode d\u2019emploi :<\/strong><br \/>\nApr\u00e8s avoir rinc\u00e9 le SHAMPOOING ET REVITALISANT* ainsi que le MASQUE* appropri\u00e9 pour vos cheveux, appliquer une ou deux noisettes du REVITALISANT SANS RIN\u00c7AGE* sur les cheveux humides et ensuite, r\u00e9partir uniform\u00e9ment des racines aux pointes. Ne pas le rincer. Laisser plut\u00f4t les cheveux s\u00e9cher \u00e0 l\u2019air libre ou diffuser avec un s\u00e8che-cheveux. (*Dr SERRAR\u00ae SERENA).<\/p>\n<p><strong> Avertissement: <\/strong><br \/>\nArr\u00eatez-vous au moindre changement ou r\u00e9action. Si n\u00e9cessaire, consultez un professionnel de la sant\u00e9 ou des informations sur la sant\u00e9 en cas de r\u00e9action allergique. Toute peau est diff\u00e9rente et r\u00e9agit diff\u00e9remment au m\u00eame cosm\u00e9tique. Nous ne fournissons pas de conseils personnalis\u00e9s, nous ne connaissons pas votre peau. Pour tout conseil personnalis\u00e9, notamment si vous suivez un traitement m\u00e9dical: consultez votre m\u00e9decin ou votre dermatologue. Ne modifiez jamais un traitement prescrit en fonction de ce que vous lisez sur Internet.<\/p>\n<p>&nbsp;<\/p>\n<p><span style=\"color: #005890;\"><strong>FABRIQU\u00c9 AU CANADA \u00a0 \u00a0\u00a0 | \u00a0 \u00a0\u00a0 CERTIFI\u00c9 GMP \u00a0 \u00a0\u00a0 | \u00a0 \u00a0\u00a0 SANS OGM\u00a0 \u00a0 \u00a0 |\u00a0 \u00a0 \u00a0 <span class=\"VIiyi\" lang=\"fr\"><span class=\"JLqJ4b ChMk0b\" data-language-for-alternatives=\"fr\" data-language-to-translate-into=\"en\" data-phrase-index=\"0\">LABORATOIRE CERTIFI\u00c9 ISO 17025<\/span><\/span><\/strong><\/span><\/p>\n","protected":false},"excerpt":{"rendered":"<p>&nbsp; Keratine Bamboo Probiotique Chute, Repousse Cheveux Ab\u00eem\u00e9s Volume Protection Renforce Tige Du Cheveux Brillance Maintien Du Style (Boucles, Lissage) Ce revitalisant sans rin\u00e7age \u00e0 base de chanvre et d\u2019om\u00e9ga-3 est rempli d&#8217;huiles naturelles, d&#8217;extraits et d&#8217;acides amin\u00e9s. Il est sans silicone et conserv\u00e9 avec un probiotique, qui est naturellement obtenu \u00e0 partir d&#8217;un processus [&hellip;]<\/p>\n","protected":false},"featured_media":9142,"template":"","meta":{"hide_page_title":"","_coblocks_attr":"","_coblocks_dimensions":"","_coblocks_responsive_height":"","_coblocks_accordion_ie_support":""},"product_cat":[27],"product_tag":[],"translation":{"provider":"WPGlobus","version":"3.0.1","language":"fr","enabled_languages":["en","es","fr","ar","pt","it"],"languages":{"en":{"title":true,"content":true,"excerpt":false},"es":{"title":false,"content":true,"excerpt":false},"fr":{"title":true,"content":true,"excerpt":false},"ar":{"title":false,"content":true,"excerpt":false},"pt":{"title":false,"content":true,"excerpt":false},"it":{"title":false,"content":true,"excerpt":false}}},"_links":{"self":[{"href":"https:\/\/www.serrarpharma.com\/fr\/wp-json\/wp\/v2\/product\/8353"}],"collection":[{"href":"https:\/\/www.serrarpharma.com\/fr\/wp-json\/wp\/v2\/product"}],"about":[{"href":"https:\/\/www.serrarpharma.com\/fr\/wp-json\/wp\/v2\/types\/product"}],"wp:featuredmedia":[{"embeddable":true,"href":"https:\/\/www.serrarpharma.com\/fr\/wp-json\/wp\/v2\/media\/9142"}],"wp:attachment":[{"href":"https:\/\/www.serrarpharma.com\/fr\/wp-json\/wp\/v2\/media?parent=8353"}],"wp:term":[{"taxonomy":"product_cat","embeddable":true,"href":"https:\/\/www.serrarpharma.com\/fr\/wp-json\/wp\/v2\/product_cat?post=8353"},{"taxonomy":"product_tag","embeddable":true,"href":"https:\/\/www.serrarpharma.com\/fr\/wp-json\/wp\/v2\/product_tag?post=8353"}],"curies":[{"name":"wp","href":"https:\/\/api.w.org\/{rel}","templated":true}]}}