{"id":8351,"date":"2020-09-21T13:59:49","date_gmt":"2020-09-21T13:59:49","guid":{"rendered":"https:\/\/www.serrarpharma.com\/?post_type=product&#038;p=8351"},"modified":"2024-08-21T22:29:09","modified_gmt":"2024-08-22T02:29:09","slug":"mask-for-damaged-hair","status":"publish","type":"product","link":"https:\/\/www.serrarpharma.com\/fr\/product\/mask-for-damaged-hair\/","title":{"rendered":"MASQUE CHEVEUX ABIM\u00c9S"},"content":{"rendered":"<p><img loading=\"lazy\" class=\"alignnone wp-image-11371\" src=\"https:\/\/i0.wp.com\/www.serrarpharma.com\/wp-content\/uploads\/2021\/04\/Made-in-CA.png?resize=70%2C70&#038;ssl=1\" alt=\"\" width=\"70\" height=\"70\" srcset=\"https:\/\/i0.wp.com\/www.serrarpharma.com\/wp-content\/uploads\/2021\/04\/Made-in-CA.png?w=150&amp;ssl=1 150w, https:\/\/i0.wp.com\/www.serrarpharma.com\/wp-content\/uploads\/2021\/04\/Made-in-CA.png?resize=100%2C100&amp;ssl=1 100w\" sizes=\"(max-width: 70px) 100vw, 70px\" data-recalc-dims=\"1\" \/><img loading=\"lazy\" class=\"alignnone wp-image-11370\" src=\"https:\/\/i0.wp.com\/www.serrarpharma.com\/wp-content\/uploads\/2021\/04\/GMP.png?resize=70%2C70&#038;ssl=1\" alt=\"\" width=\"70\" height=\"70\" srcset=\"https:\/\/i0.wp.com\/www.serrarpharma.com\/wp-content\/uploads\/2021\/04\/GMP.png?w=150&amp;ssl=1 150w, https:\/\/i0.wp.com\/www.serrarpharma.com\/wp-content\/uploads\/2021\/04\/GMP.png?resize=100%2C100&amp;ssl=1 100w\" sizes=\"(max-width: 70px) 100vw, 70px\" data-recalc-dims=\"1\" \/><img loading=\"lazy\" class=\"alignnone wp-image-11369\" src=\"https:\/\/i0.wp.com\/www.serrarpharma.com\/wp-content\/uploads\/2021\/04\/Nongmo.png?resize=70%2C70&#038;ssl=1\" alt=\"\" width=\"70\" height=\"70\" srcset=\"https:\/\/i0.wp.com\/www.serrarpharma.com\/wp-content\/uploads\/2021\/04\/Nongmo.png?w=150&amp;ssl=1 150w, https:\/\/i0.wp.com\/www.serrarpharma.com\/wp-content\/uploads\/2021\/04\/Nongmo.png?resize=100%2C100&amp;ssl=1 100w\" sizes=\"(max-width: 70px) 100vw, 70px\" data-recalc-dims=\"1\" \/><img loading=\"lazy\" class=\"alignnone wp-image-11799\" src=\"https:\/\/i0.wp.com\/www.serrarpharma.com\/wp-content\/uploads\/2021\/04\/ISO-07.png?resize=70%2C70&#038;ssl=1\" alt=\"\" width=\"70\" height=\"70\" srcset=\"https:\/\/i0.wp.com\/www.serrarpharma.com\/wp-content\/uploads\/2021\/04\/ISO-07.png?resize=300%2C300&amp;ssl=1 300w, https:\/\/i0.wp.com\/www.serrarpharma.com\/wp-content\/uploads\/2021\/04\/ISO-07.png?resize=150%2C150&amp;ssl=1 150w, https:\/\/i0.wp.com\/www.serrarpharma.com\/wp-content\/uploads\/2021\/04\/ISO-07.png?resize=100%2C100&amp;ssl=1 100w, https:\/\/i0.wp.com\/www.serrarpharma.com\/wp-content\/uploads\/2021\/04\/ISO-07.png?w=418&amp;ssl=1 418w\" sizes=\"(max-width: 70px) 100vw, 70px\" data-recalc-dims=\"1\" \/><\/p>\n<p><strong>\u00c0 Base De Noix De Coco<\/strong><br \/>\n(Permanent\u00e9s, Cr\u00e9pus,<br \/>\nColor\u00e9s, S\u00e9chage,<br \/>\nPiscines)<br \/>\n<strong>Donne Brillance<\/strong><br \/>\n(R\u00e9duit La Perte De Prot\u00e9ines<br \/>\nDans La Tige Du Cheveu)<br \/>\nSans Parabens<br \/>\nConservateur Naturel<br \/>\n\u00c9cologique<\/p>\n<p>Ayant d\u2019excellentes propri\u00e9t\u00e9s revitalisantes et brillance saine, ce masque comprend des prot\u00e9ines de pois, des acides amin\u00e9s de soie, des vitamines Pro B et E, de la camomille et de la glyc\u00e9rine pour plus de corps. La brillance est d\u00e9riv\u00e9e naturellement des graines de ricin hydrolys\u00e9es et une alternative aux silicones. L&#8217;acide lactique \u00e9quilibre le Ph et est un bon hydratant.<br \/>\nLes masques fonctionnent g\u00e9n\u00e9ralement diff\u00e9remment pour divers types ethniques, l&#8217;\u00e9paisseur des cheveux, les climats et la g\u00e9ographie. M\u00eame la pollution, les changements saisonniers, le caract\u00e8re huileux du cuir chevelu et les conditions de l&#8217;eau peuvent affecter les performances. Ce revitalisant p\u00e9n\u00e9trant en profondeur est destin\u00e9 aux types de cheveux n\u00e9cessitant des propri\u00e9t\u00e9s revitalisantes suppl\u00e9mentaires.<br \/>\nApr\u00e8s un an de tests, cette formulation utilise des huiles de graines d&#8217;olive, de noix de coco, de ricin et de mousse de prairie pour redonner une \u00e9mollience naturelle \u00e0 la tige du cheveu, sans gras suppl\u00e9mentaire. Le panth\u00e9nol, la camomille, l&#8217;acide lactique et la gomme de guar modifi\u00e9e donnent la brillance aux cheveux. Il n\u2019 a aucun danger pour les cheveux color\u00e9s et permanent\u00e9s et un sauveur des piscines chlor\u00e9es lourdes, de l&#8217;eau sal\u00e9e ou des ravages des s\u00e9choirs sur les cheveux fris\u00e9s.<\/p>\n<p><strong>Mode d\u2019emploi :<\/strong><br \/>\nApr\u00e8s avoir rinc\u00e9 le SHAMPOOING &amp; REVITALISANT*, appliquer une noisette du MASQUE* appropri\u00e9 pour CHEVEUX AB\u00ceM\u00c9S sur les cheveux nettoy\u00e9s. Masser sur les longueurs et les pointes et laisser agir pendant 5 \u00e0 10 minutes. Rincer abondamment. Compl\u00e9ter votre soin avec le REVITALISANT SANS RIN\u00c7AGE*. Ne pas le rincer. Laisser plut\u00f4t les cheveux s\u00e9cher \u00e0 l\u2019air libre ou diffuser avec un s\u00e8che-cheveux (*Dr SERRAR\u00ae SERENA).<\/p>\n<p><strong> Avertissement: <\/strong><br \/>\nArr\u00eatez-vous au moindre changement ou r\u00e9action. Si n\u00e9cessaire, consultez un professionnel de la sant\u00e9 ou des informations sur la sant\u00e9 en cas de r\u00e9action allergique. Toute peau est diff\u00e9rente et r\u00e9agit diff\u00e9remment au m\u00eame cosm\u00e9tique. Nous ne fournissons pas de conseils personnalis\u00e9s, nous ne connaissons pas votre peau. Pour tout conseil personnalis\u00e9, notamment si vous suivez un traitement m\u00e9dical: consultez votre m\u00e9decin ou votre dermatologue. Ne modifiez jamais un traitement prescrit en fonction de ce que vous lisez sur Internet.<\/p>\n<p>&nbsp;<\/p>\n<p><span style=\"color: #005890;\"><strong>FABRIQU\u00c9 AU CANADA \u00a0 \u00a0\u00a0 | \u00a0 \u00a0\u00a0 CERTIFI\u00c9 GMP \u00a0 \u00a0\u00a0 | \u00a0 \u00a0\u00a0 SANS OGM\u00a0 \u00a0 \u00a0 |\u00a0 \u00a0 \u00a0 <span class=\"VIiyi\" lang=\"fr\"><span class=\"JLqJ4b ChMk0b\" data-language-for-alternatives=\"fr\" data-language-to-translate-into=\"en\" data-phrase-index=\"0\">LABORATOIRE CERTIFI\u00c9 ISO 17025<\/span><\/span><\/strong><\/span><\/p>\n","protected":false},"excerpt":{"rendered":"<p>\u00c0 Base De Noix De Coco (Permanent\u00e9s, Cr\u00e9pus, Color\u00e9s, S\u00e9chage, Piscines) Donne Brillance (R\u00e9duit La Perte De Prot\u00e9ines Dans La Tige Du Cheveu) Sans Parabens Conservateur Naturel \u00c9cologique Ayant d\u2019excellentes propri\u00e9t\u00e9s revitalisantes et brillance saine, ce masque comprend des prot\u00e9ines de pois, des acides amin\u00e9s de soie, des vitamines Pro B et E, de la [&hellip;]<\/p>\n","protected":false},"featured_media":9139,"template":"","meta":{"hide_page_title":"","_coblocks_attr":"","_coblocks_dimensions":"","_coblocks_responsive_height":"","_coblocks_accordion_ie_support":""},"product_cat":[27],"product_tag":[],"translation":{"provider":"WPGlobus","version":"3.0.1","language":"fr","enabled_languages":["en","es","fr","ar","pt","it"],"languages":{"en":{"title":true,"content":true,"excerpt":false},"es":{"title":false,"content":true,"excerpt":false},"fr":{"title":true,"content":true,"excerpt":false},"ar":{"title":false,"content":true,"excerpt":false},"pt":{"title":false,"content":true,"excerpt":false},"it":{"title":false,"content":true,"excerpt":false}}},"_links":{"self":[{"href":"https:\/\/www.serrarpharma.com\/fr\/wp-json\/wp\/v2\/product\/8351"}],"collection":[{"href":"https:\/\/www.serrarpharma.com\/fr\/wp-json\/wp\/v2\/product"}],"about":[{"href":"https:\/\/www.serrarpharma.com\/fr\/wp-json\/wp\/v2\/types\/product"}],"wp:featuredmedia":[{"embeddable":true,"href":"https:\/\/www.serrarpharma.com\/fr\/wp-json\/wp\/v2\/media\/9139"}],"wp:attachment":[{"href":"https:\/\/www.serrarpharma.com\/fr\/wp-json\/wp\/v2\/media?parent=8351"}],"wp:term":[{"taxonomy":"product_cat","embeddable":true,"href":"https:\/\/www.serrarpharma.com\/fr\/wp-json\/wp\/v2\/product_cat?post=8351"},{"taxonomy":"product_tag","embeddable":true,"href":"https:\/\/www.serrarpharma.com\/fr\/wp-json\/wp\/v2\/product_tag?post=8351"}],"curies":[{"name":"wp","href":"https:\/\/api.w.org\/{rel}","templated":true}]}}