{"id":8342,"date":"2020-09-20T22:03:29","date_gmt":"2020-09-20T22:03:29","guid":{"rendered":"https:\/\/www.serrarpharma.com\/?post_type=product&#038;p=8342"},"modified":"2024-08-21T22:12:33","modified_gmt":"2024-08-22T02:12:33","slug":"orange-peel-skin-cream","status":"publish","type":"product","link":"https:\/\/www.serrarpharma.com\/fr\/product\/orange-peel-skin-cream\/","title":{"rendered":"CR\u00c9ME POUR LA PEAU D\u2019ORANGE"},"content":{"rendered":"<p><img loading=\"lazy\" class=\"alignnone wp-image-11371\" src=\"https:\/\/i0.wp.com\/www.serrarpharma.com\/wp-content\/uploads\/2021\/04\/Made-in-CA.png?resize=70%2C70&#038;ssl=1\" alt=\"\" width=\"70\" height=\"70\" srcset=\"https:\/\/i0.wp.com\/www.serrarpharma.com\/wp-content\/uploads\/2021\/04\/Made-in-CA.png?w=150&amp;ssl=1 150w, https:\/\/i0.wp.com\/www.serrarpharma.com\/wp-content\/uploads\/2021\/04\/Made-in-CA.png?resize=100%2C100&amp;ssl=1 100w\" sizes=\"(max-width: 70px) 100vw, 70px\" data-recalc-dims=\"1\" \/><img loading=\"lazy\" class=\"alignnone wp-image-11370\" src=\"https:\/\/i0.wp.com\/www.serrarpharma.com\/wp-content\/uploads\/2021\/04\/GMP.png?resize=70%2C70&#038;ssl=1\" alt=\"\" width=\"70\" height=\"70\" srcset=\"https:\/\/i0.wp.com\/www.serrarpharma.com\/wp-content\/uploads\/2021\/04\/GMP.png?w=150&amp;ssl=1 150w, https:\/\/i0.wp.com\/www.serrarpharma.com\/wp-content\/uploads\/2021\/04\/GMP.png?resize=100%2C100&amp;ssl=1 100w\" sizes=\"(max-width: 70px) 100vw, 70px\" data-recalc-dims=\"1\" \/><img loading=\"lazy\" class=\"alignnone wp-image-11369\" src=\"https:\/\/i0.wp.com\/www.serrarpharma.com\/wp-content\/uploads\/2021\/04\/Nongmo.png?resize=70%2C70&#038;ssl=1\" alt=\"\" width=\"70\" height=\"70\" srcset=\"https:\/\/i0.wp.com\/www.serrarpharma.com\/wp-content\/uploads\/2021\/04\/Nongmo.png?w=150&amp;ssl=1 150w, https:\/\/i0.wp.com\/www.serrarpharma.com\/wp-content\/uploads\/2021\/04\/Nongmo.png?resize=100%2C100&amp;ssl=1 100w\" sizes=\"(max-width: 70px) 100vw, 70px\" data-recalc-dims=\"1\" \/><img loading=\"lazy\" class=\"alignnone wp-image-11799\" src=\"https:\/\/i0.wp.com\/www.serrarpharma.com\/wp-content\/uploads\/2021\/04\/ISO-07.png?resize=70%2C70&#038;ssl=1\" alt=\"\" width=\"70\" height=\"70\" srcset=\"https:\/\/i0.wp.com\/www.serrarpharma.com\/wp-content\/uploads\/2021\/04\/ISO-07.png?resize=300%2C300&amp;ssl=1 300w, https:\/\/i0.wp.com\/www.serrarpharma.com\/wp-content\/uploads\/2021\/04\/ISO-07.png?resize=150%2C150&amp;ssl=1 150w, https:\/\/i0.wp.com\/www.serrarpharma.com\/wp-content\/uploads\/2021\/04\/ISO-07.png?resize=100%2C100&amp;ssl=1 100w, https:\/\/i0.wp.com\/www.serrarpharma.com\/wp-content\/uploads\/2021\/04\/ISO-07.png?w=418&amp;ssl=1 418w\" sizes=\"(max-width: 70px) 100vw, 70px\" data-recalc-dims=\"1\" \/><\/p>\n<p><strong>\u00c0 Base De Glaucine<\/strong><br \/>\nSculpting &#8211; Slim<br \/>\nAnticellulite<br \/>\nRaffermissante<br \/>\nR\u00e9paratrice<br \/>\nHydratante<br \/>\nAntioxydante<br \/>\nCorps &#8211; Menton<br \/>\nSans Parabens<br \/>\nSans Huile Min\u00e9rale<br \/>\nSans Parfum Chimique<\/p>\n<p>\u00c0 base de glaucine, un ingr\u00e9dient qui stimule la lipolyse, diminue les cellules graisseuses, l&#8217;apparition de la cellulite et du double menton.<br \/>\nUn hydratant corporel complet pour hommes et femmes avec une action raffermissante et tonifiante. Les huiles adoucissantes de p\u00e9pins de raisin, de tournesol, d&#8217;amande douce et de beurre de karit\u00e9 donnent les performances d&#8217;une cr\u00e8me. Le squalane naturel \u00e0 base d&#8217;olive est tr\u00e8s efficace pour r\u00e9duire la s\u00e9cheresse, lisse la peau squameuse et cr\u00e9e une barri\u00e8re hydratante pour r\u00e9duire la perte d&#8217;eau transdermique. Il contient des extraits de gingko biloba et de feuille d&#8217;olivier, m\u00e9lang\u00e9s \u00e0 des th\u00e9s blancs, verts et rouges. Ceux-ci offrent un haut niveau de propri\u00e9t\u00e9s polyph\u00e9nols (anti-oxydants) fonctionnant comme des pi\u00e9geurs de radicaux libres. Cette cr\u00e8me est enrichie en vitamine E et vitamine B3 (niacine) qui devient de plus en plus importante pour la r\u00e9paration cutan\u00e9e.<\/p>\n<p><strong>Mode d\u2019emploi :<\/strong><br \/>\nVentre : masser dans un mouvement circulaire jusqu\u2019\u00e0 ce qu\u2019il soit compl\u00e8tement absorb\u00e9 dans votre peau.<br \/>\nJambes : appliquer du genou \u00e0 la cuisse dans un mouvement circulaire.<br \/>\nHanches et fesses : placer vos mains \u00e0 plat de chaque c\u00f4t\u00e9 du bassin et, dans un mouvement circulaire, masser vers la taille. Bras : masser du coude vers les \u00e9paules, en insistant sur l&#8217;int\u00e9rieur du bras.<\/p>\n<p><strong>Avertissement:<\/strong><br \/>\nArr\u00eatez-vous au moindre changement ou r\u00e9action. Si n\u00e9cessaire, consultez un professionnel de la sant\u00e9 ou des informations sur la sant\u00e9 en cas de r\u00e9action allergique.<br \/>\nChaque peau est diff\u00e9rente et r\u00e9agit diff\u00e9remment au m\u00eame cosm\u00e9tique. Nous ne fournissons pas de conseils personnalis\u00e9s, nous ne connaissons pas votre peau.<br \/>\nPour tout conseil personnalis\u00e9, notamment si vous suivez un traitement m\u00e9dical: consultez votre m\u00e9decin ou votre dermatologue.<br \/>\nNe modifiez jamais un traitement prescrit en fonction de ce que vous lisez sur Internet.<\/p>\n<p>&nbsp;<\/p>\n<p><span style=\"color: #005890;\"><strong>FABRIQU\u00c9 AU CANADA \u00a0 \u00a0\u00a0 | \u00a0 \u00a0\u00a0 CERTIFI\u00c9 GMP \u00a0 \u00a0\u00a0 | \u00a0 \u00a0\u00a0 SANS OGM\u00a0 \u00a0 \u00a0 |\u00a0 \u00a0 \u00a0 <span class=\"VIiyi\" lang=\"fr\"><span class=\"JLqJ4b ChMk0b\" data-language-for-alternatives=\"fr\" data-language-to-translate-into=\"en\" data-phrase-index=\"0\">LABORATOIRE CERTIFI\u00c9 ISO 17025<\/span><\/span><\/strong><\/span><\/p>\n","protected":false},"excerpt":{"rendered":"<p>\u00c0 Base De Glaucine Sculpting &#8211; Slim Anticellulite Raffermissante R\u00e9paratrice Hydratante Antioxydante Corps &#8211; Menton Sans Parabens Sans Huile Min\u00e9rale Sans Parfum Chimique \u00c0 base de glaucine, un ingr\u00e9dient qui stimule la lipolyse, diminue les cellules graisseuses, l&#8217;apparition de la cellulite et du double menton. Un hydratant corporel complet pour hommes et femmes avec une [&hellip;]<\/p>\n","protected":false},"featured_media":9158,"template":"","meta":{"hide_page_title":"","_coblocks_attr":"","_coblocks_dimensions":"","_coblocks_responsive_height":"","_coblocks_accordion_ie_support":""},"product_cat":[24],"product_tag":[],"translation":{"provider":"WPGlobus","version":"3.0.1","language":"fr","enabled_languages":["en","es","fr","ar","pt","it"],"languages":{"en":{"title":true,"content":true,"excerpt":false},"es":{"title":false,"content":true,"excerpt":false},"fr":{"title":true,"content":true,"excerpt":false},"ar":{"title":false,"content":true,"excerpt":false},"pt":{"title":false,"content":true,"excerpt":false},"it":{"title":false,"content":true,"excerpt":false}}},"_links":{"self":[{"href":"https:\/\/www.serrarpharma.com\/fr\/wp-json\/wp\/v2\/product\/8342"}],"collection":[{"href":"https:\/\/www.serrarpharma.com\/fr\/wp-json\/wp\/v2\/product"}],"about":[{"href":"https:\/\/www.serrarpharma.com\/fr\/wp-json\/wp\/v2\/types\/product"}],"wp:featuredmedia":[{"embeddable":true,"href":"https:\/\/www.serrarpharma.com\/fr\/wp-json\/wp\/v2\/media\/9158"}],"wp:attachment":[{"href":"https:\/\/www.serrarpharma.com\/fr\/wp-json\/wp\/v2\/media?parent=8342"}],"wp:term":[{"taxonomy":"product_cat","embeddable":true,"href":"https:\/\/www.serrarpharma.com\/fr\/wp-json\/wp\/v2\/product_cat?post=8342"},{"taxonomy":"product_tag","embeddable":true,"href":"https:\/\/www.serrarpharma.com\/fr\/wp-json\/wp\/v2\/product_tag?post=8342"}],"curies":[{"name":"wp","href":"https:\/\/api.w.org\/{rel}","templated":true}]}}