{"id":8339,"date":"2020-09-20T21:56:11","date_gmt":"2020-09-21T01:56:11","guid":{"rendered":"https:\/\/www.serrarpharma.com\/?post_type=product&#038;p=8339"},"modified":"2024-08-21T22:14:26","modified_gmt":"2024-08-22T02:14:26","slug":"cream-for-skin-condition","status":"publish","type":"product","link":"https:\/\/www.serrarpharma.com\/fr\/product\/cream-for-skin-condition\/","title":{"rendered":"CR\u00c9ME POUR LES PROBL\u00c8MES"},"content":{"rendered":"<p><img loading=\"lazy\" class=\"alignnone wp-image-11371\" src=\"https:\/\/i0.wp.com\/www.serrarpharma.com\/wp-content\/uploads\/2021\/04\/Made-in-CA.png?resize=70%2C70&#038;ssl=1\" alt=\"\" width=\"70\" height=\"70\" srcset=\"https:\/\/i0.wp.com\/www.serrarpharma.com\/wp-content\/uploads\/2021\/04\/Made-in-CA.png?w=150&amp;ssl=1 150w, https:\/\/i0.wp.com\/www.serrarpharma.com\/wp-content\/uploads\/2021\/04\/Made-in-CA.png?resize=100%2C100&amp;ssl=1 100w\" sizes=\"(max-width: 70px) 100vw, 70px\" data-recalc-dims=\"1\" \/><img loading=\"lazy\" class=\"alignnone wp-image-11370\" src=\"https:\/\/i0.wp.com\/www.serrarpharma.com\/wp-content\/uploads\/2021\/04\/GMP.png?resize=70%2C70&#038;ssl=1\" alt=\"\" width=\"70\" height=\"70\" srcset=\"https:\/\/i0.wp.com\/www.serrarpharma.com\/wp-content\/uploads\/2021\/04\/GMP.png?w=150&amp;ssl=1 150w, https:\/\/i0.wp.com\/www.serrarpharma.com\/wp-content\/uploads\/2021\/04\/GMP.png?resize=100%2C100&amp;ssl=1 100w\" sizes=\"(max-width: 70px) 100vw, 70px\" data-recalc-dims=\"1\" \/><img loading=\"lazy\" class=\"alignnone wp-image-11369\" src=\"https:\/\/i0.wp.com\/www.serrarpharma.com\/wp-content\/uploads\/2021\/04\/Nongmo.png?resize=70%2C70&#038;ssl=1\" alt=\"\" width=\"70\" height=\"70\" srcset=\"https:\/\/i0.wp.com\/www.serrarpharma.com\/wp-content\/uploads\/2021\/04\/Nongmo.png?w=150&amp;ssl=1 150w, https:\/\/i0.wp.com\/www.serrarpharma.com\/wp-content\/uploads\/2021\/04\/Nongmo.png?resize=100%2C100&amp;ssl=1 100w\" sizes=\"(max-width: 70px) 100vw, 70px\" data-recalc-dims=\"1\" \/><img loading=\"lazy\" class=\"alignnone wp-image-11799\" src=\"https:\/\/i0.wp.com\/www.serrarpharma.com\/wp-content\/uploads\/2021\/04\/ISO-07.png?resize=70%2C70&#038;ssl=1\" alt=\"\" width=\"70\" height=\"70\" srcset=\"https:\/\/i0.wp.com\/www.serrarpharma.com\/wp-content\/uploads\/2021\/04\/ISO-07.png?resize=300%2C300&amp;ssl=1 300w, https:\/\/i0.wp.com\/www.serrarpharma.com\/wp-content\/uploads\/2021\/04\/ISO-07.png?resize=150%2C150&amp;ssl=1 150w, https:\/\/i0.wp.com\/www.serrarpharma.com\/wp-content\/uploads\/2021\/04\/ISO-07.png?resize=100%2C100&amp;ssl=1 100w, https:\/\/i0.wp.com\/www.serrarpharma.com\/wp-content\/uploads\/2021\/04\/ISO-07.png?w=418&amp;ssl=1 418w\" sizes=\"(max-width: 70px) 100vw, 70px\" data-recalc-dims=\"1\" \/><\/p>\n<p><strong>Avec Om\u00e9ga-3<\/strong><br \/>\nR\u00e9g\u00e9n\u00e8re l\u2019eau<br \/>\nSans Parabens<br \/>\nSans Huile Min\u00e9rale<br \/>\nSans Parfum Chimique<\/p>\n<p>On a utilis\u00e9 des huiles de p\u00e9pins de raisin, de chanvre, d&#8217;amande douce et de tournesol press\u00e9es \u00e0 froid pour conserver leurs min\u00e9raux, vitamines et acides gras essentiels; ils fonctionnent \u00e9galement pour conditionner et reconstituer la peau. Nous avons constat\u00e9 que les om\u00e9ga-3 aident \u00e0 corriger les probl\u00e8mes de peau; g\u00e9n\u00e9ralement, le psoriasis, l&#8217;acn\u00e9 et l&#8217;ecz\u00e9ma. L&#8217;om\u00e9ga-3 se trouve dans l&#8217;huile de chanvre. Avec sa composition saine en acides gras essentiels (AGE), d&#8217;acides linol\u00e9ique (LA) et linol\u00e9nique (LNA) dans le rapport parfait de trois. Il contient \u00e9galement l&#8217;acide gamma-linol\u00e9nique (GLA) relativement rare dont le corps a besoin, mais ne produit pas. On a constat\u00e9 que l\u2019om\u00e9ga-3 aide \u00e0 corriger les probl\u00e8mes de peau; g\u00e9n\u00e9ralement, le psoriasis, l&#8217;acn\u00e9 et l&#8217;ecz\u00e9ma. Les propri\u00e9t\u00e9s suppl\u00e9mentaires du beurre de karit\u00e9, du th\u00e9 vert japonais, de la camomille, de l&#8217;aloe vera et de la vitamine E en font un excellent r\u00e9g\u00e9n\u00e9rateur de peau.<\/p>\n<p><strong>Mode d\u2019emploi :<\/strong><br \/>\nAppliquer une petite quantit\u00e9 sur l\u2019ensemble du corps, uniform\u00e9ment sur la peau probl\u00e9matique, et masser pour stimuler la circulation et bien faire p\u00e9n\u00e9trer la cr\u00e8me. Cette cr\u00e8me peut \u00eatre utilis\u00e9e quotidiennement.<\/p>\n<p><strong>Avertissement:<\/strong><br \/>\nArr\u00eatez-vous au moindre changement ou r\u00e9action. Si n\u00e9cessaire, consultez un professionnel de la sant\u00e9 ou des informations sur la sant\u00e9 en cas de r\u00e9action allergique.<br \/>\nChaque peau est diff\u00e9rente et r\u00e9agit diff\u00e9remment au m\u00eame cosm\u00e9tique. Nous ne fournissons pas de conseils personnalis\u00e9s, nous ne connaissons pas votre peau.<br \/>\nPour tout conseil personnalis\u00e9, notamment si vous suivez un traitement m\u00e9dical: consultez votre m\u00e9decin ou votre dermatologue.<br \/>\nNe modifiez jamais un traitement prescrit en fonction de ce que vous lisez sur Internet.<\/p>\n<p>&nbsp;<\/p>\n<p><span style=\"color: #005890;\"><strong>FABRIQU\u00c9 AU CANADA \u00a0 \u00a0\u00a0 | \u00a0 \u00a0\u00a0 CERTIFI\u00c9 GMP \u00a0 \u00a0\u00a0 | \u00a0 \u00a0\u00a0 SANS OGM\u00a0 \u00a0 \u00a0 |\u00a0 \u00a0 \u00a0 <span class=\"VIiyi\" lang=\"fr\"><span class=\"JLqJ4b ChMk0b\" data-language-for-alternatives=\"fr\" data-language-to-translate-into=\"en\" data-phrase-index=\"0\">LABORATOIRE CERTIFI\u00c9 ISO 17025<\/span><\/span><\/strong><\/span><\/p>\n","protected":false},"excerpt":{"rendered":"<p>Avec Om\u00e9ga-3 R\u00e9g\u00e9n\u00e8re l\u2019eau Sans Parabens Sans Huile Min\u00e9rale Sans Parfum Chimique On a utilis\u00e9 des huiles de p\u00e9pins de raisin, de chanvre, d&#8217;amande douce et de tournesol press\u00e9es \u00e0 froid pour conserver leurs min\u00e9raux, vitamines et acides gras essentiels; ils fonctionnent \u00e9galement pour conditionner et reconstituer la peau. Nous avons constat\u00e9 que les om\u00e9ga-3 [&hellip;]<\/p>\n","protected":false},"featured_media":9157,"template":"","meta":{"hide_page_title":"","_coblocks_attr":"","_coblocks_dimensions":"","_coblocks_responsive_height":"","_coblocks_accordion_ie_support":""},"product_cat":[24],"product_tag":[],"translation":{"provider":"WPGlobus","version":"3.0.1","language":"fr","enabled_languages":["en","es","fr","ar","pt","it"],"languages":{"en":{"title":true,"content":true,"excerpt":false},"es":{"title":false,"content":true,"excerpt":false},"fr":{"title":true,"content":true,"excerpt":false},"ar":{"title":false,"content":true,"excerpt":false},"pt":{"title":false,"content":true,"excerpt":false},"it":{"title":false,"content":true,"excerpt":false}}},"_links":{"self":[{"href":"https:\/\/www.serrarpharma.com\/fr\/wp-json\/wp\/v2\/product\/8339"}],"collection":[{"href":"https:\/\/www.serrarpharma.com\/fr\/wp-json\/wp\/v2\/product"}],"about":[{"href":"https:\/\/www.serrarpharma.com\/fr\/wp-json\/wp\/v2\/types\/product"}],"wp:featuredmedia":[{"embeddable":true,"href":"https:\/\/www.serrarpharma.com\/fr\/wp-json\/wp\/v2\/media\/9157"}],"wp:attachment":[{"href":"https:\/\/www.serrarpharma.com\/fr\/wp-json\/wp\/v2\/media?parent=8339"}],"wp:term":[{"taxonomy":"product_cat","embeddable":true,"href":"https:\/\/www.serrarpharma.com\/fr\/wp-json\/wp\/v2\/product_cat?post=8339"},{"taxonomy":"product_tag","embeddable":true,"href":"https:\/\/www.serrarpharma.com\/fr\/wp-json\/wp\/v2\/product_tag?post=8339"}],"curies":[{"name":"wp","href":"https:\/\/api.w.org\/{rel}","templated":true}]}}