{"id":8336,"date":"2020-09-20T21:53:13","date_gmt":"2020-09-20T21:53:13","guid":{"rendered":"https:\/\/www.serrarpharma.com\/?post_type=product&#038;p=8336"},"modified":"2024-08-21T22:16:43","modified_gmt":"2024-08-22T02:16:43","slug":"cream-for-scars","status":"publish","type":"product","link":"https:\/\/www.serrarpharma.com\/fr\/product\/cream-for-scars\/","title":{"rendered":"CR\u00c8ME POUR LES CICATRICES"},"content":{"rendered":"<p><img loading=\"lazy\" class=\"alignnone wp-image-11371\" src=\"https:\/\/i0.wp.com\/www.serrarpharma.com\/wp-content\/uploads\/2021\/04\/Made-in-CA.png?resize=70%2C70&#038;ssl=1\" alt=\"\" width=\"70\" height=\"70\" srcset=\"https:\/\/i0.wp.com\/www.serrarpharma.com\/wp-content\/uploads\/2021\/04\/Made-in-CA.png?w=150&amp;ssl=1 150w, https:\/\/i0.wp.com\/www.serrarpharma.com\/wp-content\/uploads\/2021\/04\/Made-in-CA.png?resize=100%2C100&amp;ssl=1 100w\" sizes=\"(max-width: 70px) 100vw, 70px\" data-recalc-dims=\"1\" \/><img loading=\"lazy\" class=\"alignnone wp-image-11370\" src=\"https:\/\/i0.wp.com\/www.serrarpharma.com\/wp-content\/uploads\/2021\/04\/GMP.png?resize=70%2C70&#038;ssl=1\" alt=\"\" width=\"70\" height=\"70\" srcset=\"https:\/\/i0.wp.com\/www.serrarpharma.com\/wp-content\/uploads\/2021\/04\/GMP.png?w=150&amp;ssl=1 150w, https:\/\/i0.wp.com\/www.serrarpharma.com\/wp-content\/uploads\/2021\/04\/GMP.png?resize=100%2C100&amp;ssl=1 100w\" sizes=\"(max-width: 70px) 100vw, 70px\" data-recalc-dims=\"1\" \/><img loading=\"lazy\" class=\"alignnone wp-image-11369\" src=\"https:\/\/i0.wp.com\/www.serrarpharma.com\/wp-content\/uploads\/2021\/04\/Nongmo.png?resize=70%2C70&#038;ssl=1\" alt=\"\" width=\"70\" height=\"70\" srcset=\"https:\/\/i0.wp.com\/www.serrarpharma.com\/wp-content\/uploads\/2021\/04\/Nongmo.png?w=150&amp;ssl=1 150w, https:\/\/i0.wp.com\/www.serrarpharma.com\/wp-content\/uploads\/2021\/04\/Nongmo.png?resize=100%2C100&amp;ssl=1 100w\" sizes=\"(max-width: 70px) 100vw, 70px\" data-recalc-dims=\"1\" \/><img loading=\"lazy\" class=\"alignnone wp-image-11799\" src=\"https:\/\/i0.wp.com\/www.serrarpharma.com\/wp-content\/uploads\/2021\/04\/ISO-07.png?resize=70%2C70&#038;ssl=1\" alt=\"\" width=\"70\" height=\"70\" srcset=\"https:\/\/i0.wp.com\/www.serrarpharma.com\/wp-content\/uploads\/2021\/04\/ISO-07.png?resize=300%2C300&amp;ssl=1 300w, https:\/\/i0.wp.com\/www.serrarpharma.com\/wp-content\/uploads\/2021\/04\/ISO-07.png?resize=150%2C150&amp;ssl=1 150w, https:\/\/i0.wp.com\/www.serrarpharma.com\/wp-content\/uploads\/2021\/04\/ISO-07.png?resize=100%2C100&amp;ssl=1 100w, https:\/\/i0.wp.com\/www.serrarpharma.com\/wp-content\/uploads\/2021\/04\/ISO-07.png?w=418&amp;ssl=1 418w\" sizes=\"(max-width: 70px) 100vw, 70px\" data-recalc-dims=\"1\" \/><\/p>\n<p><strong>\u00c0 Base De Cacao<\/strong><br \/>\nCicatrisante<br \/>\nNourrissante<br \/>\nAntioxydant<br \/>\nSans Parabens<br \/>\nSans Huile Min\u00e9rale<br \/>\nSans Parfum Chimique<\/p>\n<p>Indications :<br \/>\nCette cr\u00e8me comprend du beurre de cacao et du beurre de karit\u00e9 qui ont des avantages historiques pour la peau. Les cicatrices et les imperfections ont su gu\u00e9rir gr\u00e2ce \u00e0 ces huiles nourrissantes. De plus, nous incluons de la vitamine E et du th\u00e9 vert japonais pour aider \u00e0 combattre les radicaux libres.<br \/>\nIl semble que de nombreuses entreprises appellent leur propyl\u00e8ne glycol, propanediol. Le produit que nous utilisons s&#8217;appelle Zemea\u00ae de DuPont Tate &amp; Lyle BioProducts, qui sont de gros distributeurs de sucre. Le produit lui-m\u00eame est issu d&#8217;un processus de fermentation \u00e0 partir de ma\u00efs, \u00e9co-certifi\u00e9 et biod\u00e9gradable.<br \/>\nMode d\u2019emploi :<br \/>\nAppliquer une petite quantit\u00e9 uniform\u00e9ment sur la peau cicatris\u00e9e et masser pour stimuler la circulation et bien faire p\u00e9n\u00e9trer la cr\u00e8me. Cette cr\u00e8me peut \u00eatre utilis\u00e9e quotidiennement.<\/p>\n<p><strong>Avertissement:<\/strong><br \/>\nArr\u00eatez-vous au moindre changement ou r\u00e9action. Si n\u00e9cessaire, consultez un professionnel de la sant\u00e9 ou des informations sur la sant\u00e9 en cas de r\u00e9action allergique.<br \/>\nChaque peau est diff\u00e9rente et r\u00e9agit diff\u00e9remment au m\u00eame cosm\u00e9tique. Nous ne fournissons pas de conseils personnalis\u00e9s, nous ne connaissons pas votre peau.<br \/>\nPour tout conseil personnalis\u00e9, notamment si vous suivez un traitement m\u00e9dical: consultez votre m\u00e9decin ou votre dermatologue.<br \/>\nNe modifiez jamais un traitement prescrit en fonction de ce que vous lisez sur Internet.<\/p>\n<p>&nbsp;<\/p>\n<p><span style=\"color: #005890;\"><strong>FABRIQU\u00c9 AU CANADA \u00a0 \u00a0\u00a0 | \u00a0 \u00a0\u00a0 CERTIFI\u00c9 GMP \u00a0 \u00a0\u00a0 | \u00a0 \u00a0\u00a0 SANS OGM\u00a0 \u00a0 \u00a0 |\u00a0 \u00a0 \u00a0 <span class=\"VIiyi\" lang=\"fr\"><span class=\"JLqJ4b ChMk0b\" data-language-for-alternatives=\"fr\" data-language-to-translate-into=\"en\" data-phrase-index=\"0\">LABORATOIRE CERTIFI\u00c9 ISO 17025<\/span><\/span><\/strong><\/span><\/p>\n","protected":false},"excerpt":{"rendered":"<p>\u00c0 Base De Cacao Cicatrisante Nourrissante Antioxydant Sans Parabens Sans Huile Min\u00e9rale Sans Parfum Chimique Indications : Cette cr\u00e8me comprend du beurre de cacao et du beurre de karit\u00e9 qui ont des avantages historiques pour la peau. Les cicatrices et les imperfections ont su gu\u00e9rir gr\u00e2ce \u00e0 ces huiles nourrissantes. De plus, nous incluons de [&hellip;]<\/p>\n","protected":false},"featured_media":9161,"template":"","meta":{"hide_page_title":"","_coblocks_attr":"","_coblocks_dimensions":"","_coblocks_responsive_height":"","_coblocks_accordion_ie_support":""},"product_cat":[24],"product_tag":[],"translation":{"provider":"WPGlobus","version":"3.0.1","language":"fr","enabled_languages":["en","es","fr","ar","pt","it"],"languages":{"en":{"title":true,"content":true,"excerpt":false},"es":{"title":false,"content":true,"excerpt":false},"fr":{"title":true,"content":true,"excerpt":false},"ar":{"title":false,"content":true,"excerpt":false},"pt":{"title":false,"content":true,"excerpt":false},"it":{"title":false,"content":true,"excerpt":false}}},"_links":{"self":[{"href":"https:\/\/www.serrarpharma.com\/fr\/wp-json\/wp\/v2\/product\/8336"}],"collection":[{"href":"https:\/\/www.serrarpharma.com\/fr\/wp-json\/wp\/v2\/product"}],"about":[{"href":"https:\/\/www.serrarpharma.com\/fr\/wp-json\/wp\/v2\/types\/product"}],"wp:featuredmedia":[{"embeddable":true,"href":"https:\/\/www.serrarpharma.com\/fr\/wp-json\/wp\/v2\/media\/9161"}],"wp:attachment":[{"href":"https:\/\/www.serrarpharma.com\/fr\/wp-json\/wp\/v2\/media?parent=8336"}],"wp:term":[{"taxonomy":"product_cat","embeddable":true,"href":"https:\/\/www.serrarpharma.com\/fr\/wp-json\/wp\/v2\/product_cat?post=8336"},{"taxonomy":"product_tag","embeddable":true,"href":"https:\/\/www.serrarpharma.com\/fr\/wp-json\/wp\/v2\/product_tag?post=8336"}],"curies":[{"name":"wp","href":"https:\/\/api.w.org\/{rel}","templated":true}]}}