{"id":8333,"date":"2020-09-20T21:51:23","date_gmt":"2020-09-20T21:51:23","guid":{"rendered":"https:\/\/www.serrarpharma.com\/?post_type=product&#038;p=8333"},"modified":"2024-08-21T22:19:47","modified_gmt":"2024-08-22T02:19:47","slug":"baby-cream","status":"publish","type":"product","link":"https:\/\/www.serrarpharma.com\/fr\/product\/baby-cream\/","title":{"rendered":"CR\u00c8ME POUR B\u00c9B\u00c9"},"content":{"rendered":"<p><img loading=\"lazy\" class=\"alignnone wp-image-11371\" src=\"https:\/\/i0.wp.com\/www.serrarpharma.com\/wp-content\/uploads\/2021\/04\/Made-in-CA.png?resize=70%2C70&#038;ssl=1\" alt=\"\" width=\"70\" height=\"70\" srcset=\"https:\/\/i0.wp.com\/www.serrarpharma.com\/wp-content\/uploads\/2021\/04\/Made-in-CA.png?w=150&amp;ssl=1 150w, https:\/\/i0.wp.com\/www.serrarpharma.com\/wp-content\/uploads\/2021\/04\/Made-in-CA.png?resize=100%2C100&amp;ssl=1 100w\" sizes=\"(max-width: 70px) 100vw, 70px\" data-recalc-dims=\"1\" \/><img loading=\"lazy\" class=\"alignnone wp-image-11370\" src=\"https:\/\/i0.wp.com\/www.serrarpharma.com\/wp-content\/uploads\/2021\/04\/GMP.png?resize=70%2C70&#038;ssl=1\" alt=\"\" width=\"70\" height=\"70\" srcset=\"https:\/\/i0.wp.com\/www.serrarpharma.com\/wp-content\/uploads\/2021\/04\/GMP.png?w=150&amp;ssl=1 150w, https:\/\/i0.wp.com\/www.serrarpharma.com\/wp-content\/uploads\/2021\/04\/GMP.png?resize=100%2C100&amp;ssl=1 100w\" sizes=\"(max-width: 70px) 100vw, 70px\" data-recalc-dims=\"1\" \/><img loading=\"lazy\" class=\"alignnone wp-image-11369\" src=\"https:\/\/i0.wp.com\/www.serrarpharma.com\/wp-content\/uploads\/2021\/04\/Nongmo.png?resize=70%2C70&#038;ssl=1\" alt=\"\" width=\"70\" height=\"70\" srcset=\"https:\/\/i0.wp.com\/www.serrarpharma.com\/wp-content\/uploads\/2021\/04\/Nongmo.png?w=150&amp;ssl=1 150w, https:\/\/i0.wp.com\/www.serrarpharma.com\/wp-content\/uploads\/2021\/04\/Nongmo.png?resize=100%2C100&amp;ssl=1 100w\" sizes=\"(max-width: 70px) 100vw, 70px\" data-recalc-dims=\"1\" \/><img loading=\"lazy\" class=\"alignnone wp-image-11799\" src=\"https:\/\/i0.wp.com\/www.serrarpharma.com\/wp-content\/uploads\/2021\/04\/ISO-07.png?resize=70%2C70&#038;ssl=1\" alt=\"\" width=\"70\" height=\"70\" srcset=\"https:\/\/i0.wp.com\/www.serrarpharma.com\/wp-content\/uploads\/2021\/04\/ISO-07.png?resize=300%2C300&amp;ssl=1 300w, https:\/\/i0.wp.com\/www.serrarpharma.com\/wp-content\/uploads\/2021\/04\/ISO-07.png?resize=150%2C150&amp;ssl=1 150w, https:\/\/i0.wp.com\/www.serrarpharma.com\/wp-content\/uploads\/2021\/04\/ISO-07.png?resize=100%2C100&amp;ssl=1 100w, https:\/\/i0.wp.com\/www.serrarpharma.com\/wp-content\/uploads\/2021\/04\/ISO-07.png?w=418&amp;ssl=1 418w\" sizes=\"(max-width: 70px) 100vw, 70px\" data-recalc-dims=\"1\" \/><\/p>\n<p><strong>\u00c0 Base D\u2019abeille<\/strong><br \/>\nHydratante<br \/>\nVergetures<br \/>\nMains de Jardiniers<br \/>\nHiver<br \/>\nVEGAN<br \/>\nSans Parabens<br \/>\nSans Huile Min\u00e9rale<br \/>\nSans Parfum Chimique<\/p>\n<p>Une cr\u00e8me de nuit traditionnelle en cire d&#8217;abeille et borax dont les origines remontent \u00e0 100 ans. Elle est plus que 99% naturel, hautement \u00e9mollient. Elle contient des ingr\u00e9dients \u00e0 base d&#8217;une \u00e9mulsion de cr\u00e8me \u00e9paisse cr\u00e9\u00e9e par une r\u00e9action de la cire d&#8217;abeille et du borax (obtenu \u00e0 partir de la roche s\u00e9dimentaire). Un beurre \u00e0 la texture ferme qui fond au contact de la peau et s&#8217;\u00e9tale facilement. Des co-\u00e9mulsifiants d&#8217;origine v\u00e9g\u00e9tale, de l&#8217;huile de noix de coco biologique, de la glyc\u00e9rine et de la vitamine E sont combin\u00e9s \u00e0 une impressionnante teneur en huile naturelle<br \/>\nSi vous avez besoin d&#8217;un hydratant qui cible les peaux s\u00e8ches ou \u00e0 probl\u00e8mes, l&#8217;utilisation d&#8217;huile de chanvre et d&#8217;olive biologique press\u00e9e \u00e0 froid pr\u00e9sente des avantages. Les propri\u00e9t\u00e9s r\u00e9paratrices proviennent de la r\u00e9tention des acides gras essentiels et de la pr\u00e9servation de la teneur en vitamines. Peut-\u00eatre une \u00abcr\u00e8me barri\u00e8re pour les b\u00e9b\u00e9s\u00bb, \u00abcr\u00e8me pour les mains de jardinier\u00bb, \u00abcr\u00e8me contre les vergetures\u00bb, \u00abcr\u00e8me de tpe hiver\u00bb ou un \u00abrevitalisant pour les cuticules\u00bb. L&#8217;application est large et vari\u00e9e, avec un degr\u00e9 \u00e9lev\u00e9 de satisfaction des clients. Nourrissant et doux pour les peaux sensibles, il n&#8217;a cependant pas la sensation d&#8217;\u00eatre gras. Ce produit peut \u00eatre utilis\u00e9 de diff\u00e9rentes mani\u00e8res (talons, pieds, coudes ou genoux rugueux).<\/p>\n<p><strong>Mode d\u2019emploi :<\/strong><br \/>\nUtiliser pour tout le corps, sp\u00e9cifiquement des zones rugueuses et s\u00e8ches comme les talons, les pieds, les coudes et les genoux. \u00c9tant naturel, \u00e9paisse et durable, cette cr\u00e8me est capable d&#8217;hydrater la peau la plus s\u00e8che. Masser pour stimuler la circulation et bien faire p\u00e9n\u00e9trer la cr\u00e8me. Cette cr\u00e8me peut \u00eatre utilis\u00e9e quotidiennement.<\/p>\n<p><strong>Avertissement:<\/strong><br \/>\nArr\u00eatez-vous au moindre changement ou r\u00e9action. Si n\u00e9cessaire, consultez un professionnel de la sant\u00e9 ou des informations sur la sant\u00e9 en cas de r\u00e9action allergique.<br \/>\nChaque peau est diff\u00e9rente et r\u00e9agit diff\u00e9remment au m\u00eame cosm\u00e9tique. Nous ne fournissons pas de conseils personnalis\u00e9s, nous ne connaissons pas votre peau.<br \/>\nPour tout conseil personnalis\u00e9, notamment si vous suivez un traitement m\u00e9dical: consultez votre m\u00e9decin ou votre dermatologue.<br \/>\nNe modifiez jamais un traitement prescrit en fonction de ce que vous lisez sur Internet.<\/p>\n<p>&nbsp;<\/p>\n<p><span style=\"color: #005890;\"><strong>FABRIQU\u00c9 AU CANADA \u00a0 \u00a0\u00a0 | \u00a0 \u00a0\u00a0 CERTIFI\u00c9 GMP \u00a0 \u00a0\u00a0 | \u00a0 \u00a0\u00a0 SANS OGM\u00a0 \u00a0 \u00a0 |\u00a0 \u00a0 \u00a0 <span class=\"VIiyi\" lang=\"fr\"><span class=\"JLqJ4b ChMk0b\" data-language-for-alternatives=\"fr\" data-language-to-translate-into=\"en\" data-phrase-index=\"0\">LABORATOIRE CERTIFI\u00c9 ISO 17025<\/span><\/span><\/strong><\/span><\/p>\n","protected":false},"excerpt":{"rendered":"<p>\u00c0 Base D\u2019abeille Hydratante Vergetures Mains de Jardiniers Hiver VEGAN Sans Parabens Sans Huile Min\u00e9rale Sans Parfum Chimique Une cr\u00e8me de nuit traditionnelle en cire d&#8217;abeille et borax dont les origines remontent \u00e0 100 ans. Elle est plus que 99% naturel, hautement \u00e9mollient. Elle contient des ingr\u00e9dients \u00e0 base d&#8217;une \u00e9mulsion de cr\u00e8me \u00e9paisse cr\u00e9\u00e9e [&hellip;]<\/p>\n","protected":false},"featured_media":9162,"template":"","meta":{"hide_page_title":"","_coblocks_attr":"","_coblocks_dimensions":"","_coblocks_responsive_height":"","_coblocks_accordion_ie_support":""},"product_cat":[24],"product_tag":[],"translation":{"provider":"WPGlobus","version":"3.0.1","language":"fr","enabled_languages":["en","es","fr","ar","pt","it"],"languages":{"en":{"title":true,"content":true,"excerpt":false},"es":{"title":false,"content":true,"excerpt":false},"fr":{"title":true,"content":true,"excerpt":false},"ar":{"title":false,"content":true,"excerpt":false},"pt":{"title":false,"content":true,"excerpt":false},"it":{"title":false,"content":true,"excerpt":false}}},"_links":{"self":[{"href":"https:\/\/www.serrarpharma.com\/fr\/wp-json\/wp\/v2\/product\/8333"}],"collection":[{"href":"https:\/\/www.serrarpharma.com\/fr\/wp-json\/wp\/v2\/product"}],"about":[{"href":"https:\/\/www.serrarpharma.com\/fr\/wp-json\/wp\/v2\/types\/product"}],"wp:featuredmedia":[{"embeddable":true,"href":"https:\/\/www.serrarpharma.com\/fr\/wp-json\/wp\/v2\/media\/9162"}],"wp:attachment":[{"href":"https:\/\/www.serrarpharma.com\/fr\/wp-json\/wp\/v2\/media?parent=8333"}],"wp:term":[{"taxonomy":"product_cat","embeddable":true,"href":"https:\/\/www.serrarpharma.com\/fr\/wp-json\/wp\/v2\/product_cat?post=8333"},{"taxonomy":"product_tag","embeddable":true,"href":"https:\/\/www.serrarpharma.com\/fr\/wp-json\/wp\/v2\/product_tag?post=8333"}],"curies":[{"name":"wp","href":"https:\/\/api.w.org\/{rel}","templated":true}]}}