{"id":8332,"date":"2020-09-20T21:50:07","date_gmt":"2020-09-20T21:50:07","guid":{"rendered":"https:\/\/www.serrarpharma.com\/?post_type=product&#038;p=8332"},"modified":"2024-08-21T22:21:24","modified_gmt":"2024-08-22T02:21:24","slug":"lip-protection","status":"publish","type":"product","link":"https:\/\/www.serrarpharma.com\/fr\/product\/lip-protection\/","title":{"rendered":"PROTECTION L\u00c8VRES"},"content":{"rendered":"<p><img loading=\"lazy\" class=\"alignnone wp-image-11371\" src=\"https:\/\/i0.wp.com\/www.serrarpharma.com\/wp-content\/uploads\/2021\/04\/Made-in-CA.png?resize=70%2C70&#038;ssl=1\" alt=\"\" width=\"70\" height=\"70\" srcset=\"https:\/\/i0.wp.com\/www.serrarpharma.com\/wp-content\/uploads\/2021\/04\/Made-in-CA.png?w=150&amp;ssl=1 150w, https:\/\/i0.wp.com\/www.serrarpharma.com\/wp-content\/uploads\/2021\/04\/Made-in-CA.png?resize=100%2C100&amp;ssl=1 100w\" sizes=\"(max-width: 70px) 100vw, 70px\" data-recalc-dims=\"1\" \/><img loading=\"lazy\" class=\"alignnone wp-image-11370\" src=\"https:\/\/i0.wp.com\/www.serrarpharma.com\/wp-content\/uploads\/2021\/04\/GMP.png?resize=70%2C70&#038;ssl=1\" alt=\"\" width=\"70\" height=\"70\" srcset=\"https:\/\/i0.wp.com\/www.serrarpharma.com\/wp-content\/uploads\/2021\/04\/GMP.png?w=150&amp;ssl=1 150w, https:\/\/i0.wp.com\/www.serrarpharma.com\/wp-content\/uploads\/2021\/04\/GMP.png?resize=100%2C100&amp;ssl=1 100w\" sizes=\"(max-width: 70px) 100vw, 70px\" data-recalc-dims=\"1\" \/><img loading=\"lazy\" class=\"alignnone wp-image-11369\" src=\"https:\/\/i0.wp.com\/www.serrarpharma.com\/wp-content\/uploads\/2021\/04\/Nongmo.png?resize=70%2C70&#038;ssl=1\" alt=\"\" width=\"70\" height=\"70\" srcset=\"https:\/\/i0.wp.com\/www.serrarpharma.com\/wp-content\/uploads\/2021\/04\/Nongmo.png?w=150&amp;ssl=1 150w, https:\/\/i0.wp.com\/www.serrarpharma.com\/wp-content\/uploads\/2021\/04\/Nongmo.png?resize=100%2C100&amp;ssl=1 100w\" sizes=\"(max-width: 70px) 100vw, 70px\" data-recalc-dims=\"1\" \/><img loading=\"lazy\" class=\"alignnone wp-image-11799\" src=\"https:\/\/i0.wp.com\/www.serrarpharma.com\/wp-content\/uploads\/2021\/04\/ISO-07.png?resize=70%2C70&#038;ssl=1\" alt=\"\" width=\"70\" height=\"70\" srcset=\"https:\/\/i0.wp.com\/www.serrarpharma.com\/wp-content\/uploads\/2021\/04\/ISO-07.png?resize=300%2C300&amp;ssl=1 300w, https:\/\/i0.wp.com\/www.serrarpharma.com\/wp-content\/uploads\/2021\/04\/ISO-07.png?resize=150%2C150&amp;ssl=1 150w, https:\/\/i0.wp.com\/www.serrarpharma.com\/wp-content\/uploads\/2021\/04\/ISO-07.png?resize=100%2C100&amp;ssl=1 100w, https:\/\/i0.wp.com\/www.serrarpharma.com\/wp-content\/uploads\/2021\/04\/ISO-07.png?w=418&amp;ssl=1 418w\" sizes=\"(max-width: 70px) 100vw, 70px\" data-recalc-dims=\"1\" \/><\/p>\n<p><strong>Avec Om\u00e9ga-3<br \/>\nChanvre<\/strong><br \/>\nHydrate<br \/>\nApaise<br \/>\nL\u00e8vres Dess\u00e9ch\u00e9es<br \/>\nPropri\u00e9t\u00e9s R\u00e9paratrices<br \/>\nL\u00e8vres Charnues<br \/>\nNaturel<br \/>\nSans Conservateur<br \/>\nSans Parabens<br \/>\nSans Huile Min\u00e9rale<br \/>\nSans Parfum Chimique<\/p>\n<p>Comme une couverture d\u2019hydratation r\u00e9confortante, ce baume v\u00e9g\u00e9talien et soyeux scelle l\u2019hydratation des l\u00e8vres pendant des heures. Il apaise les l\u00e8vres dess\u00e9ch\u00e9es tout en scellant l\u2019hydratation, pour laisser des l\u00e8vres charnues sur demande. Pr\u00e9parez-vous \u00e0 ce que vos l\u00e8vres soient les plus douces et les plus lisses qui soient.<\/p>\n<p><strong>Mode d\u2019emploi :<\/strong><br \/>\nUtiliser quotidiennement pendant la journ\u00e9e ou comme masque nourrissant pour les l\u00e8vres pendant la nuit.<\/p>\n<p><strong>Informations sur les ingr\u00e9dients :<\/strong><br \/>\nCe produit est \u00e0 base d\u2019Om\u00e9ga-3, d&#8217;huile de chanvre, d&#8217;huile de ricin, d&#8217;huile d&#8217;olive, de beurre de karit\u00e9 et d&#8217;huile de graines de meadoweadow. L&#8217;huile de chanvre contient des vitamines, des min\u00e9raux et des om\u00e9ga 3 et 6 suppl\u00e9mentaires, avec des propri\u00e9t\u00e9s r\u00e9paratrices.<br \/>\nCe produit, \u00e9galement v\u00e9g\u00e9talien, non test\u00e9 sur les animaux et sans gluten, est offert dans un emballage recyclable et est sans danger pour les r\u00e9cifs.<\/p>\n<p><strong>Avertissement:<\/strong><br \/>\nArr\u00eatez-vous au moindre changement ou r\u00e9action. Si n\u00e9cessaire, consultez un professionnel de la sant\u00e9 ou des informations sur la sant\u00e9 en cas de r\u00e9action allergique.<br \/>\nChaque peau est diff\u00e9rente et r\u00e9agit diff\u00e9remment au m\u00eame cosm\u00e9tique. Nous ne fournissons pas de conseils personnalis\u00e9s, nous ne connaissons pas votre peau.<br \/>\nPour tout conseil personnalis\u00e9, notamment si vous suivez un traitement m\u00e9dical: consultez votre m\u00e9decin ou votre dermatologue.<br \/>\nNe modifiez jamais un traitement prescrit en fonction de ce que vous lisez sur Internet.<\/p>\n<p>&nbsp;<\/p>\n<p><span style=\"color: #005890;\"><strong>FABRIQU\u00c9 AU CANADA \u00a0 \u00a0\u00a0 | \u00a0 \u00a0\u00a0 CERTIFI\u00c9 GMP \u00a0 \u00a0\u00a0 | \u00a0 \u00a0\u00a0 SANS OGM\u00a0 \u00a0 \u00a0 |\u00a0 \u00a0 \u00a0 <span class=\"VIiyi\" lang=\"fr\"><span class=\"JLqJ4b ChMk0b\" data-language-for-alternatives=\"fr\" data-language-to-translate-into=\"en\" data-phrase-index=\"0\">LABORATOIRE CERTIFI\u00c9 ISO 17025<\/span><\/span><\/strong><\/span><\/p>\n","protected":false},"excerpt":{"rendered":"<p>Avec Om\u00e9ga-3 Chanvre Hydrate Apaise L\u00e8vres Dess\u00e9ch\u00e9es Propri\u00e9t\u00e9s R\u00e9paratrices L\u00e8vres Charnues Naturel Sans Conservateur Sans Parabens Sans Huile Min\u00e9rale Sans Parfum Chimique Comme une couverture d\u2019hydratation r\u00e9confortante, ce baume v\u00e9g\u00e9talien et soyeux scelle l\u2019hydratation des l\u00e8vres pendant des heures. Il apaise les l\u00e8vres dess\u00e9ch\u00e9es tout en scellant l\u2019hydratation, pour laisser des l\u00e8vres charnues sur demande. [&hellip;]<\/p>\n","protected":false},"featured_media":9156,"template":"","meta":{"hide_page_title":"","_coblocks_attr":"","_coblocks_dimensions":"","_coblocks_responsive_height":"","_coblocks_accordion_ie_support":""},"product_cat":[24],"product_tag":[],"translation":{"provider":"WPGlobus","version":"3.0.1","language":"fr","enabled_languages":["en","es","fr","ar","pt","it"],"languages":{"en":{"title":true,"content":true,"excerpt":false},"es":{"title":false,"content":true,"excerpt":false},"fr":{"title":true,"content":true,"excerpt":false},"ar":{"title":false,"content":true,"excerpt":false},"pt":{"title":false,"content":true,"excerpt":false},"it":{"title":false,"content":true,"excerpt":false}}},"_links":{"self":[{"href":"https:\/\/www.serrarpharma.com\/fr\/wp-json\/wp\/v2\/product\/8332"}],"collection":[{"href":"https:\/\/www.serrarpharma.com\/fr\/wp-json\/wp\/v2\/product"}],"about":[{"href":"https:\/\/www.serrarpharma.com\/fr\/wp-json\/wp\/v2\/types\/product"}],"wp:featuredmedia":[{"embeddable":true,"href":"https:\/\/www.serrarpharma.com\/fr\/wp-json\/wp\/v2\/media\/9156"}],"wp:attachment":[{"href":"https:\/\/www.serrarpharma.com\/fr\/wp-json\/wp\/v2\/media?parent=8332"}],"wp:term":[{"taxonomy":"product_cat","embeddable":true,"href":"https:\/\/www.serrarpharma.com\/fr\/wp-json\/wp\/v2\/product_cat?post=8332"},{"taxonomy":"product_tag","embeddable":true,"href":"https:\/\/www.serrarpharma.com\/fr\/wp-json\/wp\/v2\/product_tag?post=8332"}],"curies":[{"name":"wp","href":"https:\/\/api.w.org\/{rel}","templated":true}]}}