{"id":8331,"date":"2020-09-20T21:45:21","date_gmt":"2020-09-21T01:45:21","guid":{"rendered":"https:\/\/www.serrarpharma.com\/?post_type=product&#038;p=8331"},"modified":"2024-08-21T22:22:36","modified_gmt":"2024-08-22T02:22:36","slug":"deodorant","status":"publish","type":"product","link":"https:\/\/www.serrarpharma.com\/fr\/product\/deodorant\/","title":{"rendered":"D\u00c9ODORANT"},"content":{"rendered":"<p><img loading=\"lazy\" class=\"alignnone wp-image-11371\" src=\"https:\/\/i0.wp.com\/www.serrarpharma.com\/wp-content\/uploads\/2021\/04\/Made-in-CA.png?resize=70%2C70&#038;ssl=1\" alt=\"\" width=\"70\" height=\"70\" srcset=\"https:\/\/i0.wp.com\/www.serrarpharma.com\/wp-content\/uploads\/2021\/04\/Made-in-CA.png?w=150&amp;ssl=1 150w, https:\/\/i0.wp.com\/www.serrarpharma.com\/wp-content\/uploads\/2021\/04\/Made-in-CA.png?resize=100%2C100&amp;ssl=1 100w\" sizes=\"(max-width: 70px) 100vw, 70px\" data-recalc-dims=\"1\" \/><img loading=\"lazy\" class=\"alignnone wp-image-11370\" src=\"https:\/\/i0.wp.com\/www.serrarpharma.com\/wp-content\/uploads\/2021\/04\/GMP.png?resize=70%2C70&#038;ssl=1\" alt=\"\" width=\"70\" height=\"70\" srcset=\"https:\/\/i0.wp.com\/www.serrarpharma.com\/wp-content\/uploads\/2021\/04\/GMP.png?w=150&amp;ssl=1 150w, https:\/\/i0.wp.com\/www.serrarpharma.com\/wp-content\/uploads\/2021\/04\/GMP.png?resize=100%2C100&amp;ssl=1 100w\" sizes=\"(max-width: 70px) 100vw, 70px\" data-recalc-dims=\"1\" \/><img loading=\"lazy\" class=\"alignnone wp-image-11369\" src=\"https:\/\/i0.wp.com\/www.serrarpharma.com\/wp-content\/uploads\/2021\/04\/Nongmo.png?resize=70%2C70&#038;ssl=1\" alt=\"\" width=\"70\" height=\"70\" srcset=\"https:\/\/i0.wp.com\/www.serrarpharma.com\/wp-content\/uploads\/2021\/04\/Nongmo.png?w=150&amp;ssl=1 150w, https:\/\/i0.wp.com\/www.serrarpharma.com\/wp-content\/uploads\/2021\/04\/Nongmo.png?resize=100%2C100&amp;ssl=1 100w\" sizes=\"(max-width: 70px) 100vw, 70px\" data-recalc-dims=\"1\" \/><img loading=\"lazy\" class=\"alignnone wp-image-11799\" src=\"https:\/\/i0.wp.com\/www.serrarpharma.com\/wp-content\/uploads\/2021\/04\/ISO-07.png?resize=70%2C70&#038;ssl=1\" alt=\"\" width=\"70\" height=\"70\" srcset=\"https:\/\/i0.wp.com\/www.serrarpharma.com\/wp-content\/uploads\/2021\/04\/ISO-07.png?resize=300%2C300&amp;ssl=1 300w, https:\/\/i0.wp.com\/www.serrarpharma.com\/wp-content\/uploads\/2021\/04\/ISO-07.png?resize=150%2C150&amp;ssl=1 150w, https:\/\/i0.wp.com\/www.serrarpharma.com\/wp-content\/uploads\/2021\/04\/ISO-07.png?resize=100%2C100&amp;ssl=1 100w, https:\/\/i0.wp.com\/www.serrarpharma.com\/wp-content\/uploads\/2021\/04\/ISO-07.png?w=418&amp;ssl=1 418w\" sizes=\"(max-width: 70px) 100vw, 70px\" data-recalc-dims=\"1\" \/><\/p>\n<p>&nbsp;<\/p>\n<p>Un d\u00e9odorant en b\u00e2ton qui combat les odeurs et apporte un confort pur et rafra\u00eechissant. Il offre un triple d\u00e9toxifiant aux ingr\u00e9dients naturels qui emp\u00eachent l\u2019accumulation de mati\u00e8res toxiques, aident \u00e0 contr\u00f4ler les odeurs et \u00e9liminent les impuret\u00e9s pour aider \u00e0 absorber la sueur. La formule rafra\u00eechissante glisse sur la peau claire et aide \u00e0 illuminer la zone sous les bras.<\/p>\n<p><strong>\u00c0 Base De L\u00e9gumes<\/strong><br \/>\nSans Aluminium<br \/>\nSans Bact\u00e9ricides<br \/>\nCombat Les Odeurs<br \/>\nApporte Confort:<br \/>\nPur &#8211; Rafra\u00eechissant.<br \/>\n<strong>Sans Sulfates<\/strong><br \/>\nSans Parabens<br \/>\nSans Huile Min\u00e9rale<br \/>\nSans Parfum Chimique<\/p>\n<p><strong>Mode d\u2019emploi :<\/strong><br \/>\nAppliquer quotidiennement \u00e0 vos aisselles.<br \/>\nNB : Ne pas utiliser sur une peau ab\u00eem\u00e9e ou directement apr\u00e8s le rasage, car cela pourrait augmenter la sensibilit\u00e9.<br \/>\nRemarque : Si vous passez d\u2019un antisudorifique\/d\u00e9odorant traditionnel \u00e0 ce produit, votre corps peut subir une br\u00e8ve p\u00e9riode de transition.<\/p>\n<p><strong>Informations sur les ingr\u00e9dients :<\/strong><br \/>\nUn d\u00e9odorant solide est \u00e0 base v\u00e9g\u00e9tale, couramment utilis\u00e9 dans les \u00e9tablissements alimentaires et hospitaliers. Ce produit est non toxique, v\u00e9g\u00e9talien, non test\u00e9 sur les animaux et ne contient ni aluminium, ni bicarbonate de soude.<br \/>\nA base de propyl\u00e8ne glycol*, lactoyate de Lauroyl**, extrait de fleur de camomille recutita (camomille), jus de feuilles d&#8217;aloe Barbadensis, agrumes grandis (pamplemousse), extrait de graine, ph\u00e9noxy\u00e9thanol et Caprylyl Glycol (Optiphen\u00ae).<br \/>\n* Archer Daniels Midland (ADM) cr\u00e9e un propyl\u00e8ne glycol renouvelable biosourc\u00e9 qui r\u00e9pond aux normes de la Pharmacop\u00e9e des \u00c9tats-Unis (USP) et de l&#8217;USDA Certified Biobased Product Label. ADM est la premi\u00e8re entreprise au monde \u00e0 fabriquer un propyl\u00e8ne glycol biosourc\u00e9 conforme aux exigences de l&#8217;USP.<br \/>\nSorti en novembre 2011, le grade d&#8217;excipient de propyl\u00e8ne glycol USP d&#8217;ADM a \u00e9galement obtenu le label de produit bio sourc\u00e9 certifi\u00e9 USDA, garantissant que le produit contient 100% de contenu biosourc\u00e9 (g\u00e9n\u00e9ralement d\u00e9riv\u00e9 du ma\u00efs ou soja).<br \/>\n** Sodium Caproyl \/ Lauroyl Lactylate est un ingr\u00e9dient actif multifonctionnel naturel aux propri\u00e9t\u00e9s antimicrobiennes.<\/p>\n<p><strong>Avertissement:<\/strong><br \/>\nArr\u00eatez-vous au moindre changement ou r\u00e9action. Si n\u00e9cessaire, consultez un professionnel de la sant\u00e9 ou des informations sur la sant\u00e9 en cas de r\u00e9action allergique.<br \/>\nChaque peau est diff\u00e9rente et r\u00e9agit diff\u00e9remment au m\u00eame cosm\u00e9tique. Nous ne fournissons pas de conseils personnalis\u00e9s, nous ne connaissons pas votre peau.<br \/>\nPour tout conseil personnalis\u00e9, notamment si vous suivez un traitement m\u00e9dical: consultez votre m\u00e9decin ou votre dermatologue.<br \/>\nNe modifiez jamais un traitement prescrit en fonction de ce que vous lisez sur Internet.<\/p>\n<p>&nbsp;<\/p>\n<p><span style=\"color: #005890;\"><strong>FABRIQU\u00c9 AU CANADA \u00a0 \u00a0\u00a0 | \u00a0 \u00a0\u00a0 CERTIFI\u00c9 GMP \u00a0 \u00a0\u00a0 | \u00a0 \u00a0\u00a0 SANS OGM\u00a0 \u00a0 \u00a0 |\u00a0 \u00a0 \u00a0 <span class=\"VIiyi\" lang=\"fr\"><span class=\"JLqJ4b ChMk0b\" data-language-for-alternatives=\"fr\" data-language-to-translate-into=\"en\" data-phrase-index=\"0\">LABORATOIRE CERTIFI\u00c9 ISO 17025<\/span><\/span><\/strong><\/span><\/p>\n","protected":false},"excerpt":{"rendered":"<p>&nbsp; Un d\u00e9odorant en b\u00e2ton qui combat les odeurs et apporte un confort pur et rafra\u00eechissant. Il offre un triple d\u00e9toxifiant aux ingr\u00e9dients naturels qui emp\u00eachent l\u2019accumulation de mati\u00e8res toxiques, aident \u00e0 contr\u00f4ler les odeurs et \u00e9liminent les impuret\u00e9s pour aider \u00e0 absorber la sueur. La formule rafra\u00eechissante glisse sur la peau claire et aide [&hellip;]<\/p>\n","protected":false},"featured_media":9160,"template":"","meta":{"hide_page_title":"","_coblocks_attr":"","_coblocks_dimensions":"","_coblocks_responsive_height":"","_coblocks_accordion_ie_support":""},"product_cat":[24],"product_tag":[],"translation":{"provider":"WPGlobus","version":"3.0.1","language":"fr","enabled_languages":["en","es","fr","ar","pt","it"],"languages":{"en":{"title":true,"content":true,"excerpt":false},"es":{"title":false,"content":true,"excerpt":false},"fr":{"title":true,"content":true,"excerpt":false},"ar":{"title":false,"content":true,"excerpt":false},"pt":{"title":false,"content":true,"excerpt":false},"it":{"title":false,"content":true,"excerpt":false}}},"_links":{"self":[{"href":"https:\/\/www.serrarpharma.com\/fr\/wp-json\/wp\/v2\/product\/8331"}],"collection":[{"href":"https:\/\/www.serrarpharma.com\/fr\/wp-json\/wp\/v2\/product"}],"about":[{"href":"https:\/\/www.serrarpharma.com\/fr\/wp-json\/wp\/v2\/types\/product"}],"wp:featuredmedia":[{"embeddable":true,"href":"https:\/\/www.serrarpharma.com\/fr\/wp-json\/wp\/v2\/media\/9160"}],"wp:attachment":[{"href":"https:\/\/www.serrarpharma.com\/fr\/wp-json\/wp\/v2\/media?parent=8331"}],"wp:term":[{"taxonomy":"product_cat","embeddable":true,"href":"https:\/\/www.serrarpharma.com\/fr\/wp-json\/wp\/v2\/product_cat?post=8331"},{"taxonomy":"product_tag","embeddable":true,"href":"https:\/\/www.serrarpharma.com\/fr\/wp-json\/wp\/v2\/product_tag?post=8331"}],"curies":[{"name":"wp","href":"https:\/\/api.w.org\/{rel}","templated":true}]}}