{"id":8321,"date":"2020-09-20T21:40:28","date_gmt":"2020-09-20T21:40:28","guid":{"rendered":"https:\/\/www.serrarpharma.com\/?post_type=product&#038;p=8321"},"modified":"2024-08-21T22:26:23","modified_gmt":"2024-08-22T02:26:23","slug":"body-cream","status":"publish","type":"product","link":"https:\/\/www.serrarpharma.com\/fr\/product\/body-cream\/","title":{"rendered":"CR\u00c8ME POUR LE CORPS"},"content":{"rendered":"<p><img loading=\"lazy\" class=\"alignnone wp-image-11371\" src=\"https:\/\/i0.wp.com\/www.serrarpharma.com\/wp-content\/uploads\/2021\/04\/Made-in-CA.png?resize=70%2C70&#038;ssl=1\" alt=\"\" width=\"70\" height=\"70\" srcset=\"https:\/\/i0.wp.com\/www.serrarpharma.com\/wp-content\/uploads\/2021\/04\/Made-in-CA.png?w=150&amp;ssl=1 150w, https:\/\/i0.wp.com\/www.serrarpharma.com\/wp-content\/uploads\/2021\/04\/Made-in-CA.png?resize=100%2C100&amp;ssl=1 100w\" sizes=\"(max-width: 70px) 100vw, 70px\" data-recalc-dims=\"1\" \/><img loading=\"lazy\" class=\"alignnone wp-image-11370\" src=\"https:\/\/i0.wp.com\/www.serrarpharma.com\/wp-content\/uploads\/2021\/04\/GMP.png?resize=70%2C70&#038;ssl=1\" alt=\"\" width=\"70\" height=\"70\" srcset=\"https:\/\/i0.wp.com\/www.serrarpharma.com\/wp-content\/uploads\/2021\/04\/GMP.png?w=150&amp;ssl=1 150w, https:\/\/i0.wp.com\/www.serrarpharma.com\/wp-content\/uploads\/2021\/04\/GMP.png?resize=100%2C100&amp;ssl=1 100w\" sizes=\"(max-width: 70px) 100vw, 70px\" data-recalc-dims=\"1\" \/><img loading=\"lazy\" class=\"alignnone wp-image-11369\" src=\"https:\/\/i0.wp.com\/www.serrarpharma.com\/wp-content\/uploads\/2021\/04\/Nongmo.png?resize=70%2C70&#038;ssl=1\" alt=\"\" width=\"70\" height=\"70\" srcset=\"https:\/\/i0.wp.com\/www.serrarpharma.com\/wp-content\/uploads\/2021\/04\/Nongmo.png?w=150&amp;ssl=1 150w, https:\/\/i0.wp.com\/www.serrarpharma.com\/wp-content\/uploads\/2021\/04\/Nongmo.png?resize=100%2C100&amp;ssl=1 100w\" sizes=\"(max-width: 70px) 100vw, 70px\" data-recalc-dims=\"1\" \/><img loading=\"lazy\" class=\"alignnone wp-image-11799\" src=\"https:\/\/i0.wp.com\/www.serrarpharma.com\/wp-content\/uploads\/2021\/04\/ISO-07.png?resize=70%2C70&#038;ssl=1\" alt=\"\" width=\"70\" height=\"70\" srcset=\"https:\/\/i0.wp.com\/www.serrarpharma.com\/wp-content\/uploads\/2021\/04\/ISO-07.png?resize=300%2C300&amp;ssl=1 300w, https:\/\/i0.wp.com\/www.serrarpharma.com\/wp-content\/uploads\/2021\/04\/ISO-07.png?resize=150%2C150&amp;ssl=1 150w, https:\/\/i0.wp.com\/www.serrarpharma.com\/wp-content\/uploads\/2021\/04\/ISO-07.png?resize=100%2C100&amp;ssl=1 100w, https:\/\/i0.wp.com\/www.serrarpharma.com\/wp-content\/uploads\/2021\/04\/ISO-07.png?w=418&amp;ssl=1 418w\" sizes=\"(max-width: 70px) 100vw, 70px\" data-recalc-dims=\"1\" \/><\/p>\n<p><strong>Super Hydratante<\/strong><\/p>\n<p>Zones Rugueuses S\u00e8ches:<br \/>\nCoudes, Genoux, Pieds, Cicatrices<\/p>\n<p>Ingr\u00e9dients Naturels<br \/>\nKarit\u00e9, Chanvre, P\u00e9pins De Raisin, Jojoba, Soja, Cire D&#8217;abeille<\/p>\n<p>Sans Parabens<br \/>\nSans Huile Min\u00e9rale<br \/>\nSans Parfum Chimique<\/p>\n<p>Une lotion utilis\u00e9e pour tout le corps ou sp\u00e9cifiquement les zones rugueuses et s\u00e8ches. Cette cr\u00e8me est tr\u00e8s populaire pour ses propri\u00e9t\u00e9s hydratantes et ses avantages sans d\u00e9versement. Elle contient des ingr\u00e9dients naturels hautement \u00e9mollients comme le beurre de karit\u00e9, l&#8217;huile de chanvre, l&#8217;huile de p\u00e9pins de raisin, l&#8217;huile de jojoba, la cire de soja et la cire d&#8217;abeille.<\/p>\n<p><strong>Mode d\u2019emploi :<\/strong><br \/>\nUtiliser pour tout le corps, sp\u00e9cifiquement des zones rugueuses et s\u00e8ches comme les coudes, les genoux, les pieds et les cicatrices. Masser pour stimuler la circulation et bien faire p\u00e9n\u00e9trer la cr\u00e8me. Cette cr\u00e8me est tr\u00e8s populaire pour ses propri\u00e9t\u00e9s hydratantes et ses avantages sans d\u00e9versement. Elle peut \u00eatre utilis\u00e9e quotidiennement.<\/p>\n<p><strong>Avertissement:<\/strong><br \/>\nArr\u00eatez-vous au moindre changement ou r\u00e9action. Si n\u00e9cessaire, consultez un professionnel de la sant\u00e9 ou des informations sur la sant\u00e9 en cas de r\u00e9action allergique.<br \/>\nChaque peau est diff\u00e9rente et r\u00e9agit diff\u00e9remment au m\u00eame cosm\u00e9tique. Nous ne fournissons pas de conseils personnalis\u00e9s, nous ne connaissons pas votre peau.<br \/>\nPour tout conseil personnalis\u00e9, notamment si vous suivez un traitement m\u00e9dical: consultez votre m\u00e9decin ou votre dermatologue.<br \/>\nNe modifiez jamais un traitement prescrit en fonction de ce que vous lisez sur Internet.<\/p>\n<p>&nbsp;<\/p>\n<p><span style=\"color: #005890;\"><strong>FABRIQU\u00c9 AU CANADA \u00a0 \u00a0\u00a0 | \u00a0 \u00a0\u00a0 CERTIFI\u00c9 GMP \u00a0 \u00a0\u00a0 | \u00a0 \u00a0\u00a0 SANS OGM\u00a0 \u00a0 \u00a0 |\u00a0 \u00a0 \u00a0 <span class=\"VIiyi\" lang=\"fr\"><span class=\"JLqJ4b ChMk0b\" data-language-for-alternatives=\"fr\" data-language-to-translate-into=\"en\" data-phrase-index=\"0\">LABORATOIRE CERTIFI\u00c9 ISO 17025<\/span><\/span><\/strong><\/span><\/p>\n","protected":false},"excerpt":{"rendered":"<p>Super Hydratante Zones Rugueuses S\u00e8ches: Coudes, Genoux, Pieds, Cicatrices Ingr\u00e9dients Naturels Karit\u00e9, Chanvre, P\u00e9pins De Raisin, Jojoba, Soja, Cire D&#8217;abeille Sans Parabens Sans Huile Min\u00e9rale Sans Parfum Chimique Une lotion utilis\u00e9e pour tout le corps ou sp\u00e9cifiquement les zones rugueuses et s\u00e8ches. Cette cr\u00e8me est tr\u00e8s populaire pour ses propri\u00e9t\u00e9s hydratantes et ses avantages sans [&hellip;]<\/p>\n","protected":false},"featured_media":9155,"template":"","meta":{"hide_page_title":"","_coblocks_attr":"","_coblocks_dimensions":"","_coblocks_responsive_height":"","_coblocks_accordion_ie_support":""},"product_cat":[24],"product_tag":[],"translation":{"provider":"WPGlobus","version":"3.0.1","language":"fr","enabled_languages":["en","es","fr","ar","pt","it"],"languages":{"en":{"title":true,"content":true,"excerpt":false},"es":{"title":false,"content":true,"excerpt":false},"fr":{"title":true,"content":true,"excerpt":false},"ar":{"title":false,"content":true,"excerpt":false},"pt":{"title":false,"content":true,"excerpt":false},"it":{"title":false,"content":true,"excerpt":false}}},"_links":{"self":[{"href":"https:\/\/www.serrarpharma.com\/fr\/wp-json\/wp\/v2\/product\/8321"}],"collection":[{"href":"https:\/\/www.serrarpharma.com\/fr\/wp-json\/wp\/v2\/product"}],"about":[{"href":"https:\/\/www.serrarpharma.com\/fr\/wp-json\/wp\/v2\/types\/product"}],"wp:featuredmedia":[{"embeddable":true,"href":"https:\/\/www.serrarpharma.com\/fr\/wp-json\/wp\/v2\/media\/9155"}],"wp:attachment":[{"href":"https:\/\/www.serrarpharma.com\/fr\/wp-json\/wp\/v2\/media?parent=8321"}],"wp:term":[{"taxonomy":"product_cat","embeddable":true,"href":"https:\/\/www.serrarpharma.com\/fr\/wp-json\/wp\/v2\/product_cat?post=8321"},{"taxonomy":"product_tag","embeddable":true,"href":"https:\/\/www.serrarpharma.com\/fr\/wp-json\/wp\/v2\/product_tag?post=8321"}],"curies":[{"name":"wp","href":"https:\/\/api.w.org\/{rel}","templated":true}]}}