{"id":8320,"date":"2020-09-20T21:17:58","date_gmt":"2020-09-21T01:17:58","guid":{"rendered":"https:\/\/www.serrarpharma.com\/?post_type=product&#038;p=8320"},"modified":"2024-08-21T22:36:40","modified_gmt":"2024-08-22T02:36:40","slug":"beau-regard-naturo-lashes","status":"publish","type":"product","link":"https:\/\/www.serrarpharma.com\/fr\/product\/beau-regard-naturo-lashes\/","title":{"rendered":"BEAU REGARD NATURO-CILS"},"content":{"rendered":"<p><img loading=\"lazy\" class=\"alignnone wp-image-11371\" src=\"https:\/\/i0.wp.com\/www.serrarpharma.com\/wp-content\/uploads\/2021\/04\/Made-in-CA.png?resize=70%2C70&#038;ssl=1\" alt=\"\" width=\"70\" height=\"70\" srcset=\"https:\/\/i0.wp.com\/www.serrarpharma.com\/wp-content\/uploads\/2021\/04\/Made-in-CA.png?w=150&amp;ssl=1 150w, https:\/\/i0.wp.com\/www.serrarpharma.com\/wp-content\/uploads\/2021\/04\/Made-in-CA.png?resize=100%2C100&amp;ssl=1 100w\" sizes=\"(max-width: 70px) 100vw, 70px\" data-recalc-dims=\"1\" \/><img loading=\"lazy\" class=\"alignnone wp-image-11370\" src=\"https:\/\/i0.wp.com\/www.serrarpharma.com\/wp-content\/uploads\/2021\/04\/GMP.png?resize=70%2C70&#038;ssl=1\" alt=\"\" width=\"70\" height=\"70\" srcset=\"https:\/\/i0.wp.com\/www.serrarpharma.com\/wp-content\/uploads\/2021\/04\/GMP.png?w=150&amp;ssl=1 150w, https:\/\/i0.wp.com\/www.serrarpharma.com\/wp-content\/uploads\/2021\/04\/GMP.png?resize=100%2C100&amp;ssl=1 100w\" sizes=\"(max-width: 70px) 100vw, 70px\" data-recalc-dims=\"1\" \/><img loading=\"lazy\" class=\"alignnone wp-image-11369\" src=\"https:\/\/i0.wp.com\/www.serrarpharma.com\/wp-content\/uploads\/2021\/04\/Nongmo.png?resize=70%2C70&#038;ssl=1\" alt=\"\" width=\"70\" height=\"70\" srcset=\"https:\/\/i0.wp.com\/www.serrarpharma.com\/wp-content\/uploads\/2021\/04\/Nongmo.png?w=150&amp;ssl=1 150w, https:\/\/i0.wp.com\/www.serrarpharma.com\/wp-content\/uploads\/2021\/04\/Nongmo.png?resize=100%2C100&amp;ssl=1 100w\" sizes=\"(max-width: 70px) 100vw, 70px\" data-recalc-dims=\"1\" \/><img loading=\"lazy\" class=\"alignnone wp-image-11799\" src=\"https:\/\/i0.wp.com\/www.serrarpharma.com\/wp-content\/uploads\/2021\/04\/ISO-07.png?resize=70%2C70&#038;ssl=1\" alt=\"\" width=\"70\" height=\"70\" srcset=\"https:\/\/i0.wp.com\/www.serrarpharma.com\/wp-content\/uploads\/2021\/04\/ISO-07.png?resize=300%2C300&amp;ssl=1 300w, https:\/\/i0.wp.com\/www.serrarpharma.com\/wp-content\/uploads\/2021\/04\/ISO-07.png?resize=150%2C150&amp;ssl=1 150w, https:\/\/i0.wp.com\/www.serrarpharma.com\/wp-content\/uploads\/2021\/04\/ISO-07.png?resize=100%2C100&amp;ssl=1 100w, https:\/\/i0.wp.com\/www.serrarpharma.com\/wp-content\/uploads\/2021\/04\/ISO-07.png?w=418&amp;ssl=1 418w\" sizes=\"(max-width: 70px) 100vw, 70px\" data-recalc-dims=\"1\" \/><\/p>\n<p>Nourrit &#8211; Hydrate<br \/>\nFortifie &#8211; Assouplit<br \/>\nStimule la Repousse<br \/>\nBrille &#8211; \u00c9paissit<\/p>\n<p>Le maquillage et le temps rendent vos cils tr\u00e8s fins, irr\u00e9guliers, fragiles et perdent du volume. Le meilleur moyen naturel pour faire pousser vos cils: SERUM NATURO-CILS BIO. C\u2019est une solution naturelle et efficace pour redonner de l\u2019\u00e9clat \u00e0 vos cils et \u00e0 votre regard. Les r\u00e9sultats sont surprenants sur vos cils. Le SERUM NATURO-CILS BIO est efficace pour nourrir et favoriser la pousse des cils. Riche en om\u00e9ga 6 et 9, en vitamine, en min\u00e9raux, en prot\u00e9ines et en acides gras, le SERUM NATURO-CILS BIO prend soin de vos cils et les hydrate en profondeur. Il les fortifie et les rend plus souples. Il apporte de la brillance aux cils, et surtout les rend plus denses et plus \u00e9pais. Leur croissance est acc\u00e9l\u00e9r\u00e9e et ils sont plus r\u00e9sistants.<\/p>\n<p>Indications :<br \/>\nUtilis\u00e9 pour des cils fragilis\u00e9s, cassants et moins fournis! Rapidement apr\u00e8s avoir commenc\u00e9 \u00e0 appliquer le SERUM NATURO-CILS BIO sur vos cils, ils seront plus :<br \/>\n\u2022 fournis<br \/>\n\u2022 brillants \u2022 fonc\u00e9s \u2022 \u00e9pais<br \/>\nBonus : comme vos cils sont en meilleure sant\u00e9, ils poussent aussi plus vite. \u00c9tant plus r\u00e9sistants, ils sont aussi plus beaux et plus longs. Un cercle vertueux pour vos cils!<\/p>\n<p><strong>Mode d\u2019emploi :<\/strong><br \/>\nL\u2019huile de ricin s\u2019utilise pure. Pour des r\u00e9sultats visibles et rapides, utiliser ce s\u00e9rum sur vos cils 30 minutes avant de se coucher, afin de ne pas salir votre oreiller, avec sa brosse parfaitement adapt\u00e9e pour une application directe sur les cils. Appliquer depuis la racine jusqu\u2019\u00e0 l\u2019extr\u00e9mit\u00e9. Au r\u00e9veil, retirer le surplus \u00e9ventuel \u00e0 l\u2019aide d\u2019un d\u00e9maquillant.<\/p>\n<p>NB : Prenez toutefois garde \u00e0 ne pas vous en mettre dans l\u2019\u0153il, car c\u2019est une huile particuli\u00e8rement visqueuse et peut \u00eatre irritante. Dans ce cas, rincer abondamment \u00e0 l\u2019eau claire.<\/p>\n<p><strong>Conseils d\u2019utilisation :<\/strong><br \/>\nPr\u00e9voyez d\u2019effectuer une cure d\u2019au moins 4 semaines avec une application quotidienne et de renouveler son application deux ou trois fois dans l\u2019ann\u00e9e. Tout le secret r\u00e9side dans l\u2019assiduit\u00e9! Vous pouvez aussi ajouter 2 gouttes d\u2019huile de ricin dans le tube de mascara que vous utilisez habituellement.<\/p>\n<p>Attention \u00e0 ne pas en mettre davantage et \u00e0 choisir un tube de mascara d\u00e9j\u00e0 bien entam\u00e9. N\u2019oubliez pas non plus de bien m\u00e9langer le produit avant de l\u2019apposer sur vos cils. Dans ce cas, laissez bien s\u00e9cher votre mascara avant de continuer \u00e0 vous maquiller pour \u00e9viter de faire des d\u00e9g\u00e2ts.<\/p>\n<p><strong>Avertissement:<\/strong><br \/>\nArr\u00eatez-vous au moindre changement ou r\u00e9action. Si n\u00e9cessaire, consultez un professionnel de la sant\u00e9 ou des informations sur la sant\u00e9 en cas de r\u00e9action allergique.<br \/>\nChaque peau est diff\u00e9rente et r\u00e9agit diff\u00e9remment au m\u00eame cosm\u00e9tique. Nous ne fournissons pas de conseils personnalis\u00e9s, nous ne connaissons pas votre peau.<br \/>\nPour tout conseil personnalis\u00e9, notamment si vous suivez un traitement m\u00e9dical: consultez votre m\u00e9decin ou votre dermatologue.<br \/>\nNe modifiez jamais un traitement prescrit en fonction de ce que vous lisez sur Internet.<\/p>\n<p>&nbsp;<\/p>\n<p><span style=\"color: #005890;\"><strong>FABRIQU\u00c9 AU CANADA <span class=\"VIiyi\" lang=\"es\"> \u00a0\u00a0\u00a0\u00a0 <\/span>| <span class=\"VIiyi\" lang=\"es\"> \u00a0\u00a0\u00a0\u00a0 <\/span>CERTIFI\u00c9 GMP <span class=\"VIiyi\" lang=\"es\"> \u00a0\u00a0\u00a0\u00a0 <\/span>| <span class=\"VIiyi\" lang=\"es\"> \u00a0\u00a0\u00a0\u00a0 <\/span>SANS OGM <span class=\"VIiyi\" lang=\"es\"> \u00a0\u00a0\u00a0\u00a0 <\/span>| <span class=\"VIiyi\" lang=\"es\"> \u00a0\u00a0\u00a0\u00a0 <\/span><span class=\"VIiyi\" lang=\"fr\"><span class=\"JLqJ4b ChMk0b\" data-language-for-alternatives=\"fr\" data-language-to-translate-into=\"en\" data-phrase-index=\"0\">LABORATOIRE CERTIFI\u00c9 ISO 17025<\/span><\/span><\/strong><\/span><\/p>\n","protected":false},"excerpt":{"rendered":"<p>Nourrit &#8211; Hydrate Fortifie &#8211; Assouplit Stimule la Repousse Brille &#8211; \u00c9paissit Le maquillage et le temps rendent vos cils tr\u00e8s fins, irr\u00e9guliers, fragiles et perdent du volume. Le meilleur moyen naturel pour faire pousser vos cils: SERUM NATURO-CILS BIO. C\u2019est une solution naturelle et efficace pour redonner de l\u2019\u00e9clat \u00e0 vos cils et \u00e0 [&hellip;]<\/p>\n","protected":false},"featured_media":8505,"template":"","meta":{"hide_page_title":"","_coblocks_attr":"","_coblocks_dimensions":"","_coblocks_responsive_height":"","_coblocks_accordion_ie_support":""},"product_cat":[23],"product_tag":[],"translation":{"provider":"WPGlobus","version":"3.0.1","language":"fr","enabled_languages":["en","es","fr","ar","pt","it"],"languages":{"en":{"title":true,"content":true,"excerpt":false},"es":{"title":false,"content":true,"excerpt":false},"fr":{"title":true,"content":true,"excerpt":false},"ar":{"title":false,"content":true,"excerpt":false},"pt":{"title":false,"content":true,"excerpt":false},"it":{"title":false,"content":true,"excerpt":false}}},"_links":{"self":[{"href":"https:\/\/www.serrarpharma.com\/fr\/wp-json\/wp\/v2\/product\/8320"}],"collection":[{"href":"https:\/\/www.serrarpharma.com\/fr\/wp-json\/wp\/v2\/product"}],"about":[{"href":"https:\/\/www.serrarpharma.com\/fr\/wp-json\/wp\/v2\/types\/product"}],"wp:featuredmedia":[{"embeddable":true,"href":"https:\/\/www.serrarpharma.com\/fr\/wp-json\/wp\/v2\/media\/8505"}],"wp:attachment":[{"href":"https:\/\/www.serrarpharma.com\/fr\/wp-json\/wp\/v2\/media?parent=8320"}],"wp:term":[{"taxonomy":"product_cat","embeddable":true,"href":"https:\/\/www.serrarpharma.com\/fr\/wp-json\/wp\/v2\/product_cat?post=8320"},{"taxonomy":"product_tag","embeddable":true,"href":"https:\/\/www.serrarpharma.com\/fr\/wp-json\/wp\/v2\/product_tag?post=8320"}],"curies":[{"name":"wp","href":"https:\/\/api.w.org\/{rel}","templated":true}]}}