{"id":8319,"date":"2020-09-20T21:15:48","date_gmt":"2020-09-21T01:15:48","guid":{"rendered":"https:\/\/www.serrarpharma.com\/?post_type=product&#038;p=8319"},"modified":"2024-08-21T22:37:21","modified_gmt":"2024-08-22T02:37:21","slug":"vitamin-c","status":"publish","type":"product","link":"https:\/\/www.serrarpharma.com\/fr\/product\/vitamin-c\/","title":{"rendered":"VITAMIN C"},"content":{"rendered":"<p><img loading=\"lazy\" class=\"alignnone wp-image-11371\" src=\"https:\/\/i0.wp.com\/www.serrarpharma.com\/wp-content\/uploads\/2021\/04\/Made-in-CA.png?resize=70%2C70&#038;ssl=1\" alt=\"\" width=\"70\" height=\"70\" srcset=\"https:\/\/i0.wp.com\/www.serrarpharma.com\/wp-content\/uploads\/2021\/04\/Made-in-CA.png?w=150&amp;ssl=1 150w, https:\/\/i0.wp.com\/www.serrarpharma.com\/wp-content\/uploads\/2021\/04\/Made-in-CA.png?resize=100%2C100&amp;ssl=1 100w\" sizes=\"(max-width: 70px) 100vw, 70px\" data-recalc-dims=\"1\" \/><img loading=\"lazy\" class=\"alignnone wp-image-11370\" src=\"https:\/\/i0.wp.com\/www.serrarpharma.com\/wp-content\/uploads\/2021\/04\/GMP.png?resize=70%2C70&#038;ssl=1\" alt=\"\" width=\"70\" height=\"70\" srcset=\"https:\/\/i0.wp.com\/www.serrarpharma.com\/wp-content\/uploads\/2021\/04\/GMP.png?w=150&amp;ssl=1 150w, https:\/\/i0.wp.com\/www.serrarpharma.com\/wp-content\/uploads\/2021\/04\/GMP.png?resize=100%2C100&amp;ssl=1 100w\" sizes=\"(max-width: 70px) 100vw, 70px\" data-recalc-dims=\"1\" \/><img loading=\"lazy\" class=\"alignnone wp-image-11369\" src=\"https:\/\/i0.wp.com\/www.serrarpharma.com\/wp-content\/uploads\/2021\/04\/Nongmo.png?resize=70%2C70&#038;ssl=1\" alt=\"\" width=\"70\" height=\"70\" srcset=\"https:\/\/i0.wp.com\/www.serrarpharma.com\/wp-content\/uploads\/2021\/04\/Nongmo.png?w=150&amp;ssl=1 150w, https:\/\/i0.wp.com\/www.serrarpharma.com\/wp-content\/uploads\/2021\/04\/Nongmo.png?resize=100%2C100&amp;ssl=1 100w\" sizes=\"(max-width: 70px) 100vw, 70px\" data-recalc-dims=\"1\" \/><img loading=\"lazy\" class=\"alignnone wp-image-11799\" src=\"https:\/\/i0.wp.com\/www.serrarpharma.com\/wp-content\/uploads\/2021\/04\/ISO-07.png?resize=70%2C70&#038;ssl=1\" alt=\"\" width=\"70\" height=\"70\" srcset=\"https:\/\/i0.wp.com\/www.serrarpharma.com\/wp-content\/uploads\/2021\/04\/ISO-07.png?resize=300%2C300&amp;ssl=1 300w, https:\/\/i0.wp.com\/www.serrarpharma.com\/wp-content\/uploads\/2021\/04\/ISO-07.png?resize=150%2C150&amp;ssl=1 150w, https:\/\/i0.wp.com\/www.serrarpharma.com\/wp-content\/uploads\/2021\/04\/ISO-07.png?resize=100%2C100&amp;ssl=1 100w, https:\/\/i0.wp.com\/www.serrarpharma.com\/wp-content\/uploads\/2021\/04\/ISO-07.png?w=418&amp;ssl=1 418w\" sizes=\"(max-width: 70px) 100vw, 70px\" data-recalc-dims=\"1\" \/><\/p>\n<p><strong>Taches Brunes<\/strong><br \/>\nPour Les Peaux Sensibles<br \/>\nEclaircissant<br \/>\nExfoliant Doux<br \/>\nR\u00e9duction T\u00e2ches Brunes<br \/>\nSynth\u00e8se Collag\u00e8ne<br \/>\nSynth\u00e8se \u00c9lastine<br \/>\nAnti-Rides<br \/>\nAnti-Oxydant<\/p>\n<p>Un s\u00e9rum multifonctionnel 100% naturel de vitamine C qui agit comme un exfoliant, un antioxydant et un agent \u00e9claircissant pour la peau aux propri\u00e9t\u00e9s anti-\u00e2ge.<\/p>\n<p><strong>Mode d\u2019emploi :<\/strong><br \/>\nApr\u00e8s avoir nettoyer et tonifier la peau avec le FRESH NETTOYANT ET TONIQUE*, appliquer 3 \u00e0 5 gouttes de VITAMIN C BIO SERUM* sur le visage et le cou secs avant tout autre soin. Compl\u00e9ter votre soin le jour avec la cr\u00e8me de jour bio* et la nuit, la cr\u00e8me de nuit bio* (*Dr. SERRAR\u00ae BIO).<\/p>\n<p><strong>Ethyl Ascorbic Acid de SERRAR\u00ae revendique les avantages :<\/strong><br \/>\n\u2022 agent \u00e9claircissant efficace et stable pour la peau.<br \/>\n\u2022 teint de peau \u00e9quilibr\u00e9.<br \/>\n\u2022 pr\u00e9vention de la photo-vieillissement et r\u00e9duction des taches brunes.<br \/>\n\u2022 augmentation de la synth\u00e8se de collag\u00e8ne.<br \/>\n\u2022 excellentes propri\u00e9t\u00e9s anti-oxydation.<br \/>\n<strong>La niacinamide (vitamine B3) est introduite dans le s\u00e9rum pour am\u00e9liorer les avantages suivants :<\/strong><br \/>\n\u2022 am\u00e9liore l&#8217;\u00e9lasticit\u00e9 de la peau avec des propri\u00e9t\u00e9s anti-rides.<br \/>\n\u2022 am\u00e9liore la fonction barri\u00e8re emp\u00eachant la peau de perdre la teneur en eau.<br \/>\n\u2022 aide \u00e0 la d\u00e9coloration et au teint in\u00e9gal. \u2022 stimule la microcirculation dans le derme.<br \/>\nL&#8217;acide hyaluronique (HA), naturellement pr\u00e9sent dans le corps, s\u00e9curise l&#8217;hydratation et cr\u00e9e la pl\u00e9nitude &#8211; une peau jeune en am\u00e9liorant sa teneur en eau. \u00c0 mesure que la peau vieillit, l&#8217;AH diminue. <strong>L\u2019acide hyaluronique:<\/strong><br \/>\n\u2022 a un l\u00e9ger effet repulpant pour \u00e9galiser les rides.<br \/>\n\u2022 \u00e9l\u00e9ment n\u00e9cessaire pour maintenir une peau jeune. \u2022 am\u00e9liore la production de collag\u00e8ne.<br \/>\n\u2022 \u00e9claircit le teint, r\u00e9duisant la matit\u00e9.<br \/>\nLes acides de fruits d\u00e9riv\u00e9s du raisin, des pommes, des citrons, des oranges et de la canne \u00e0 sucre agissent comme un acide alpha-hydroxy naturel. <strong>\u00c7a aide:<\/strong><br \/>\n\u2022 pour stimuler la production d&#8217;\u00e9lastine et de collag\u00e8ne.<br \/>\n\u2022 pour am\u00e9liorer l&#8217;apparence de la peau photo endommag\u00e9e.<br \/>\n\u2022 fonctionne comme un exfoliant doux et p\u00e8le (contrairement \u00e0 l&#8217;acide glycolique ou salicylique).<br \/>\n\u2022 stimule la microcirculation dans le derme.<\/p>\n<p><strong>Avertissement:<\/strong><br \/>\nArr\u00eatez-vous au moindre changement ou r\u00e9action. Si n\u00e9cessaire, consultez un professionnel de la sant\u00e9 ou des informations sur la sant\u00e9 en cas de r\u00e9action allergique.<br \/>\nChaque peau est diff\u00e9rente et r\u00e9agit diff\u00e9remment au m\u00eame cosm\u00e9tique. Nous ne fournissons pas de conseils personnalis\u00e9s, nous ne connaissons pas votre peau.<br \/>\nPour tout conseil personnalis\u00e9, notamment si vous suivez un traitement m\u00e9dical: consultez votre m\u00e9decin ou votre dermatologue.<br \/>\nNe modifiez jamais un traitement prescrit en fonction de ce que vous lisez sur Internet.<\/p>\n<p>&nbsp;<\/p>\n<p><span style=\"color: #005890;\"><strong>FABRIQU\u00c9 AU CANADA <span class=\"VIiyi\" lang=\"es\"> \u00a0\u00a0\u00a0\u00a0 <\/span>| <span class=\"VIiyi\" lang=\"es\"> \u00a0\u00a0\u00a0\u00a0 <\/span>CERTIFI\u00c9 GMP <span class=\"VIiyi\" lang=\"es\"> \u00a0\u00a0\u00a0\u00a0 <\/span>| <span class=\"VIiyi\" lang=\"es\"> \u00a0\u00a0\u00a0\u00a0 <\/span>SANS OGM <span class=\"VIiyi\" lang=\"es\"> \u00a0\u00a0\u00a0\u00a0 <\/span>| <span class=\"VIiyi\" lang=\"es\"> \u00a0\u00a0\u00a0\u00a0 <\/span><span class=\"VIiyi\" lang=\"fr\"><span class=\"JLqJ4b ChMk0b\" data-language-for-alternatives=\"fr\" data-language-to-translate-into=\"en\" data-phrase-index=\"0\">LABORATOIRE CERTIFI\u00c9 ISO 17025<\/span><\/span><\/strong><\/span><\/p>\n","protected":false},"excerpt":{"rendered":"<p>Taches Brunes Pour Les Peaux Sensibles Eclaircissant Exfoliant Doux R\u00e9duction T\u00e2ches Brunes Synth\u00e8se Collag\u00e8ne Synth\u00e8se \u00c9lastine Anti-Rides Anti-Oxydant Un s\u00e9rum multifonctionnel 100% naturel de vitamine C qui agit comme un exfoliant, un antioxydant et un agent \u00e9claircissant pour la peau aux propri\u00e9t\u00e9s anti-\u00e2ge. Mode d\u2019emploi : Apr\u00e8s avoir nettoyer et tonifier la peau avec le [&hellip;]<\/p>\n","protected":false},"featured_media":8502,"template":"","meta":{"hide_page_title":"","_coblocks_attr":"","_coblocks_dimensions":"","_coblocks_responsive_height":"","_coblocks_accordion_ie_support":""},"product_cat":[23],"product_tag":[],"translation":{"provider":"WPGlobus","version":"3.0.1","language":"fr","enabled_languages":["en","es","fr","ar","pt","it"],"languages":{"en":{"title":true,"content":true,"excerpt":false},"es":{"title":false,"content":true,"excerpt":false},"fr":{"title":false,"content":true,"excerpt":false},"ar":{"title":false,"content":true,"excerpt":false},"pt":{"title":false,"content":true,"excerpt":false},"it":{"title":false,"content":true,"excerpt":false}}},"_links":{"self":[{"href":"https:\/\/www.serrarpharma.com\/fr\/wp-json\/wp\/v2\/product\/8319"}],"collection":[{"href":"https:\/\/www.serrarpharma.com\/fr\/wp-json\/wp\/v2\/product"}],"about":[{"href":"https:\/\/www.serrarpharma.com\/fr\/wp-json\/wp\/v2\/types\/product"}],"wp:featuredmedia":[{"embeddable":true,"href":"https:\/\/www.serrarpharma.com\/fr\/wp-json\/wp\/v2\/media\/8502"}],"wp:attachment":[{"href":"https:\/\/www.serrarpharma.com\/fr\/wp-json\/wp\/v2\/media?parent=8319"}],"wp:term":[{"taxonomy":"product_cat","embeddable":true,"href":"https:\/\/www.serrarpharma.com\/fr\/wp-json\/wp\/v2\/product_cat?post=8319"},{"taxonomy":"product_tag","embeddable":true,"href":"https:\/\/www.serrarpharma.com\/fr\/wp-json\/wp\/v2\/product_tag?post=8319"}],"curies":[{"name":"wp","href":"https:\/\/api.w.org\/{rel}","templated":true}]}}