{"id":8318,"date":"2020-09-20T21:13:11","date_gmt":"2020-09-21T01:13:11","guid":{"rendered":"https:\/\/www.serrarpharma.com\/?post_type=product&#038;p=8318"},"modified":"2024-08-21T22:38:04","modified_gmt":"2024-08-22T02:38:04","slug":"fresh-toner","status":"publish","type":"product","link":"https:\/\/www.serrarpharma.com\/fr\/product\/fresh-toner\/","title":{"rendered":"FRESH TONIQUE"},"content":{"rendered":"<p><img loading=\"lazy\" class=\"alignnone wp-image-11371\" src=\"https:\/\/i0.wp.com\/www.serrarpharma.com\/wp-content\/uploads\/2021\/04\/Made-in-CA.png?resize=70%2C70&#038;ssl=1\" alt=\"\" width=\"70\" height=\"70\" srcset=\"https:\/\/i0.wp.com\/www.serrarpharma.com\/wp-content\/uploads\/2021\/04\/Made-in-CA.png?w=150&amp;ssl=1 150w, https:\/\/i0.wp.com\/www.serrarpharma.com\/wp-content\/uploads\/2021\/04\/Made-in-CA.png?resize=100%2C100&amp;ssl=1 100w\" sizes=\"(max-width: 70px) 100vw, 70px\" data-recalc-dims=\"1\" \/><img loading=\"lazy\" class=\"alignnone wp-image-11370\" src=\"https:\/\/i0.wp.com\/www.serrarpharma.com\/wp-content\/uploads\/2021\/04\/GMP.png?resize=70%2C70&#038;ssl=1\" alt=\"\" width=\"70\" height=\"70\" srcset=\"https:\/\/i0.wp.com\/www.serrarpharma.com\/wp-content\/uploads\/2021\/04\/GMP.png?w=150&amp;ssl=1 150w, https:\/\/i0.wp.com\/www.serrarpharma.com\/wp-content\/uploads\/2021\/04\/GMP.png?resize=100%2C100&amp;ssl=1 100w\" sizes=\"(max-width: 70px) 100vw, 70px\" data-recalc-dims=\"1\" \/><img loading=\"lazy\" class=\"alignnone wp-image-11369\" src=\"https:\/\/i0.wp.com\/www.serrarpharma.com\/wp-content\/uploads\/2021\/04\/Nongmo.png?resize=70%2C70&#038;ssl=1\" alt=\"\" width=\"70\" height=\"70\" srcset=\"https:\/\/i0.wp.com\/www.serrarpharma.com\/wp-content\/uploads\/2021\/04\/Nongmo.png?w=150&amp;ssl=1 150w, https:\/\/i0.wp.com\/www.serrarpharma.com\/wp-content\/uploads\/2021\/04\/Nongmo.png?resize=100%2C100&amp;ssl=1 100w\" sizes=\"(max-width: 70px) 100vw, 70px\" data-recalc-dims=\"1\" \/><img loading=\"lazy\" class=\"alignnone wp-image-11799\" src=\"https:\/\/i0.wp.com\/www.serrarpharma.com\/wp-content\/uploads\/2021\/04\/ISO-07.png?resize=70%2C70&#038;ssl=1\" alt=\"\" width=\"70\" height=\"70\" srcset=\"https:\/\/i0.wp.com\/www.serrarpharma.com\/wp-content\/uploads\/2021\/04\/ISO-07.png?resize=300%2C300&amp;ssl=1 300w, https:\/\/i0.wp.com\/www.serrarpharma.com\/wp-content\/uploads\/2021\/04\/ISO-07.png?resize=150%2C150&amp;ssl=1 150w, https:\/\/i0.wp.com\/www.serrarpharma.com\/wp-content\/uploads\/2021\/04\/ISO-07.png?resize=100%2C100&amp;ssl=1 100w, https:\/\/i0.wp.com\/www.serrarpharma.com\/wp-content\/uploads\/2021\/04\/ISO-07.png?w=418&amp;ssl=1 418w\" sizes=\"(max-width: 70px) 100vw, 70px\" data-recalc-dims=\"1\" \/><\/p>\n<p><strong>Tamarin<\/strong><br \/>\nEffet Hyaluronique<br \/>\nV\u00e9g\u00e9ta<br \/>\nTeint \u00c9clatant<br \/>\nHydratant<br \/>\nRaffermissant Botanique<br \/>\nResserre les Pores<br \/>\nPeau Jeune<\/p>\n<p>Donnez de la vie \u00e0 votre teint! Les plantes, extraits, min\u00e9raux marins et prot\u00e9ines am\u00e9lioreront la teneur en lipides de la peau et favorisent la fermet\u00e9. Ce tonique sup\u00e9rieur contient de l&#8217;extrait de graines de tamarin; un polysaccharide filmog\u00e8ne naturel, qui a une efficacit\u00e9 hydratante \u00e9gale \u00e0 l&#8217;acide hyaluronique. Il comprend de l&#8217;aloe vera, de la camomille et du th\u00e9 vert japonais qui aident \u00e0 rajeunir la peau, tandis que l&#8217;extrait de concombre aidera \u00e0 resserrer les pores. Les prot\u00e9ines de pois et les min\u00e9raux marins contenant du s\u00e9l\u00e9nium, du magn\u00e9sium, du cuivre, du zinc, du calcium et du g\u00e9ranium compl\u00e8tent les besoins essentiels pour un teint \u00e9clatant. Ce tonique calme l&#8217;irritation du rasage et est con\u00e7u pour tous les types de peaux.<\/p>\n<p><strong>Mode d\u2019emploi :<\/strong><br \/>\nJour et nuit, en pr\u00e9paration des soins hydratants et protecteurs, il peut \u00eatre utilis\u00e9 comme tonique et d\u00e9maquillant.<br \/>\nUtiliser apr\u00e8s le FRESH NETTOYANT*, sur un coton uniform\u00e9ment ou directement dans la paume de vos mains et tapoter le cou, le d\u00e9collet\u00e9 et sur la peau propre de votre visage (*Dr SERRAR\u00ae BIO).<\/p>\n<p><strong>Avertissement:<\/strong><br \/>\nArr\u00eatez-vous au moindre changement ou r\u00e9action. Si n\u00e9cessaire, consultez un professionnel de la sant\u00e9 ou des informations sur la sant\u00e9 en cas de r\u00e9action allergique.<br \/>\nChaque peau est diff\u00e9rente et r\u00e9agit diff\u00e9remment au m\u00eame cosm\u00e9tique. Nous ne fournissons pas de conseils personnalis\u00e9s, nous ne connaissons pas votre peau.<br \/>\nPour tout conseil personnalis\u00e9, notamment si vous suivez un traitement m\u00e9dical: consultez votre m\u00e9decin ou votre dermatologue.<br \/>\nNe modifiez jamais un traitement prescrit en fonction de ce que vous lisez sur Internet.<\/p>\n<p>&nbsp;<\/p>\n<p><span style=\"color: #005890;\"><strong>FABRIQU\u00c9 AU CANADA <span class=\"VIiyi\" lang=\"es\"> \u00a0\u00a0\u00a0\u00a0 <\/span>| <span class=\"VIiyi\" lang=\"es\"> \u00a0\u00a0\u00a0\u00a0 <\/span>CERTIFI\u00c9 GMP <span class=\"VIiyi\" lang=\"es\"> \u00a0\u00a0\u00a0\u00a0 <\/span>| <span class=\"VIiyi\" lang=\"es\"> \u00a0\u00a0\u00a0\u00a0 <\/span>SANS OGM <span class=\"VIiyi\" lang=\"es\"> \u00a0\u00a0\u00a0\u00a0 <\/span>| <span class=\"VIiyi\" lang=\"es\"> \u00a0\u00a0\u00a0\u00a0 <\/span><span class=\"VIiyi\" lang=\"fr\"><span class=\"JLqJ4b ChMk0b\" data-language-for-alternatives=\"fr\" data-language-to-translate-into=\"en\" data-phrase-index=\"0\">LABORATOIRE CERTIFI\u00c9 ISO 17025<\/span><\/span><\/strong><\/span><\/p>\n","protected":false},"excerpt":{"rendered":"<p>Tamarin Effet Hyaluronique V\u00e9g\u00e9ta Teint \u00c9clatant Hydratant Raffermissant Botanique Resserre les Pores Peau Jeune Donnez de la vie \u00e0 votre teint! Les plantes, extraits, min\u00e9raux marins et prot\u00e9ines am\u00e9lioreront la teneur en lipides de la peau et favorisent la fermet\u00e9. Ce tonique sup\u00e9rieur contient de l&#8217;extrait de graines de tamarin; un polysaccharide filmog\u00e8ne naturel, qui [&hellip;]<\/p>\n","protected":false},"featured_media":8501,"template":"","meta":{"hide_page_title":"","_coblocks_attr":"","_coblocks_dimensions":"","_coblocks_responsive_height":"","_coblocks_accordion_ie_support":""},"product_cat":[23],"product_tag":[],"translation":{"provider":"WPGlobus","version":"3.0.1","language":"fr","enabled_languages":["en","es","fr","ar","pt","it"],"languages":{"en":{"title":true,"content":true,"excerpt":false},"es":{"title":false,"content":true,"excerpt":false},"fr":{"title":true,"content":true,"excerpt":false},"ar":{"title":false,"content":true,"excerpt":false},"pt":{"title":false,"content":true,"excerpt":false},"it":{"title":false,"content":true,"excerpt":false}}},"_links":{"self":[{"href":"https:\/\/www.serrarpharma.com\/fr\/wp-json\/wp\/v2\/product\/8318"}],"collection":[{"href":"https:\/\/www.serrarpharma.com\/fr\/wp-json\/wp\/v2\/product"}],"about":[{"href":"https:\/\/www.serrarpharma.com\/fr\/wp-json\/wp\/v2\/types\/product"}],"wp:featuredmedia":[{"embeddable":true,"href":"https:\/\/www.serrarpharma.com\/fr\/wp-json\/wp\/v2\/media\/8501"}],"wp:attachment":[{"href":"https:\/\/www.serrarpharma.com\/fr\/wp-json\/wp\/v2\/media?parent=8318"}],"wp:term":[{"taxonomy":"product_cat","embeddable":true,"href":"https:\/\/www.serrarpharma.com\/fr\/wp-json\/wp\/v2\/product_cat?post=8318"},{"taxonomy":"product_tag","embeddable":true,"href":"https:\/\/www.serrarpharma.com\/fr\/wp-json\/wp\/v2\/product_tag?post=8318"}],"curies":[{"name":"wp","href":"https:\/\/api.w.org\/{rel}","templated":true}]}}