{"id":8303,"date":"2020-09-30T16:01:21","date_gmt":"2020-09-30T16:01:21","guid":{"rendered":"https:\/\/www.serrarpharma.com\/?post_type=product&#038;p=8303"},"modified":"2024-08-21T20:21:31","modified_gmt":"2024-08-22T00:21:31","slug":"beau-regard-eye-serum-45","status":"publish","type":"product","link":"https:\/\/www.serrarpharma.com\/fr\/product\/beau-regard-eye-serum-45\/","title":{"rendered":"BEAU REGARD EYE SERUM 45+"},"content":{"rendered":"<p><img loading=\"lazy\" class=\"alignnone wp-image-11371\" src=\"https:\/\/i0.wp.com\/www.serrarpharma.com\/wp-content\/uploads\/2021\/04\/Made-in-CA.png?resize=70%2C70&#038;ssl=1\" alt=\"\" width=\"70\" height=\"70\" srcset=\"https:\/\/i0.wp.com\/www.serrarpharma.com\/wp-content\/uploads\/2021\/04\/Made-in-CA.png?w=150&amp;ssl=1 150w, https:\/\/i0.wp.com\/www.serrarpharma.com\/wp-content\/uploads\/2021\/04\/Made-in-CA.png?resize=100%2C100&amp;ssl=1 100w\" sizes=\"(max-width: 70px) 100vw, 70px\" data-recalc-dims=\"1\" \/><img loading=\"lazy\" class=\"alignnone wp-image-11370\" src=\"https:\/\/i0.wp.com\/www.serrarpharma.com\/wp-content\/uploads\/2021\/04\/GMP.png?resize=70%2C70&#038;ssl=1\" alt=\"\" width=\"70\" height=\"70\" srcset=\"https:\/\/i0.wp.com\/www.serrarpharma.com\/wp-content\/uploads\/2021\/04\/GMP.png?w=150&amp;ssl=1 150w, https:\/\/i0.wp.com\/www.serrarpharma.com\/wp-content\/uploads\/2021\/04\/GMP.png?resize=100%2C100&amp;ssl=1 100w\" sizes=\"(max-width: 70px) 100vw, 70px\" data-recalc-dims=\"1\" \/><img loading=\"lazy\" class=\"alignnone wp-image-11369\" src=\"https:\/\/i0.wp.com\/www.serrarpharma.com\/wp-content\/uploads\/2021\/04\/Nongmo.png?resize=70%2C70&#038;ssl=1\" alt=\"\" width=\"70\" height=\"70\" srcset=\"https:\/\/i0.wp.com\/www.serrarpharma.com\/wp-content\/uploads\/2021\/04\/Nongmo.png?w=150&amp;ssl=1 150w, https:\/\/i0.wp.com\/www.serrarpharma.com\/wp-content\/uploads\/2021\/04\/Nongmo.png?resize=100%2C100&amp;ssl=1 100w\" sizes=\"(max-width: 70px) 100vw, 70px\" data-recalc-dims=\"1\" \/><img loading=\"lazy\" class=\"alignnone wp-image-11799\" src=\"https:\/\/i0.wp.com\/www.serrarpharma.com\/wp-content\/uploads\/2021\/04\/ISO-07.png?resize=70%2C70&#038;ssl=1\" alt=\"\" width=\"70\" height=\"70\" srcset=\"https:\/\/i0.wp.com\/www.serrarpharma.com\/wp-content\/uploads\/2021\/04\/ISO-07.png?resize=300%2C300&amp;ssl=1 300w, https:\/\/i0.wp.com\/www.serrarpharma.com\/wp-content\/uploads\/2021\/04\/ISO-07.png?resize=150%2C150&amp;ssl=1 150w, https:\/\/i0.wp.com\/www.serrarpharma.com\/wp-content\/uploads\/2021\/04\/ISO-07.png?resize=100%2C100&amp;ssl=1 100w, https:\/\/i0.wp.com\/www.serrarpharma.com\/wp-content\/uploads\/2021\/04\/ISO-07.png?w=418&amp;ssl=1 418w\" sizes=\"(max-width: 70px) 100vw, 70px\" data-recalc-dims=\"1\" \/><\/p>\n<p><strong>S\u00e9rum Yeux<\/strong><br \/>\nAnti-Rides Profondes<br \/>\nAnti-cernes<br \/>\nAnti-poches<br \/>\nAntioxydant<br \/>\nRaffermit &#8211; Tonifie<br \/>\nApaise &#8211; Revitalise<br \/>\nR\u00e9duit l\u2019exc\u00e8s De Graisse<br \/>\nSous le Menton &amp; le Cou<\/p>\n<p>Les yeux sont le miroir de la beaut\u00e9 int\u00e9rieure de chacun. Le s\u00e9rum pour les yeux est con\u00e7u pour traiter et r\u00e9duire les cernes, les poches sous les yeux et les signes de l\u2019\u00e2ge. Il est gorg\u00e9 d\u2019actifs puissants qui int\u00e8grent des ann\u00e9es de recherches pour une peau hydrat\u00e9e, douce et souple. Chaque ingr\u00e9dient a une force, c&#8217;est pourquoi nous combinons de nombreux ingr\u00e9dients dans tous nos produits pour couvrir un large \u00e9ventail de types de peau et les diff\u00e9rents changements d\u2019\u00e2ge.<\/p>\n<p>Un liquide clair et sans huile pour les gels pour le visage ou les s\u00e9rums pour les yeux. Des actifs sp\u00e9cifiques ont \u00e9t\u00e9 ajout\u00e9s \u00e0 ce s\u00e9rum qui r\u00e9duisent les cernes sous les yeux. Les propri\u00e9t\u00e9s cosm\u00e9tiques ont PAL-GHK et PAL-GQPR qui renforcent la fermet\u00e9 et la tonicit\u00e9 du contour des yeux. La chrysine et le N-hydroxysuccinimide favorisent l&#8217;\u00e9limination des pigments d&#8217;origine sanguine sous les yeux, dont ces derniers sont responsables des couleurs des cernes. Ce s\u00e9rum comprend \u00e9galement des peptides qui sont g\u00e9n\u00e9ralement utilis\u00e9s dans les produits raffermissants pour le visage. Nous avons augment\u00e9 ces peptides avec l\u2019hydratation (20 ans et plus), le complexe de r\u00e9duction des rides fines (35 ans et plus) et des rides profondes (45 ans et plus). Les trois s\u00e9rums sont tous d\u2019ailleurs tr\u00e8s b\u00e9n\u00e9fiques pour les cernes et poches de tout \u00e2ge.<\/p>\n<p><strong>Ingr\u00e9dients clefs :<\/strong><br \/>\n\u2022 Chrysine et N-hydroxysuccinimide : favorisent l&#8217;\u00e9limination des pigments d&#8217;origine sanguine* sous les yeux.<br \/>\n\u2022 PAL-GHK et PAL-GQPR : (associations de deux peptides Palmitoylate) : renforcent la fermet\u00e9 et la tonicit\u00e9 du contour des yeux.<br \/>\n\u2022 Extrait de concombre : inclut pour ses propri\u00e9t\u00e9s apaisantes et revitalisantes, avec des capacit\u00e9s anti-inflammatoires et raffermissantes. Un astringent naturel et aide \u00e0 resserrer les pores. Contient du potassium, du silicium et du soufre. Donne une sensation apaisante.<br \/>\n\u2022 Extrait de soja : les isoflavones de soja sont les plus puissants des phytoestrog\u00e8nes antioxydants. Il soutient l&#8217;\u00e9lasticit\u00e9 et la fermet\u00e9, aidant \u00e0 garder la peau douce et flexible selon les besoins lors de la reconstruction du collag\u00e8ne endommag\u00e9.<br \/>\n\u2022 Ignames sauvages : agissent comme un peptide naturel qui imite la d\u00e9hydro\u00e9piandrost\u00e9rone (DHEA)**.<br \/>\n\u2022 Guaran\u00e1*** : utilis\u00e9 dans les produits de soins corporels pour ses propri\u00e9t\u00e9s tonifiantes et astringentes, et dans le traitement de la cellulite pour ses actions lipolytiques et vasodilatatrices****. Son utilisation dans le SERUM YEUX est destin\u00e9e \u00e0 r\u00e9duire les poches autour des yeux et l&#8217;exc\u00e8s de graisse sous le menton et le cou.<br \/>\n\u2022 Extrait de raisin : riche en flavono\u00efdes, compos\u00e9s phytochimiques qui ont des propri\u00e9t\u00e9s antioxydantes comme la vitamine C et la vitamine E. Les antioxydants sont cens\u00e9s de pr\u00e9venir et contr\u00f4ler de nombreuses maladies en prot\u00e9geant les cellules contre les ravages des mol\u00e9cules d&#8217;oxyg\u00e8ne instables appel\u00e9es radicaux libres.<br \/>\n\u2022 Th\u00e9 vert japonais : signal\u00e9 pour lutter contre les dommages caus\u00e9s par le soleil excessif et les dommages environnementaux. Principalement, cette ancienne plante asiatique a la capacit\u00e9 d&#8217;emp\u00eacher les radicaux libres d&#8217;endommager davantage la structure cellulaire.<br \/>\n\u2022 Champignon sauvage : un astringent naturel qui am\u00e9liore l&#8217;\u00e9tanch\u00e9it\u00e9 et la fermet\u00e9 de la peau car il diminue l&#8217;apparence des pores.<br \/>\n\u2022 ACB Bio-Chelate 5 PF : min\u00e9raux oc\u00e9aniques contenant de fortes concentrations de S\u00e9l\u00e9nium, Magn\u00e9sium, Cuivre, Zinc, Calcium, Germanium destin\u00e9s \u00e0 remplacer ces min\u00e9raux n\u00e9cessaires appauvris par une exposition environnementale quotidienne.<\/p>\n<p>*Les pigments sanguins sont responsables des couleurs du cercle sombre.<br \/>\n**En tant que l&#8217;un des \u00e9l\u00e9ments constitutifs du corps, l&#8217;am\u00e9lioration des niveaux de DHEA a \u00e9t\u00e9 corr\u00e9l\u00e9e avec une am\u00e9lioration du sentiment de bien-\u00eatre, une r\u00e9duction de la graisse corporelle et une am\u00e9lioration du teint et de l&#8217;humidit\u00e9 de la peau, bien que beaucoup l&#8217;associent \u00e0 la m\u00e9nopause. C&#8217;est un puissant anti-inflammatoire qui aide \u00e0 acc\u00e9l\u00e9rer la r\u00e9g\u00e9n\u00e9ration des tissus, entra\u00eenant une normalisation de la peau endommag\u00e9e.<br \/>\n***Guaran\u00e1 est un arbuste rampant originaire d&#8217;Amazonie (et en particulier des r\u00e9gions de Manaus et Parintins). Dans la luxuriance de l&#8217;Amazonie br\u00e9silienne o\u00f9 il est originaire, il pousse souvent \u00e0 40 pieds de haut. En dehors de sa popularit\u00e9 dans une boisson, l&#8217;activit\u00e9 th\u00e9rapeutique de Guaran\u00e1 et son utilisation comme stimulant proviennent des alcalo\u00efdes de la xanthine (caf\u00e9ine, th\u00e9ophylline, th\u00e9obromine) o\u00f9 la caf\u00e9ine seule a d\u00e9montr\u00e9 qu&#8217;elle facilitait la perte de graisse et r\u00e9duisait la fatigue.<br \/>\n****Vasodilatatrices : ouverture des capillaires de la peau en r\u00e9ponse \u00e0 des temp\u00e9ratures chaudes ou \u00e0 une stimulation, augmentant ainsi le flux sanguin vers la surface du corps.<\/p>\n<p><strong>Mode d\u2019emploi :<\/strong><br \/>\nPr\u00e9lever une petite quantit\u00e9 sur le bout de vos doigts. Ensuite, lisser sur l&#8217;arcade sourcili\u00e8re, sous l&#8217;\u0153il et du coin int\u00e9rieur au coin ext\u00e9rieur. Pour optimiser les r\u00e9sultats, appliquer la cr\u00e8me ECLAT* le jour et la cr\u00e8me DERM* la nuit (*Dr SERRAR\u00ae).<\/p>\n<p><strong>Avertissement:<\/strong><br \/>\nArr\u00eatez-vous au moindre changement ou r\u00e9action. Si n\u00e9cessaire, consultez un professionnel de la sant\u00e9 ou des informations sur la sant\u00e9 en cas de r\u00e9action allergique.<br \/>\nChaque peau est diff\u00e9rente et r\u00e9agit diff\u00e9remment au m\u00eame cosm\u00e9tique. Nous ne fournissons pas de conseils personnalis\u00e9s, nous ne connaissons pas votre peau.<br \/>\nPour tout conseil personnalis\u00e9, notamment si vous suivez un traitement m\u00e9dical: consultez votre m\u00e9decin ou votre dermatologue.<br \/>\nNe modifiez jamais un traitement prescrit en fonction de ce que vous lisez sur Internet.<\/p>\n<p>&nbsp;<\/p>\n<p><span style=\"color: #005890;\"><strong>FABRIQU\u00c9 AU CANADA \u00a0 \u00a0 | \u00a0 \u00a0 CERTIFI\u00c9 GMP \u00a0 \u00a0 | \u00a0 \u00a0 SANS OGM\u00a0 \u00a0\u00a0 | \u00a0 \u00a0 <span class=\"VIiyi\" lang=\"fr\"><span class=\"JLqJ4b ChMk0b\" data-language-for-alternatives=\"fr\" data-language-to-translate-into=\"en\" data-phrase-index=\"0\">LABORATOIRE CERTIFI\u00c9 ISO 17025<\/span><\/span><\/strong><\/span><\/p>\n","protected":false},"excerpt":{"rendered":"<p>S\u00e9rum Yeux Anti-Rides Profondes Anti-cernes Anti-poches Antioxydant Raffermit &#8211; Tonifie Apaise &#8211; Revitalise R\u00e9duit l\u2019exc\u00e8s De Graisse Sous le Menton &amp; le Cou Les yeux sont le miroir de la beaut\u00e9 int\u00e9rieure de chacun. Le s\u00e9rum pour les yeux est con\u00e7u pour traiter et r\u00e9duire les cernes, les poches sous les yeux et les signes [&hellip;]<\/p>\n","protected":false},"featured_media":8470,"template":"","meta":{"hide_page_title":"","_coblocks_attr":"","_coblocks_dimensions":"","_coblocks_responsive_height":"","_coblocks_accordion_ie_support":""},"product_cat":[23],"product_tag":[],"translation":{"provider":"WPGlobus","version":"3.0.1","language":"fr","enabled_languages":["en","es","fr","ar","pt","it"],"languages":{"en":{"title":true,"content":true,"excerpt":false},"es":{"title":false,"content":true,"excerpt":false},"fr":{"title":false,"content":true,"excerpt":false},"ar":{"title":false,"content":true,"excerpt":false},"pt":{"title":false,"content":true,"excerpt":false},"it":{"title":false,"content":true,"excerpt":false}}},"_links":{"self":[{"href":"https:\/\/www.serrarpharma.com\/fr\/wp-json\/wp\/v2\/product\/8303"}],"collection":[{"href":"https:\/\/www.serrarpharma.com\/fr\/wp-json\/wp\/v2\/product"}],"about":[{"href":"https:\/\/www.serrarpharma.com\/fr\/wp-json\/wp\/v2\/types\/product"}],"wp:featuredmedia":[{"embeddable":true,"href":"https:\/\/www.serrarpharma.com\/fr\/wp-json\/wp\/v2\/media\/8470"}],"wp:attachment":[{"href":"https:\/\/www.serrarpharma.com\/fr\/wp-json\/wp\/v2\/media?parent=8303"}],"wp:term":[{"taxonomy":"product_cat","embeddable":true,"href":"https:\/\/www.serrarpharma.com\/fr\/wp-json\/wp\/v2\/product_cat?post=8303"},{"taxonomy":"product_tag","embeddable":true,"href":"https:\/\/www.serrarpharma.com\/fr\/wp-json\/wp\/v2\/product_tag?post=8303"}],"curies":[{"name":"wp","href":"https:\/\/api.w.org\/{rel}","templated":true}]}}