{"id":8297,"date":"2020-09-20T18:14:21","date_gmt":"2020-09-20T18:14:21","guid":{"rendered":"https:\/\/www.serrarpharma.com\/?post_type=product&#038;p=8297"},"modified":"2024-08-21T22:45:33","modified_gmt":"2024-08-22T02:45:33","slug":"sublime-day-cream","status":"publish","type":"product","link":"https:\/\/www.serrarpharma.com\/fr\/product\/sublime-day-cream\/","title":{"rendered":"SUBLIME CR\u00c8ME DE JOURN"},"content":{"rendered":"<p><img loading=\"lazy\" class=\"alignnone wp-image-11371\" src=\"https:\/\/i0.wp.com\/www.serrarpharma.com\/wp-content\/uploads\/2021\/04\/Made-in-CA.png?resize=70%2C70&#038;ssl=1\" alt=\"\" width=\"70\" height=\"70\" srcset=\"https:\/\/i0.wp.com\/www.serrarpharma.com\/wp-content\/uploads\/2021\/04\/Made-in-CA.png?w=150&amp;ssl=1 150w, https:\/\/i0.wp.com\/www.serrarpharma.com\/wp-content\/uploads\/2021\/04\/Made-in-CA.png?resize=100%2C100&amp;ssl=1 100w\" sizes=\"(max-width: 70px) 100vw, 70px\" data-recalc-dims=\"1\" \/><img loading=\"lazy\" class=\"alignnone wp-image-11370\" src=\"https:\/\/i0.wp.com\/www.serrarpharma.com\/wp-content\/uploads\/2021\/04\/GMP.png?resize=70%2C70&#038;ssl=1\" alt=\"\" width=\"70\" height=\"70\" srcset=\"https:\/\/i0.wp.com\/www.serrarpharma.com\/wp-content\/uploads\/2021\/04\/GMP.png?w=150&amp;ssl=1 150w, https:\/\/i0.wp.com\/www.serrarpharma.com\/wp-content\/uploads\/2021\/04\/GMP.png?resize=100%2C100&amp;ssl=1 100w\" sizes=\"(max-width: 70px) 100vw, 70px\" data-recalc-dims=\"1\" \/><img loading=\"lazy\" class=\"alignnone wp-image-11369\" src=\"https:\/\/i0.wp.com\/www.serrarpharma.com\/wp-content\/uploads\/2021\/04\/Nongmo.png?resize=70%2C70&#038;ssl=1\" alt=\"\" width=\"70\" height=\"70\" srcset=\"https:\/\/i0.wp.com\/www.serrarpharma.com\/wp-content\/uploads\/2021\/04\/Nongmo.png?w=150&amp;ssl=1 150w, https:\/\/i0.wp.com\/www.serrarpharma.com\/wp-content\/uploads\/2021\/04\/Nongmo.png?resize=100%2C100&amp;ssl=1 100w\" sizes=\"(max-width: 70px) 100vw, 70px\" data-recalc-dims=\"1\" \/><img loading=\"lazy\" class=\"alignnone wp-image-11799\" src=\"https:\/\/i0.wp.com\/www.serrarpharma.com\/wp-content\/uploads\/2021\/04\/ISO-07.png?resize=70%2C70&#038;ssl=1\" alt=\"\" width=\"70\" height=\"70\" srcset=\"https:\/\/i0.wp.com\/www.serrarpharma.com\/wp-content\/uploads\/2021\/04\/ISO-07.png?resize=300%2C300&amp;ssl=1 300w, https:\/\/i0.wp.com\/www.serrarpharma.com\/wp-content\/uploads\/2021\/04\/ISO-07.png?resize=150%2C150&amp;ssl=1 150w, https:\/\/i0.wp.com\/www.serrarpharma.com\/wp-content\/uploads\/2021\/04\/ISO-07.png?resize=100%2C100&amp;ssl=1 100w, https:\/\/i0.wp.com\/www.serrarpharma.com\/wp-content\/uploads\/2021\/04\/ISO-07.png?w=418&amp;ssl=1 418w\" sizes=\"(max-width: 70px) 100vw, 70px\" data-recalc-dims=\"1\" \/><\/p>\n<p><strong>\u00c2ge 45+<br \/>\nGuaran\u00e1<br \/>\nPeptide DHEA<br \/>\nEffet <\/strong><br \/>\nRides Profondes<br \/>\nHydrate<br \/>\nRaffermit<br \/>\nAntioxydant<br \/>\nResserre les Pores<br \/>\nPeau Jeune<br \/>\nAnti-\u00e2ge<\/p>\n<p>Il y a l&#8217;inclusion de 3 autres ingr\u00e9dients : extrait de soja, igname sauvage et guarana. Cette cr\u00e8me de jour et de nuit est con\u00e7u pour les peaux plus matures. Chaque ingr\u00e9dient a une force. C&#8217;est pourquoi nous combinons de nombreux ingr\u00e9dients dans tous nos complexes pour couvrir un large \u00e9ventail de types de peaux et les diff\u00e9rents changements.<\/p>\n<p>Cr\u00e8me de jour qui comprend une multitude d&#8217;actifs: huiles de jojoba, avocat, beurre de karit\u00e9, de glyc\u00e9rine v\u00e9g\u00e9tale et de la vitamine E.<\/p>\n<p><strong> Ingr\u00e9dients clefs :<\/strong><br \/>\n\u25cf Extrait de soja: les isoflavones de soja sont les plus puissants des phytoestrog\u00e8nes antioxydants; soutiennent l&#8217;\u00e9lasticit\u00e9 et la fermet\u00e9, aidant \u00e0 garder la peau douce et flexible selon les besoins lors de la reconstruction du collag\u00e8ne endommag\u00e9.<br \/>\n\u25cf Ignames sauvages: agissent comme un peptide naturel qui imite la d\u00e9hydro\u00e9piandrost\u00e9rone (DHEA) ** dans la peau.<br \/>\n\u25cf Guaran\u00e1: utilis\u00e9 dans les produits de soins corporels pour ses propri\u00e9t\u00e9s tonifiantes et astringentes, et dans le traitement de la cellulite pour ses actions lipolytiques et vasodilatatrices*. Son utilisation est destin\u00e9e \u00e0 r\u00e9duire l&#8217;exc\u00e8s de graisse sous le menton et le cou.<br \/>\n\u25cf Extrait de raisin: riche en flavono\u00efdes, compos\u00e9s phytochimiques qui ont des propri\u00e9t\u00e9s antioxydantes comme la vitamine C et la vitamine E. Les antioxydants sont cens\u00e9s pr\u00e9venir et contr\u00f4ler de nombreuses maladies en prot\u00e9geant les cellules contre les ravages des mol\u00e9cules d&#8217;oxyg\u00e8ne instables appel\u00e9es radicaux libres.<br \/>\n\u25cf Th\u00e9 vert japonais: connu pour lutter contre les dommages caus\u00e9s par le soleil excessif et les dommages environnementaux. Principalement, cette ancienne plante asiatique a la capacit\u00e9 d&#8217;emp\u00eacher les radicaux libres d&#8217;endommager davantage la structure cellulaire.<br \/>\n\u25cf Champignon sauvage: un astringent naturel qui am\u00e9liore l&#8217;\u00e9tanch\u00e9it\u00e9 et la fermet\u00e9 de la peau car il diminue l&#8217;apparence des pores.<br \/>\n\u25cf Extrait de concombre : inclus pour ses propri\u00e9t\u00e9s apaisantes et revitalisantes, avec des capacit\u00e9s anti-inflammatoires et raffermissantes. Un astringent naturel qui aide \u00e0 resserrer les pores. Contient du potassium, du silicium et du soufre. Donne une sensation apaisante.<br \/>\n\u2022 ACB Bio-Ch\u00e9late 5 PF: min\u00e9raux oc\u00e9aniques contenant de fortes concentrations de s\u00e9l\u00e9nium, magn\u00e9sium, cuivre, zinc, calcium, germanium destin\u00e9s \u00e0 remplacer ces min\u00e9raux n\u00e9cessaires appauvris par une exposition environnementale quotidienne.<\/p>\n<p><strong>Mode d\u2019emploi :<\/strong><br \/>\nAppliquer sur le visage, le cou et la poitrine apr\u00e8s avoir nettoy\u00e9 et tonifi\u00e9 la peau avec le FRESH TONIQUE*. Pour optimiser les r\u00e9sultats, appliquer le VITAMIN C SERUM BIO* avant la cr\u00e8me de jour SUBLIME* le jour et compl\u00e9ter votre soin la nuit avec la cr\u00e8me de nuit SUBLIME* (*Dr SERRAR\u00ae BIO).<\/p>\n<p>ATTENTION : \u00c9vitez tout contact avec les yeux et la bouche. En cas d\u2019irritation, cessez l\u2019utilisation. Tenir hors de la port\u00e9e des enfants.<\/p>\n<p><strong>Avertissement:<\/strong><br \/>\nArr\u00eatez-vous au moindre changement ou r\u00e9action. Si n\u00e9cessaire, consultez un professionnel de la sant\u00e9 ou des informations sur la sant\u00e9 en cas de r\u00e9action allergique.<br \/>\nChaque peau est diff\u00e9rente et r\u00e9agit diff\u00e9remment au m\u00eame cosm\u00e9tique. Nous ne fournissons pas de conseils personnalis\u00e9s, nous ne connaissons pas votre peau.<br \/>\nPour tout conseil personnalis\u00e9, notamment si vous suivez un traitement m\u00e9dical: consultez votre m\u00e9decin ou votre dermatologue.<br \/>\nNe modifiez jamais un traitement prescrit en fonction de ce que vous lisez sur Internet.<\/p>\n<p>&nbsp;<\/p>\n<p><span style=\"color: #005890;\"><strong>FABRIQU\u00c9 AU CANADA <span class=\"VIiyi\" lang=\"es\"> \u00a0\u00a0\u00a0\u00a0 <\/span>| <span class=\"VIiyi\" lang=\"es\"> \u00a0\u00a0\u00a0\u00a0 <\/span>CERTIFI\u00c9 GMP <span class=\"VIiyi\" lang=\"es\"> \u00a0\u00a0\u00a0\u00a0 <\/span>| <span class=\"VIiyi\" lang=\"es\"> \u00a0\u00a0\u00a0\u00a0 <\/span>SANS OGM <span class=\"VIiyi\" lang=\"es\"> \u00a0\u00a0\u00a0\u00a0 <\/span>| <span class=\"VIiyi\" lang=\"es\"> \u00a0\u00a0\u00a0\u00a0 <\/span><span class=\"VIiyi\" lang=\"fr\"><span class=\"JLqJ4b ChMk0b\" data-language-for-alternatives=\"fr\" data-language-to-translate-into=\"en\" data-phrase-index=\"0\">LABORATOIRE CERTIFI\u00c9 ISO 17025<\/span><\/span><\/strong><\/span><\/p>\n","protected":false},"excerpt":{"rendered":"<p>\u00c2ge 45+ Guaran\u00e1 Peptide DHEA Effet Rides Profondes Hydrate Raffermit Antioxydant Resserre les Pores Peau Jeune Anti-\u00e2ge Il y a l&#8217;inclusion de 3 autres ingr\u00e9dients : extrait de soja, igname sauvage et guarana. Cette cr\u00e8me de jour et de nuit est con\u00e7u pour les peaux plus matures. Chaque ingr\u00e9dient a une force. C&#8217;est pourquoi nous [&hellip;]<\/p>\n","protected":false},"featured_media":8478,"template":"","meta":{"hide_page_title":"","_coblocks_attr":"","_coblocks_dimensions":"","_coblocks_responsive_height":"","_coblocks_accordion_ie_support":""},"product_cat":[23],"product_tag":[],"translation":{"provider":"WPGlobus","version":"3.0.1","language":"fr","enabled_languages":["en","es","fr","ar","pt","it"],"languages":{"en":{"title":true,"content":true,"excerpt":false},"es":{"title":false,"content":true,"excerpt":false},"fr":{"title":true,"content":true,"excerpt":false},"ar":{"title":false,"content":true,"excerpt":false},"pt":{"title":false,"content":true,"excerpt":false},"it":{"title":false,"content":true,"excerpt":false}}},"_links":{"self":[{"href":"https:\/\/www.serrarpharma.com\/fr\/wp-json\/wp\/v2\/product\/8297"}],"collection":[{"href":"https:\/\/www.serrarpharma.com\/fr\/wp-json\/wp\/v2\/product"}],"about":[{"href":"https:\/\/www.serrarpharma.com\/fr\/wp-json\/wp\/v2\/types\/product"}],"wp:featuredmedia":[{"embeddable":true,"href":"https:\/\/www.serrarpharma.com\/fr\/wp-json\/wp\/v2\/media\/8478"}],"wp:attachment":[{"href":"https:\/\/www.serrarpharma.com\/fr\/wp-json\/wp\/v2\/media?parent=8297"}],"wp:term":[{"taxonomy":"product_cat","embeddable":true,"href":"https:\/\/www.serrarpharma.com\/fr\/wp-json\/wp\/v2\/product_cat?post=8297"},{"taxonomy":"product_tag","embeddable":true,"href":"https:\/\/www.serrarpharma.com\/fr\/wp-json\/wp\/v2\/product_tag?post=8297"}],"curies":[{"name":"wp","href":"https:\/\/api.w.org\/{rel}","templated":true}]}}