{"id":8291,"date":"2020-09-20T18:09:04","date_gmt":"2020-09-20T18:09:04","guid":{"rendered":"https:\/\/www.serrarpharma.com\/?post_type=product&#038;p=8291"},"modified":"2024-08-21T22:47:39","modified_gmt":"2024-08-22T02:47:39","slug":"radiant-day-cream","status":"publish","type":"product","link":"https:\/\/www.serrarpharma.com\/fr\/product\/radiant-day-cream\/","title":{"rendered":"RADIANT CR\u00c8ME DE JOUR"},"content":{"rendered":"<p><img loading=\"lazy\" class=\"alignnone wp-image-11371\" src=\"https:\/\/i0.wp.com\/www.serrarpharma.com\/wp-content\/uploads\/2021\/04\/Made-in-CA.png?resize=70%2C70&#038;ssl=1\" alt=\"\" width=\"70\" height=\"70\" srcset=\"https:\/\/i0.wp.com\/www.serrarpharma.com\/wp-content\/uploads\/2021\/04\/Made-in-CA.png?w=150&amp;ssl=1 150w, https:\/\/i0.wp.com\/www.serrarpharma.com\/wp-content\/uploads\/2021\/04\/Made-in-CA.png?resize=100%2C100&amp;ssl=1 100w\" sizes=\"(max-width: 70px) 100vw, 70px\" data-recalc-dims=\"1\" \/><img loading=\"lazy\" class=\"alignnone wp-image-11370\" src=\"https:\/\/i0.wp.com\/www.serrarpharma.com\/wp-content\/uploads\/2021\/04\/GMP.png?resize=70%2C70&#038;ssl=1\" alt=\"\" width=\"70\" height=\"70\" srcset=\"https:\/\/i0.wp.com\/www.serrarpharma.com\/wp-content\/uploads\/2021\/04\/GMP.png?w=150&amp;ssl=1 150w, https:\/\/i0.wp.com\/www.serrarpharma.com\/wp-content\/uploads\/2021\/04\/GMP.png?resize=100%2C100&amp;ssl=1 100w\" sizes=\"(max-width: 70px) 100vw, 70px\" data-recalc-dims=\"1\" \/><img loading=\"lazy\" class=\"alignnone wp-image-11369\" src=\"https:\/\/i0.wp.com\/www.serrarpharma.com\/wp-content\/uploads\/2021\/04\/Nongmo.png?resize=70%2C70&#038;ssl=1\" alt=\"\" width=\"70\" height=\"70\" srcset=\"https:\/\/i0.wp.com\/www.serrarpharma.com\/wp-content\/uploads\/2021\/04\/Nongmo.png?w=150&amp;ssl=1 150w, https:\/\/i0.wp.com\/www.serrarpharma.com\/wp-content\/uploads\/2021\/04\/Nongmo.png?resize=100%2C100&amp;ssl=1 100w\" sizes=\"(max-width: 70px) 100vw, 70px\" data-recalc-dims=\"1\" \/><img loading=\"lazy\" class=\"alignnone wp-image-11799\" src=\"https:\/\/i0.wp.com\/www.serrarpharma.com\/wp-content\/uploads\/2021\/04\/ISO-07.png?resize=70%2C70&#038;ssl=1\" alt=\"\" width=\"70\" height=\"70\" srcset=\"https:\/\/i0.wp.com\/www.serrarpharma.com\/wp-content\/uploads\/2021\/04\/ISO-07.png?resize=300%2C300&amp;ssl=1 300w, https:\/\/i0.wp.com\/www.serrarpharma.com\/wp-content\/uploads\/2021\/04\/ISO-07.png?resize=150%2C150&amp;ssl=1 150w, https:\/\/i0.wp.com\/www.serrarpharma.com\/wp-content\/uploads\/2021\/04\/ISO-07.png?resize=100%2C100&amp;ssl=1 100w, https:\/\/i0.wp.com\/www.serrarpharma.com\/wp-content\/uploads\/2021\/04\/ISO-07.png?w=418&amp;ssl=1 418w\" sizes=\"(max-width: 70px) 100vw, 70px\" data-recalc-dims=\"1\" \/><\/p>\n<p><strong>\u00c2ge 35+<br \/>\nPalmitoyl<br \/>\nEffet <\/strong><br \/>\nAcide R\u00e9tino\u00efque<br \/>\nRides Fines<br \/>\nHydrate<br \/>\nRaffermit<br \/>\nAntioxydant<br \/>\nResserre les Pores<br \/>\nPeau Jeune<br \/>\nAnti- \u00c2ge<\/p>\n<p>L&#8217;un des ingr\u00e9dients cl\u00e9s de notre complexe est le palmitoyl pentapeptide-3. Le pentapeptide-3 et son effet botox miment les enk\u00e9phalines, et par l\u00e0-m\u00eame, \u0153uvre dans le sens d\u2019une jeunesse \u00e9ternelle. Ajoutez \u00e0 cela le palmitoyl-oligopeptide, une mol\u00e9cule susceptible de mimer l\u2019activit\u00e9 de l\u2019acide r\u00e9tino\u00efque et vous retrouverez votre peau de b\u00e9b\u00e9.<\/p>\n<p>Le Complexe Rides Fine Lines combine d&#8217;autres ingr\u00e9dients formidables qui sont extr\u00eamement efficaces sur le visage. Chacun complimente les lipopeptides, aidant \u00e0 d&#8217;autres changements dans la peau avec l&#8217;\u00e2ge.<\/p>\n<p><strong>Ingr\u00e9dients clefs :<\/strong><br \/>\n\u2022 Extrait de raisin : riche en flavono\u00efdes, compos\u00e9s phytochimiques qui ont des propri\u00e9t\u00e9s antioxydantes comme la vitamine C et la vitamine E. Les antioxydants sont cens\u00e9s de pr\u00e9venir et de contr\u00f4ler de nombreuses maladies en prot\u00e9geant les cellules contre les ravages des mol\u00e9cules d&#8217;oxyg\u00e8ne instables appel\u00e9es radicaux libres.<br \/>\n\u2022 Th\u00e9 vert japonais : connu pour lutter contre les dommages caus\u00e9s par le soleil excessif et les dommages environnementaux. Principalement, cette ancienne plante asiatique a la capacit\u00e9 d&#8217;emp\u00eacher les radicaux libres d&#8217;endommager davantage la structure cellulaire.<br \/>\n\u2022 Champignon sauvage : un astringent naturel qui am\u00e9liore l&#8217;\u00e9tanch\u00e9it\u00e9 et la fermet\u00e9 de la peau, car il diminue l&#8217;apparence des pores.<br \/>\n\u2022 Concombre : est un astringent naturel et aide \u00e0 resserrer les pores. Contient du potassium, du silicium et du soufre. Donne une sensation apaisante. Couramment utilis\u00e9 dans les produits de soins de la peau comme anti-inflammatoire, un excellent ingr\u00e9dient apaisant et revitalisant pour la peau.<br \/>\n\u2022 Prot\u00e9ine de pois : contient des prot\u00e9ines et des acides amin\u00e9s qui sont facilement absorb\u00e9s par la peau (\u00e9galement le potassium, le silicium et le soufre). C\u2019est un complexe hydratant qui offre une combinaison de propri\u00e9t\u00e9s d&#8217;\u00e9quilibrage de l&#8217;humidit\u00e9 et de filmification qui conf\u00e8re une sensation apaisante.<\/p>\n<p>Indications pour la cr\u00e8me de jour:<br \/>\nCr\u00e8me de jour qui comprend une multitude d&#8217;actifs: huiles de jojoba, avocat, beurre de karit\u00e9, de glyc\u00e9rine v\u00e9g\u00e9tale, vitamine E.<\/p>\n<p>\u00c9tude clinique :<br \/>\nLes r\u00e9sultats des tests : Une \u00e9tude en France a utilis\u00e9 la profilom\u00e9trie (analyse d&#8217;image de la peau) pour mesurer l&#8217;un des principaux ingr\u00e9dients de notre complexe Seaplex Fine Line.<br \/>\nDans cette \u00e9tude, ils ont enregistr\u00e9 et observ\u00e9 la densit\u00e9, la profondeur et le volume des rides autour des yeux, ce qui implique de traiter la zone et de surveiller les changements au fil du temps. Dans le premier essai en double aveugle en double face, 49 femmes ont appliqu\u00e9 la cr\u00e8me lipopeptide ou un placebo deux fois par jour. Dans l&#8217;\u00e9tude active contr\u00f4l\u00e9e, 16 femmes ont compar\u00e9 les effets des cr\u00e8mes cosm\u00e9tiques contenant le lipopeptide actif ou le r\u00e9tinol 700 ppm sur la peau photo-vieillie. Cet essai a \u00e9galement utilis\u00e9 une conception en double aveugle et a inclus la profilom\u00e9trie, l&#8217;\u00e9chographie et les \u00e9valuations cliniques apr\u00e8s deux et quatre mois de traitement.<br \/>\nDans les deux essais, les r\u00e9sultats de l&#8217;\u00e9tude \u00e9taient statistiquement significatifs, affirmant que le traitement avec des lipopeptides permet:<br \/>\nDiminution de 50% de la profondeur des rides. Diminution de 68% de la densit\u00e9 des rides. Diminution de 24% du volume des rides.<br \/>\nLes lipopeptides ont \u00e9galement \u00e9t\u00e9 associ\u00e9s \u00e0 une augmentation de la densit\u00e9 et de l&#8217;\u00e9paisseur des fibres d&#8217;\u00e9lastine et \u00e0 une r\u00e9gularit\u00e9 am\u00e9lior\u00e9e du collag\u00e8ne IV, tous deux essentiels pour une peau lisse et souple.<br \/>\nContrairement au r\u00e9tinol ou \u00e0 la vitamine C, qui peuvent induire des irritations et une hyper r\u00e9activit\u00e9 cutan\u00e9e, les lipopeptides aident \u00e0 stimuler la matrice cellulaire qui conduit \u00e0 la synth\u00e8se du collag\u00e8ne I et IV, de la fibronectine et des glycosaminoglycanes conduisant \u00e0 la r\u00e9duction des rides et \u00e0 la cicatrisation des plaies.<\/p>\n<p><strong>Mode d\u2019emploi :<\/strong><br \/>\nAppliquer sur le visage, le cou et la poitrine apr\u00e8s avoir nettoy\u00e9 et tonifi\u00e9 la peau avec le FRESH TONIQUE*. Pour optimiser les r\u00e9sultats, appliquer le VITAMIN C SERUM BIO* avant la cr\u00e8me de jour RADIANT* le jour et compl\u00e9ter votre soin la nuit avec la cr\u00e8me de nuit RADIANT* (*Dr SERRAR\u00ae BIO).<br \/>\nATTENTION : \u00c9vitez tout contact avec les yeux et la bouche. En cas d\u2019irritation, cessez l\u2019utilisation. Tenir hors de la port\u00e9e des enfants.<\/p>\n<p><strong>Avertissement:<\/strong><br \/>\nArr\u00eatez-vous au moindre changement ou r\u00e9action. Si n\u00e9cessaire, consultez un professionnel de la sant\u00e9 ou des informations sur la sant\u00e9 en cas de r\u00e9action allergique.<br \/>\nChaque peau est diff\u00e9rente et r\u00e9agit diff\u00e9remment au m\u00eame cosm\u00e9tique. Nous ne fournissons pas de conseils personnalis\u00e9s, nous ne connaissons pas votre peau.<br \/>\nPour tout conseil personnalis\u00e9, notamment si vous suivez un traitement m\u00e9dical: consultez votre m\u00e9decin ou votre dermatologue.<br \/>\nNe modifiez jamais un traitement prescrit en fonction de ce que vous lisez sur Internet.<\/p>\n<p>&nbsp;<\/p>\n<p><span style=\"color: #005890;\"><strong>FABRIQU\u00c9 AU CANADA <span class=\"VIiyi\" lang=\"es\"> \u00a0\u00a0\u00a0\u00a0 <\/span>| <span class=\"VIiyi\" lang=\"es\"> \u00a0\u00a0\u00a0\u00a0 <\/span>CERTIFI\u00c9 GMP <span class=\"VIiyi\" lang=\"es\"> \u00a0\u00a0\u00a0\u00a0 <\/span>| <span class=\"VIiyi\" lang=\"es\"> \u00a0\u00a0\u00a0\u00a0 <\/span>SANS OGM <span class=\"VIiyi\" lang=\"es\"> \u00a0\u00a0\u00a0\u00a0 <\/span>| <span class=\"VIiyi\" lang=\"es\"> \u00a0\u00a0\u00a0\u00a0 <\/span><span class=\"VIiyi\" lang=\"fr\"><span class=\"JLqJ4b ChMk0b\" data-language-for-alternatives=\"fr\" data-language-to-translate-into=\"en\" data-phrase-index=\"0\">LABORATOIRE CERTIFI\u00c9 ISO 17025<\/span><\/span><\/strong><\/span><\/p>\n","protected":false},"excerpt":{"rendered":"<p>\u00c2ge 35+ Palmitoyl Effet Acide R\u00e9tino\u00efque Rides Fines Hydrate Raffermit Antioxydant Resserre les Pores Peau Jeune Anti- \u00c2ge L&#8217;un des ingr\u00e9dients cl\u00e9s de notre complexe est le palmitoyl pentapeptide-3. Le pentapeptide-3 et son effet botox miment les enk\u00e9phalines, et par l\u00e0-m\u00eame, \u0153uvre dans le sens d\u2019une jeunesse \u00e9ternelle. Ajoutez \u00e0 cela le palmitoyl-oligopeptide, une mol\u00e9cule [&hellip;]<\/p>\n","protected":false},"featured_media":8476,"template":"","meta":{"hide_page_title":"","_coblocks_attr":"","_coblocks_dimensions":"","_coblocks_responsive_height":"","_coblocks_accordion_ie_support":""},"product_cat":[23],"product_tag":[],"translation":{"provider":"WPGlobus","version":"3.0.1","language":"fr","enabled_languages":["en","es","fr","ar","pt","it"],"languages":{"en":{"title":true,"content":true,"excerpt":false},"es":{"title":false,"content":true,"excerpt":false},"fr":{"title":true,"content":true,"excerpt":false},"ar":{"title":false,"content":true,"excerpt":false},"pt":{"title":false,"content":true,"excerpt":false},"it":{"title":false,"content":true,"excerpt":false}}},"_links":{"self":[{"href":"https:\/\/www.serrarpharma.com\/fr\/wp-json\/wp\/v2\/product\/8291"}],"collection":[{"href":"https:\/\/www.serrarpharma.com\/fr\/wp-json\/wp\/v2\/product"}],"about":[{"href":"https:\/\/www.serrarpharma.com\/fr\/wp-json\/wp\/v2\/types\/product"}],"wp:featuredmedia":[{"embeddable":true,"href":"https:\/\/www.serrarpharma.com\/fr\/wp-json\/wp\/v2\/media\/8476"}],"wp:attachment":[{"href":"https:\/\/www.serrarpharma.com\/fr\/wp-json\/wp\/v2\/media?parent=8291"}],"wp:term":[{"taxonomy":"product_cat","embeddable":true,"href":"https:\/\/www.serrarpharma.com\/fr\/wp-json\/wp\/v2\/product_cat?post=8291"},{"taxonomy":"product_tag","embeddable":true,"href":"https:\/\/www.serrarpharma.com\/fr\/wp-json\/wp\/v2\/product_tag?post=8291"}],"curies":[{"name":"wp","href":"https:\/\/api.w.org\/{rel}","templated":true}]}}