{"id":8288,"date":"2020-09-20T18:07:24","date_gmt":"2020-09-20T18:07:24","guid":{"rendered":"https:\/\/www.serrarpharma.com\/?post_type=product&#038;p=8288"},"modified":"2024-08-21T22:50:27","modified_gmt":"2024-08-22T02:50:27","slug":"untouched-night-cream","status":"publish","type":"product","link":"https:\/\/www.serrarpharma.com\/fr\/product\/untouched-night-cream\/","title":{"rendered":"UNTOUCHED CR\u00c8ME DE NUIT"},"content":{"rendered":"<p><img loading=\"lazy\" class=\"alignnone wp-image-11371\" src=\"https:\/\/i0.wp.com\/www.serrarpharma.com\/wp-content\/uploads\/2021\/04\/Made-in-CA.png?resize=70%2C70&#038;ssl=1\" alt=\"\" width=\"70\" height=\"70\" srcset=\"https:\/\/i0.wp.com\/www.serrarpharma.com\/wp-content\/uploads\/2021\/04\/Made-in-CA.png?w=150&amp;ssl=1 150w, https:\/\/i0.wp.com\/www.serrarpharma.com\/wp-content\/uploads\/2021\/04\/Made-in-CA.png?resize=100%2C100&amp;ssl=1 100w\" sizes=\"(max-width: 70px) 100vw, 70px\" data-recalc-dims=\"1\" \/><img loading=\"lazy\" class=\"alignnone wp-image-11370\" src=\"https:\/\/i0.wp.com\/www.serrarpharma.com\/wp-content\/uploads\/2021\/04\/GMP.png?resize=70%2C70&#038;ssl=1\" alt=\"\" width=\"70\" height=\"70\" srcset=\"https:\/\/i0.wp.com\/www.serrarpharma.com\/wp-content\/uploads\/2021\/04\/GMP.png?w=150&amp;ssl=1 150w, https:\/\/i0.wp.com\/www.serrarpharma.com\/wp-content\/uploads\/2021\/04\/GMP.png?resize=100%2C100&amp;ssl=1 100w\" sizes=\"(max-width: 70px) 100vw, 70px\" data-recalc-dims=\"1\" \/><img loading=\"lazy\" class=\"alignnone wp-image-11369\" src=\"https:\/\/i0.wp.com\/www.serrarpharma.com\/wp-content\/uploads\/2021\/04\/Nongmo.png?resize=70%2C70&#038;ssl=1\" alt=\"\" width=\"70\" height=\"70\" srcset=\"https:\/\/i0.wp.com\/www.serrarpharma.com\/wp-content\/uploads\/2021\/04\/Nongmo.png?w=150&amp;ssl=1 150w, https:\/\/i0.wp.com\/www.serrarpharma.com\/wp-content\/uploads\/2021\/04\/Nongmo.png?resize=100%2C100&amp;ssl=1 100w\" sizes=\"(max-width: 70px) 100vw, 70px\" data-recalc-dims=\"1\" \/><img loading=\"lazy\" class=\"alignnone wp-image-11799\" src=\"https:\/\/i0.wp.com\/www.serrarpharma.com\/wp-content\/uploads\/2021\/04\/ISO-07.png?resize=70%2C70&#038;ssl=1\" alt=\"\" width=\"70\" height=\"70\" srcset=\"https:\/\/i0.wp.com\/www.serrarpharma.com\/wp-content\/uploads\/2021\/04\/ISO-07.png?resize=300%2C300&amp;ssl=1 300w, https:\/\/i0.wp.com\/www.serrarpharma.com\/wp-content\/uploads\/2021\/04\/ISO-07.png?resize=150%2C150&amp;ssl=1 150w, https:\/\/i0.wp.com\/www.serrarpharma.com\/wp-content\/uploads\/2021\/04\/ISO-07.png?resize=100%2C100&amp;ssl=1 100w, https:\/\/i0.wp.com\/www.serrarpharma.com\/wp-content\/uploads\/2021\/04\/ISO-07.png?w=418&amp;ssl=1 418w\" sizes=\"(max-width: 70px) 100vw, 70px\" data-recalc-dims=\"1\" \/><\/p>\n<p><strong>\u00c2ge 20+<br \/>\nTamarinier<br \/>\nEffet Hyaluronique<br \/>\nV\u00e9g\u00e9tal<\/strong><br \/>\nHydrate<br \/>\nRaffermit<br \/>\nAntioxydant<br \/>\nResserre les Pores<br \/>\nPeau Jeune<br \/>\nAnti- \u00c2ge<\/p>\n<p>Cr\u00e8me de nuit dot\u00e9e d&#8217;une sensation l\u00e9g\u00e8rement plus \u00e9paisse et de propri\u00e9t\u00e9s plus hydratantes. Qualit\u00e9 exceptionnelle, elle comprend des huiles plus naturelles et une couleur plus claire gr\u00e2ce \u00e0 l&#8217;utilisation de l\u2019extrait de jojoba sans solvant. Notre cr\u00e8me de nuit hautement \u00e9molliente est destin\u00e9e aux peaux qui n\u00e9cessitent naturellement plus d&#8217;huiles sans laisser de sensation grasse. Elle est parfaite pour les climats secs et arides ou m\u00eame la chaleur forc\u00e9e par ventilateur en hiver.<\/p>\n<p><strong>Mode d\u2019emploi :<\/strong><br \/>\nAppliquer sur le visage, le cou et la poitrine apr\u00e8s avoir nettoy\u00e9 et tonifi\u00e9 la peau avec le FRESH TONIQUE*. Pour optimiser les r\u00e9sultats, appliquer le VITAMIN C SERUM BIO* avant la cr\u00e8me de jour RADIANT* le jour et compl\u00e9ter votre soin la nuit avec la cr\u00e8me de nuit RADIANT* (*Dr SERRAR\u00ae BIO).<br \/>\nATTENTION : \u00c9vitez tout contact avec les yeux et la bouche. En cas d\u2019irritation, cessez l\u2019utilisation. Tenir hors de la port\u00e9e des enfants.<\/p>\n<p><strong>Avertissement:<\/strong><br \/>\nArr\u00eatez-vous au moindre changement ou r\u00e9action. Si n\u00e9cessaire, consultez un professionnel de la sant\u00e9 ou des informations sur la sant\u00e9 en cas de r\u00e9action allergique.<br \/>\nChaque peau est diff\u00e9rente et r\u00e9agit diff\u00e9remment au m\u00eame cosm\u00e9tique. Nous ne fournissons pas de conseils personnalis\u00e9s, nous ne connaissons pas votre peau.<br \/>\nPour tout conseil personnalis\u00e9, notamment si vous suivez un traitement m\u00e9dical: consultez votre m\u00e9decin ou votre dermatologue.<br \/>\nNe modifiez jamais un traitement prescrit en fonction de ce que vous lisez sur Internet.<\/p>\n<p>&nbsp;<\/p>\n<p><span style=\"color: #005890;\"><strong>FABRIQU\u00c9 AU CANADA <span class=\"VIiyi\" lang=\"es\"> \u00a0\u00a0\u00a0\u00a0 <\/span>| <span class=\"VIiyi\" lang=\"es\"> \u00a0\u00a0\u00a0\u00a0 <\/span>CERTIFI\u00c9 GMP <span class=\"VIiyi\" lang=\"es\"> \u00a0\u00a0\u00a0\u00a0 <\/span>| <span class=\"VIiyi\" lang=\"es\"> \u00a0\u00a0\u00a0\u00a0 <\/span>SANS OGM <span class=\"VIiyi\" lang=\"es\"> \u00a0\u00a0\u00a0\u00a0 <\/span>| <span class=\"VIiyi\" lang=\"es\"> \u00a0\u00a0\u00a0\u00a0 <\/span><span class=\"VIiyi\" lang=\"fr\"><span class=\"JLqJ4b ChMk0b\" data-language-for-alternatives=\"fr\" data-language-to-translate-into=\"en\" data-phrase-index=\"0\">LABORATOIRE CERTIFI\u00c9 ISO 17025<\/span><\/span><\/strong><\/span><\/p>\n","protected":false},"excerpt":{"rendered":"<p>\u00c2ge 20+ Tamarinier Effet Hyaluronique V\u00e9g\u00e9tal Hydrate Raffermit Antioxydant Resserre les Pores Peau Jeune Anti- \u00c2ge Cr\u00e8me de nuit dot\u00e9e d&#8217;une sensation l\u00e9g\u00e8rement plus \u00e9paisse et de propri\u00e9t\u00e9s plus hydratantes. Qualit\u00e9 exceptionnelle, elle comprend des huiles plus naturelles et une couleur plus claire gr\u00e2ce \u00e0 l&#8217;utilisation de l\u2019extrait de jojoba sans solvant. Notre cr\u00e8me de [&hellip;]<\/p>\n","protected":false},"featured_media":8473,"template":"","meta":{"hide_page_title":"","_coblocks_attr":"","_coblocks_dimensions":"","_coblocks_responsive_height":"","_coblocks_accordion_ie_support":""},"product_cat":[23],"product_tag":[],"translation":{"provider":"WPGlobus","version":"3.0.1","language":"fr","enabled_languages":["en","es","fr","ar","pt","it"],"languages":{"en":{"title":true,"content":true,"excerpt":false},"es":{"title":false,"content":true,"excerpt":false},"fr":{"title":true,"content":true,"excerpt":false},"ar":{"title":false,"content":true,"excerpt":false},"pt":{"title":false,"content":true,"excerpt":false},"it":{"title":false,"content":true,"excerpt":false}}},"_links":{"self":[{"href":"https:\/\/www.serrarpharma.com\/fr\/wp-json\/wp\/v2\/product\/8288"}],"collection":[{"href":"https:\/\/www.serrarpharma.com\/fr\/wp-json\/wp\/v2\/product"}],"about":[{"href":"https:\/\/www.serrarpharma.com\/fr\/wp-json\/wp\/v2\/types\/product"}],"wp:featuredmedia":[{"embeddable":true,"href":"https:\/\/www.serrarpharma.com\/fr\/wp-json\/wp\/v2\/media\/8473"}],"wp:attachment":[{"href":"https:\/\/www.serrarpharma.com\/fr\/wp-json\/wp\/v2\/media?parent=8288"}],"wp:term":[{"taxonomy":"product_cat","embeddable":true,"href":"https:\/\/www.serrarpharma.com\/fr\/wp-json\/wp\/v2\/product_cat?post=8288"},{"taxonomy":"product_tag","embeddable":true,"href":"https:\/\/www.serrarpharma.com\/fr\/wp-json\/wp\/v2\/product_tag?post=8288"}],"curies":[{"name":"wp","href":"https:\/\/api.w.org\/{rel}","templated":true}]}}