{"id":7806,"date":"2020-06-13T00:31:13","date_gmt":"2020-06-13T04:31:13","guid":{"rendered":"https:\/\/www.serrarpharma.com\/?post_type=product&#038;p=7806"},"modified":"2024-08-21T21:49:26","modified_gmt":"2024-08-22T01:49:26","slug":"phyto-tonic-dr-serrar","status":"publish","type":"product","link":"https:\/\/www.serrarpharma.com\/fr\/product\/phyto-tonic-dr-serrar\/","title":{"rendered":"TONIQUE"},"content":{"rendered":"<p><img loading=\"lazy\" class=\"alignnone wp-image-11371\" src=\"https:\/\/i0.wp.com\/www.serrarpharma.com\/wp-content\/uploads\/2021\/04\/Made-in-CA.png?resize=70%2C70&#038;ssl=1\" alt=\"\" width=\"70\" height=\"70\" srcset=\"https:\/\/i0.wp.com\/www.serrarpharma.com\/wp-content\/uploads\/2021\/04\/Made-in-CA.png?w=150&amp;ssl=1 150w, https:\/\/i0.wp.com\/www.serrarpharma.com\/wp-content\/uploads\/2021\/04\/Made-in-CA.png?resize=100%2C100&amp;ssl=1 100w\" sizes=\"(max-width: 70px) 100vw, 70px\" data-recalc-dims=\"1\" \/><img loading=\"lazy\" class=\"alignnone wp-image-11370\" src=\"https:\/\/i0.wp.com\/www.serrarpharma.com\/wp-content\/uploads\/2021\/04\/GMP.png?resize=70%2C70&#038;ssl=1\" alt=\"\" width=\"70\" height=\"70\" srcset=\"https:\/\/i0.wp.com\/www.serrarpharma.com\/wp-content\/uploads\/2021\/04\/GMP.png?w=150&amp;ssl=1 150w, https:\/\/i0.wp.com\/www.serrarpharma.com\/wp-content\/uploads\/2021\/04\/GMP.png?resize=100%2C100&amp;ssl=1 100w\" sizes=\"(max-width: 70px) 100vw, 70px\" data-recalc-dims=\"1\" \/><img loading=\"lazy\" class=\"alignnone wp-image-11369\" src=\"https:\/\/i0.wp.com\/www.serrarpharma.com\/wp-content\/uploads\/2021\/04\/Nongmo.png?resize=70%2C70&#038;ssl=1\" alt=\"\" width=\"70\" height=\"70\" srcset=\"https:\/\/i0.wp.com\/www.serrarpharma.com\/wp-content\/uploads\/2021\/04\/Nongmo.png?w=150&amp;ssl=1 150w, https:\/\/i0.wp.com\/www.serrarpharma.com\/wp-content\/uploads\/2021\/04\/Nongmo.png?resize=100%2C100&amp;ssl=1 100w\" sizes=\"(max-width: 70px) 100vw, 70px\" data-recalc-dims=\"1\" \/><img loading=\"lazy\" class=\"alignnone wp-image-11799\" src=\"https:\/\/i0.wp.com\/www.serrarpharma.com\/wp-content\/uploads\/2021\/04\/ISO-07.png?resize=70%2C70&#038;ssl=1\" alt=\"\" width=\"70\" height=\"70\" srcset=\"https:\/\/i0.wp.com\/www.serrarpharma.com\/wp-content\/uploads\/2021\/04\/ISO-07.png?resize=300%2C300&amp;ssl=1 300w, https:\/\/i0.wp.com\/www.serrarpharma.com\/wp-content\/uploads\/2021\/04\/ISO-07.png?resize=150%2C150&amp;ssl=1 150w, https:\/\/i0.wp.com\/www.serrarpharma.com\/wp-content\/uploads\/2021\/04\/ISO-07.png?resize=100%2C100&amp;ssl=1 100w, https:\/\/i0.wp.com\/www.serrarpharma.com\/wp-content\/uploads\/2021\/04\/ISO-07.png?w=418&amp;ssl=1 418w\" sizes=\"(max-width: 70px) 100vw, 70px\" data-recalc-dims=\"1\" \/><\/p>\n<p>&nbsp;<\/p>\n<p>Purifie &#8211; Apaise<br \/>\nRevitalise &#8211; Hydrate<br \/>\nAntiseptique<br \/>\nResserre les Pores<br \/>\nAm\u00e9liore les Cicatrices d&#8217;Acn\u00e9<br \/>\nApaise l&#8217;Irritation due au Rasage<br \/>\nSans Alcool<br \/>\nFabriqu\u00e9 avec<br \/>\n<strong>Ingr\u00e9dients Hypoallerg\u00e9niques<\/strong><br \/>\nCon\u00e7u pour tous les types de peau<\/p>\n<p>TONIFICATION<br \/>\n\u00c9clat<br \/>\nRevitaliser<br \/>\nAntiseptique non irritant<\/p>\n<p>La lotion Velours Dr. SERRAR <sup> \u00ae <\/sup> PHYTO TONIC est essentielle pour un nettoyage complet de la peau. Beaucoup de gens pensent que vous pouvez facilement vous passer d&#8217;une lotion tonique \u00e0 condition de nettoyer la peau de votre visage au moins deux fois par jour avec des produits adapt\u00e9s. Cela peut \u00eatre vrai lorsque vous avez une peau parfaite &#8230; Sinon, le toner pour le visage est essentiel pour nettoyer et prot\u00e9ger votre peau correctement.<\/p>\n<p>PHYTO TONIC est doux et sans alcool \u00e0 partir d&#8217;extraits de plantes extraits de tilleul, d&#8217;abricot et de myrtille. Hydrate, rafra\u00eechit \u00e9mollient, adoucissant, calmant, d\u00e9congestionnant, \u00e9claircissant, tonifiant et redonne de l&#8217;\u00e9clat \u00e0 la peau. Il contient des antioxydants qui aident \u00e0 resserrer les pores, \u00e0 \u00e9quilibrer la peau et \u00e0 la pr\u00e9parer \u00e0 l&#8217;hydratation. Cette lotion convient \u00e0 la plupart des types de peau, y compris les peaux mixtes et sensibles.<\/p>\n<p>PHYTO TONIC est biologique et sans alcool, id\u00e9al pour \u00e9quilibrer le pH de l&#8217;\u00e9piderme et raffermir les pores. Il rafra\u00eechit et apaise instantan\u00e9ment la peau. Peut \u00eatre utilis\u00e9 pour apaiser les irritations li\u00e9es au rasage. Procure \u00e0 la peau confort, souplesse et hydratation.<br \/>\nL&#8217;utilisation quotidienne de cette lotion tonique sans alcool rafra\u00eechit et assure l&#8217;oxyg\u00e9nation r\u00e9g\u00e9n\u00e9ratrice de la peau gr\u00e2ce \u00e0 l&#8217;action r\u00e9paratrice des prot\u00e9ines v\u00e9g\u00e9tales et astringentes.<br \/>\nPHYTO TONIC \u00e9limine toute trace de d\u00e9maquillant et laisse la peau parfaitement nette et \u00e9clatante. Le nettoyant pour le visage tonifie et resserre les pores tout en normalisant l&#8217;exc\u00e8s de s\u00e9bum.<br \/>\nIl pr\u00e9pare la peau aux traitements suivants (VIT C, DERM, ECLAT)<\/p>\n<p>&nbsp;<\/p>\n<h5>Pourquoi choisir le Dr. SERRAR<sup>\u00ae<\/sup> PHYTO TONIC?<\/h5>\n<p>Dr. SERRAR<sup>\u00ae<\/sup> PHYTO TONIC est fabriqu\u00e9 selon les normes les plus \u00e9lev\u00e9es de l&#8217;industrie pharmaceutique. La lotion contient des extraits v\u00e9g\u00e9taux avanc\u00e9s de tilleul, d&#8217;abricot, de myrtille. Hydrate, rafra\u00eechit \u00e9mollient, adoucissant, calmant, d\u00e9congestionnant, \u00e9claircissant, tonifiant et redonne de l&#8217;\u00e9clat \u00e0 la peau. Il contient des antioxydants qui aident \u00e0 resserrer les pores, \u00e0 \u00e9quilibrer la peau et \u00e0 la pr\u00e9parer \u00e0 l&#8217;hydratation. Cette lotion convient \u00e0 la plupart des types de peau.<\/p>\n<div class=\"productlist\">PHYTO TONIC est biologique et sans alcool, id\u00e9al pour \u00e9quilibrer le pH de l&#8217;\u00e9piderme et raffermir les pores.<br \/>\nPHYTO TONIC ne contient pas de parab\u00e8nes, de produits p\u00e9troliers, d&#8217;huile min\u00e9rale, d&#8217;alcool ou de parfums artificiels. Produit non test\u00e9 sur les animaux (certifi\u00e9 sans cruaut\u00e9).<br \/>\nLA PLUS HAUTE QUALIT\u00c9. SANS GLUTEN. Fabriqu\u00e9 au Canada.<br \/>\nLes bonnes pratiques de fabrication (BPF) sont un ensemble de r\u00e9glementations pharmaceutiques strictes qui garantissent que les compl\u00e9ments alimentaires sont fabriqu\u00e9s et contr\u00f4l\u00e9s \u00e0 un niveau \u00e9lev\u00e9 qui peut \u00eatre utilis\u00e9.<br \/>\nSans soja, sans gluten, certifi\u00e9 casher, sans produits laitiers, sans lait, noix, arachides, crustac\u00e9s, bl\u00e9 et soja. \u00c9galement exempt de levure, d&#8217;orge, de riz, de sodium et de sucre.<br \/>\nEfficacit\u00e9 maximale.<br \/>\nEnti\u00e8rement d&#8217;origine naturelle.<br \/>\nFabriqu\u00e9 avec des ingr\u00e9dients hypoallerg\u00e9niques.<br \/>\n100% ingr\u00e9dients d&#8217;origine naturelle<br \/>\nSans allerg\u00e8ne.<\/div>\n<p><strong> RECOMMANDATION D&#8217;ESSAI DE PATCH <\/strong><br \/>\nIl s&#8217;agit d&#8217;une lotion tonique CONCENTR\u00c9E et PUISSANTE contenant des ingr\u00e9dients actifs \u00e0 base de plantes qui peuvent provoquer des irritations cutan\u00e9es ou des \u00e9ruptions cutan\u00e9es pour les personnes allergiques. Il est IMPORTANT que vous effectuiez un patch-test du produit * au moins 24-48 * heures avant l&#8217;application r\u00e9guli\u00e8re pour vous assurer que le produit est bien adapt\u00e9 \u00e0 votre peau.<\/p>\n<p><strong> Mode d&#8217;emploi <\/strong><br \/>\nSi la formule est compatible avec votre peau, appliquez chaque semaine. Pour usage externe uniquement.<br \/>\nPHYTO CLEAN s&#8217;utilise matin et soir, apr\u00e8s avoir nettoy\u00e9 la peau, versez un peu de toner sur un coton, uniform\u00e9ment ou directement dans la paume de vos mains et tapotez le cou et le d\u00e9collet\u00e9 et la peau propre de votre visage. Une fois appliqu\u00e9e, la lotion est absorb\u00e9e (sans alcool) pour un bien-\u00eatre et une relaxation imm\u00e9diats. Il calme l&#8217;irritation du rasage.<br \/>\nUtilisez-le apr\u00e8s le PHYTO CLEAN.<\/p>\n<p>Apr\u00e8s le PHYTO TONIC, utilisez la ECLAT CREAM le jour et la cr\u00e8me DERM le soir.<br \/>\nLe kit Dr. SERRAR<sup>\u00ae<\/sup>: PHYTO (CLEAN + SCRUB + MASK + TONIC) + Vitamine C + ECLAT + DERM, r\u00e9g\u00e9n\u00e8re des ann\u00e9es de dommages environnementaux et laisse votre peau saine et jeune. R\u00e9duit visiblement les ridules et les rides, rendant votre peau plus robuste et lumineuse. Con\u00e7u pour tous les types de peau.<\/p>\n<p>La lotion Dr. SERRAR<sup>\u00ae<\/sup> PHYTO TONIC est une marque puissante mais s\u00fbre et test\u00e9e. Nous travaillons avec des laboratoires au Canada et aux \u00c9tats-Unis pour d\u00e9velopper nos produits. Chaque produit que nous lan\u00e7ons est d\u00e9velopp\u00e9 pour \u00eatre le plus puissant possible, afin d&#8217;offrir un effet maximum tout en restant dermatologiquement s\u00fbr pour votre peau.<\/p>\n<p><strong> Avertissement: <\/strong><br \/>\nArr\u00eatez-vous au moindre changement ou r\u00e9action. Si n\u00e9cessaire, consultez un professionnel de la sant\u00e9 ou info sant\u00e9 en cas de r\u00e9action allergique.<br \/>\nChaque peau est diff\u00e9rente et r\u00e9agit diff\u00e9remment au m\u00eame cosm\u00e9tique. Nous ne fournissons pas de conseils personnalis\u00e9s, nous ne connaissons pas votre peau. Pour tout conseil personnalis\u00e9, notamment si vous suivez un traitement m\u00e9dical: consultez votre m\u00e9decin ou votre dermatologue. Ne modifiez jamais un traitement prescrit en fonction de ce que vous lisez sur Internet.<\/p>\n<p>&nbsp;<\/p>\n<p><span style=\"color: #005890;\"><strong>FABRIQU\u00c9 AU CANADA \u00a0 \u00a0 | \u00a0 \u00a0 CERTIFI\u00c9 GMP \u00a0 \u00a0 | \u00a0 \u00a0 SANS OGM\u00a0 \u00a0\u00a0 | \u00a0 \u00a0 <span class=\"VIiyi\" lang=\"fr\"><span class=\"JLqJ4b ChMk0b\" data-language-for-alternatives=\"fr\" data-language-to-translate-into=\"en\" data-phrase-index=\"0\">LABORATOIRE CERTIFI\u00c9 ISO 17025<\/span><\/span><\/strong><\/span><\/p>\n","protected":false},"excerpt":{"rendered":"<p>&nbsp; Purifie &#8211; Apaise Revitalise &#8211; Hydrate Antiseptique Resserre les Pores Am\u00e9liore les Cicatrices d&#8217;Acn\u00e9 Apaise l&#8217;Irritation due au Rasage Sans Alcool Fabriqu\u00e9 avec Ingr\u00e9dients Hypoallerg\u00e9niques Con\u00e7u pour tous les types de peau TONIFICATION \u00c9clat Revitaliser Antiseptique non irritant La lotion Velours Dr. SERRAR \u00ae PHYTO TONIC est essentielle pour un nettoyage complet de la [&hellip;]<\/p>\n","protected":false},"featured_media":8790,"template":"","meta":{"hide_page_title":"","_coblocks_attr":"","_coblocks_dimensions":"","_coblocks_responsive_height":"","_coblocks_accordion_ie_support":""},"product_cat":[22],"product_tag":[],"translation":{"provider":"WPGlobus","version":"3.0.1","language":"fr","enabled_languages":["en","es","fr","ar","pt","it"],"languages":{"en":{"title":true,"content":true,"excerpt":false},"es":{"title":false,"content":true,"excerpt":false},"fr":{"title":true,"content":true,"excerpt":false},"ar":{"title":false,"content":true,"excerpt":false},"pt":{"title":false,"content":true,"excerpt":false},"it":{"title":false,"content":true,"excerpt":false}}},"_links":{"self":[{"href":"https:\/\/www.serrarpharma.com\/fr\/wp-json\/wp\/v2\/product\/7806"}],"collection":[{"href":"https:\/\/www.serrarpharma.com\/fr\/wp-json\/wp\/v2\/product"}],"about":[{"href":"https:\/\/www.serrarpharma.com\/fr\/wp-json\/wp\/v2\/types\/product"}],"wp:featuredmedia":[{"embeddable":true,"href":"https:\/\/www.serrarpharma.com\/fr\/wp-json\/wp\/v2\/media\/8790"}],"wp:attachment":[{"href":"https:\/\/www.serrarpharma.com\/fr\/wp-json\/wp\/v2\/media?parent=7806"}],"wp:term":[{"taxonomy":"product_cat","embeddable":true,"href":"https:\/\/www.serrarpharma.com\/fr\/wp-json\/wp\/v2\/product_cat?post=7806"},{"taxonomy":"product_tag","embeddable":true,"href":"https:\/\/www.serrarpharma.com\/fr\/wp-json\/wp\/v2\/product_tag?post=7806"}],"curies":[{"name":"wp","href":"https:\/\/api.w.org\/{rel}","templated":true}]}}