{"id":7805,"date":"2020-06-13T00:44:44","date_gmt":"2020-06-13T04:44:44","guid":{"rendered":"https:\/\/www.serrarpharma.com\/?post_type=product&#038;p=7805"},"modified":"2024-08-21T21:48:13","modified_gmt":"2024-08-22T01:48:13","slug":"phyto-clean-dr-serrar","status":"publish","type":"product","link":"https:\/\/www.serrarpharma.com\/fr\/product\/phyto-clean-dr-serrar\/","title":{"rendered":"NETTOYANT"},"content":{"rendered":"<p><img loading=\"lazy\" class=\"alignnone wp-image-11371\" src=\"https:\/\/i0.wp.com\/www.serrarpharma.com\/wp-content\/uploads\/2021\/04\/Made-in-CA.png?resize=70%2C70&#038;ssl=1\" alt=\"\" width=\"70\" height=\"70\" srcset=\"https:\/\/i0.wp.com\/www.serrarpharma.com\/wp-content\/uploads\/2021\/04\/Made-in-CA.png?w=150&amp;ssl=1 150w, https:\/\/i0.wp.com\/www.serrarpharma.com\/wp-content\/uploads\/2021\/04\/Made-in-CA.png?resize=100%2C100&amp;ssl=1 100w\" sizes=\"(max-width: 70px) 100vw, 70px\" data-recalc-dims=\"1\" \/><img loading=\"lazy\" class=\"alignnone wp-image-11370\" src=\"https:\/\/i0.wp.com\/www.serrarpharma.com\/wp-content\/uploads\/2021\/04\/GMP.png?resize=70%2C70&#038;ssl=1\" alt=\"\" width=\"70\" height=\"70\" srcset=\"https:\/\/i0.wp.com\/www.serrarpharma.com\/wp-content\/uploads\/2021\/04\/GMP.png?w=150&amp;ssl=1 150w, https:\/\/i0.wp.com\/www.serrarpharma.com\/wp-content\/uploads\/2021\/04\/GMP.png?resize=100%2C100&amp;ssl=1 100w\" sizes=\"(max-width: 70px) 100vw, 70px\" data-recalc-dims=\"1\" \/><img loading=\"lazy\" class=\"alignnone wp-image-11369\" src=\"https:\/\/i0.wp.com\/www.serrarpharma.com\/wp-content\/uploads\/2021\/04\/Nongmo.png?resize=70%2C70&#038;ssl=1\" alt=\"\" width=\"70\" height=\"70\" srcset=\"https:\/\/i0.wp.com\/www.serrarpharma.com\/wp-content\/uploads\/2021\/04\/Nongmo.png?w=150&amp;ssl=1 150w, https:\/\/i0.wp.com\/www.serrarpharma.com\/wp-content\/uploads\/2021\/04\/Nongmo.png?resize=100%2C100&amp;ssl=1 100w\" sizes=\"(max-width: 70px) 100vw, 70px\" data-recalc-dims=\"1\" \/><img loading=\"lazy\" class=\"alignnone wp-image-11799\" src=\"https:\/\/i0.wp.com\/www.serrarpharma.com\/wp-content\/uploads\/2021\/04\/ISO-07.png?resize=70%2C70&#038;ssl=1\" alt=\"\" width=\"70\" height=\"70\" srcset=\"https:\/\/i0.wp.com\/www.serrarpharma.com\/wp-content\/uploads\/2021\/04\/ISO-07.png?resize=300%2C300&amp;ssl=1 300w, https:\/\/i0.wp.com\/www.serrarpharma.com\/wp-content\/uploads\/2021\/04\/ISO-07.png?resize=150%2C150&amp;ssl=1 150w, https:\/\/i0.wp.com\/www.serrarpharma.com\/wp-content\/uploads\/2021\/04\/ISO-07.png?resize=100%2C100&amp;ssl=1 100w, https:\/\/i0.wp.com\/www.serrarpharma.com\/wp-content\/uploads\/2021\/04\/ISO-07.png?w=418&amp;ssl=1 418w\" sizes=\"(max-width: 70px) 100vw, 70px\" data-recalc-dims=\"1\" \/><\/p>\n<p>Nettoie &#8211; Purifie<br \/>\nHydrate &#8211; Adoucit<br \/>\n\u00c9claircit &#8211; Rafra\u00eechit<br \/>\nPr\u00e9pare la peau<br \/>\npour d&#8217;autres traitements.<br \/>\nRalentit<br \/>\nles signes du vieillissement.<br \/>\nFabriqu\u00e9 avec<br \/>\n<strong>Ingr\u00e9dients Hypoallerg\u00e9niques<\/strong><br \/>\nCon\u00e7u pour tous les types de peau<\/p>\n<p>Plein d&#8217;avantages anti-\u00e2ge<br \/>\nAnti-inflammatoire<br \/>\nSans gluten<br \/>\nCon\u00e7u pour tous les types de peau<\/p>\n<p>Dr. SERRAR <sup> \u00ae <\/sup> PHYTO CLEAN Velours Cleansing Milk (d\u00e9maquillant) est le soin essentiel pour nettoyer votre visage et garder une peau claire et radieuse. Il est id\u00e9al pour tous les types de peau; m\u00eame la peau sensible. Efficace pour un nettoyage doux et en profondeur de l&#8217;\u00e9piderme. \u00c9limine le maquillage et les impuret\u00e9s sur le visage, les yeux (enl\u00e8ve le mascara), les paupi\u00e8res, les l\u00e8vres et le cou aussi efficacement qu&#8217;un soin spa. Il nettoie en un clin d&#8217;\u0153il tout en pr\u00e9servant l&#8217;\u00e9quilibre hydro-lipidique de la peau. Sa formule \u00e0 base de robane; la substance de l&#8217;huile d&#8217;olive est tr\u00e8s p\u00e9n\u00e9trante, cet ingr\u00e9dient restaure, apporte de la souplesse et prot\u00e8ge contre les irritations cutan\u00e9es. PHYTO CLEAN contient d&#8217;autres ingr\u00e9dients aux propri\u00e9t\u00e9s apaisantes reconnues; propyl\u00e8ne glycol, amerchol et silicone qui permettent l&#8217;hydratation de la peau et laisse une sensation de fra\u00eecheur imm\u00e9diate.<\/p>\n<p>PHYTO CLEAN Respecte le pH physiologique de la peau. Sa base neutre laisse la peau souple et perm\u00e9able et la pr\u00e9pare efficacement \u00e0 recevoir d&#8217;autres traitements.<br \/>\nC&#8217;est un traitement naturel exceptionnel qui aide \u00e0 ralentir les signes du vieillissement cutan\u00e9 gr\u00e2ce \u00e0 ses bienfaits anti-\u00e2ge, anti-inflammatoires et tonifiants. Les ingr\u00e9dients ont des propri\u00e9t\u00e9s antioxydantes et hydratantes qui aident \u00e0 prot\u00e9ger la peau du vieillissement cutan\u00e9.<\/p>\n<p>PHYTO CLEAN ne contient pas de parab\u00e8nes, de produits p\u00e9troliers, d&#8217;huile min\u00e9rale, d&#8217;alcool ou de parfums artificiels. Produit non test\u00e9 sur les animaux (certifi\u00e9 sans cruaut\u00e9). Tous les ingr\u00e9dients issus de l&#8217;agriculture biologique.<\/p>\n<p><strong> Mode d&#8217;emploi: <\/strong><br \/>\nIl est utilis\u00e9 le matin en pr\u00e9paration des soins hydratants et protecteurs, comme nettoyant et d\u00e9maquillant. Agiter avant utilisation. Versez une petite quantit\u00e9 de lait nettoyant sur vos mains et massez doucement le visage et le cou du bout des doigts dans un mouvement circulaire.<br \/>\nRincer \u00e0 l&#8217;eau ti\u00e8de, essuyer avec un chiffon humide. Laisse une agr\u00e9able sensation de douceur, de souplesse et de fra\u00eecheur sur la peau. Il enl\u00e8ve m\u00eame le maquillage imperm\u00e9able sans effort et se rince facilement.<\/p>\n<h5>Pourquoi choisir Dr. SERRAR<sup>\u00ae<\/sup> PHYTO CLEAN?<\/h5>\n<p>Dr. SERRAR\u00ae PHYTO CLEAN est fabriqu\u00e9 selon les normes les plus \u00e9lev\u00e9es de l&#8217;industrie pharmaceutique. La cr\u00e8me contient une formule de base de robanets avanc\u00e9e; la substance de l&#8217;huile d&#8217;olive est tr\u00e8s p\u00e9n\u00e9trante, cet ingr\u00e9dient restaure, apporte de la souplesse et prot\u00e8ge contre les irritations cutan\u00e9es. propyl\u00e8ne glycol, amerchol et silicone qui permettent l&#8217;hydratation de la peau et laissent une sensation imm\u00e9diate de fra\u00eecheur.<br \/>\npH Respecte la peau physiologique. Sa base neutre laisse la peau souple et perm\u00e9able et la pr\u00e9pare efficacement \u00e0 recevoir d&#8217;autres traitements. C&#8217;est un traitement naturel exceptionnel qui aide \u00e0 ralentir les signes du vieillissement cutan\u00e9 gr\u00e2ce \u00e0 ses bienfaits anti-\u00e2ge, antioxydant, anti-inflammatoire et tonifiant. PHYTO CLEAN ne contient pas de parab\u00e8nes, de produits p\u00e9troliers, d&#8217;huile min\u00e9rale, d&#8217;alcool ou de parfums artificiels. Produit non test\u00e9 sur les animaux (certifi\u00e9 sans cruaut\u00e9).<\/p>\n<div class=\"productlist\">LA PLUS HAUTE QUALIT\u00c9. SANS GLUTEN. Fabriqu\u00e9 au Canada.<br \/>\nLes bonnes pratiques de fabrication (BPF) sont un ensemble de r\u00e9glementations pharmaceutiques strictes qui garantissent que les compl\u00e9ments alimentaires sont fabriqu\u00e9s et contr\u00f4l\u00e9s \u00e0 un niveau \u00e9lev\u00e9 qui peut \u00eatre utilis\u00e9.<br \/>\nSans soja, sans gluten, certifi\u00e9 casher, sans produits laitiers, sans lait, noix, arachides, crustac\u00e9s, bl\u00e9 et soja. \u00c9galement exempt de levure, d&#8217;orge, de riz, de sodium et de sucre.<br \/>\nEfficacit\u00e9 maximale.<br \/>\nEnti\u00e8rement d&#8217;origine naturelle.<br \/>\nFabriqu\u00e9 avec des ingr\u00e9dients hypoallerg\u00e9niques.<br \/>\n* Ingr\u00e9dients issus de l&#8217;agriculture biologique<\/div>\n<p>&nbsp;<\/p>\n<p><strong>RECOMMANDATION D&#8217;ESSAI DE PATCH <\/strong><br \/>\nIl s&#8217;agit d&#8217;une cr\u00e8me propre CONCENTR\u00c9E et PUISSANTE contenant des ingr\u00e9dients actifs \u00e0 base de plantes qui peuvent provoquer des irritations cutan\u00e9es ou des \u00e9ruptions cutan\u00e9es pour les personnes allergiques. Il est IMPORTANT que vous effectuiez un patch-test du produit * au moins 24-48 * heures avant l&#8217;application r\u00e9guli\u00e8re pour vous assurer que le produit est bien adapt\u00e9 \u00e0 votre peau.<\/p>\n<p><strong>Application <\/strong><br \/>\nSi la formule est compatible avec votre peau, appliquez chaque semaine. Pour usage externe uniquement.<br \/>\nPHYTO CLEAN s&#8217;utilise le matin en pr\u00e9paration des soins hydratants et protecteurs, comme nettoyant et d\u00e9maquillant. Agiter avant utilisation. Versez une petite quantit\u00e9 de lait nettoyant sur vos mains et massez doucement le visage et le cou du bout des doigts dans un mouvement circulaire.<br \/>\nRincer \u00e0 l&#8217;eau ti\u00e8de, essuyer avec un chiffon humide. Laisse une agr\u00e9able sensation de douceur, de souplesse et de fra\u00eecheur sur la peau. Il enl\u00e8ve m\u00eame le maquillage imperm\u00e9able sans effort et se rince facilement.<\/p>\n<p>Apr\u00e8s le PHYTO CLEAN, utilisez le PHYTO TONIC. Le kit Dr. SERRAR <sup> \u00ae <\/sup>: PHYTO (CLEAN + SCRUB + MASK + TONIC) + Vitamine C + ECLAT + DERM, r\u00e9g\u00e9n\u00e8re des ann\u00e9es de dommages environnementaux et laisse votre peau saine et jeune. R\u00e9duit visiblement les ridules et les rides, rendant votre peau plus robuste et lumineuse. Con\u00e7u pour tous les types de peau.<\/p>\n<p>La cr\u00e8me Dr. SERRAR<sup>\u00ae<\/sup> PHYTO CLEAN est une marque puissante mais s\u00fbre et test\u00e9e. Nous travaillons avec des laboratoires au Canada et aux \u00c9tats-Unis pour d\u00e9velopper nos produits. Chaque produit que nous lan\u00e7ons est d\u00e9velopp\u00e9 pour \u00eatre le plus puissant possible, afin d&#8217;offrir un effet maximum tout en restant dermatologiquement s\u00fbr pour votre peau.<\/p>\n<p><strong> Avertissement: <\/strong><br \/>\nArr\u00eatez-vous au moindre changement ou r\u00e9action. Si n\u00e9cessaire, consultez un professionnel de la sant\u00e9 ou des informations sur la sant\u00e9 en cas de r\u00e9action allergique. Chaque peau est diff\u00e9rente et r\u00e9agit diff\u00e9remment au m\u00eame cosm\u00e9tique. Nous ne fournissons pas de conseils personnalis\u00e9s, nous ne connaissons pas votre peau.<br \/>\nPour tout conseil personnalis\u00e9, notamment si vous suivez un traitement m\u00e9dical: consultez votre m\u00e9decin ou votre dermatologue. Ne modifiez jamais un traitement prescrit en fonction de ce que vous lisez sur Internet.<\/p>\n<p>&nbsp;<\/p>\n<p><span style=\"color: #005890;\"><strong>FABRIQU\u00c9 AU CANADA \u00a0 \u00a0 | \u00a0 \u00a0 CERTIFI\u00c9 GMP \u00a0 \u00a0 | \u00a0 \u00a0 SANS OGM\u00a0 \u00a0\u00a0 | \u00a0 \u00a0 <span class=\"VIiyi\" lang=\"fr\"><span class=\"JLqJ4b ChMk0b\" data-language-for-alternatives=\"fr\" data-language-to-translate-into=\"en\" data-phrase-index=\"0\">LABORATOIRE CERTIFI\u00c9 ISO 17025<\/span><\/span><\/strong><\/span><\/p>\n","protected":false},"excerpt":{"rendered":"<p>Nettoie &#8211; Purifie Hydrate &#8211; Adoucit \u00c9claircit &#8211; Rafra\u00eechit Pr\u00e9pare la peau pour d&#8217;autres traitements. Ralentit les signes du vieillissement. Fabriqu\u00e9 avec Ingr\u00e9dients Hypoallerg\u00e9niques Con\u00e7u pour tous les types de peau Plein d&#8217;avantages anti-\u00e2ge Anti-inflammatoire Sans gluten Con\u00e7u pour tous les types de peau Dr. SERRAR \u00ae PHYTO CLEAN Velours Cleansing Milk (d\u00e9maquillant) est le [&hellip;]<\/p>\n","protected":false},"featured_media":8789,"template":"","meta":{"hide_page_title":"","_coblocks_attr":"","_coblocks_dimensions":"","_coblocks_responsive_height":"","_coblocks_accordion_ie_support":""},"product_cat":[22],"product_tag":[],"translation":{"provider":"WPGlobus","version":"3.0.1","language":"fr","enabled_languages":["en","es","fr","ar","pt","it"],"languages":{"en":{"title":true,"content":true,"excerpt":false},"es":{"title":false,"content":true,"excerpt":false},"fr":{"title":true,"content":true,"excerpt":false},"ar":{"title":false,"content":true,"excerpt":false},"pt":{"title":false,"content":true,"excerpt":false},"it":{"title":false,"content":true,"excerpt":false}}},"_links":{"self":[{"href":"https:\/\/www.serrarpharma.com\/fr\/wp-json\/wp\/v2\/product\/7805"}],"collection":[{"href":"https:\/\/www.serrarpharma.com\/fr\/wp-json\/wp\/v2\/product"}],"about":[{"href":"https:\/\/www.serrarpharma.com\/fr\/wp-json\/wp\/v2\/types\/product"}],"wp:featuredmedia":[{"embeddable":true,"href":"https:\/\/www.serrarpharma.com\/fr\/wp-json\/wp\/v2\/media\/8789"}],"wp:attachment":[{"href":"https:\/\/www.serrarpharma.com\/fr\/wp-json\/wp\/v2\/media?parent=7805"}],"wp:term":[{"taxonomy":"product_cat","embeddable":true,"href":"https:\/\/www.serrarpharma.com\/fr\/wp-json\/wp\/v2\/product_cat?post=7805"},{"taxonomy":"product_tag","embeddable":true,"href":"https:\/\/www.serrarpharma.com\/fr\/wp-json\/wp\/v2\/product_tag?post=7805"}],"curies":[{"name":"wp","href":"https:\/\/api.w.org\/{rel}","templated":true}]}}