{"id":7804,"date":"2020-06-13T00:46:56","date_gmt":"2020-06-13T00:46:56","guid":{"rendered":"https:\/\/www.serrarpharma.com\/?post_type=product&#038;p=7804"},"modified":"2025-02-01T23:16:12","modified_gmt":"2025-02-02T04:16:12","slug":"phyto-mask-dr-serrar","status":"publish","type":"product","link":"https:\/\/www.serrarpharma.com\/fr\/product\/phyto-mask-dr-serrar\/","title":{"rendered":"MASQUE"},"content":{"rendered":"<p><img loading=\"lazy\" class=\"alignnone wp-image-11371\" src=\"https:\/\/i0.wp.com\/www.serrarpharma.com\/wp-content\/uploads\/2021\/04\/Made-in-CA.png?resize=70%2C70&#038;ssl=1\" alt=\"\" width=\"70\" height=\"70\" srcset=\"https:\/\/i0.wp.com\/www.serrarpharma.com\/wp-content\/uploads\/2021\/04\/Made-in-CA.png?w=150&amp;ssl=1 150w, https:\/\/i0.wp.com\/www.serrarpharma.com\/wp-content\/uploads\/2021\/04\/Made-in-CA.png?resize=100%2C100&amp;ssl=1 100w\" sizes=\"(max-width: 70px) 100vw, 70px\" data-recalc-dims=\"1\" \/><img loading=\"lazy\" class=\"alignnone wp-image-11370\" src=\"https:\/\/i0.wp.com\/www.serrarpharma.com\/wp-content\/uploads\/2021\/04\/GMP.png?resize=70%2C70&#038;ssl=1\" alt=\"\" width=\"70\" height=\"70\" srcset=\"https:\/\/i0.wp.com\/www.serrarpharma.com\/wp-content\/uploads\/2021\/04\/GMP.png?w=150&amp;ssl=1 150w, https:\/\/i0.wp.com\/www.serrarpharma.com\/wp-content\/uploads\/2021\/04\/GMP.png?resize=100%2C100&amp;ssl=1 100w\" sizes=\"(max-width: 70px) 100vw, 70px\" data-recalc-dims=\"1\" \/><img loading=\"lazy\" class=\"alignnone wp-image-11369\" src=\"https:\/\/i0.wp.com\/www.serrarpharma.com\/wp-content\/uploads\/2021\/04\/Nongmo.png?resize=70%2C70&#038;ssl=1\" alt=\"\" width=\"70\" height=\"70\" srcset=\"https:\/\/i0.wp.com\/www.serrarpharma.com\/wp-content\/uploads\/2021\/04\/Nongmo.png?w=150&amp;ssl=1 150w, https:\/\/i0.wp.com\/www.serrarpharma.com\/wp-content\/uploads\/2021\/04\/Nongmo.png?resize=100%2C100&amp;ssl=1 100w\" sizes=\"(max-width: 70px) 100vw, 70px\" data-recalc-dims=\"1\" \/><img loading=\"lazy\" class=\"alignnone wp-image-11799\" src=\"https:\/\/i0.wp.com\/www.serrarpharma.com\/wp-content\/uploads\/2021\/04\/ISO-07.png?resize=70%2C70&#038;ssl=1\" alt=\"\" width=\"70\" height=\"70\" srcset=\"https:\/\/i0.wp.com\/www.serrarpharma.com\/wp-content\/uploads\/2021\/04\/ISO-07.png?resize=300%2C300&amp;ssl=1 300w, https:\/\/i0.wp.com\/www.serrarpharma.com\/wp-content\/uploads\/2021\/04\/ISO-07.png?resize=150%2C150&amp;ssl=1 150w, https:\/\/i0.wp.com\/www.serrarpharma.com\/wp-content\/uploads\/2021\/04\/ISO-07.png?resize=100%2C100&amp;ssl=1 100w, https:\/\/i0.wp.com\/www.serrarpharma.com\/wp-content\/uploads\/2021\/04\/ISO-07.png?w=418&amp;ssl=1 418w\" sizes=\"(max-width: 70px) 100vw, 70px\" data-recalc-dims=\"1\" \/><\/p>\n<p>R\u00e9parations &#8211; Gu\u00e9rit<br \/>\nHydrate<br \/>\nAntioxydant<br \/>\nAntiseptique &#8211; Oxyg\u00e9nation<br \/>\nAnti-Rougeurs &#8211; Apaise<br \/>\n\u00c9claircit &#8211; Raffermit<br \/>\nSouplesse &#8211; Confort de la peau<br \/>\nDonne une jeune apparence<br \/>\nFabriqu\u00e9 avec<br \/>\n<strong>Ingr\u00e9dients Hypoallerg\u00e9niques<\/strong><br \/>\nCon\u00e7u pour tous les types de peau<\/p>\n<p>Stimule la circulation de l&#8217;\u00e9piderme<br \/>\nOxyg\u00e9nation de la peau<br \/>\nAntiseptique non irritant<br \/>\nCon\u00e7u pour tous les types de peau<\/p>\n<p>Le masque cosm\u00e9tique est un rituel cr\u00e9\u00e9 il y a des milliers d&#8217;ann\u00e9es. L&#8217;Egypte ancienne et sa l\u00e9gendaire Cl\u00e9op\u00e2tre ont ador\u00e9 ce type de soins. Ce rituel a travers\u00e9 les \u00e2ges en passant par la Gr\u00e8ce antique qui a donn\u00e9 le nom de cosm\u00e9tique traduit en grec ancien par Kosmos qui signifie rev\u00eatement et ornement.<\/p>\n<p>Le masque de beaut\u00e9 est un soin rituel qui aide \u00e0 maintenir la peau en lui apportant tous les \u00e9l\u00e9ments et actifs dont elle a besoin pour l&#8217;\u00e9quilibre de la peau et en retardant les signes du vieillissement.<\/p>\n<p>Une peau diff\u00e9rente n\u00e9cessite un traitement nourrissant et apaisant confortable.<br \/>\nDr. SERRAR <sup> \u00ae <\/sup> PHYTO MASK est le traitement hydratant qui r\u00e9\u00e9quilibrera tous les types de peaux normales, s\u00e8ches, mixtes et extra sensibles. . L&#8217;hydratation est le point commun \u00e0 tous les types de peau. Les cellules et les glandes sous-cutan\u00e9es sont incapables de cr\u00e9er de l&#8217;eau. Cette hydratation sera la cl\u00e9 pour maintenir un \u00e9quilibre du film hydrolipidique.<br \/>\nCe traitement sp\u00e9cifique peut compenser une d\u00e9gradation de la peau, telle que rides, perte de fermet\u00e9, cernes, boutons, s\u00e9cheresse.<\/p>\n<p>Peau s\u00e8che, par exemple manque d&#8217;eau et de lipides. C&#8217;est pourquoi il faudra opter pour PHYTO MASK, un masque riche en hydratation et nutrition aux principes actifs qui pourra combler ce manque d&#8217;eau et apporter souplesse et confort cutan\u00e9.<br \/>\n\u00c0 l&#8217;inverse, une peau grasse produira une quantit\u00e9 excessive de s\u00e9bum, un corps gras qui prot\u00e9gera la barri\u00e8re \u00e9pidermique. Cependant, il faut savoir que cette surproduction est en partie due \u00e0 une perturbation des glandes s\u00e9bac\u00e9es, mais aussi \u00e0 une \u00e9ventuelle d\u00e9shydratation. Si la peau ressent un d\u00e9s\u00e9quilibre et un manque d&#8217;eau, elle ne peut que renvoyer du s\u00e9bum pour se prot\u00e9ger. Une surproduction de s\u00e9bum obstruera les pores et provoquera des imperfections et des points noirs, mais ne r\u00e9soudra pas le probl\u00e8me du manque d&#8217;eau.<br \/>\nDe plus, PHYTO MASK est enrichi d&#8217;ingr\u00e9dients aux propri\u00e9t\u00e9s antioxydantes, anti-rougeurs, apaisantes et calmantes. Il est donc parfait pour les peaux r\u00e9actives et sensibles.<\/p>\n<p><strong> INGR\u00c9DIENTS CL\u00c9S <\/strong><br \/>\nAllanto\u00efne:<br \/>\nCicatrisant, favorise la prolif\u00e9ration cellulaire de la peau. \u00c9limine le tissu n\u00e9crotique. agent r\u00e9parateur et restaurateur de l&#8217;\u00e9pith\u00e9lium. non irritant, hydratant, adoucissant et calmant.<\/p>\n<p>Extrait de fenouil:<br \/>\nR\u00e9gule l&#8217;hydratation de la peau et soulage les irritations.<\/p>\n<p>Extrait de gui et m\u00e9lisse:<br \/>\nPropri\u00e9t\u00e9 antiseptique.<\/p>\n<p>Extrait de houblon:<br \/>\nRiche en \u0153strog\u00e8ne v\u00e9g\u00e9tal qui aide \u00e0 raffermir la peau. tonique stimulant et antiseptique.<\/p>\n<p>Extrait de millefeuille:<br \/>\nStimule la circulation sanguine dans l&#8217;\u00e9piderme et l&#8217;oxyg\u00e9nation de la peau.<\/p>\n<p>L&#8217;utilisation du PHYTO MASK offre plus de confort et des r\u00e9sultats \u00e9tonnants pour une peau parfaite et \u00e9clatante.<\/p>\n<p><strong> Pourquoi choisir le MASQUE PHYTO Dr. SERRAR<sup>\u00ae<\/sup>? <\/strong><br \/>\nDr. SERRAR <sup> \u00ae <\/sup> PHYTO MASK est fabriqu\u00e9 selon les normes les plus \u00e9lev\u00e9es de l&#8217;industrie pharmaceutique. La cr\u00e8me contient de l&#8217;extrait de fenouil avanc\u00e9, du houblon, du linguee, de l&#8217;achill\u00e9e, de la camomille en combinaison avec de l&#8217;allanto\u00efne. Ces substances naturelles aident la peau \u00e0 maintenir ces fonctions g\u00e9n\u00e9ratrices. Ce MASQUE d\u00e9barrasse la peau des impuret\u00e9s et des cellules mortes, lui donne un aspect jeune et sain et le pr\u00e9pare \u00e0 recevoir les \u00e9l\u00e9ments actifs des produits traitants.<br \/>\nPHYTO MASK est un agent cicatrisant, r\u00e9parateur et r\u00e9parateur de l&#8217;\u00e9pith\u00e9lium. il favorise la prolif\u00e9ration cellulaire de la peau, \u00e9limine les tissus n\u00e9crotiques. Il est hydratant, adoucissant et calmant, r\u00e9gule l&#8217;humidit\u00e9 de la peau et soulage les irritations. Riche en \u0153strog\u00e8nes v\u00e9g\u00e9taux, elle aide \u00e0 raffermir la peau. Stimule la circulation du sang dans l&#8217;\u00e9piderme et l&#8217;oxyg\u00e9nation de la peau. Il poss\u00e8de une propri\u00e9t\u00e9 antiseptique non irritante. Con\u00e7u pour tous les types de peau.<\/p>\n<div class=\"productlist\">LA PLUS HAUTE QUALIT\u00c9. SANS GLUTEN. Fabriqu\u00e9 au Canada.<br \/>\nLes bonnes pratiques de fabrication (BPF) sont un ensemble de r\u00e9glementations pharmaceutiques strictes qui garantissent que les compl\u00e9ments alimentaires sont fabriqu\u00e9s et contr\u00f4l\u00e9s \u00e0 un niveau \u00e9lev\u00e9 qui peut \u00eatre utilis\u00e9.<br \/>\nSans soja, sans gluten, certifi\u00e9 casher, sans produits laitiers, sans lait, noix, arachides, crustac\u00e9s, bl\u00e9 et soja. \u00c9galement exempt de levure, d&#8217;orge, de riz, de sodium et de sucre.<br \/>\nEfficacit\u00e9 maximale.<br \/>\nEnti\u00e8rement d&#8217;origine naturelle.<br \/>\nFabriqu\u00e9 avec des ingr\u00e9dients hypoallerg\u00e9niques.<\/div>\n<p>&nbsp;<\/p>\n<p><strong> RECOMMANDATION D&#8217;ESSAI DE PATCH <\/strong><br \/>\nIl s&#8217;agit d&#8217;une cr\u00e8me de masque CONCENTR\u00c9E et PUISSANTE contenant des ingr\u00e9dients actifs \u00e0 base de plantes qui peuvent provoquer des irritations cutan\u00e9es ou des \u00e9ruptions cutan\u00e9es pour les personnes allergiques. Il est IMPORTANT que vous effectuiez un patch-test du produit * au moins 24-48 * heures avant l&#8217;application r\u00e9guli\u00e8re pour vous assurer que le produit est bien adapt\u00e9 \u00e0 votre peau.<\/p>\n<p><strong> Mode d&#8217;emploi <\/strong><br \/>\nSi la formule est compatible avec votre peau, appliquez chaque semaine. Pour usage externe uniquement.<br \/>\nL&#8217;utilisation du PHYTO MASK apporte plus de confort et des r\u00e9sultats \u00e9tonnants pour une peau parfaite et \u00e9clatante.Ce MASQUE d\u00e9barrasse la peau des impuret\u00e9s et des cellules mortes, lui donne une apparence jeune et saine et la pr\u00e9pare \u00e0 recevoir les \u00e9l\u00e9ments actifs des produits traitants.<br \/>\nAppliquez une couche g\u00e9n\u00e9reuse de Phyto Repair sur le visage, la poitrine ou le cou, en \u00e9vitant le contour des yeux et des l\u00e8vres. Laissez le masque reposer pendant 10 \u00e0 15 minutes. Rincer \u00e0 l&#8217;eau froide si d\u00e9sir\u00e9. Utilisez 2-3 fois par semaine ou au besoin.<\/p>\n<p>Utilisez le PHYTO MASK apr\u00e8s exfoliation avec PHYTO SCRUB +. PHYTO TONIC<br \/>\nApr\u00e8s le PHYTO MASK, utilisez le Dr. SERRAR<sup>\u00ae<\/sup> Vitamine C + ECLAT (jour) + DERM (nuit).<br \/>\nLe kit Dr. SERRAR<sup>\u00ae<\/sup>: PHYTO (CLEAN + SCRUB + MASK + TONIC) + Vitamine C + ECLAT + DERM, r\u00e9g\u00e9n\u00e8re des ann\u00e9es de dommages environnementaux et laisse votre peau saine et jeune. R\u00e9duit visiblement les ridules et les rides, rendant votre peau plus robuste et lumineuse. Con\u00e7u pour tous les types de peau<\/p>\n<p>La cr\u00e8me Dr. SERRAR<sup>\u00ae<\/sup> PHYTO MASK est une marque puissante mais s\u00fbre et test\u00e9e. Nous travaillons avec des laboratoires au Canada et aux \u00c9tats-Unis pour d\u00e9velopper nos produits. Chaque produit que nous lan\u00e7ons est d\u00e9velopp\u00e9 pour \u00eatre le plus puissant possible, afin d&#8217;offrir un effet maximum tout en restant dermatologiquement s\u00fbr pour votre peau.<\/p>\n<p><strong> Avertissement: <\/strong><br \/>\nArr\u00eatez-vous au moindre changement ou r\u00e9action. Si n\u00e9cessaire, consultez un professionnel de la sant\u00e9 ou des informations sur la sant\u00e9 en cas de r\u00e9action allergique.<br \/>\nChaque peau est diff\u00e9rente et r\u00e9agit diff\u00e9remment au m\u00eame cosm\u00e9tique. Nous ne fournissons pas de conseils personnalis\u00e9s, nous ne connaissons pas votre peau.<br \/>\nPour tout conseil personnalis\u00e9, notamment si vous suivez un traitement m\u00e9dical: consultez votre m\u00e9decin ou votre dermatologue.<br \/>\nNe modifiez jamais un traitement prescrit en fonction de ce que vous lisez sur Internet.<\/p>\n<p>&nbsp;<\/p>\n<p><span style=\"color: #005890;\"><strong>FABRIQU\u00c9 AU CANADA \u00a0 \u00a0 | \u00a0 \u00a0 CERTIFI\u00c9 GMP \u00a0 \u00a0 | \u00a0 \u00a0 SANS OGM\u00a0 \u00a0\u00a0 | \u00a0 \u00a0 <span class=\"VIiyi\" lang=\"fr\"><span class=\"JLqJ4b ChMk0b\" data-language-for-alternatives=\"fr\" data-language-to-translate-into=\"en\" data-phrase-index=\"0\">LABORATOIRE CERTIFI\u00c9 ISO 17025<\/span><\/span><\/strong><\/span><\/p>\n","protected":false},"excerpt":{"rendered":"<p>R\u00e9parations &#8211; Gu\u00e9rit Hydrate Antioxydant Antiseptique &#8211; Oxyg\u00e9nation Anti-Rougeurs &#8211; Apaise \u00c9claircit &#8211; Raffermit Souplesse &#8211; Confort de la peau Donne une jeune apparence Fabriqu\u00e9 avec Ingr\u00e9dients Hypoallerg\u00e9niques Con\u00e7u pour tous les types de peau Stimule la circulation de l&#8217;\u00e9piderme Oxyg\u00e9nation de la peau Antiseptique non irritant Con\u00e7u pour tous les types de peau Le [&hellip;]<\/p>\n","protected":false},"featured_media":8489,"template":"","meta":{"hide_page_title":"","_coblocks_attr":"","_coblocks_dimensions":"","_coblocks_responsive_height":"","_coblocks_accordion_ie_support":""},"product_cat":[22],"product_tag":[],"translation":{"provider":"WPGlobus","version":"3.0.1","language":"fr","enabled_languages":["en","es","fr","ar","pt","it"],"languages":{"en":{"title":true,"content":true,"excerpt":false},"es":{"title":false,"content":true,"excerpt":false},"fr":{"title":true,"content":true,"excerpt":false},"ar":{"title":false,"content":true,"excerpt":false},"pt":{"title":false,"content":true,"excerpt":false},"it":{"title":false,"content":true,"excerpt":false}}},"_links":{"self":[{"href":"https:\/\/www.serrarpharma.com\/fr\/wp-json\/wp\/v2\/product\/7804"}],"collection":[{"href":"https:\/\/www.serrarpharma.com\/fr\/wp-json\/wp\/v2\/product"}],"about":[{"href":"https:\/\/www.serrarpharma.com\/fr\/wp-json\/wp\/v2\/types\/product"}],"wp:featuredmedia":[{"embeddable":true,"href":"https:\/\/www.serrarpharma.com\/fr\/wp-json\/wp\/v2\/media\/8489"}],"wp:attachment":[{"href":"https:\/\/www.serrarpharma.com\/fr\/wp-json\/wp\/v2\/media?parent=7804"}],"wp:term":[{"taxonomy":"product_cat","embeddable":true,"href":"https:\/\/www.serrarpharma.com\/fr\/wp-json\/wp\/v2\/product_cat?post=7804"},{"taxonomy":"product_tag","embeddable":true,"href":"https:\/\/www.serrarpharma.com\/fr\/wp-json\/wp\/v2\/product_tag?post=7804"}],"curies":[{"name":"wp","href":"https:\/\/api.w.org\/{rel}","templated":true}]}}