{"id":7801,"date":"2020-06-07T14:56:28","date_gmt":"2020-06-07T14:56:28","guid":{"rendered":"https:\/\/www.serrarpharma.com\/?post_type=product&#038;p=7801"},"modified":"2024-08-21T22:01:59","modified_gmt":"2024-08-22T02:01:59","slug":"phyto-scrub-dr-serrar","status":"publish","type":"product","link":"https:\/\/www.serrarpharma.com\/fr\/product\/phyto-scrub-dr-serrar\/","title":{"rendered":"GOMMAGE"},"content":{"rendered":"<p><img loading=\"lazy\" class=\"alignnone wp-image-11371\" src=\"https:\/\/i0.wp.com\/www.serrarpharma.com\/wp-content\/uploads\/2021\/04\/Made-in-CA.png?resize=70%2C70&#038;ssl=1\" alt=\"\" width=\"70\" height=\"70\" srcset=\"https:\/\/i0.wp.com\/www.serrarpharma.com\/wp-content\/uploads\/2021\/04\/Made-in-CA.png?w=150&amp;ssl=1 150w, https:\/\/i0.wp.com\/www.serrarpharma.com\/wp-content\/uploads\/2021\/04\/Made-in-CA.png?resize=100%2C100&amp;ssl=1 100w\" sizes=\"(max-width: 70px) 100vw, 70px\" data-recalc-dims=\"1\" \/><img loading=\"lazy\" class=\"alignnone wp-image-11370\" src=\"https:\/\/i0.wp.com\/www.serrarpharma.com\/wp-content\/uploads\/2021\/04\/GMP.png?resize=70%2C70&#038;ssl=1\" alt=\"\" width=\"70\" height=\"70\" srcset=\"https:\/\/i0.wp.com\/www.serrarpharma.com\/wp-content\/uploads\/2021\/04\/GMP.png?w=150&amp;ssl=1 150w, https:\/\/i0.wp.com\/www.serrarpharma.com\/wp-content\/uploads\/2021\/04\/GMP.png?resize=100%2C100&amp;ssl=1 100w\" sizes=\"(max-width: 70px) 100vw, 70px\" data-recalc-dims=\"1\" \/><img loading=\"lazy\" class=\"alignnone wp-image-11369\" src=\"https:\/\/i0.wp.com\/www.serrarpharma.com\/wp-content\/uploads\/2021\/04\/Nongmo.png?resize=70%2C70&#038;ssl=1\" alt=\"\" width=\"70\" height=\"70\" srcset=\"https:\/\/i0.wp.com\/www.serrarpharma.com\/wp-content\/uploads\/2021\/04\/Nongmo.png?w=150&amp;ssl=1 150w, https:\/\/i0.wp.com\/www.serrarpharma.com\/wp-content\/uploads\/2021\/04\/Nongmo.png?resize=100%2C100&amp;ssl=1 100w\" sizes=\"(max-width: 70px) 100vw, 70px\" data-recalc-dims=\"1\" \/><img loading=\"lazy\" class=\"alignnone wp-image-11799\" src=\"https:\/\/i0.wp.com\/www.serrarpharma.com\/wp-content\/uploads\/2021\/04\/ISO-07.png?resize=70%2C70&#038;ssl=1\" alt=\"\" width=\"70\" height=\"70\" srcset=\"https:\/\/i0.wp.com\/www.serrarpharma.com\/wp-content\/uploads\/2021\/04\/ISO-07.png?resize=300%2C300&amp;ssl=1 300w, https:\/\/i0.wp.com\/www.serrarpharma.com\/wp-content\/uploads\/2021\/04\/ISO-07.png?resize=150%2C150&amp;ssl=1 150w, https:\/\/i0.wp.com\/www.serrarpharma.com\/wp-content\/uploads\/2021\/04\/ISO-07.png?resize=100%2C100&amp;ssl=1 100w, https:\/\/i0.wp.com\/www.serrarpharma.com\/wp-content\/uploads\/2021\/04\/ISO-07.png?w=418&amp;ssl=1 418w\" sizes=\"(max-width: 70px) 100vw, 70px\" data-recalc-dims=\"1\" \/><\/p>\n<p>Nourrit &#8211; Apaise<br \/>\nAntioxydant<br \/>\n\u00c9limine les impuret\u00e9s<br \/>\nCellules mortes de la peau<br \/>\nResserre les Pores<br \/>\nProlonge le Bronzage<br \/>\nFabriqu\u00e9 avec<br \/>\n<strong>Ingr\u00e9dients Hypoallerg\u00e9niques<\/strong><br \/>\nCon\u00e7u pour tous les types de peau<\/p>\n<p>R\u00e9duit l&#8217;apparence des ridules et des rides<br \/>\nLes antioxydants emp\u00eachent le vieillissement cutan\u00e9<br \/>\nProt\u00e8ge des agressions ext\u00e9rieures quotidiennes<br \/>\nUne peau mieux oxyg\u00e9n\u00e9e, radieuse et lumineuse<br \/>\nHydrate les peaux les plus sensibles<br \/>\nNourrissant et apaisant<br \/>\nAstringent resserre les pores<br \/>\nD\u00e9tend les muscles de votre visage<br \/>\nUne peau plus douce avec une touche velout\u00e9e<br \/>\nCon\u00e7u pour tous les types de peau<\/p>\n<p><strong> Pourquoi choisir un gommage: <\/strong><br \/>\nIl est important d&#8217;exfolier votre peau r\u00e9guli\u00e8rement. Que ce soit pour prolonger le bronzage ou am\u00e9liorer l&#8217;efficacit\u00e9 des soins. L&#8217;exfoliation fait partie d&#8217;une routine beaut\u00e9 id\u00e9ale et d&#8217;une belle peau douce.<\/p>\n<p><strong> Qu&#8217;est-ce qu&#8217;un gommage? <\/strong><br \/>\nL&#8217;exfoliation consiste \u00e0 \u00e9liminer les cellules mortes accumul\u00e9es sur votre \u00e9piderme, la surface de votre peau. S&#8217;ils ne sont pas \u00e9limin\u00e9s et que la couche de cellules mortes devient trop \u00e9paisse, cela peut avoir plusieurs cons\u00e9quences sur l&#8217;\u00e9piderme:<\/p>\n<div class=\"productlist\">Peau plus terne qui manque d&#8217;\u00e9clat<br \/>\nPeau moins oxyg\u00e9n\u00e9e, comme d\u00e9vitalis\u00e9e<br \/>\nPeau plus rugueuse au toucher<br \/>\nPeau plus s\u00e8che<br \/>\nPoils incarn\u00e9s, dus aux glandes pilo-s\u00e9bac\u00e9es, \u00e0 la racine des cheveux, qui se bouchent plus facilement<\/div>\n<p>Les pores obstru\u00e9s et les boutons sur le visage se produisent parce que la peau est congestionn\u00e9e. M\u00eame si la nature fait souvent les choses correctement et que la peau de votre corps ralentit la plupart du temps, elle a parfois besoin d&#8217;un petit coup de pouce pour \u00eatre parfaitement nettoy\u00e9e, d\u00e9toxifi\u00e9e et nourrie.<\/p>\n<p>Dr. SERRAR<sup>\u00ae<\/sup> PHYTO SCRUB est une exfoliation m\u00e9canique. Il est compos\u00e9 de diff\u00e9rents actifs naturels et biologiques, pour des soins efficaces qui respectent votre sant\u00e9 et l&#8217;environnement.<br \/>\nCompos\u00e9 de grains de diatom\u00e9es PHYTO SCRUB a un pouvoir abrasif sur la peau, contient des micro-grains naturels tr\u00e8s fins, qui lui permettront d&#8217;\u00eatre respectueux de la peau tout en \u00e9tant efficace. Ils sont doux et agr\u00e9ables \u00e0 utiliser: ils d\u00e9logent les cellules mortes sans attaquer votre peau. Gr\u00e2ce au massage, les grains du PHYTO SCRUB permettent \u00e0 la peau de se d\u00e9barrasser des cellules mortes et des impuret\u00e9s.<\/p>\n<p>Apr\u00e8s avoir utilis\u00e9 PHYTO SCRUB, votre peau sera plus saine et plus douce. En exfoliant r\u00e9guli\u00e8rement la peau de votre visage, vous contribuerez au renouvellement cellulaire naturel en \u00e9liminant une partie de la couche corn\u00e9e compos\u00e9e de cellules mortes. Ainsi, votre peau est mieux oxyg\u00e9n\u00e9e, se renouvelle mieux et plus rapidement, ce qui la rend plus radieuse et lumineuse.<\/p>\n<p>Autre avantage: la couche protectrice de votre peau \u00e9tant affin\u00e9e, donc moins imperm\u00e9able, les soins que vous lui apportez peuvent mieux p\u00e9n\u00e9trer, et plus profond\u00e9ment. PHYTO SCRUB r\u00e9duit \u00e9galement l&#8217;apparence des rides et ridules et rend la peau plus douce avec un toucher velout\u00e9.<\/p>\n<p>Les huiles v\u00e9g\u00e9tales sont essentielles dans PHYTO SCRUB car imm\u00e9diatement apr\u00e8s l&#8217;exfoliation, elles aident \u00e0 restructurer et nourrir la peau. il est recommand\u00e9 de laisser le gommage sur votre peau pendant 3 \u00e0 4 minutes apr\u00e8s un massage doux, pour b\u00e9n\u00e9ficier des propri\u00e9t\u00e9s nourrissantes et apaisantes des huiles v\u00e9g\u00e9tales: c&#8217;est le geste id\u00e9al pour r\u00e9\u00e9quilibrer l&#8217;hydratation de l&#8217;\u00e9piderme le plus sensible.<\/p>\n<p>PHYTO SCRUB non seulement exfolie la peau, mais lui apportera un r\u00e9el soin. Utilisez des principes actifs qui am\u00e9liorent l&#8217;\u00e9tat de la peau, circulatoire, astringent (action qui resserre les pores), antioxydant (pr\u00e9vient le vieillissement cutan\u00e9 et prot\u00e8ge des agressions ext\u00e9rieures quotidiennes) ou m\u00eame relaxant, pour aider les muscles de votre visage \u00e0 se soulager.<\/p>\n<p>&nbsp;<\/p>\n<h5>Pourquoi choisir Dr. SERRAR<sup>\u00ae<\/sup> PHYTO SCRUB?<\/h5>\n<p>Dr. SERRAR<sup>\u00ae<\/sup> PHYTO SCRUB est fabriqu\u00e9 selon les normes les plus \u00e9lev\u00e9es de l&#8217;industrie pharmaceutique. \u00c0 la fois exfoliante et traitante, la cr\u00e8me contient des microgranules de diatom\u00e9es avanc\u00e9es, de l&#8217;extrait de concombre, de l&#8217;huile de s\u00e9same, de l&#8217;huile d&#8217;amande douce et de l&#8217;allanto\u00efne. Ces substances naturelles aident la peau \u00e0 maintenir ces fonctions g\u00e9n\u00e9ratrices. Par un pon\u00e7age doux, cette cr\u00e8me d\u00e9barrasse la peau des impuret\u00e9s et des cellules mortes, lui donne un aspect jeune et sain et la pr\u00e9pare \u00e0 recevoir les \u00e9l\u00e9ments actifs des produits traitants. Con\u00e7u pour tous les types de peau. Pour le visage, le cou, les pieds et le corps.<\/p>\n<div class=\"productlist\">LA PLUS HAUTE QUALIT\u00c9. SANS GLUTEN. Fabriqu\u00e9 au Canada.<br \/>\nLes bonnes pratiques de fabrication (BPF) sont un ensemble de r\u00e9glementations pharmaceutiques strictes qui garantissent que les compl\u00e9ments alimentaires sont fabriqu\u00e9s et contr\u00f4l\u00e9s \u00e0 un niveau \u00e9lev\u00e9 qui peut \u00eatre utilis\u00e9.<br \/>\nSans soja, sans gluten, certifi\u00e9 casher, sans produits laitiers, sans lait, noix, arachides, fruits de mer, bl\u00e9 et soja. \u00c9galement exempt de levure, d&#8217;orge, de riz, de sodium et de sucre.<br \/>\nEfficacit\u00e9 maximale.<br \/>\nEnti\u00e8rement d&#8217;origine naturelle.<br \/>\nFabriqu\u00e9 avec des ingr\u00e9dients hypoallerg\u00e9niques.<\/div>\n<p><strong> RECOMMANDATION D&#8217;ESSAI DE PATCH <\/strong><br \/>\nIl s&#8217;agit d&#8217;une cr\u00e8me de gommage CONCENTR\u00c9E et PUISSANTE contenant des ingr\u00e9dients actifs \u00e0 base de plantes qui peuvent provoquer des irritations cutan\u00e9es ou des \u00e9ruptions cutan\u00e9es pour les personnes allergiques. Il est IMPORTANT que vous effectuiez un patch-test du produit * au moins 24-48 * heures avant l&#8217;application r\u00e9guli\u00e8re pour vous assurer que le produit est bien adapt\u00e9 \u00e0 votre peau.<\/p>\n<p>&nbsp;<\/p>\n<p><span style=\"color: #005890;\"><strong>FABRIQU\u00c9 AU CANADA \u00a0 \u00a0 | \u00a0 \u00a0 CERTIFI\u00c9 GMP \u00a0 \u00a0 | \u00a0 \u00a0 SANS OGM\u00a0 \u00a0\u00a0 | \u00a0 \u00a0 <span class=\"VIiyi\" lang=\"fr\"><span class=\"JLqJ4b ChMk0b\" data-language-for-alternatives=\"fr\" data-language-to-translate-into=\"en\" data-phrase-index=\"0\">LABORATOIRE CERTIFI\u00c9 ISO 17025<\/span><\/span><\/strong><\/span><\/p>\n","protected":false},"excerpt":{"rendered":"<p>Nourrit &#8211; Apaise Antioxydant \u00c9limine les impuret\u00e9s Cellules mortes de la peau Resserre les Pores Prolonge le Bronzage Fabriqu\u00e9 avec Ingr\u00e9dients Hypoallerg\u00e9niques Con\u00e7u pour tous les types de peau R\u00e9duit l&#8217;apparence des ridules et des rides Les antioxydants emp\u00eachent le vieillissement cutan\u00e9 Prot\u00e8ge des agressions ext\u00e9rieures quotidiennes Une peau mieux oxyg\u00e9n\u00e9e, radieuse et lumineuse Hydrate [&hellip;]<\/p>\n","protected":false},"featured_media":8488,"template":"","meta":{"hide_page_title":"","_coblocks_attr":"","_coblocks_dimensions":"","_coblocks_responsive_height":"","_coblocks_accordion_ie_support":""},"product_cat":[22],"product_tag":[],"translation":{"provider":"WPGlobus","version":"3.0.1","language":"fr","enabled_languages":["en","es","fr","ar","pt","it"],"languages":{"en":{"title":true,"content":true,"excerpt":false},"es":{"title":false,"content":true,"excerpt":false},"fr":{"title":true,"content":true,"excerpt":false},"ar":{"title":false,"content":true,"excerpt":false},"pt":{"title":false,"content":true,"excerpt":false},"it":{"title":false,"content":true,"excerpt":false}}},"_links":{"self":[{"href":"https:\/\/www.serrarpharma.com\/fr\/wp-json\/wp\/v2\/product\/7801"}],"collection":[{"href":"https:\/\/www.serrarpharma.com\/fr\/wp-json\/wp\/v2\/product"}],"about":[{"href":"https:\/\/www.serrarpharma.com\/fr\/wp-json\/wp\/v2\/types\/product"}],"wp:featuredmedia":[{"embeddable":true,"href":"https:\/\/www.serrarpharma.com\/fr\/wp-json\/wp\/v2\/media\/8488"}],"wp:attachment":[{"href":"https:\/\/www.serrarpharma.com\/fr\/wp-json\/wp\/v2\/media?parent=7801"}],"wp:term":[{"taxonomy":"product_cat","embeddable":true,"href":"https:\/\/www.serrarpharma.com\/fr\/wp-json\/wp\/v2\/product_cat?post=7801"},{"taxonomy":"product_tag","embeddable":true,"href":"https:\/\/www.serrarpharma.com\/fr\/wp-json\/wp\/v2\/product_tag?post=7801"}],"curies":[{"name":"wp","href":"https:\/\/api.w.org\/{rel}","templated":true}]}}