{"id":7718,"date":"2020-06-05T03:09:52","date_gmt":"2020-06-05T03:09:52","guid":{"rendered":"https:\/\/www.serrarpharma.com\/?post_type=product&#038;p=7718"},"modified":"2024-08-21T22:05:33","modified_gmt":"2024-08-22T02:05:33","slug":"dr-serrar-derm","status":"publish","type":"product","link":"https:\/\/www.serrarpharma.com\/fr\/product\/dr-serrar-derm\/","title":{"rendered":"DERM Ergothioneine"},"content":{"rendered":"<p><img loading=\"lazy\" class=\"alignnone wp-image-11896\" src=\"https:\/\/i0.wp.com\/www.serrarpharma.com\/wp-content\/uploads\/2021\/05\/Quality-Labels-US-09.png?resize=70%2C70&#038;ssl=1\" alt=\"\" width=\"70\" height=\"70\" data-recalc-dims=\"1\" \/><img loading=\"lazy\" class=\"alignnone wp-image-11370\" src=\"https:\/\/i0.wp.com\/www.serrarpharma.com\/wp-content\/uploads\/2021\/04\/GMP.png?resize=70%2C70&#038;ssl=1\" alt=\"\" width=\"70\" height=\"70\" srcset=\"https:\/\/i0.wp.com\/www.serrarpharma.com\/wp-content\/uploads\/2021\/04\/GMP.png?w=150&amp;ssl=1 150w, https:\/\/i0.wp.com\/www.serrarpharma.com\/wp-content\/uploads\/2021\/04\/GMP.png?resize=100%2C100&amp;ssl=1 100w\" sizes=\"(max-width: 70px) 100vw, 70px\" data-recalc-dims=\"1\" \/><img loading=\"lazy\" class=\"alignnone wp-image-11369\" src=\"https:\/\/i0.wp.com\/www.serrarpharma.com\/wp-content\/uploads\/2021\/04\/Nongmo.png?resize=70%2C70&#038;ssl=1\" alt=\"\" width=\"70\" height=\"70\" srcset=\"https:\/\/i0.wp.com\/www.serrarpharma.com\/wp-content\/uploads\/2021\/04\/Nongmo.png?w=150&amp;ssl=1 150w, https:\/\/i0.wp.com\/www.serrarpharma.com\/wp-content\/uploads\/2021\/04\/Nongmo.png?resize=100%2C100&amp;ssl=1 100w\" sizes=\"(max-width: 70px) 100vw, 70px\" data-recalc-dims=\"1\" \/><img loading=\"lazy\" class=\"alignnone wp-image-11799\" src=\"https:\/\/i0.wp.com\/www.serrarpharma.com\/wp-content\/uploads\/2021\/04\/ISO-07.png?resize=70%2C70&#038;ssl=1\" alt=\"\" width=\"70\" height=\"70\" srcset=\"https:\/\/i0.wp.com\/www.serrarpharma.com\/wp-content\/uploads\/2021\/04\/ISO-07.png?resize=300%2C300&amp;ssl=1 300w, https:\/\/i0.wp.com\/www.serrarpharma.com\/wp-content\/uploads\/2021\/04\/ISO-07.png?resize=150%2C150&amp;ssl=1 150w, https:\/\/i0.wp.com\/www.serrarpharma.com\/wp-content\/uploads\/2021\/04\/ISO-07.png?resize=100%2C100&amp;ssl=1 100w, https:\/\/i0.wp.com\/www.serrarpharma.com\/wp-content\/uploads\/2021\/04\/ISO-07.png?w=418&amp;ssl=1 418w\" sizes=\"(max-width: 70px) 100vw, 70px\" data-recalc-dims=\"1\" \/><\/p>\n<p>&nbsp;<\/p>\n<p><strong>\u00c0 base d&#8217;ergothioneine<\/strong><br \/>\nAdoucit &#8211; Hydrate<br \/>\n\u00c9claircit &#8211; Raffermit<br \/>\nAntioxydant<br \/>\nAnti-Rides<br \/>\nCombat les Signes du Vieillissement:<br \/>\n(Ridules, Rides, Taches Brunes)<br \/>\nFabriqu\u00e9 avec<br \/>\n<strong>Ingr\u00e9dients Hypoallerg\u00e9niques<\/strong><br \/>\nCon\u00e7u pour tous les types de peau<\/p>\n<p>Dr. SERRAR<sup>\u00ae<\/sup> Skin Care est une marque dont les traitements antioxydants sont pr\u00e9par\u00e9s selon des param\u00e8tres de protection contre le vieillissement atmosph\u00e9rique. Ce dernier d\u00e9note des signes visibles d&#8217;exposition \u00e0 une vari\u00e9t\u00e9 d&#8217;agresseurs environnementaux. Ces agresseurs incluent les rayons UV, le rayonnement infrarouge (IRA) et la pollution.<\/p>\n<p>Aussi, sous l&#8217;effet de l&#8217;\u00e2ge et des conditions climatiques, la peau perd son \u00e9lasticit\u00e9 et son \u00e9clat. Pour pallier ces inconv\u00e9nients, nous vous proposons les Antioxydants anti-\u00e2ge Dr Serrar Skin Care, une gamme de produits con\u00e7ue pour pr\u00e9venir, ralentir et corriger les premiers signes du vieillissement cutan\u00e9. Les produits pour la peau mature sont pr\u00e9par\u00e9s \u00e0 partir d&#8217;\u00e9l\u00e9ments bio-stimulants et d&#8217;extraits de plantes qui adoucissent, nourrissent et hydratent la peau tout en favorisant l&#8217;apport sanguin \u00e9pidermique. Ils tonifient et r\u00e9g\u00e9n\u00e8rent la peau et contribuent \u00e0 sa sant\u00e9 et \u00e0 son bien-\u00eatre. Ces produits sont recommand\u00e9s pour toutes les personnes \u00e2g\u00e9es de 21 ans et plus.<\/p>\n<p>Cependant, d&#8217;autres facteurs favorisent le vieillissement cutan\u00e9 pr\u00e9matur\u00e9, notamment l&#8217;environnement, un mauvais mode de vie, la d\u00e9shydratation et une longue exposition au soleil. Avant 30 ans, les signes de l&#8217;\u00e2ge ne sont pas encore visibles: nous mettons alors en pr\u00e9vention avec la cr\u00e8me Dr. SERRAR <sup> \u00ae <\/sup> Skin Care \u00c9CLAT le matin et DERM Ergothioneine le soir.<\/p>\n<p>C&#8217;est \u00e0 partir de 30 ans que les ridules et les rides d&#8217;expression commencent \u00e0 prendre forme: teint terne, manque de fermet\u00e9, peau moins lisse. Ces signes que nous appelons le vieillissement cutan\u00e9 sont caus\u00e9s par un exc\u00e8s de stress oxydatif. La peau, pr\u00e9dispos\u00e9e \u00e0 accumuler les dommages, devient donc le premier miroir de l&#8217;\u00e2ge. Ces signes b\u00e9nins de vieillissement sont cependant r\u00e9versibles et peuvent \u00eatre pris en charge rapidement.<\/p>\n<p>D\u00e8s l&#8217;apparition des premi\u00e8res rides, l&#8217;application d&#8217;une cr\u00e8me anti-\u00e2ge anti-\u00e2ge DERM Ergothioneine vous aide \u00e0 lutter contre le vieillissement cutan\u00e9: pour arr\u00eater le temps.<br \/>\nLa cr\u00e8me anti-\u00e2ge DERM Ergothioneine aide \u00e0 combattre les signes du vieillissement avec des ingr\u00e9dients haut de gamme pour des r\u00e9sultats \u00e9tonnants. En vieillissant, nous nous ass\u00e9chons et les femmes surtout. C\u2019est pourquoi il est si important de donner \u00e0 notre peau l\u2019humidit\u00e9 dont elle a besoin pour rester charnue et saine.<\/p>\n<p>Notre cr\u00e8me anti-\u00e2ge DERM Ergothioneine de marque priv\u00e9e hydrate et emprisonne l&#8217;humidit\u00e9 pour r\u00e9duire les signes de vieillissement pour une apparence fra\u00eeche et jeune:<\/p>\n<div class=\"productlist\">R\u00e9duit l&#8217;apparence des ridules et des rides<br \/>\nHydrate et hydrate<br \/>\nAdoucit et apaise la s\u00e9cheresse<br \/>\nVerrouille l&#8217;humidit\u00e9<\/div>\n<p><strong> INGR\u00c9DIENTS CL\u00c9S <\/strong><br \/>\nNous utilisons des ingr\u00e9dients de premi\u00e8re qualit\u00e9 pour offrir aux clients un produit de haute qualit\u00e9 qu&#8217;ils adoreront. Notre cr\u00e8me anti-\u00e2ge de marque priv\u00e9e a \u00e9t\u00e9 formul\u00e9e avec certains des ingr\u00e9dients anti-\u00e2ge les plus populaires de l&#8217;industrie pour assurer son efficacit\u00e9.<\/p>\n<p>Huile de jojoba &#8211; hydrate, prot\u00e8ge et lisse les ridules.<br \/>\nErgothion\u00e9ine &#8211; prot\u00e8ge la peau des dommages \u00e0 l&#8217;ADN.<br \/>\nExtrait de feuille de th\u00e9 vert &#8211; contient des antioxydants anti-\u00e2ge.<br \/>\nSt\u00e9arate de glyc\u00e9ryle &#8211; aide \u00e0 pr\u00e9venir la perte d&#8217;humidit\u00e9.<br \/>\nProt\u00e9ine de bl\u00e9 hydrolys\u00e9e &#8211; aide la peau \u00e0 retenir l&#8217;humidit\u00e9.<\/p>\n<p><strong>Qu&#8217;est-ce que l&#8217;Ergothioneine ou Ergothioneine?<\/strong><br \/>\nL&#8217;ergothioneine est un acide amin\u00e9 avec un groupe thiol\/thione. Elle est habituellement synth\u00e9tis\u00e9e par certains champignons et bact\u00e9ries. On le trouve aussi dans de nombreuses noix, l\u00e9gumineuses, feuilles vertes, champignons et fruits de mer. Il se trouve dans les champignons en plus forte concentration que toute autre source. C&#8217;est aussi un m\u00e9tabolite du glutathion. Il s&#8217;agit g\u00e9n\u00e9ralement d&#8217;un solide cristallin blanc, mais il se pr\u00e9sente \u00e9galement sous la forme d&#8217;une solution insipide et incolore.<\/p>\n<p><strong>Utilisation et b\u00e9n\u00e9fices:<\/strong><br \/>\nEn raison de sa sp\u00e9cialit\u00e9 structurelle d&#8217;atome de soufre, c&#8217;est un antioxydant stable et puissant. Il emp\u00eache non seulement l&#8217;oxydation, mais aussi l&#8217;\u00e9limination des radicaux libres, en particulier des radicaux -OH.<\/p>\n<p>R\u00f4le de l&#8217;Ergothioneine:<\/p>\n<div class=\"productlist\">Prot\u00e8ge la peau des dommages \u00e0 l&#8217;ADN<br \/>\nAntioxydant stable et puissant.<br \/>\nPr\u00e9vient la d\u00e9g\u00e9n\u00e9rescence de la peau par des facteurs climatiques tels que la pollution, les rayons UV nocifs, l&#8217;exposition aux \u00e9manations chimiques, etc.<br \/>\nAide \u00e0 retenir le r\u00e9servoir d\u2019eau pour la peau plus longtemps, ce qui emp\u00eache la peau de vieillir pr\u00e9matur\u00e9ment. Ainsi, l&#8217;apparition de ridules, de rides ou d&#8217;affaissements peut \u00eatre \u00e9vit\u00e9e.<br \/>\nStabilise la formulation de la creme DERM.Pr\u00e9vient les effets n\u00e9fastes de l&#8217;oxyg\u00e8ne sur le produit tels que la d\u00e9coloration, la s\u00e9paration, etc.<\/div>\n<p>&nbsp;<\/p>\n<h5>Pourquoi choisir le Dr. SERRAR<sup>\u00ae<\/sup> DERM Ergothioneine antioxydant anti-\u00e2ge?<\/h5>\n<p>Les antioxydants anti-\u00e2ge Dr. SERRAR<sup>\u00ae<\/sup> DERM Ergothioneine sont fabriqu\u00e9s selon les normes les plus \u00e9lev\u00e9es de l&#8217;industrie pharmaceutique. Ils contiennent des ingr\u00e9dients antioxydants avanc\u00e9s, de l&#8217;huile de jojoba, de l&#8217;ergothion\u00e9ine, de l&#8217;extrait de feuille de th\u00e9 vert, du st\u00e9arate de glyc\u00e9ryle et des prot\u00e9ines de bl\u00e9 hydrolys\u00e9es dans cette formule avanc\u00e9e con\u00e7ue pour prot\u00e9ger la peau des dommages de l&#8217;ADN. Il contient des antioxydants anti-\u00e2ge, aide \u00e0 pr\u00e9venir la perte d&#8217;humidit\u00e9, aide la peau \u00e0 retenir l&#8217;humidit\u00e9, hydrate et prot\u00e8ge et lisse les ridules, y compris la luminosit\u00e9, la fermet\u00e9, les rides, les taches brunes et les taches solaires.<\/p>\n<div class=\"productlist\">LA PLUS HAUTE QUALIT\u00c9 Fabriqu\u00e9 aux \u00c9tats-Unis.<br \/>\nInstallations certifi\u00e9es FDA<br \/>\nLes bonnes pratiques de fabrication (BPF) sont un ensemble de r\u00e9glementations pharmaceutiques strictes qui garantissent que les compl\u00e9ments alimentaires sont fabriqu\u00e9s et contr\u00f4l\u00e9s \u00e0 un niveau \u00e9lev\u00e9 qui peut \u00eatre utilis\u00e9.<br \/>\nSans soja, sans gluten, certifi\u00e9 casher, sans produits laitiers, sans lait, noix, arachides, fruits de mer, soja. \u00c9galement exempt de levure, d&#8217;orge, de riz, de sodium et de sucre.<br \/>\nEfficacit\u00e9 maximale<br \/>\nTout naturel<br \/>\nFabriqu\u00e9 avec des ingr\u00e9dients hypoallerg\u00e9niques<\/div>\n<p><strong>Indications<\/strong><br \/>\nLe processus de vieillissement diminue naturellement l&#8217;humidit\u00e9, le collag\u00e8ne et les nutriments essentiels de la peau, laissant la peau s\u00e8che, rid\u00e9e et tach\u00e9e. La cr\u00e8me DERM Ergothioneine est con\u00e7ue avec pr\u00e9cision pour revitaliser la peau vieillissante, en fournissant les nutriments essentiels n\u00e9cessaires pour redonner \u00e0 la peau son aspect magnifique et jeune.<\/p>\n<p><strong> RECOMMANDATION D&#8217;ESSAI DE PATCH <\/strong><br \/>\nIl s&#8217;agit d&#8217;une cr\u00e8me pour le visage CONCENTR\u00c9E et PUISSANTE contenant des ingr\u00e9dients actifs \u00e0 base de plantes qui peuvent provoquer des irritations cutan\u00e9es ou des \u00e9ruptions cutan\u00e9es pour les personnes allergiques. Il est IMPORTANT que vous effectuiez un patch-test du produit * au moins 24-48 * heures avant l&#8217;application r\u00e9guli\u00e8re pour vous assurer que le produit est bien adapt\u00e9 \u00e0 votre peau.<\/p>\n<p><strong> Application <\/strong><br \/>\nSi la formule est compatible avec votre peau, appliquez deux fois par jour. Pour usage externe uniquement.<br \/>\nLe matin et le soir, apr\u00e8s avoir nettoy\u00e9 et tonifi\u00e9 la peau et appliqu\u00e9 le s\u00e9rum VITAMINE C. Appliquer sur le visage, le cou ..<\/p>\n<p>Ce kit (S\u00c9RUM VITAMINE C + cr\u00e8me DERM Ergothioneine) R\u00e9g\u00e9n\u00e8re des ann\u00e9es de dommages environnementaux et laisse votre peau saine et jeune. R\u00e9duit visiblement les ridules et les rides, rendant votre peau plus robuste et lumineuse.<\/p>\n<p>La cr\u00e8me antioxydante anti-\u00e2ge Dr. SERRAR<sup>\u00ae<\/sup> DERM Ergothioneine est une marque puissante mais s\u00fbre et test\u00e9e. Nous travaillons avec des laboratoires au Canada et aux \u00c9tats-Unis pour d\u00e9velopper nos produits. Chaque produit que nous lan\u00e7ons est d\u00e9velopp\u00e9 pour \u00eatre le plus puissant possible, afin d&#8217;offrir un effet maximum tout en restant dermatologiquement s\u00fbr pour votre peau.<\/p>\n<p><strong> Avertissement: <\/strong><br \/>\nArr\u00eatez-vous au moindre changement ou r\u00e9action. Si n\u00e9cessaire, consultez un professionnel de la sant\u00e9 ou des informations sur la sant\u00e9 en cas de r\u00e9action allergique.<br \/>\nChaque peau est diff\u00e9rente et r\u00e9agit diff\u00e9remment au m\u00eame cosm\u00e9tique. Nous ne fournissons pas de conseils personnalis\u00e9s, nous ne connaissons pas votre peau.<br \/>\nPour tout conseil personnalis\u00e9, notamment si vous suivez un traitement m\u00e9dical: consultez votre m\u00e9decin ou votre dermatologue.<br \/>\nNe modifiez jamais un traitement prescrit en fonction de ce que vous lisez sur Internet.<\/p>\n<p>&nbsp;<\/p>\n<p><span style=\"color: #005890;\"><strong><span class=\"VIiyi\" lang=\"fr\"><span class=\"JLqJ4b ChMk0b\" data-language-for-alternatives=\"fr\" data-language-to-translate-into=\"en\" data-phrase-index=\"0\">FABRIQU\u00c9 AUX USA<\/span><\/span> \u00a0 \u00a0 | \u00a0 \u00a0 CERTIFI\u00c9 GMP \u00a0 \u00a0 | \u00a0 \u00a0 SANS OGM\u00a0 \u00a0\u00a0 | \u00a0 \u00a0 <span class=\"VIiyi\" lang=\"fr\"><span class=\"JLqJ4b ChMk0b\" data-language-for-alternatives=\"fr\" data-language-to-translate-into=\"en\" data-phrase-index=\"0\">LABORATOIRE CERTIFI\u00c9 ISO 17025<\/span><\/span><\/strong><\/span><\/p>\n","protected":false},"excerpt":{"rendered":"<p>&nbsp; \u00c0 base d&#8217;ergothioneine Adoucit &#8211; Hydrate \u00c9claircit &#8211; Raffermit Antioxydant Anti-Rides Combat les Signes du Vieillissement: (Ridules, Rides, Taches Brunes) Fabriqu\u00e9 avec Ingr\u00e9dients Hypoallerg\u00e9niques Con\u00e7u pour tous les types de peau Dr. SERRAR\u00ae Skin Care est une marque dont les traitements antioxydants sont pr\u00e9par\u00e9s selon des param\u00e8tres de protection contre le vieillissement atmosph\u00e9rique. Ce [&hellip;]<\/p>\n","protected":false},"featured_media":8589,"template":"","meta":{"hide_page_title":"","_coblocks_attr":"","_coblocks_dimensions":"","_coblocks_responsive_height":"","_coblocks_accordion_ie_support":""},"product_cat":[22],"product_tag":[],"translation":{"provider":"WPGlobus","version":"3.0.1","language":"fr","enabled_languages":["en","es","fr","ar","pt","it"],"languages":{"en":{"title":true,"content":true,"excerpt":false},"es":{"title":false,"content":true,"excerpt":false},"fr":{"title":false,"content":true,"excerpt":false},"ar":{"title":false,"content":true,"excerpt":false},"pt":{"title":false,"content":true,"excerpt":false},"it":{"title":false,"content":true,"excerpt":false}}},"_links":{"self":[{"href":"https:\/\/www.serrarpharma.com\/fr\/wp-json\/wp\/v2\/product\/7718"}],"collection":[{"href":"https:\/\/www.serrarpharma.com\/fr\/wp-json\/wp\/v2\/product"}],"about":[{"href":"https:\/\/www.serrarpharma.com\/fr\/wp-json\/wp\/v2\/types\/product"}],"wp:featuredmedia":[{"embeddable":true,"href":"https:\/\/www.serrarpharma.com\/fr\/wp-json\/wp\/v2\/media\/8589"}],"wp:attachment":[{"href":"https:\/\/www.serrarpharma.com\/fr\/wp-json\/wp\/v2\/media?parent=7718"}],"wp:term":[{"taxonomy":"product_cat","embeddable":true,"href":"https:\/\/www.serrarpharma.com\/fr\/wp-json\/wp\/v2\/product_cat?post=7718"},{"taxonomy":"product_tag","embeddable":true,"href":"https:\/\/www.serrarpharma.com\/fr\/wp-json\/wp\/v2\/product_tag?post=7718"}],"curies":[{"name":"wp","href":"https:\/\/api.w.org\/{rel}","templated":true}]}}