{"id":7713,"date":"2020-06-05T02:09:24","date_gmt":"2020-06-05T02:09:24","guid":{"rendered":"https:\/\/www.serrarpharma.com\/?post_type=product&#038;p=7713"},"modified":"2025-02-01T23:16:13","modified_gmt":"2025-02-02T04:16:13","slug":"dr-serrar-bodyslim","status":"publish","type":"product","link":"https:\/\/www.serrarpharma.com\/fr\/product\/dr-serrar-bodyslim\/","title":{"rendered":"BODYSLIM"},"content":{"rendered":"<p><img loading=\"lazy\" class=\"alignnone wp-image-11896\" src=\"https:\/\/i0.wp.com\/www.serrarpharma.com\/wp-content\/uploads\/2021\/05\/Quality-Labels-US-09.png?resize=70%2C70&#038;ssl=1\" alt=\"\" width=\"70\" height=\"70\" data-recalc-dims=\"1\" \/><img loading=\"lazy\" class=\"alignnone wp-image-11370\" src=\"https:\/\/i0.wp.com\/www.serrarpharma.com\/wp-content\/uploads\/2021\/04\/GMP.png?resize=70%2C70&#038;ssl=1\" alt=\"\" width=\"70\" height=\"70\" srcset=\"https:\/\/i0.wp.com\/www.serrarpharma.com\/wp-content\/uploads\/2021\/04\/GMP.png?w=150&amp;ssl=1 150w, https:\/\/i0.wp.com\/www.serrarpharma.com\/wp-content\/uploads\/2021\/04\/GMP.png?resize=100%2C100&amp;ssl=1 100w\" sizes=\"(max-width: 70px) 100vw, 70px\" data-recalc-dims=\"1\" \/><img loading=\"lazy\" class=\"alignnone wp-image-11369\" src=\"https:\/\/i0.wp.com\/www.serrarpharma.com\/wp-content\/uploads\/2021\/04\/Nongmo.png?resize=70%2C70&#038;ssl=1\" alt=\"\" width=\"70\" height=\"70\" srcset=\"https:\/\/i0.wp.com\/www.serrarpharma.com\/wp-content\/uploads\/2021\/04\/Nongmo.png?w=150&amp;ssl=1 150w, https:\/\/i0.wp.com\/www.serrarpharma.com\/wp-content\/uploads\/2021\/04\/Nongmo.png?resize=100%2C100&amp;ssl=1 100w\" sizes=\"(max-width: 70px) 100vw, 70px\" data-recalc-dims=\"1\" \/><img loading=\"lazy\" class=\"alignnone wp-image-11799\" src=\"https:\/\/i0.wp.com\/www.serrarpharma.com\/wp-content\/uploads\/2021\/04\/ISO-07.png?resize=70%2C70&#038;ssl=1\" alt=\"\" width=\"70\" height=\"70\" srcset=\"https:\/\/i0.wp.com\/www.serrarpharma.com\/wp-content\/uploads\/2021\/04\/ISO-07.png?resize=300%2C300&amp;ssl=1 300w, https:\/\/i0.wp.com\/www.serrarpharma.com\/wp-content\/uploads\/2021\/04\/ISO-07.png?resize=150%2C150&amp;ssl=1 150w, https:\/\/i0.wp.com\/www.serrarpharma.com\/wp-content\/uploads\/2021\/04\/ISO-07.png?resize=100%2C100&amp;ssl=1 100w, https:\/\/i0.wp.com\/www.serrarpharma.com\/wp-content\/uploads\/2021\/04\/ISO-07.png?w=418&amp;ssl=1 418w\" sizes=\"(max-width: 70px) 100vw, 70px\" data-recalc-dims=\"1\" \/><\/p>\n<p>Anti-cellulite &#8211; raffermissant<br \/>\nNourrit la peau pendant la Grossesse<br \/>\nAm\u00e9liore l&#8217;apparence des cicatrices et Des Vergetures<br \/>\nEmp\u00eache le regroupement des Cellules Graisseuses<\/p>\n<p>Le produit de soins de la peau Dr. SERRAR<sup>\u00ae<\/sup> est votre meilleur alli\u00e9. Un vrai coup de pouce si vous d\u00e9cidez de prendre le contr\u00f4le de votre poids. C&#8217;est une marque dont les traitements anti cellulite et anti peau d&#8217;orange sont pr\u00e9par\u00e9s selon des param\u00e8tres de protection contre le stockage des graisses et le rel\u00e2chement cutan\u00e9.<br \/>\nPour se d\u00e9barrasser des kilos en trop, il n&#8217;y a pas de solution miracle. Vous devez suivre le programme ZinaCal: manger sainement, faire de l&#8217;exercice et dormir suffisamment. Mais qui dit kilos en trop dit aussi cellulite, capitons, \u00e9corces d&#8217;orange &#8230; Un repas sain et des activit\u00e9s physiques ne suffisent pas \u00e0 combattre ce fl\u00e9au, connu de toutes les femmes, qu&#8217;elles soient maigres ou rondes. Pour \u00e9liminer ces amas de graisse qui se forment sous la peau, nous avons d\u00e9velopp\u00e9 deux types de cr\u00e8me, selon votre intention et votre probl\u00e8me.<\/p>\n<p>Dans le cas d&#8217;un tissu adipeux trop \u00e9pais avec une peau affaiss\u00e9e, choisissez une cr\u00e8me lipo-r\u00e9ductrice BODYSLIM qui emp\u00eachera la graisse de se loger dans le tissu adipeux ou la diminuera.<br \/>\nPour la cellulite, qui se caract\u00e9rise par un aspect peau d&#8217;orange sur les zones f\u00e9minines (ventre, hanches, cuisses, ventre, fesses et parfois \u00e0 l&#8217;int\u00e9rieur des bras), choisissez une cr\u00e8me anti-eau ou drainante BODYLIFT. Parce que la cellulite s&#8217;accompagne toujours d&#8217;une r\u00e9tention d&#8217;eau et d&#8217;une mauvaise circulation.<\/p>\n<p>Pour les peaux qui ont perdu leur \u00e9lasticit\u00e9, \u00e0 la peau orang\u00e9e, \u00e0 une mauvaise circulation et aux tissus l\u00e2ches, choisissez une cr\u00e8me BODYLIFT raffermissante et drainante BODYSLIM.<\/p>\n<p>CHOIX DE CR\u00c8ME AMINCISSANTE.<br \/>\nLes cr\u00e8mes amincissantes BODYSLIM + BODYLIFT sont avant tout utilis\u00e9es pour sculpter votre corps en le raffermissant. Ils lissent \u00e9galement les fossettes, la peau d&#8217;orange et r\u00e9duisent la graisse.<\/p>\n<p>La cr\u00e8me BODYLIFT agit souvent sur la \u00abr\u00e9tention d&#8217;eau\u00bb que l&#8217;on observe dans certaines cellulites. Il y a donc des femmes qui en sont plus satisfaites que d&#8217;autres: celles qui ont des probl\u00e8mes veineux, des jambes lourdes, ont une part d&#8217;eau dans leur culotte qui peut \u00eatre am\u00e9lior\u00e9e par BODYLIFT et par des massages.<\/p>\n<p>La cr\u00e8me amincissante BODYSLIM a la propri\u00e9t\u00e9 d&#8217;adoucir et de restructurer le tissu adipeux excessivement \u00e9pais tout en hydratant la peau. Gr\u00e2ce \u00e0 sa composition riche en vitamines et oligo-\u00e9l\u00e9ments, BODYSLIM poss\u00e8de de nombreuses propri\u00e9t\u00e9s: relance des \u00e9changes m\u00e9taboliques, remin\u00e9ralisation et raffermissement. Il facilite l&#8217;\u00e9limination des d\u00e9chets et des d\u00e9p\u00f4ts graisseux.<\/p>\n<p>Pour obtenir un bon r\u00e9sultat, il est conseill\u00e9 d&#8217;appliquer la cr\u00e8me sous forme de l\u00e9gers massages circulaires sur la partie du corps que vous souhaitez remodeler. Que ce soit au niveau des cuisses, des fesses, des hanches ou de l&#8217;estomac, il est important d&#8217;effectuer ces mouvements circulaires de bas en haut. Le massage stimule la circulation sanguine et aide \u00e0 effacer l&#8217;apparence de la peau d&#8217;orange. L&#8217;\u00e9vacuation des d\u00e9chets toxiques est donc plus facile et plus rapide. De plus, lorsque vous massez, vous cr\u00e9ez une petite d\u00e9pense physique, qui aide \u00e0 adoucir les fibres de collag\u00e8ne et d&#8217;\u00e9lastine. Les effets de la cr\u00e8me BODYSLIM sont alors optimis\u00e9s.<\/p>\n<p>L&#8217;utilisation quotidienne de la cr\u00e8me BODYSLIM pendant au moins un mois vous permettra d&#8217;observer un r\u00e9sultat positif. Pour un meilleur r\u00e9sultat garanti, il faut l&#8217;appliquer matin et soir sur plusieurs mois. Deux \u00e0 trois mois suffisent pour s&#8217;en convaincre.<br \/>\nEfficacit\u00e9.<\/p>\n<p>BODYSLIM n&#8217;est efficace qu&#8217;en plus d&#8217;autres actions. Ce n&#8217;est pas un traitement de choc. Si, en m\u00eame temps, vous mangez une surabondance de mati\u00e8res grasses et de sucre, l&#8217;effet de la cr\u00e8me sera nul. Une cr\u00e8me amincissante n&#8217;a pratiquement aucun effet en soi. En revanche, dans le cadre d&#8217;un programme minceur et anti cellulite ZinaCal, on peut commencer \u00e0 voir les effets au bout de 15 jours.<br \/>\nLes trois \u00e9l\u00e9ments compl\u00e9mentaires au r\u00e9gime cr\u00e8me, l&#8217;exercice physique et la relaxation, car il faut savoir que les graisses li\u00e9es au stress ne sont pas n\u00e9gligeables.<\/p>\n<p><strong> Ingr\u00e9dients: <\/strong><br \/>\nEau, huile de Persea Gratissima (avocat), beurre de Butyrospermum Parkii (karit\u00e9), benzoate d&#8217;alkyle C12-15, alcool c\u00e9t\u00e9arylique, caf\u00e9ine, phosphate d&#8217;ascorbyle sodique (vitamine C), alcool b\u00e9h\u00e9nylique, dim\u00e9thicone, cyclopentasiloxane, polysorbate 60, panth\u00e9nol (vitamine B5) , Ph\u00e9noxy\u00e9thanol, d-alpha tocoph\u00e9rol (vitamine E), glyc\u00e9rine, acide st\u00e9arique, m\u00e9thosulfate de behentrimonium, hyaluronate de sodium (acide hyaluronique), parfum, butyl\u00e8ne glycol, pentyl\u00e8ne glycol, \u00e9thylhexylglyc\u00e9rine, EDTA disodique, extrait de chlorure de sodium, chlorure de sodium.<\/p>\n<p><strong> INGR\u00c9DIENTS CL\u00c9S <\/strong><br \/>\nLa cr\u00e8me amincissante BODYSLIM est en grande partie compos\u00e9e de soins anti-cellulite \u00e0 la caf\u00e9ine star, est l&#8217;ingr\u00e9dient le plus important car, elle permet le d\u00e9stockage des graisses. Plus le niveau de caf\u00e9ine est \u00e9lev\u00e9, plus la cr\u00e8me amincissante sera efficace. En plus de la caf\u00e9ine, BODYSLIM contient \u00e9galement d&#8217;autres ingr\u00e9dients qui sont des agents restructurants actifs, qui stimulent l&#8217;activit\u00e9 cellulaire, tonifient les graisses et emp\u00eachent les cellules de stocker les graisses qui aideront \u00e0 d\u00e9loger les graisses et \u00e0 les br\u00fbler gr\u00e2ce aux ingr\u00e9dients &#8220;br\u00fbleur de graisses&#8221;. De plus, le collag\u00e8ne et d&#8217;autres ingr\u00e9dients aident \u00e0 \u00e9liminer les graisses stock\u00e9es et \u00e0 emp\u00eacher la formation de nouvelles rondeurs, \u00e0 raffermir la peau et \u00e0 lui donner une apparence plus lisse et plus uniforme.<\/p>\n<p><strong> Avertissement: <\/strong><br \/>\nArr\u00eatez-vous au moindre changement ou r\u00e9action. Si n\u00e9cessaire, consultez un professionnel de la sant\u00e9 ou des informations sur la sant\u00e9 en cas de r\u00e9action allergique. Toute peau est diff\u00e9rente et r\u00e9agit diff\u00e9remment au m\u00eame cosm\u00e9tique. Nous ne fournissons pas de conseils personnalis\u00e9s, nous ne connaissons pas votre peau. Pour tout conseil personnalis\u00e9, notamment si vous suivez un traitement m\u00e9dical: consultez votre m\u00e9decin ou votre dermatologue. Ne modifiez jamais un traitement prescrit en fonction de ce que vous lisez sur Internet.<\/p>\n<p>&nbsp;<\/p>\n<p><span style=\"color: #005890;\"><strong><span class=\"VIiyi\" lang=\"fr\"><span class=\"JLqJ4b ChMk0b\" data-language-for-alternatives=\"fr\" data-language-to-translate-into=\"en\" data-phrase-index=\"0\">FABRIQU\u00c9 AUX USA<\/span><\/span> \u00a0 \u00a0 | \u00a0 \u00a0 CERTIFI\u00c9 GMP \u00a0 \u00a0 | \u00a0 \u00a0 SANS OGM\u00a0 \u00a0\u00a0 | \u00a0 \u00a0 <span class=\"VIiyi\" lang=\"fr\"><span class=\"JLqJ4b ChMk0b\" data-language-for-alternatives=\"fr\" data-language-to-translate-into=\"en\" data-phrase-index=\"0\">LABORATOIRE CERTIFI\u00c9 ISO 17025<\/span><\/span><\/strong><\/span><\/p>\n","protected":false},"excerpt":{"rendered":"<p>Anti-cellulite &#8211; raffermissant Nourrit la peau pendant la Grossesse Am\u00e9liore l&#8217;apparence des cicatrices et Des Vergetures Emp\u00eache le regroupement des Cellules Graisseuses Le produit de soins de la peau Dr. SERRAR\u00ae est votre meilleur alli\u00e9. Un vrai coup de pouce si vous d\u00e9cidez de prendre le contr\u00f4le de votre poids. C&#8217;est une marque dont les [&hellip;]<\/p>\n","protected":false},"featured_media":8401,"template":"","meta":{"hide_page_title":"","_coblocks_attr":"","_coblocks_dimensions":"","_coblocks_responsive_height":"","_coblocks_accordion_ie_support":""},"product_cat":[21],"product_tag":[],"translation":{"provider":"WPGlobus","version":"3.0.1","language":"fr","enabled_languages":["en","es","fr","ar","pt","it"],"languages":{"en":{"title":true,"content":true,"excerpt":false},"es":{"title":false,"content":true,"excerpt":false},"fr":{"title":false,"content":true,"excerpt":false},"ar":{"title":false,"content":true,"excerpt":false},"pt":{"title":false,"content":true,"excerpt":false},"it":{"title":false,"content":true,"excerpt":false}}},"_links":{"self":[{"href":"https:\/\/www.serrarpharma.com\/fr\/wp-json\/wp\/v2\/product\/7713"}],"collection":[{"href":"https:\/\/www.serrarpharma.com\/fr\/wp-json\/wp\/v2\/product"}],"about":[{"href":"https:\/\/www.serrarpharma.com\/fr\/wp-json\/wp\/v2\/types\/product"}],"wp:featuredmedia":[{"embeddable":true,"href":"https:\/\/www.serrarpharma.com\/fr\/wp-json\/wp\/v2\/media\/8401"}],"wp:attachment":[{"href":"https:\/\/www.serrarpharma.com\/fr\/wp-json\/wp\/v2\/media?parent=7713"}],"wp:term":[{"taxonomy":"product_cat","embeddable":true,"href":"https:\/\/www.serrarpharma.com\/fr\/wp-json\/wp\/v2\/product_cat?post=7713"},{"taxonomy":"product_tag","embeddable":true,"href":"https:\/\/www.serrarpharma.com\/fr\/wp-json\/wp\/v2\/product_tag?post=7713"}],"curies":[{"name":"wp","href":"https:\/\/api.w.org\/{rel}","templated":true}]}}