{"id":7701,"date":"2020-06-05T01:12:05","date_gmt":"2020-06-05T05:12:05","guid":{"rendered":"https:\/\/www.serrarpharma.com\/?post_type=product&#038;p=7701"},"modified":"2024-08-21T21:11:17","modified_gmt":"2024-08-22T01:11:17","slug":"dr-serrar-bodylift","status":"publish","type":"product","link":"https:\/\/www.serrarpharma.com\/fr\/product\/dr-serrar-bodylift\/","title":{"rendered":"BODYLIFT"},"content":{"rendered":"<p><img loading=\"lazy\" class=\"alignnone wp-image-11371\" src=\"https:\/\/i0.wp.com\/www.serrarpharma.com\/wp-content\/uploads\/2021\/04\/Made-in-CA.png?resize=70%2C70&#038;ssl=1\" alt=\"\" width=\"70\" height=\"70\" srcset=\"https:\/\/i0.wp.com\/www.serrarpharma.com\/wp-content\/uploads\/2021\/04\/Made-in-CA.png?w=150&amp;ssl=1 150w, https:\/\/i0.wp.com\/www.serrarpharma.com\/wp-content\/uploads\/2021\/04\/Made-in-CA.png?resize=100%2C100&amp;ssl=1 100w\" sizes=\"(max-width: 70px) 100vw, 70px\" data-recalc-dims=\"1\" \/><img loading=\"lazy\" class=\"alignnone wp-image-11370\" src=\"https:\/\/i0.wp.com\/www.serrarpharma.com\/wp-content\/uploads\/2021\/04\/GMP.png?resize=70%2C70&#038;ssl=1\" alt=\"\" width=\"70\" height=\"70\" srcset=\"https:\/\/i0.wp.com\/www.serrarpharma.com\/wp-content\/uploads\/2021\/04\/GMP.png?w=150&amp;ssl=1 150w, https:\/\/i0.wp.com\/www.serrarpharma.com\/wp-content\/uploads\/2021\/04\/GMP.png?resize=100%2C100&amp;ssl=1 100w\" sizes=\"(max-width: 70px) 100vw, 70px\" data-recalc-dims=\"1\" \/><img loading=\"lazy\" class=\"alignnone wp-image-11369\" src=\"https:\/\/i0.wp.com\/www.serrarpharma.com\/wp-content\/uploads\/2021\/04\/Nongmo.png?resize=70%2C70&#038;ssl=1\" alt=\"\" width=\"70\" height=\"70\" srcset=\"https:\/\/i0.wp.com\/www.serrarpharma.com\/wp-content\/uploads\/2021\/04\/Nongmo.png?w=150&amp;ssl=1 150w, https:\/\/i0.wp.com\/www.serrarpharma.com\/wp-content\/uploads\/2021\/04\/Nongmo.png?resize=100%2C100&amp;ssl=1 100w\" sizes=\"(max-width: 70px) 100vw, 70px\" data-recalc-dims=\"1\" \/><img loading=\"lazy\" class=\"alignnone wp-image-11799\" src=\"https:\/\/i0.wp.com\/www.serrarpharma.com\/wp-content\/uploads\/2021\/04\/ISO-07.png?resize=70%2C70&#038;ssl=1\" alt=\"\" width=\"70\" height=\"70\" srcset=\"https:\/\/i0.wp.com\/www.serrarpharma.com\/wp-content\/uploads\/2021\/04\/ISO-07.png?resize=300%2C300&amp;ssl=1 300w, https:\/\/i0.wp.com\/www.serrarpharma.com\/wp-content\/uploads\/2021\/04\/ISO-07.png?resize=150%2C150&amp;ssl=1 150w, https:\/\/i0.wp.com\/www.serrarpharma.com\/wp-content\/uploads\/2021\/04\/ISO-07.png?resize=100%2C100&amp;ssl=1 100w, https:\/\/i0.wp.com\/www.serrarpharma.com\/wp-content\/uploads\/2021\/04\/ISO-07.png?w=418&amp;ssl=1 418w\" sizes=\"(max-width: 70px) 100vw, 70px\" data-recalc-dims=\"1\" \/><\/p>\n<p>Anti cellulite<br \/>\nStimule la Circulation Sanguine<br \/>\nApaise &#8211; D\u00e9congestionne<br \/>\nDiminue la R\u00e9tention d&#8217;eau<br \/>\nJambes L\u00e9g\u00e8res<\/p>\n<p>Les produits de soins de la peau Dr. SERRAR <sup> \u00ae <\/sup> sont votre meilleur alli\u00e9. Un vrai coup de pouce si vous d\u00e9cidez de prendre le contr\u00f4le de votre poids. C&#8217;est une marque dont les traitements anti cellulite et anti peau d&#8217;orange sont pr\u00e9par\u00e9s selon des param\u00e8tres de protection contre le stockage des graisses et le rel\u00e2chement cutan\u00e9.<br \/>\nPour se d\u00e9barrasser des kilos en trop, il n&#8217;y a pas de solution miracle. Vous devez suivre le programme ZinaCal: manger sainement, faire de l&#8217;exercice et dormir suffisamment. Mais qui dit kilos en trop dit aussi cellulite, capitons, \u00e9corces d&#8217;orange &#8230; Un repas sain et des activit\u00e9s physiques ne suffisent pas \u00e0 combattre ce fl\u00e9au, connu de toutes les femmes, qu&#8217;elles soient maigres ou rondes. Pour \u00e9liminer ces amas de graisse qui se forment sous la peau, nous avons d\u00e9velopp\u00e9 deux types de cr\u00e8me, selon votre intention et votre probl\u00e8me.<\/p>\n<p>Dans le cas d&#8217;un tissu adipeux trop \u00e9pais avec une peau affaiss\u00e9e, choisissez une cr\u00e8me lipo-r\u00e9ductrice BODYSLIM qui emp\u00eachera la graisse de se loger dans le tissu adipeux ou la diminuera.<br \/>\nPour la cellulite, qui se caract\u00e9rise par un aspect peau d&#8217;orange sur les zones f\u00e9minines (ventre, hanches, cuisses, ventre, fesses et parfois \u00e0 l&#8217;int\u00e9rieur des bras), choisissez une cr\u00e8me anti-eau ou drainante BODYLIFT. Parce que la cellulite s&#8217;accompagne toujours d&#8217;une r\u00e9tention d&#8217;eau et d&#8217;une mauvaise circulation.<\/p>\n<p>Pour les peaux qui ont perdu leur \u00e9lasticit\u00e9, \u00e0 la peau orang\u00e9e, \u00e0 une mauvaise circulation et aux tissus l\u00e2ches, choisissez une cr\u00e8me BODYLIFT raffermissante et drainante BODYSLIM.<\/p>\n<p>CHOIX DE CR\u00c8ME AMINCISSANTE<br \/>\nLes cr\u00e8mes amincissantes BODYSLIM &amp; BODYLIFT sont avant tout utilis\u00e9es pour sculpter votre corps en le raffermissant. Ils lissent \u00e9galement les fossettes, la peau d&#8217;orange et r\u00e9duisent la graisse.<\/p>\n<p>La cr\u00e8me BODYLIFT agit souvent sur la \u00abr\u00e9tention d&#8217;eau\u00bb que l&#8217;on observe dans certaines cellulites. Il y a donc des femmes qui en sont plus satisfaites que d&#8217;autres: celles qui ont des probl\u00e8mes veineux, des jambes lourdes, ont une part d&#8217;eau dans leur culotte qui peut \u00eatre am\u00e9lior\u00e9e par BODYLIFT et par des massages.<br \/>\nPour obtenir un bon r\u00e9sultat, il est conseill\u00e9 d&#8217;appliquer la cr\u00e8me sous forme de l\u00e9gers massages circulaires sur la partie du corps que vous souhaitez remodeler. Que ce soit au niveau des cuisses, des fesses, des hanches ou de l&#8217;estomac, il est important d&#8217;effectuer ces mouvements circulaires de bas en haut. Le massage stimule la circulation sanguine et aide \u00e0 effacer l&#8217;apparence de la peau d&#8217;orange. L&#8217;\u00e9vacuation des d\u00e9chets toxiques est donc plus facile et plus rapide. De plus, lorsque vous massez, vous cr\u00e9ez une petite d\u00e9pense physique, qui aide \u00e0 adoucir les fibres de collag\u00e8ne et d&#8217;\u00e9lastine. Les effets de la cr\u00e8me BODYLIFT sont alors optimis\u00e9s.<\/p>\n<p>L&#8217;utilisation quotidienne de la cr\u00e8me BODYLIFT pendant au moins un mois vous permettra d&#8217;observer un r\u00e9sultat positif. Pour un meilleur r\u00e9sultat garanti, il faut l&#8217;appliquer matin et soir sur plusieurs mois. Deux \u00e0 trois mois suffisent pour s&#8217;en convaincre.<\/p>\n<p><strong> Efficacit\u00e9 <\/strong><br \/>\nBODYLIFT n&#8217;est efficace qu&#8217;en plus d&#8217;autres actions. Ce n&#8217;est pas un traitement de choc. Si, en m\u00eame temps, vous mangez une surabondance de mati\u00e8res grasses et de sucre, l&#8217;effet de la cr\u00e8me sera nul. Une cr\u00e8me amincissante n&#8217;a pratiquement aucun effet en soi. En revanche, dans le cadre d&#8217;un programme minceur et anti cellulite ZinaCal, on peut commencer \u00e0 voir les effets au bout de 15 jours.<br \/>\nLes trois \u00e9l\u00e9ments compl\u00e9mentaires au r\u00e9gime cr\u00e8me, l&#8217;exercice physique et la relaxation, car il faut savoir que les graisses li\u00e9es au stress ne sont pas n\u00e9gligeables.<\/p>\n<p>Ce produit a \u00e9t\u00e9 sp\u00e9cialement formul\u00e9 pour r\u00e9pondre favorablement, sans risque d&#8217;intol\u00e9rance, aux traitements visant \u00e0 am\u00e9liorer l&#8217;apparence de BODYLIFT, pour hydrater, adoucir et prot\u00e9ger la peau contre l&#8217;action des eaux lourdes et pour le mode de vie. Ce produit est \u00e0 base d&#8217;ingr\u00e9dients naturels de tr\u00e8s haute qualit\u00e9 ayant prouv\u00e9 en cosm\u00e9tique leur efficacit\u00e9 et leur raison d&#8217;\u00eatre.<\/p>\n<p>Gel-cr\u00e8me non parfum\u00e9 contenant des extraits de marronnier et de lierre ainsi que des mucopolysaccharides, qui aident \u00e0 ralentir la formation d&#8217;un \u0153d\u00e8me local, \u00e0 \u00e9liminer l&#8217;eau et \u00e0 favoriser le drainage. BODYLIFT a \u00e9galement une action d\u00e9congestionnante et tonifiante, fluidifiant les graisses sous-cutan\u00e9es et participe au d\u00e9stockage des graisses de la couche cutan\u00e9e. Recommand\u00e9 en cas de cellulite, surcharge grasse ou huileuse au niveau des hanches, des cuisses, de la taille et des chevilles.<\/p>\n<p><strong> Ingr\u00e9dients: <\/strong><br \/>\nAqua, Squalane, Sorbitol, Acide St\u00e9arique, Propyl\u00e8ne Glycol, Extrait de Graine Aesculus Hippocastanum (Marronnier d&#8217;Inde), Eau (Et) Extrait d&#8217;Hedera Helix (Ivy), Isopropyl Myristate, Methylparaben, Propylparaben, Cetyl Alcohol, Glycoaminoglycans, Tril\u00e9thanolamine, Glycolamine Sorbate, caramel, parfum<\/p>\n<p><strong> INGR\u00c9DIENTS CL\u00c9S <\/strong><\/p>\n<p><strong> Extrait de marronnier d&#8217;Inde <\/strong><br \/>\nResserre les gros pores, agit sur les pores obstru\u00e9s. Stimule la circulation sanguine des couches p\u00e9riph\u00e9riques de la peau. Antiseptique et astringent, calmant et d\u00e9congestionnant.<\/p>\n<p><strong> Mucopolysaccharides <\/strong><br \/>\nAide \u00e0 lib\u00e9rer l&#8217;eau emprisonn\u00e9e dans les tissus. associ\u00e9 \u00e0 des ingr\u00e9dients facilitant la mobilisation des graisses, c&#8217;est un produit utilis\u00e9 pour lutter contre la cellulite.<\/p>\n<h5>Pourquoi choisir Dr. SERRAR<sup>\u00ae<\/sup> BODYLIFT?<\/h5>\n<p>SerrarPharma BODYLIFT anti cellulite &amp; anti \u0153d\u00e8me, sont fabriqu\u00e9s selon les normes les plus \u00e9lev\u00e9es de l&#8217;industrie pharmaceutique. Ils utilisent les avantages naturels de l&#8217;extrait de marronnier d&#8217;Inde, des mucopolysaccharides et des ingr\u00e9dients avanc\u00e9s. Stimule la circulation sanguine des couches p\u00e9riph\u00e9riques de la peau, il est calmant et agit comme d\u00e9congestionnant. Aide \u00e0 lib\u00e9rer l&#8217;eau emprisonn\u00e9e dans les tissus, associ\u00e9e \u00e0 des ingr\u00e9dients facilitant la mobilisation des graisses, c&#8217;est un produit utilis\u00e9 pour lutter contre la cellulite.<\/p>\n<div class=\"productlist\">LA PLUS HAUTE QUALIT\u00c9 Fabriqu\u00e9 aux \u00c9tats-Unis.<br \/>\nInstallations certifi\u00e9es FDA<br \/>\nLes bonnes pratiques de fabrication (BPF) sont un ensemble de r\u00e9glementations pharmaceutiques strictes qui garantissent que les compl\u00e9ments alimentaires sont fabriqu\u00e9s et contr\u00f4l\u00e9s \u00e0 un niveau \u00e9lev\u00e9 qui peut \u00eatre utilis\u00e9.<br \/>\nSans soja, sans gluten, certifi\u00e9 casher, sans produits laitiers, sans lait, noix, arachides, fruits de mer, soja. \u00c9galement exempt de levure, d&#8217;orge, de riz, de sodium et de sucre.<br \/>\nEfficacit\u00e9 maximale<br \/>\nToutes les sources naturelles<br \/>\nFabriqu\u00e9 avec des ingr\u00e9dients hypoallerg\u00e9niques<\/div>\n<p><strong> Indications <\/strong><br \/>\nCELLULITE, AMINCISSANTE, HYDRATANTE, OED\u00c8ME: BODYLIFT stimule la circulation sanguine des couches p\u00e9riph\u00e9riques de la peau, elle est apaisante et agit comme d\u00e9congestionnant. Aide \u00e0 lib\u00e9rer l&#8217;eau emprisonn\u00e9e dans les tissus. associ\u00e9 \u00e0 des ingr\u00e9dients facilitant la mobilisation des graisses, c&#8217;est un produit utilis\u00e9 pour lutter contre la cellulite.<\/p>\n<p><strong> RECOMMANDATION D&#8217;ESSAI DE PATCH <\/strong><br \/>\nIl s&#8217;agit d&#8217;un BODYLIFT CONCENTR\u00c9 et PUISSANT contenant des ingr\u00e9dients actifs \u00e0 base de plantes qui peuvent provoquer des irritations cutan\u00e9es ou des \u00e9ruptions cutan\u00e9es pour les personnes allergiques. Il est IMPORTANT que vous effectuiez un patch-test du produit * au moins 24-48 * heures avant l&#8217;application r\u00e9guli\u00e8re pour vous assurer que le produit est bien adapt\u00e9 \u00e0 votre peau.<\/p>\n<p><strong> Application <\/strong><br \/>\nPour une application sur l&#8217;estomac: masser en mouvements circulaires dans le sens des aiguilles d&#8217;une montre, tout en p\u00e9n\u00e9trant votre cr\u00e8me.<br \/>\nPour les jambes: remontez du genou jusqu&#8217;au haut de la cuisse en faisant de petits cercles.<br \/>\nPour les hanches et les fesses: placez vos mains \u00e0 plat de chaque c\u00f4t\u00e9 du bassin et effectuez de grands mouvements circulaires en appuyant doucement, puis de plus en plus fort, en remontant vers la taille.<br \/>\nPour les bras: masser du coude vers les \u00e9paules, en insistant sur l&#8217;int\u00e9rieur du bras.<\/p>\n<p><strong> VEUILLEZ NOTER: <\/strong><br \/>\nPour que la cr\u00e8me soit aussi efficace que possible, il est recommand\u00e9 d&#8217;exfolier r\u00e9guli\u00e8rement votre peau car cela la lib\u00e8re des petites salissures qui obstrueront vos pores.<br \/>\nL&#8217;application du produit, suivie d&#8217;une activit\u00e9 physique, vous permet de br\u00fbler les graisses et d&#8217;\u00e9viter le repeuplement. Vous obtiendrez \u00e9galement une peau plus harmonieuse qui aura retrouv\u00e9 toute sa fermet\u00e9.<br \/>\nUne alimentation saine et \u00e9quilibr\u00e9e ne doit pas \u00eatre n\u00e9glig\u00e9e. Buvez au moins 1,5 litre d&#8217;eau par jour.<br \/>\nAppliquer la cr\u00e8me amincissante et masser apr\u00e8s une douche ou un bain chaud. La temp\u00e9rature et l&#8217;hydratation sont deux \u00e9l\u00e9ments qui favorisent la p\u00e9n\u00e9tration transcutan\u00e9e.<br \/>\nIl vaut mieux \u00e9viter de les appliquer sur les peaux sensibles (atopie, allergies connues \u00e0 certains excipients, etc.) et sur toute peau ab\u00eem\u00e9e, qu&#8217;il s&#8217;agisse d&#8217;une cicatrice r\u00e9cente, d&#8217;un coup de soleil, d&#8217;une plaque de psoriasis\u2026<br \/>\nVous pouvez am\u00e9liorer l&#8217;effet de la cr\u00e8me amincissante en ajoutant quelques gouttes d&#8217;huiles essentielles drainantes \u00e0 l&#8217;eau du bain. Insister \u00e9galement avec la pomme de douche sur les parties concern\u00e9es en alternant jets d&#8217;eau chaude et froide.<\/p>\n<p>La cr\u00e8me Dr. SERRAR<sup>\u00ae<\/sup> BODYLIFT est une marque puissante mais s\u00fbre et test\u00e9e. Nous travaillons avec des laboratoires au Canada et aux \u00c9tats-Unis pour d\u00e9velopper nos produits. Chaque produit que nous lan\u00e7ons est d\u00e9velopp\u00e9 pour \u00eatre le plus puissant possible, afin d&#8217;offrir un effet maximum tout en restant dermatologiquement s\u00fbr pour votre peau.<\/p>\n<p><strong> Avertissement: <\/strong><br \/>\nArr\u00eatez-vous au moindre changement ou r\u00e9action. Si n\u00e9cessaire, consultez un professionnel de la sant\u00e9 ou des informations sur la sant\u00e9 en cas de r\u00e9action allergique. Toute peau est diff\u00e9rente et r\u00e9agit diff\u00e9remment au m\u00eame cosm\u00e9tique. Nous ne fournissons pas de conseils personnalis\u00e9s, nous ne connaissons pas votre peau. Pour tout conseil personnalis\u00e9, notamment si vous suivez un traitement m\u00e9dical: consultez votre m\u00e9decin ou votre dermatologue. Ne modifiez jamais un traitement prescrit en fonction de ce que vous lisez sur Internet.<\/p>\n<p>&nbsp;<\/p>\n<p><span style=\"color: #005890;\"><strong>FABRIQU\u00c9 AU CANADA <span class=\"VIiyi\" lang=\"es\"> \u00a0\u00a0\u00a0\u00a0 <\/span>| <span class=\"VIiyi\" lang=\"es\"> \u00a0\u00a0\u00a0\u00a0 <\/span>CERTIFI\u00c9 GMP <span class=\"VIiyi\" lang=\"es\"> \u00a0\u00a0\u00a0\u00a0 <\/span>| <span class=\"VIiyi\" lang=\"es\"> \u00a0\u00a0\u00a0\u00a0 <\/span>SANS OGM <span class=\"VIiyi\" lang=\"es\"> \u00a0\u00a0\u00a0\u00a0 <\/span>| <span class=\"VIiyi\" lang=\"es\"> \u00a0\u00a0\u00a0\u00a0 <\/span><span class=\"VIiyi\" lang=\"fr\"><span class=\"JLqJ4b ChMk0b\" data-language-for-alternatives=\"fr\" data-language-to-translate-into=\"en\" data-phrase-index=\"0\">LABORATOIRE CERTIFI\u00c9 ISO 17025<\/span><\/span><\/strong><\/span><\/p>\n","protected":false},"excerpt":{"rendered":"<p>Anti cellulite Stimule la Circulation Sanguine Apaise &#8211; D\u00e9congestionne Diminue la R\u00e9tention d&#8217;eau Jambes L\u00e9g\u00e8res Les produits de soins de la peau Dr. SERRAR \u00ae sont votre meilleur alli\u00e9. Un vrai coup de pouce si vous d\u00e9cidez de prendre le contr\u00f4le de votre poids. C&#8217;est une marque dont les traitements anti cellulite et anti peau [&hellip;]<\/p>\n","protected":false},"featured_media":8400,"template":"","meta":{"hide_page_title":"","_coblocks_attr":"","_coblocks_dimensions":"","_coblocks_responsive_height":"","_coblocks_accordion_ie_support":""},"product_cat":[21],"product_tag":[],"translation":{"provider":"WPGlobus","version":"3.0.1","language":"fr","enabled_languages":["en","es","fr","ar","pt","it"],"languages":{"en":{"title":true,"content":true,"excerpt":false},"es":{"title":false,"content":true,"excerpt":false},"fr":{"title":false,"content":true,"excerpt":false},"ar":{"title":false,"content":true,"excerpt":false},"pt":{"title":false,"content":true,"excerpt":false},"it":{"title":false,"content":true,"excerpt":false}}},"_links":{"self":[{"href":"https:\/\/www.serrarpharma.com\/fr\/wp-json\/wp\/v2\/product\/7701"}],"collection":[{"href":"https:\/\/www.serrarpharma.com\/fr\/wp-json\/wp\/v2\/product"}],"about":[{"href":"https:\/\/www.serrarpharma.com\/fr\/wp-json\/wp\/v2\/types\/product"}],"wp:featuredmedia":[{"embeddable":true,"href":"https:\/\/www.serrarpharma.com\/fr\/wp-json\/wp\/v2\/media\/8400"}],"wp:attachment":[{"href":"https:\/\/www.serrarpharma.com\/fr\/wp-json\/wp\/v2\/media?parent=7701"}],"wp:term":[{"taxonomy":"product_cat","embeddable":true,"href":"https:\/\/www.serrarpharma.com\/fr\/wp-json\/wp\/v2\/product_cat?post=7701"},{"taxonomy":"product_tag","embeddable":true,"href":"https:\/\/www.serrarpharma.com\/fr\/wp-json\/wp\/v2\/product_tag?post=7701"}],"curies":[{"name":"wp","href":"https:\/\/api.w.org\/{rel}","templated":true}]}}