{"id":7700,"date":"2020-06-05T02:35:57","date_gmt":"2020-06-05T02:35:57","guid":{"rendered":"https:\/\/www.serrarpharma.com\/?post_type=product&#038;p=7700"},"modified":"2025-02-01T23:16:12","modified_gmt":"2025-02-02T04:16:12","slug":"dr-serrar-eclat","status":"publish","type":"product","link":"https:\/\/www.serrarpharma.com\/fr\/product\/dr-serrar-eclat\/","title":{"rendered":"ECLAT Collagen"},"content":{"rendered":"<p><img loading=\"lazy\" class=\"alignnone wp-image-11371\" src=\"https:\/\/i0.wp.com\/www.serrarpharma.com\/wp-content\/uploads\/2021\/04\/Made-in-CA.png?resize=70%2C70&#038;ssl=1\" alt=\"\" width=\"70\" height=\"70\" srcset=\"https:\/\/i0.wp.com\/www.serrarpharma.com\/wp-content\/uploads\/2021\/04\/Made-in-CA.png?w=150&amp;ssl=1 150w, https:\/\/i0.wp.com\/www.serrarpharma.com\/wp-content\/uploads\/2021\/04\/Made-in-CA.png?resize=100%2C100&amp;ssl=1 100w\" sizes=\"(max-width: 70px) 100vw, 70px\" data-recalc-dims=\"1\" \/><img loading=\"lazy\" class=\"alignnone wp-image-11370\" src=\"https:\/\/i0.wp.com\/www.serrarpharma.com\/wp-content\/uploads\/2021\/04\/GMP.png?resize=70%2C70&#038;ssl=1\" alt=\"\" width=\"70\" height=\"70\" srcset=\"https:\/\/i0.wp.com\/www.serrarpharma.com\/wp-content\/uploads\/2021\/04\/GMP.png?w=150&amp;ssl=1 150w, https:\/\/i0.wp.com\/www.serrarpharma.com\/wp-content\/uploads\/2021\/04\/GMP.png?resize=100%2C100&amp;ssl=1 100w\" sizes=\"(max-width: 70px) 100vw, 70px\" data-recalc-dims=\"1\" \/><img loading=\"lazy\" class=\"alignnone wp-image-11369\" src=\"https:\/\/i0.wp.com\/www.serrarpharma.com\/wp-content\/uploads\/2021\/04\/Nongmo.png?resize=70%2C70&#038;ssl=1\" alt=\"\" width=\"70\" height=\"70\" srcset=\"https:\/\/i0.wp.com\/www.serrarpharma.com\/wp-content\/uploads\/2021\/04\/Nongmo.png?w=150&amp;ssl=1 150w, https:\/\/i0.wp.com\/www.serrarpharma.com\/wp-content\/uploads\/2021\/04\/Nongmo.png?resize=100%2C100&amp;ssl=1 100w\" sizes=\"(max-width: 70px) 100vw, 70px\" data-recalc-dims=\"1\" \/><img loading=\"lazy\" class=\"alignnone wp-image-11799\" src=\"https:\/\/i0.wp.com\/www.serrarpharma.com\/wp-content\/uploads\/2021\/04\/ISO-07.png?resize=70%2C70&#038;ssl=1\" alt=\"\" width=\"70\" height=\"70\" srcset=\"https:\/\/i0.wp.com\/www.serrarpharma.com\/wp-content\/uploads\/2021\/04\/ISO-07.png?resize=300%2C300&amp;ssl=1 300w, https:\/\/i0.wp.com\/www.serrarpharma.com\/wp-content\/uploads\/2021\/04\/ISO-07.png?resize=150%2C150&amp;ssl=1 150w, https:\/\/i0.wp.com\/www.serrarpharma.com\/wp-content\/uploads\/2021\/04\/ISO-07.png?resize=100%2C100&amp;ssl=1 100w, https:\/\/i0.wp.com\/www.serrarpharma.com\/wp-content\/uploads\/2021\/04\/ISO-07.png?w=418&amp;ssl=1 418w\" sizes=\"(max-width: 70px) 100vw, 70px\" data-recalc-dims=\"1\" \/><\/p>\n<p>&nbsp;<\/p>\n<p><strong>\u00c0 base de Collag\u00e8ne<\/strong><br \/>\nAnti-rides<br \/>\nHydrate &#8211; Nourrit<br \/>\nProt\u00e8ge &#8211; Revitalise<br \/>\n\u00c9claircit &#8211; Raffermit<br \/>\nFabriqu\u00e9 avec<br \/>\n<strong>Ingr\u00e9dients Hypoallerg\u00e9niques<\/strong><br \/>\nCon\u00e7u pour tous les types de peau<\/p>\n<p>Dr. SERRAR<sup>\u00ae<\/sup> Skin Care est une marque dont les traitements antioxydants et hydratants sont pr\u00e9par\u00e9s selon des param\u00e8tres de protection contre le vieillissement atmosph\u00e9rique. Ce dernier d\u00e9note des signes visibles d&#8217;exposition \u00e0 une vari\u00e9t\u00e9 d&#8217;agresseurs environnementaux. Ces agresseurs incluent les rayons UV, le rayonnement infrarouge (IRA) et la pollution. La recherche montre que la surexposition \u00e0 ces agresseurs peut entra\u00eener un vieillissement visible de la peau et que l&#8217;utilisation d&#8217;antioxydants topiques peut aider \u00e0 pr\u00e9venir cet effet.<\/p>\n<p>Sous l&#8217;effet de l&#8217;\u00e2ge et des conditions climatiques, la peau perd son \u00e9lasticit\u00e9 et son \u00e9clat. Pour pallier ces inconv\u00e9nients, nous proposons une gamme de produits con\u00e7us pour pr\u00e9venir, ralentir et corriger les premiers signes du vieillissement cutan\u00e9.<\/p>\n<p>Les produits du Dr. SERRAR<sup>\u00ae<\/sup> Skin Care sont pr\u00e9par\u00e9s \u00e0 partir d&#8217;\u00e9l\u00e9ments bio-stimulants et d&#8217;extraits de plantes qui adoucissent, nourrissent et hydratent la peau tout en favorisant l&#8217;apport sanguin \u00e9pidermique. Ils tonifient et r\u00e9g\u00e9n\u00e8rent la peau et contribuent \u00e0 sa sant\u00e9 et \u00e0 son bien-\u00eatre. Ces produits sont recommand\u00e9s pour toutes les personnes \u00e2g\u00e9es de 21 ans et plus.<\/p>\n<p>Le collag\u00e8ne ECLAT vous aide \u00e0 lutter contre le vieillissement cutan\u00e9. Elle aide \u00e0 d\u00e9fendre la peau contre le stress oxydatif et \u00e0 r\u00e9duire les cons\u00e9quences de l&#8217;exposition \u00e0 la peau, la cr\u00e8me ECLAT Collag\u00e8ne est un antioxydant anti-\u00e2ge, revitalisant et hydratant pour vous aider \u00e0 pr\u00e9venir les rides et la barri\u00e8re cutan\u00e9e protectrice.<\/p>\n<p>ECLAT Collagen est une \u00e9mulsion rose p\u00e2le cr\u00e9meuse au parfum d\u00e9licat de fleurs, contenant du collag\u00e8ne, de la robane, de l&#8217;\u00e9lastine, de l&#8217;allanto\u00efne. Ces substances naturelles aident la peau \u00e0 maintenir ces fonctions g\u00e9n\u00e9ratrices. Cette merveilleuse cr\u00e8me de jour et de nuit prot\u00e8ge et adoucit, hydrate, nourrit, revitalise et pr\u00e9vient l&#8217;apparition des rides. Les c\u00e9ramides contenues dans cette cr\u00e8me servent de vecteurs au collag\u00e8ne et \u00e0 l&#8217;\u00e9lastine. Ils emp\u00eachent l&#8217;action de l&#8217;\u00e9lastase qui d\u00e9truit ces mol\u00e9cules.<\/p>\n<p><strong>Collag\u00e8ne:<\/strong><br \/>\nL&#8217;origine grecque du mot collag\u00e8ne, &#8220;kolla&#8221; signifie colle.<br \/>\nEn raison de son implication directe dans le vieillissement cutan\u00e9, le collag\u00e8ne est devenu un ingr\u00e9dient actif de choix dans la lutte anti-\u00e2ge.<\/p>\n<p>Le collag\u00e8ne est la prot\u00e9ine la plus abondante du corps humain. Il repr\u00e9sente environ 6% de notre poids total et environ 65% de toutes les prot\u00e9ines fibreuses du corps. C&#8217;est le constituant essentiel du derme. Le collag\u00e8ne est compos\u00e9 de fibres fabriqu\u00e9es par les fibroblastes et est principalement situ\u00e9 dans le tissu conjonctif. Il est \u00e9galement pr\u00e9sent dans les os, le cartilage, les ligaments, les tendons, les cheveux, o\u00f9 il agit comme une sorte de colle, assurant la coh\u00e9sion entre les cellules. Il apporte r\u00e9sistance et \u00e9lasticit\u00e9 \u00e0 la peau.<\/p>\n<p>Le collag\u00e8ne est continuellement renouvel\u00e9 tout au long de la vie. Mais en vieillissant, sa production se d\u00e9t\u00e9riore. Le collag\u00e8ne produit est de qualit\u00e9 inf\u00e9rieure, il perd en \u00e9paisseur et en r\u00e9sistance, entra\u00eenant une perte d&#8217;\u00e9lasticit\u00e9, de tonus et de fermet\u00e9 des tissus. On estime qu&#8217;\u00e0 partir de 30 ans, la perte est d&#8217;environ 1% par an. Pour ralentir les effets du vieillissement, le collag\u00e8ne s&#8217;est fait une place en cosm\u00e9tique.<br \/>\nLe collag\u00e8ne est proportionnellement impliqu\u00e9 dans le processus de vieillissement cutan\u00e9. Il joue un r\u00f4le majeur dans l&#8217;\u00e9lasticit\u00e9 et la qualit\u00e9 du derme. En cosm\u00e9tique, il est utilis\u00e9 pour son action anti-\u00e2ge pr\u00e9ventive, r\u00e9g\u00e9n\u00e9rante, hydratante.<\/p>\n<p>Le collag\u00e8ne donne \u00e0 la fois de la force aux structures dermiques tout en les prot\u00e9geant. Il est \u00e9galement fortement impliqu\u00e9 dans le processus de gu\u00e9rison.<br \/>\nLe collag\u00e8ne am\u00e9liore la qualit\u00e9 de la peau et pr\u00e9serve sa jeunesse. Utilis\u00e9 en soin pour stimuler la synth\u00e8se naturelle du collag\u00e8ne pour am\u00e9liorer la fermet\u00e9, le tonus, l&#8217;\u00e9lasticit\u00e9 de la peau, tous ces marqueurs d\u00e9terminants de la peau jeune ou mature.<br \/>\nLe COLLAGEN a un effet tenseur imm\u00e9diat, aide \u00e0 maintenir l&#8217;int\u00e9grit\u00e9 structurale des tissus et limite la perte d&#8217;eau, luttant ainsi contre le dess\u00e8chement cutan\u00e9 et aidant \u00e0 maintenir une bonne qualit\u00e9 de peau.<\/p>\n<p><strong> INGR\u00c9DIENTS: <\/strong><br \/>\nAqua, acide st\u00e9arique, cire d&#8217;abeille, squalane, ph\u00e9noxy\u00e9thanol (et) Capryl glycol (et) Ethylhexylglyc\u00e9rine (et) hexyl\u00e8ne glycol, propyl\u00e8ne glycol, borate de sodium, glyc\u00e9rine, \u00e9lastine, allanto\u00efne, collag\u00e8ne, tocoph\u00e9rol, Prunus Amygdalus Dulcis (Sweet) Bht, Dmdm Hydantoin, Water (And) Phospholipids (And) Sphingolipids, Carbomer, Sorbitan Oleate, Triethanolamine, Fragrance.<\/p>\n<p><strong> INGR\u00c9DIENTS CL\u00c9S <\/strong><\/p>\n<p><strong>Collag\u00e8ne:<\/strong><br \/>\nAm\u00e9liorez la fermet\u00e9 et la tonicit\u00e9 et l&#8217;\u00e9lasticit\u00e9.<br \/>\nAm\u00e9liore la qualit\u00e9 de la peau et pr\u00e9serve sa jeunesse.<br \/>\nAction pr\u00e9ventive anti-\u00e2ge &amp; r\u00e9g\u00e9n\u00e9rante &amp; hydratante.<br \/>\nImpliqu\u00e9 dans le processus de gu\u00e9rison.<\/p>\n<p><strong>\u00c9lastine:<\/strong><br \/>\nFibre de prot\u00e9ine qui accompagne le collag\u00e8ne dans le tissu conjonctif. Apr\u00e8s le collag\u00e8ne, l&#8217;\u00e9lastine est l&#8217;une des scl\u00e9roprot\u00e9ines fibreuses les plus importantes du corps. Sa structure en spirale conf\u00e8re \u00e0 la peau son \u00e9lasticit\u00e9. Soutient, renforce et compl\u00e8te l&#8217;action du collag\u00e8ne.<\/p>\n<p><strong>Allanto\u00efne:<\/strong><br \/>\nGu\u00e9rit et favorise la prolif\u00e9ration cellulaire de la peau. \u00c9limine le tissu n\u00e9crotique. Agent r\u00e9parateur et restaurateur de l&#8217;\u00e9pith\u00e9lium. Il est hydratant, adoucissant, calmant et non irritant.<\/p>\n<p><strong>C\u00e9ramide:<\/strong><br \/>\nUtilis\u00e9s comme v\u00e9hicule de collag\u00e8ne et d&#8217;\u00e9lastine, ils ont un tr\u00e8s fort pouvoir hydratant des couches \u00e9pidermiques sup\u00e9rieures et emp\u00eachent l&#8217;action \u00e9lastique qui d\u00e9truit ces deux mol\u00e9cules.<\/p>\n<p><strong>Robane: Squalane<\/strong><br \/>\nSubstance \u00e0 base d&#8217;huile d&#8217;olive tr\u00e8s p\u00e9n\u00e9trante, qui restaure et assure la souplesse et qui prot\u00e8ge des irritations cutan\u00e9es.<\/p>\n<h5>Pourquoi choisir le collag\u00e8ne Dr. SERRAR<sup>\u00ae<\/sup> ECLAT Collagen?<\/h5>\n<p>La cr\u00e8me de collag\u00e8ne Dr. SERRAR<sup>\u00ae<\/sup> ECLAT Collagen est fabriqu\u00e9e selon les normes les plus \u00e9lev\u00e9es de l&#8217;industrie pharmaceutique. Ils contiennent Advanced Collagen, \u00e9lastine, allanto\u00efne, roban. ces substances naturelles aident la peau \u00e0 maintenir ces fonctions g\u00e9n\u00e9ratrices. cette formule avanc\u00e9e con\u00e7ue pour cibler les signes les plus courants du vieillissement, notamment la luminosit\u00e9, la fermet\u00e9, les ridules, les rides, les taches brunes et les taches solaires.<\/p>\n<div class=\"productlist\">LA PLUS HAUTE QUALIT\u00c9. SANS GLUTEN. Fabriqu\u00e9 au Canada.<br \/>\nLes bonnes pratiques de fabrication (BPF) sont un ensemble de r\u00e9glementations pharmaceutiques strictes qui garantissent que les compl\u00e9ments alimentaires sont fabriqu\u00e9s et contr\u00f4l\u00e9s \u00e0 un niveau \u00e9lev\u00e9 qui peut \u00eatre utilis\u00e9.<br \/>\nSans soja, sans gluten, certifi\u00e9 casher, sans produits laitiers, sans lait, noix, arachides, fruits de mer, bl\u00e9 et soja. \u00c9galement exempt de levure, d&#8217;orge, de riz, de sodium et de sucre.<br \/>\nEfficacit\u00e9 maximale.<br \/>\nEnti\u00e8rement d&#8217;origine naturelle.<br \/>\nFabriqu\u00e9 avec des ingr\u00e9dients hypoallerg\u00e9niques.<\/div>\n<p><strong> Indications <\/strong><br \/>\nLe processus de vieillissement diminue naturellement l&#8217;humidit\u00e9, le collag\u00e8ne et les nutriments essentiels de la peau, laissant la peau s\u00e8che, rid\u00e9e et tach\u00e9e. La collag\u00e8ne, l\u2019\u00e9lastine, la c\u00e9ramide, la cire d\u2019abeille sont con\u00e7ues avec pr\u00e9cision pour revitaliser la peau vieillissante, en fournissant les nutriments essentiels n\u00e9cessaires pour redonner \u00e0 la peau son bel aspect jeune.<\/p>\n<p><strong> RECOMMANDATION D&#8217;ESSAI DE PATCH <\/strong><br \/>\nIl s&#8217;agit d&#8217;une cr\u00e8me pour le visage CONCENTR\u00c9E et PUISSANTE contenant des ingr\u00e9dients actifs \u00e0 base de plantes qui peuvent provoquer des irritations cutan\u00e9es ou des \u00e9ruptions cutan\u00e9es pour les personnes allergiques. Il est IMPORTANT que vous effectuiez un patch-test du produit * au moins 24-48 * heures avant l&#8217;application r\u00e9guli\u00e8re pour vous assurer que le produit est bien adapt\u00e9 \u00e0 votre peau.<\/p>\n<p><strong> COMMENT UTILISER <\/strong><br \/>\nSi la formule est compatible avec votre peau, appliquez deux fois par jour. Pour usage externe uniquement.<br \/>\nCr\u00e8me de jour et de nuit, prot\u00e8ge et adoucit, hydrate, nourrit, revitalise l&#8217;\u00e9piderme. Emp\u00eache l&#8217;apparition de rides.<br \/>\nApr\u00e8s avoir nettoy\u00e9 et tonifi\u00e9 la peau, sur le visage, le cou et la poitrine apr\u00e8s le s\u00e9rum Vitamine C.<br \/>\nLe soir, compl\u00e9tez votre soin avec la cr\u00e8me Derm.<br \/>\nCe kit Zina Vitamine C + RADIANCE + DERM: R\u00e9g\u00e9n\u00e8re des ann\u00e9es de dommages environnementaux et laisse votre peau saine et jeune. R\u00e9duit visiblement les ridules et les rides, rendant votre peau plus robuste et lumineuse.<\/p>\n<p>La cr\u00e8me Dr. SERRAR<sup>\u00ae<\/sup> ECLAT Collagen est une marque puissante mais s\u00fbre et test\u00e9e. Nous travaillons avec des laboratoires au Canada et aux \u00c9tats-Unis pour d\u00e9velopper nos produits. Chaque produit que nous lan\u00e7ons est d\u00e9velopp\u00e9 pour \u00eatre le plus puissant possible, afin d&#8217;offrir un effet maximum tout en restant dermatologiquement s\u00fbr pour votre peau.<\/p>\n<p><strong> Avertissement: <\/strong><br \/>\nArr\u00eatez-vous au moindre changement ou r\u00e9action. Si n\u00e9cessaire, consultez un professionnel de la sant\u00e9 ou des informations sur la sant\u00e9 en cas de r\u00e9action allergique.<br \/>\nChaque peau est diff\u00e9rente et r\u00e9agit diff\u00e9remment au m\u00eame cosm\u00e9tique. Nous ne fournissons pas de conseils personnalis\u00e9s, nous ne connaissons pas votre peau.<br \/>\nPour tout conseil personnalis\u00e9, notamment si vous suivez un traitement m\u00e9dical: consultez votre m\u00e9decin ou votre dermatologue.<br \/>\nNe modifiez jamais un traitement prescrit en fonction de ce que vous lisez sur Internet.<\/p>\n<p>&nbsp;<\/p>\n<p><span style=\"color: #005890;\"><strong>FABRIQU\u00c9 AU CANADA \u00a0 \u00a0 | \u00a0 \u00a0 CERTIFI\u00c9 GMP \u00a0 \u00a0 | \u00a0 \u00a0 SANS OGM\u00a0 \u00a0\u00a0 | \u00a0 \u00a0 <span class=\"VIiyi\" lang=\"fr\"><span class=\"JLqJ4b ChMk0b\" data-language-for-alternatives=\"fr\" data-language-to-translate-into=\"en\" data-phrase-index=\"0\">LABORATOIRE CERTIFI\u00c9 ISO 17025<\/span><\/span><\/strong><\/span><\/p>\n","protected":false},"excerpt":{"rendered":"<p>&nbsp; \u00c0 base de Collag\u00e8ne Anti-rides Hydrate &#8211; Nourrit Prot\u00e8ge &#8211; Revitalise \u00c9claircit &#8211; Raffermit Fabriqu\u00e9 avec Ingr\u00e9dients Hypoallerg\u00e9niques Con\u00e7u pour tous les types de peau Dr. SERRAR\u00ae Skin Care est une marque dont les traitements antioxydants et hydratants sont pr\u00e9par\u00e9s selon des param\u00e8tres de protection contre le vieillissement atmosph\u00e9rique. Ce dernier d\u00e9note des signes [&hellip;]<\/p>\n","protected":false},"featured_media":8588,"template":"","meta":{"hide_page_title":"","_coblocks_attr":"","_coblocks_dimensions":"","_coblocks_responsive_height":"","_coblocks_accordion_ie_support":""},"product_cat":[22],"product_tag":[],"translation":{"provider":"WPGlobus","version":"3.0.1","language":"fr","enabled_languages":["en","es","fr","ar","pt","it"],"languages":{"en":{"title":true,"content":true,"excerpt":false},"es":{"title":false,"content":true,"excerpt":false},"fr":{"title":false,"content":true,"excerpt":false},"ar":{"title":false,"content":true,"excerpt":false},"pt":{"title":false,"content":true,"excerpt":false},"it":{"title":false,"content":true,"excerpt":false}}},"_links":{"self":[{"href":"https:\/\/www.serrarpharma.com\/fr\/wp-json\/wp\/v2\/product\/7700"}],"collection":[{"href":"https:\/\/www.serrarpharma.com\/fr\/wp-json\/wp\/v2\/product"}],"about":[{"href":"https:\/\/www.serrarpharma.com\/fr\/wp-json\/wp\/v2\/types\/product"}],"wp:featuredmedia":[{"embeddable":true,"href":"https:\/\/www.serrarpharma.com\/fr\/wp-json\/wp\/v2\/media\/8588"}],"wp:attachment":[{"href":"https:\/\/www.serrarpharma.com\/fr\/wp-json\/wp\/v2\/media?parent=7700"}],"wp:term":[{"taxonomy":"product_cat","embeddable":true,"href":"https:\/\/www.serrarpharma.com\/fr\/wp-json\/wp\/v2\/product_cat?post=7700"},{"taxonomy":"product_tag","embeddable":true,"href":"https:\/\/www.serrarpharma.com\/fr\/wp-json\/wp\/v2\/product_tag?post=7700"}],"curies":[{"name":"wp","href":"https:\/\/api.w.org\/{rel}","templated":true}]}}