{"id":7623,"date":"2020-06-04T17:58:13","date_gmt":"2020-06-04T21:58:13","guid":{"rendered":"https:\/\/www.serrarpharma.com\/?post_type=product&#038;p=7623"},"modified":"2024-08-21T22:08:51","modified_gmt":"2024-08-22T02:08:51","slug":"dr-serrar-vitamin-c-serum","status":"publish","type":"product","link":"https:\/\/www.serrarpharma.com\/fr\/product\/dr-serrar-vitamin-c-serum\/","title":{"rendered":"VITAMIN C SERUM"},"content":{"rendered":"<p><strong><img loading=\"lazy\" class=\"alignnone wp-image-11896\" src=\"https:\/\/i0.wp.com\/www.serrarpharma.com\/wp-content\/uploads\/2021\/05\/Quality-Labels-US-09.png?resize=70%2C70&#038;ssl=1\" alt=\"\" width=\"70\" height=\"70\" data-recalc-dims=\"1\" \/><img loading=\"lazy\" class=\"alignnone wp-image-11370\" src=\"https:\/\/i0.wp.com\/www.serrarpharma.com\/wp-content\/uploads\/2021\/04\/GMP.png?resize=70%2C70&#038;ssl=1\" alt=\"\" width=\"70\" height=\"70\" srcset=\"https:\/\/i0.wp.com\/www.serrarpharma.com\/wp-content\/uploads\/2021\/04\/GMP.png?w=150&amp;ssl=1 150w, https:\/\/i0.wp.com\/www.serrarpharma.com\/wp-content\/uploads\/2021\/04\/GMP.png?resize=100%2C100&amp;ssl=1 100w\" sizes=\"(max-width: 70px) 100vw, 70px\" data-recalc-dims=\"1\" \/><img loading=\"lazy\" class=\"alignnone wp-image-11369\" src=\"https:\/\/i0.wp.com\/www.serrarpharma.com\/wp-content\/uploads\/2021\/04\/Nongmo.png?resize=70%2C70&#038;ssl=1\" alt=\"\" width=\"70\" height=\"70\" srcset=\"https:\/\/i0.wp.com\/www.serrarpharma.com\/wp-content\/uploads\/2021\/04\/Nongmo.png?w=150&amp;ssl=1 150w, https:\/\/i0.wp.com\/www.serrarpharma.com\/wp-content\/uploads\/2021\/04\/Nongmo.png?resize=100%2C100&amp;ssl=1 100w\" sizes=\"(max-width: 70px) 100vw, 70px\" data-recalc-dims=\"1\" \/><img loading=\"lazy\" class=\"alignnone wp-image-11799\" src=\"https:\/\/i0.wp.com\/www.serrarpharma.com\/wp-content\/uploads\/2021\/04\/ISO-07.png?resize=70%2C70&#038;ssl=1\" alt=\"\" width=\"70\" height=\"70\" srcset=\"https:\/\/i0.wp.com\/www.serrarpharma.com\/wp-content\/uploads\/2021\/04\/ISO-07.png?resize=300%2C300&amp;ssl=1 300w, https:\/\/i0.wp.com\/www.serrarpharma.com\/wp-content\/uploads\/2021\/04\/ISO-07.png?resize=150%2C150&amp;ssl=1 150w, https:\/\/i0.wp.com\/www.serrarpharma.com\/wp-content\/uploads\/2021\/04\/ISO-07.png?resize=100%2C100&amp;ssl=1 100w, https:\/\/i0.wp.com\/www.serrarpharma.com\/wp-content\/uploads\/2021\/04\/ISO-07.png?w=418&amp;ssl=1 418w\" sizes=\"(max-width: 70px) 100vw, 70px\" data-recalc-dims=\"1\" \/><\/strong><\/p>\n<p>&nbsp;<\/p>\n<p><strong>\u00c9CLAIRCISSANTE<br \/>\n20% VIT C<br \/>\nSODIUM HYALURONATE<\/strong><\/p>\n<p>Antioxydant tr\u00e8s puissant<br \/>\nAnti-Rides<br \/>\nAnti-\u00e2ge<br \/>\n\u00c9claircit &#8211; Gu\u00e9rit<br \/>\nFabriqu\u00e9 avec<br \/>\n<strong>Ingr\u00e9dients Hypoallerg\u00e9niques<\/strong><br \/>\nCon\u00e7u pour tous les types de peau<\/p>\n<p>Dr. SERRAR\u00ae Skin Care est une marque dont les traitements antioxydants sont pr\u00e9par\u00e9s selon des param\u00e8tres de protection contre le vieillissement atmosph\u00e9rique. Ce dernier d\u00e9note des signes visibles d&#8217;exposition \u00e0 une vari\u00e9t\u00e9 d&#8217;agresseurs environnementaux. Ces agresseurs incluent les rayons UV, le rayonnement infrarouge (IRA) et la pollution. La recherche montre que la surexposition \u00e0 ces agresseurs peut entra\u00eener un vieillissement visible de la peau et que l&#8217;utilisation d&#8217;antioxydants topiques peut aider \u00e0 pr\u00e9venir cet effet.<\/p>\n<p><strong> Qu&#8217;est-ce que le s\u00e9rum VITAMINE C? <\/strong><br \/>\nLa recherche clinique montre que des combinaisons sp\u00e9cifiques d&#8217;antioxydants, lorsqu&#8217;elles sont con\u00e7ues efficacement, fonctionnent en synergie pour fournir de meilleurs r\u00e9sultats que ces m\u00eames antioxydants utilis\u00e9s s\u00e9par\u00e9ment. Le choix de la vitamine C E Ferulic pour ce s\u00e9rum \u00e0 base de vitamine C est con\u00e7u pour obtenir des r\u00e9sultats optimaux:<\/p>\n<div class=\"productlist\">Renforce la protection contre les rayons UV pour mieux pr\u00e9venir les signes visibles de vieillissement.<br \/>\nR\u00e9duit l&#8217;apparence des dommages caus\u00e9s par le soleil.<\/div>\n<p>VITAMIN C Serum, est utilis\u00e9 pour \u00e9claircir et renouveler la peau. C&#8217;est une formule puissante pour lutter contre le teint terne et in\u00e9gal et les signes du vieillissement avec seulement 11 ingr\u00e9dients. Sans parfum, sans silicone, seuls actifs essentiels d&#8217;excellence en dermatologie.<\/p>\n<p><strong> Ingr\u00e9dients: <\/strong> Eau distill\u00e9e, Acide L-ascorbique (vitamine C), \u00c9thoxydiglycol, Zemea Propanediol (d\u00e9riv\u00e9 du ma\u00efs), Niacinamide (Vitamine B3), Filtrate de fermentation des racines de radis Leuconostoc \/ Radis, Laureth-23, Hyaluronate de sodium, d-Alpha (vitamine E) tocoph\u00e9rol, dl-panth\u00e9nol (pro-vitamine B5), Rosa Damascena (eau florale de rose), glyc\u00e9rine casher, acide f\u00e9rulique, sorbate de potassium.<\/p>\n<p><strong> INGR\u00c9DIENTS CL\u00c9S <\/strong><br \/>\n20% d&#8217;acide L-ascorbique (vitamine C):<br \/>\nLa vitamine C est un antioxydant tr\u00e8s puissant qui n&#8217;est pas efficacement absorb\u00e9 par la peau en raison de sa structure. Les caract\u00e9ristiques de la pr\u00e9paration Dr. SERRAR\u00ae de ce s\u00e9rum permettent \u00e0 la vitamine C d&#8217;\u00eatre absorb\u00e9e efficacement par la peau:<\/p>\n<div class=\"productlist\">1) acide L-ascorbique pur (vitamine C);<br \/>\n2) un pH acide compris entre 2,0 et 3,5;<br \/>\n3) une concentration de 20% dans une formule 100% hypoallerg\u00e9nique.<\/div>\n<p>Essentielle au bon fonctionnement de l&#8217;organisme, la vitamine C est pr\u00e9sente dans la peau o\u00f9, en pi\u00e9geant une certaine cat\u00e9gorie de radicaux libres, elle combat les dommages caus\u00e9s par le stress oxydatif. et aide \u00e0 prot\u00e9ger contre le stress oxydatif tout en offrant des avantages anti-\u00e2ge visibles. C&#8217;est \u00e9galement un atout pour lutter contre les troubles pigmentaires, redensifier la matrice extracellulaire et lutter contre les inflammations afin d&#8217;apaiser la peau. Sur le visage, les effets de ces actifs multit\u00e2ches sont imm\u00e9diats: les ridules sont att\u00e9nu\u00e9es, le teint est plus homog\u00e8ne et l&#8217;\u00e9clat est donn\u00e9 un second souffle.<\/p>\n<p><strong> Niacinamide (vitamine B3) <\/strong><br \/>\nUtilis\u00e9 par notre peau, le niacinamide propose plusieurs actions:<\/p>\n<div class=\"productlist\">Am\u00e9lioration de la fonction barri\u00e8re de la peau. Acc\u00e9l\u00e9ration de la diff\u00e9renciation cellulaire.<br \/>\nGu\u00e9rison rapide. Aide \u00e0 restructurer l&#8217;\u00e9piderme.<br \/>\nEffets anti-inflammatoires, limite les irritations.<br \/>\nR\u00e9duction des pertes en eau, effet hydratant des diff\u00e9rentes couches de la peau dont la couche corn\u00e9e.<br \/>\nAugmente les enzymes qui cr\u00e9ent les c\u00e9ramides et la s\u00e9rine pour une meilleure coh\u00e9sion cellulaire.<br \/>\nLutte contre les \u00e9tats atopiques, contre la peau s\u00e8che.<br \/>\nInhibition des cytokines inflammatoires.<br \/>\nDiminue et r\u00e9gule la production de m\u00e9lanine (taches brunes).<br \/>\nUne action anti-\u00e2ge et anti-inflammatoire int\u00e9ressante qui convient \u00e0 tous les types de peau et \u00e0 tous les \u00e2ges (adultes).<br \/>\nVITAMINE C S\u00e9rum, donc d&#8217;int\u00e9r\u00eat pour les peaux \u00e0 acn\u00e9 inflammatoire, les peaux irrit\u00e9es, les peaux atopiques, les peaux qui deviennent sensibles, les peaux qui r\u00e9agissent plus qu&#8217;avant, les peaux \u00e0 pores visibles, les boutons \u00e9mergents, la rosac\u00e9e, les peaux sous traitement irritant (r\u00e9tinol, r\u00e9tino\u00efdes, anti-acn\u00e9).<\/div>\n<p><strong><br \/>\nHyaluronate de sodium <\/strong><br \/>\nLe hyaluronate de sodium est le sel de l&#8217;acide hyaluronique. C&#8217;est une composante naturelle du tissu conjonctif. Il p\u00e9n\u00e8tre facilement dans l&#8217;\u00e9piderme et peut alors absorber une grande quantit\u00e9 d&#8217;eau, jusqu&#8217;\u00e0 20 fois son poids.<br \/>\nD\u00e9couvert dans les ann\u00e9es 1930, l&#8217;acide hyaluronique est abondant dans le derme des peaux jeunes, mais sa quantit\u00e9 diminue avec l&#8217;\u00e2ge: la peau appara\u00eet alors plus ab\u00eem\u00e9e, avec des rides. L&#8217;acide hyaluronique est une mol\u00e9cule assez grosse qui a du mal \u00e0 p\u00e9n\u00e9trer la peau et est beaucoup plus efficace lorsqu&#8217;elle est inject\u00e9e. Dans un cosm\u00e9tique, son sel est utilis\u00e9: le hyaluronate de sodium est une mol\u00e9cule beaucoup plus petite, qui p\u00e9n\u00e8tre plus facilement et peut ensuite p\u00e9n\u00e9trer dans les couches profondes de la peau. Ce sel est un puissant humectant qui attire et retient l&#8217;eau, ce qui en fait le produit hydratant de choix pour la peau: il contribue \u00e0 la garder &#8220;humide&#8221;. Comme il attire et se lie \u00e0 l&#8217;eau, il provoque un l\u00e9ger gonflement, ce qui r\u00e9duit l&#8217;apparence des ridules et des rides, pour donner \u00e0 la peau une apparence plus jeune.<\/p>\n<p><strong> Alpha-tocoph\u00e9rol \u00e0 1% <\/strong><br \/>\nCette forme de vitamine E neutralise les radicaux libres et r\u00e9g\u00e9n\u00e8re les lipides de la peau. Comme cela a \u00e9t\u00e9 prouv\u00e9, l&#8217;alpha-tocoph\u00e9rol agit en synergie avec la vitamine C, chacun r\u00e9g\u00e9n\u00e9rant l&#8217;autre.Surtout, il aide \u00e0 apaiser la peau et \u00e0 la prot\u00e9ger des effets n\u00e9fastes de la pollution. Cons\u00e9quences; moins de signes de fatigue sur le visage.<\/p>\n<p>Ses fonctions<br \/>\nAntioxydant: inhibe les r\u00e9actions favoris\u00e9es par l&#8217;oxyg\u00e8ne, \u00e9vitant ainsi l&#8217;oxydation et le rancissement<br \/>\nAgent de soin de la peau: maintient la peau en bon \u00e9tat<\/p>\n<p><strong> Pro-vitamine B5 <\/strong><br \/>\nLe panth\u00e9nol est un alcool largement utilis\u00e9 en cosm\u00e9tique. Le panth\u00e9nol am\u00e9liore l&#8217;hydratation, r\u00e9duit les d\u00e9mangeaisons et l&#8217;inflammation de la peau. Il acc\u00e9l\u00e8re et am\u00e9liore la cicatrisation des plaies \u00e9pidermiques. Il est souvent utilis\u00e9 dans les produits de traitement des coups de soleil. Lorsque le panth\u00e9nol est appliqu\u00e9 localement, il p\u00e9n\u00e8tre dans les couches inf\u00e9rieures de la peau, est absorb\u00e9 par les cellules de la peau et transform\u00e9 en acide pantoth\u00e9nique (plus commun\u00e9ment appel\u00e9 vitamine B5). C&#8217;est cette p\u00e9n\u00e9tration qui permet une hydratation essentielle.<br \/>\n0,5% d&#8217;acide f\u00e9rulique<br \/>\nAntioxydant d&#8217;origine v\u00e9g\u00e9tale, l&#8217;acide f\u00e9rulique neutralise les radicaux libres et am\u00e9liore les bienfaits antioxydants des vitamines C et E.<\/p>\n<h5>Pourquoi choisir le SERUM SERRAR\u00ae VITAMINE C?<\/h5>\n<p>Dr. SERRAR\u00ae VITAMIN C SERUM sont fabriqu\u00e9s selon les normes les plus \u00e9lev\u00e9es de l&#8217;industrie pharmaceutique. Ils contiennent Advanced Antioxidant Serum &#8211; Un nutriment indispensable pour la production de collag\u00e8ne, la vitamine C se m\u00e9lange en synergie avec le hyaluronate de sodium et la vitamine E dans cette formule avanc\u00e9e con\u00e7ue pour cibler les signes les plus courants du vieillissement, y compris la luminosit\u00e9, la fermet\u00e9, les ridules, les rides, les taches brunes et le soleil taches.<\/p>\n<div class=\"productlist\">LA PLUS HAUTE QUALIT\u00c9. SANS GLUTEN. Fabriqu\u00e9 aux \u00c9tats-Unis.<br \/>\nInstallations certifi\u00e9es FDA<br \/>\nLes bonnes pratiques de fabrication (BPF) sont un ensemble de r\u00e9glementations pharmaceutiques strictes qui garantissent que les compl\u00e9ments alimentaires sont fabriqu\u00e9s et contr\u00f4l\u00e9s \u00e0 un niveau \u00e9lev\u00e9 qui peut \u00eatre utilis\u00e9.<br \/>\nSans soja, sans gluten, certifi\u00e9 casher, sans produits laitiers, sans lait, noix, arachides, crustac\u00e9s, bl\u00e9 et soja. \u00c9galement exempt de levure, d&#8217;orge, de riz, de sodium et de sucre.<br \/>\nEfficacit\u00e9 maximale<br \/>\nTout naturel<br \/>\nFabriqu\u00e9 avec des ingr\u00e9dients hypoallerg\u00e9niques<\/div>\n<p>&nbsp;<\/p>\n<p>Indications<br \/>\nLe processus de vieillissement diminue naturellement l&#8217;humidit\u00e9, le collag\u00e8ne et les nutriments essentiels de la peau, laissant la peau s\u00e8che, rid\u00e9e et tach\u00e9e. Le s\u00e9rum \u00e0 la vitamine C est con\u00e7u avec pr\u00e9cision pour revitaliser la peau vieillissante, fournissant les nutriments essentiels n\u00e9cessaires pour redonner \u00e0 la peau son aspect magnifique et jeune.<\/p>\n<p><strong> RECOMMANDATION DU TEST DE PATCH <\/strong> &#8211; Il s&#8217;agit d&#8217;un s\u00e9rum facial CONCENTR\u00c9 et PUISSANT contenant des ingr\u00e9dients actifs \u00e0 base de plantes qui peuvent provoquer des irritations cutan\u00e9es ou des \u00e9ruptions cutan\u00e9es pour les personnes allergiques. Il est IMPORTANT que vous effectuiez un patch-test du produit * au moins 24-48 * heures avant l&#8217;application r\u00e9guli\u00e8re pour vous assurer que le produit est bien adapt\u00e9 \u00e0 votre peau.<br \/>\nRecommand\u00e9 quel que soit l&#8217;\u00e2ge, les cosm\u00e9tiques \u00e0 base de vitamine C ne sont pas recommand\u00e9s en cas de peau sensible ou de rosac\u00e9e.<\/p>\n<p><strong> COMMENT UTILISER <\/strong><br \/>\nSi la formule est compatible avec votre peau, appliquez 3 \u00e0 5 gouttes une fois par jour, puis une cr\u00e8me hydratante. Pour usage externe uniquement.<br \/>\nLe matin, apr\u00e8s avoir nettoy\u00e9 et tonifi\u00e9 la peau, appliquez 4 \u00e0 5 gouttes sur le visage, le cou et la poitrine secs avant tout autre soin.<br \/>\nCompl\u00e9tez votre journ\u00e9e avec la cr\u00e8me ECLAT.<br \/>\nCompl\u00e9tez votre soin le soir avec la cr\u00e8me DERM.<br \/>\nLe kit (VITAMIN C SERUM + ECLAT + DERM) r\u00e9g\u00e9n\u00e8re des ann\u00e9es de dommages environnementaux et laisse votre peau saine et jeune. R\u00e9duit visiblement les ridules et les rides, rendant votre peau plus robuste et lumineuse.<\/p>\n<p>Dr. SERRAR\u00ae VITAMIN C SERUM est une marque puissante mais s\u00fbre et test\u00e9e. Nous travaillons avec des laboratoires au Canada et aux \u00c9tats-Unis pour d\u00e9velopper nos produits. Chaque produit que nous lan\u00e7ons est d\u00e9velopp\u00e9 pour \u00eatre le plus puissant possible, afin d&#8217;offrir un effet maximum tout en restant dermatologiquement s\u00fbr pour votre peau.<\/p>\n<p><strong> Avertissement: <\/strong><br \/>\nArr\u00eatez-vous au moindre changement ou r\u00e9action. Si n\u00e9cessaire, consultez un professionnel de la sant\u00e9 ou des informations sur la sant\u00e9 en cas de r\u00e9action allergique.<br \/>\nChaque peau est diff\u00e9rente et r\u00e9agit diff\u00e9remment au m\u00eame cosm\u00e9tique. Nous ne fournissons pas de conseils personnalis\u00e9s, nous ne connaissons pas votre peau.<br \/>\nPour tout conseil personnalis\u00e9, notamment si vous suivez un traitement m\u00e9dical: consultez votre m\u00e9decin ou votre dermatologue.<br \/>\nNe modifiez jamais un traitement prescrit en fonction de ce que vous lisez sur Internet.<\/p>\n<p>&nbsp;<\/p>\n<p><span style=\"color: #005890;\"><strong><span class=\"VIiyi\" lang=\"fr\"><span class=\"JLqJ4b ChMk0b\" data-language-for-alternatives=\"fr\" data-language-to-translate-into=\"en\" data-phrase-index=\"0\">FABRIQU\u00c9 AUX USA<\/span><\/span> \u00a0 \u00a0 | \u00a0 \u00a0 CERTIFI\u00c9 GMP \u00a0 \u00a0 | \u00a0 \u00a0 SANS OGM\u00a0 \u00a0\u00a0 | \u00a0 \u00a0 <span class=\"VIiyi\" lang=\"fr\"><span class=\"JLqJ4b ChMk0b\" data-language-for-alternatives=\"fr\" data-language-to-translate-into=\"en\" data-phrase-index=\"0\">LABORATOIRE CERTIFI\u00c9 ISO 17025<\/span><\/span><\/strong><\/span><\/p>\n","protected":false},"excerpt":{"rendered":"<p>&nbsp; \u00c9CLAIRCISSANTE 20% VIT C SODIUM HYALURONATE Antioxydant tr\u00e8s puissant Anti-Rides Anti-\u00e2ge \u00c9claircit &#8211; Gu\u00e9rit Fabriqu\u00e9 avec Ingr\u00e9dients Hypoallerg\u00e9niques Con\u00e7u pour tous les types de peau Dr. SERRAR\u00ae Skin Care est une marque dont les traitements antioxydants sont pr\u00e9par\u00e9s selon des param\u00e8tres de protection contre le vieillissement atmosph\u00e9rique. Ce dernier d\u00e9note des signes visibles d&#8217;exposition [&hellip;]<\/p>\n","protected":false},"featured_media":8833,"template":"","meta":{"hide_page_title":"","_coblocks_attr":"","_coblocks_dimensions":"","_coblocks_responsive_height":"","_coblocks_accordion_ie_support":""},"product_cat":[22],"product_tag":[],"translation":{"provider":"WPGlobus","version":"3.0.1","language":"fr","enabled_languages":["en","es","fr","ar","pt","it"],"languages":{"en":{"title":true,"content":true,"excerpt":false},"es":{"title":false,"content":true,"excerpt":false},"fr":{"title":false,"content":true,"excerpt":false},"ar":{"title":false,"content":true,"excerpt":false},"pt":{"title":false,"content":true,"excerpt":false},"it":{"title":false,"content":true,"excerpt":false}}},"_links":{"self":[{"href":"https:\/\/www.serrarpharma.com\/fr\/wp-json\/wp\/v2\/product\/7623"}],"collection":[{"href":"https:\/\/www.serrarpharma.com\/fr\/wp-json\/wp\/v2\/product"}],"about":[{"href":"https:\/\/www.serrarpharma.com\/fr\/wp-json\/wp\/v2\/types\/product"}],"wp:featuredmedia":[{"embeddable":true,"href":"https:\/\/www.serrarpharma.com\/fr\/wp-json\/wp\/v2\/media\/8833"}],"wp:attachment":[{"href":"https:\/\/www.serrarpharma.com\/fr\/wp-json\/wp\/v2\/media?parent=7623"}],"wp:term":[{"taxonomy":"product_cat","embeddable":true,"href":"https:\/\/www.serrarpharma.com\/fr\/wp-json\/wp\/v2\/product_cat?post=7623"},{"taxonomy":"product_tag","embeddable":true,"href":"https:\/\/www.serrarpharma.com\/fr\/wp-json\/wp\/v2\/product_tag?post=7623"}],"curies":[{"name":"wp","href":"https:\/\/api.w.org\/{rel}","templated":true}]}}