{"id":7618,"date":"2020-06-03T17:46:11","date_gmt":"2020-06-03T21:46:11","guid":{"rendered":"https:\/\/www.serrarpharma.com\/?post_type=product&#038;p=7618"},"modified":"2024-08-21T21:13:23","modified_gmt":"2024-08-22T01:13:23","slug":"collagen-pure","status":"publish","type":"product","link":"https:\/\/www.serrarpharma.com\/fr\/product\/collagen-pure\/","title":{"rendered":"Collag\u00e8ne Pur"},"content":{"rendered":"<p><img loading=\"lazy\" class=\"alignnone wp-image-11896\" src=\"https:\/\/i0.wp.com\/www.serrarpharma.com\/wp-content\/uploads\/2021\/05\/Quality-Labels-US-09.png?resize=70%2C70&#038;ssl=1\" alt=\"\" width=\"70\" height=\"70\" data-recalc-dims=\"1\" \/><img loading=\"lazy\" class=\"alignnone wp-image-11370\" src=\"https:\/\/i0.wp.com\/www.serrarpharma.com\/wp-content\/uploads\/2021\/04\/GMP.png?resize=70%2C70&#038;ssl=1\" alt=\"\" width=\"70\" height=\"70\" srcset=\"https:\/\/i0.wp.com\/www.serrarpharma.com\/wp-content\/uploads\/2021\/04\/GMP.png?w=150&amp;ssl=1 150w, https:\/\/i0.wp.com\/www.serrarpharma.com\/wp-content\/uploads\/2021\/04\/GMP.png?resize=100%2C100&amp;ssl=1 100w\" sizes=\"(max-width: 70px) 100vw, 70px\" data-recalc-dims=\"1\" \/><img loading=\"lazy\" class=\"alignnone wp-image-11369\" src=\"https:\/\/i0.wp.com\/www.serrarpharma.com\/wp-content\/uploads\/2021\/04\/Nongmo.png?resize=70%2C70&#038;ssl=1\" alt=\"\" width=\"70\" height=\"70\" srcset=\"https:\/\/i0.wp.com\/www.serrarpharma.com\/wp-content\/uploads\/2021\/04\/Nongmo.png?w=150&amp;ssl=1 150w, https:\/\/i0.wp.com\/www.serrarpharma.com\/wp-content\/uploads\/2021\/04\/Nongmo.png?resize=100%2C100&amp;ssl=1 100w\" sizes=\"(max-width: 70px) 100vw, 70px\" data-recalc-dims=\"1\" \/><img loading=\"lazy\" class=\"alignnone wp-image-11799\" src=\"https:\/\/i0.wp.com\/www.serrarpharma.com\/wp-content\/uploads\/2021\/04\/ISO-07.png?resize=70%2C70&#038;ssl=1\" alt=\"\" width=\"70\" height=\"70\" srcset=\"https:\/\/i0.wp.com\/www.serrarpharma.com\/wp-content\/uploads\/2021\/04\/ISO-07.png?resize=300%2C300&amp;ssl=1 300w, https:\/\/i0.wp.com\/www.serrarpharma.com\/wp-content\/uploads\/2021\/04\/ISO-07.png?resize=150%2C150&amp;ssl=1 150w, https:\/\/i0.wp.com\/www.serrarpharma.com\/wp-content\/uploads\/2021\/04\/ISO-07.png?resize=100%2C100&amp;ssl=1 100w, https:\/\/i0.wp.com\/www.serrarpharma.com\/wp-content\/uploads\/2021\/04\/ISO-07.png?w=418&amp;ssl=1 418w\" sizes=\"(max-width: 70px) 100vw, 70px\" data-recalc-dims=\"1\" \/><\/p>\n<p>&nbsp;<\/p>\n<p>Soutien des Articulations<br \/>\nPeau Saine.<br \/>\nR\u00e9duire l&#8217;apparence des Rides.<br \/>\nFournit du Tissu Conjonctif.<br \/>\nRenforce les Muscles<br \/>\nBr\u00fble les Graisses.<\/p>\n<p><strong> Qu&#8217;est-ce que le collag\u00e8ne: <\/strong><br \/>\nLe collag\u00e8ne est comme la colle qui maintient le corps ensemble. C&#8217;est la prot\u00e9ine la plus abondante dans le corps et elle peut \u00eatre trouv\u00e9e dans les muscles, la peau, le cartilage, les os et le sang pour ne nommer que quelques-uns des r\u00f4les vitaux qu&#8217;elle joue dans le corps. Ces derni\u00e8res ann\u00e9es, le collag\u00e8ne a commenc\u00e9 \u00e0 devenir de plus en plus populaire.<br \/>\n<strong><br \/>\nPourquoi le collag\u00e8ne: <\/strong><br \/>\nLe collag\u00e8ne est un complexe de collag\u00e8ne multi-mol\u00e9cules qui offre un soutien pour la sant\u00e9 des articulations ainsi que pour une peau saine. Le collag\u00e8ne peut soutenir l&#8217;\u00e9lasticit\u00e9 et la fermet\u00e9 de la peau et aider \u00e0 retenir l&#8217;humidit\u00e9. *<\/p>\n<div class=\"productlist\">Prend en charge la sant\u00e9 des articulations<br \/>\nFavorise l&#8217;\u00e9lasticit\u00e9 de la peau<br \/>\nPeut aider \u00e0 att\u00e9nuer l&#8217;apparence des ridules et des rides *<br \/>\nPossibilit\u00e9 de fournir un soutien au tissu conjonctif *<br \/>\nAide \u00e0 d\u00e9velopper les muscles et \u00e0 br\u00fbler les graisses<br \/>\nCompl\u00e9ment naturel<\/div>\n<p>&#8211;<br \/>\nLe corps produit naturellement du collag\u00e8ne mais en vieillissant, nous commen\u00e7ons \u00e0 en produire de moins en moins. Cela peut entra\u00eener des signes visibles de vieillissement &#8211; comme les rides et le rel\u00e2chement cutan\u00e9 &#8211; et des signes invisibles de vieillissement &#8211; comme des articulations douloureuses. Le collag\u00e8ne peut aider \u00e0 donner \u00e0 votre corps les \u00e9l\u00e9ments constitutifs dont il a besoin pour maintenir ces domaines de sant\u00e9 et d&#8217;autres. Il peut \u00e9galement aider \u00e0 soutenir une masse musculaire maigre saine. Avec sa large gamme d&#8217;avantages et d&#8217;utilisations, le collag\u00e8ne peut plaire aux clients petits et grands!<\/p>\n<h5>Pourquoi choisir Dr. SERRAR<sup>\u00ae<\/sup> Collagen Pure?<\/h5>\n<p>SerrarPharma Collagen Pure sont fabriqu\u00e9s selon les normes les plus \u00e9lev\u00e9es de l&#8217;industrie pharmaceutique. Ils contiennent un complexe de collag\u00e8ne multi-mol\u00e9cule: Bovin, Poulet, Peptides \u00e0 Membrane Coquille d&#8217;Oeuf.<\/p>\n<div class=\"productlist\">LA PLUS HAUTE QUALIT\u00c9. SANS GLUTEN. Fabriqu\u00e9 aux \u00c9tats-Unis.<br \/>\nInstallations certifi\u00e9es FDA<br \/>\nLes bonnes pratiques de fabrication (BPF) sont un ensemble de r\u00e9glementations pharmaceutiques strictes qui garantissent que les compl\u00e9ments alimentaires sont fabriqu\u00e9s et contr\u00f4l\u00e9s \u00e0 un niveau \u00e9lev\u00e9 qui peut \u00eatre utilis\u00e9.<br \/>\nSans soja, sans gluten, certifi\u00e9 casher, sans produits laitiers, sans lait, noix, arachides, crustac\u00e9s, bl\u00e9 et soja. \u00c9galement exempt de levure, d&#8217;orge, de riz, de sodium et de sucre.<br \/>\nEfficacit\u00e9 maximale<br \/>\nTous d&#8217;origine naturelle<br \/>\nFabriqu\u00e9 avec des ingr\u00e9dients hypoallerg\u00e9niques<\/div>\n<p><strong><br \/>\nMode d&#8217;emploi: <\/strong><br \/>\nEn tant que compl\u00e9ment alimentaire, prenez une (1) capsule une fois par jour avant les repas, ou selon les directives d&#8217;un professionnel de la sant\u00e9.<br \/>\nConservez dans un endroit frais et sec.<\/p>\n<p><strong> Autres ingr\u00e9dients <\/strong><br \/>\nCapsules de g\u00e9latine, st\u00e9arate de magn\u00e9sium<\/p>\n<p><strong><br \/>\nInformations importantes: <\/strong><br \/>\nSi vous prenez des m\u00e9dicaments sur ordonnance, que vous avez un probl\u00e8me de sant\u00e9 ou que vous avez des inqui\u00e9tudes particuli\u00e8res quant \u00e0 la pertinence de l&#8217;un de nos produits par rapport \u00e0 ceux-ci, vous devez toujours consulter votre m\u00e9decin traitant ou votre pharmacien avant de prendre des suppl\u00e9ments. Les femmes enceintes ou allaitantes devraient consulter un m\u00e9decin g\u00e9n\u00e9raliste avant de prendre des suppl\u00e9ments. Ne d\u00e9passez pas la dose quotidienne recommand\u00e9e. Tenir hors de port\u00e9e des enfants. Les suppl\u00e9ments ne doivent pas remplacer un r\u00e9gime alimentaire vari\u00e9. Lisez toujours l&#8217;\u00e9tiquette avant utilisation.<\/p>\n<p>Serrar Pharma utilise uniquement des ingr\u00e9dients purs et naturels, provenant de sources fiables GMP. Nous assurons la qualit\u00e9 non seulement de chaque lot, mais de chaque ingr\u00e9dient de ce lot, en vous assurant d&#8217;obtenir uniquement le produit de la plus haute qualit\u00e9. Il existe de nombreux avantages de support suppl\u00e9mentaires. Voir les avis.<br \/>\nsi vous avez des questions, veuillez nous contacter. Je vous remercie.<\/p>\n<p>&nbsp;<\/p>\n<p><span style=\"color: #005890;\"><strong>FABRIQU\u00c9 AU USA <span class=\"VIiyi\" lang=\"es\"> \u00a0\u00a0\u00a0\u00a0 <\/span>| <span class=\"VIiyi\" lang=\"es\"> \u00a0\u00a0\u00a0\u00a0 <\/span>CERTIFI\u00c9 GMP <span class=\"VIiyi\" lang=\"es\"> \u00a0\u00a0\u00a0\u00a0 <\/span>| <span class=\"VIiyi\" lang=\"es\"> \u00a0\u00a0\u00a0\u00a0 <\/span>SANS OGM <span class=\"VIiyi\" lang=\"es\"> \u00a0\u00a0\u00a0\u00a0 <\/span>| <span class=\"VIiyi\" lang=\"es\"> \u00a0\u00a0\u00a0\u00a0 <\/span><span class=\"VIiyi\" lang=\"fr\"><span class=\"JLqJ4b ChMk0b\" data-language-for-alternatives=\"fr\" data-language-to-translate-into=\"en\" data-phrase-index=\"0\">LABORATOIRE CERTIFI\u00c9 ISO 17025<\/span><\/span><\/strong><\/span><\/p>\n","protected":false},"excerpt":{"rendered":"<p>&nbsp; Soutien des Articulations Peau Saine. R\u00e9duire l&#8217;apparence des Rides. Fournit du Tissu Conjonctif. Renforce les Muscles Br\u00fble les Graisses. Qu&#8217;est-ce que le collag\u00e8ne: Le collag\u00e8ne est comme la colle qui maintient le corps ensemble. C&#8217;est la prot\u00e9ine la plus abondante dans le corps et elle peut \u00eatre trouv\u00e9e dans les muscles, la peau, le [&hellip;]<\/p>\n","protected":false},"featured_media":7917,"template":"","meta":{"hide_page_title":"","_coblocks_attr":"","_coblocks_dimensions":"","_coblocks_responsive_height":"","_coblocks_accordion_ie_support":""},"product_cat":[21],"product_tag":[],"translation":{"provider":"WPGlobus","version":"3.0.1","language":"fr","enabled_languages":["en","es","fr","ar","pt","it"],"languages":{"en":{"title":true,"content":true,"excerpt":false},"es":{"title":false,"content":true,"excerpt":false},"fr":{"title":true,"content":true,"excerpt":false},"ar":{"title":false,"content":true,"excerpt":false},"pt":{"title":false,"content":true,"excerpt":false},"it":{"title":false,"content":true,"excerpt":false}}},"_links":{"self":[{"href":"https:\/\/www.serrarpharma.com\/fr\/wp-json\/wp\/v2\/product\/7618"}],"collection":[{"href":"https:\/\/www.serrarpharma.com\/fr\/wp-json\/wp\/v2\/product"}],"about":[{"href":"https:\/\/www.serrarpharma.com\/fr\/wp-json\/wp\/v2\/types\/product"}],"wp:featuredmedia":[{"embeddable":true,"href":"https:\/\/www.serrarpharma.com\/fr\/wp-json\/wp\/v2\/media\/7917"}],"wp:attachment":[{"href":"https:\/\/www.serrarpharma.com\/fr\/wp-json\/wp\/v2\/media?parent=7618"}],"wp:term":[{"taxonomy":"product_cat","embeddable":true,"href":"https:\/\/www.serrarpharma.com\/fr\/wp-json\/wp\/v2\/product_cat?post=7618"},{"taxonomy":"product_tag","embeddable":true,"href":"https:\/\/www.serrarpharma.com\/fr\/wp-json\/wp\/v2\/product_tag?post=7618"}],"curies":[{"name":"wp","href":"https:\/\/api.w.org\/{rel}","templated":true}]}}