{"id":7405,"date":"2020-05-20T01:36:17","date_gmt":"2020-05-20T05:36:17","guid":{"rendered":"https:\/\/www.serrarpharma.com\/?post_type=product&#038;p=7405"},"modified":"2024-08-21T21:16:42","modified_gmt":"2024-08-22T01:16:42","slug":"zinaprobiotic","status":"publish","type":"product","link":"https:\/\/www.serrarpharma.com\/fr\/product\/zinaprobiotic\/","title":{"rendered":"ProBiotic"},"content":{"rendered":"<p><img loading=\"lazy\" class=\"alignnone wp-image-11371\" src=\"https:\/\/i0.wp.com\/www.serrarpharma.com\/wp-content\/uploads\/2021\/04\/Made-in-CA.png?resize=70%2C70&#038;ssl=1\" alt=\"\" width=\"70\" height=\"70\" srcset=\"https:\/\/i0.wp.com\/www.serrarpharma.com\/wp-content\/uploads\/2021\/04\/Made-in-CA.png?w=150&amp;ssl=1 150w, https:\/\/i0.wp.com\/www.serrarpharma.com\/wp-content\/uploads\/2021\/04\/Made-in-CA.png?resize=100%2C100&amp;ssl=1 100w\" sizes=\"(max-width: 70px) 100vw, 70px\" data-recalc-dims=\"1\" \/><img loading=\"lazy\" class=\"alignnone wp-image-11370\" src=\"https:\/\/i0.wp.com\/www.serrarpharma.com\/wp-content\/uploads\/2021\/04\/GMP.png?resize=70%2C70&#038;ssl=1\" alt=\"\" width=\"70\" height=\"70\" srcset=\"https:\/\/i0.wp.com\/www.serrarpharma.com\/wp-content\/uploads\/2021\/04\/GMP.png?w=150&amp;ssl=1 150w, https:\/\/i0.wp.com\/www.serrarpharma.com\/wp-content\/uploads\/2021\/04\/GMP.png?resize=100%2C100&amp;ssl=1 100w\" sizes=\"(max-width: 70px) 100vw, 70px\" data-recalc-dims=\"1\" \/><img loading=\"lazy\" class=\"alignnone wp-image-11369\" src=\"https:\/\/i0.wp.com\/www.serrarpharma.com\/wp-content\/uploads\/2021\/04\/Nongmo.png?resize=70%2C70&#038;ssl=1\" alt=\"\" width=\"70\" height=\"70\" srcset=\"https:\/\/i0.wp.com\/www.serrarpharma.com\/wp-content\/uploads\/2021\/04\/Nongmo.png?w=150&amp;ssl=1 150w, https:\/\/i0.wp.com\/www.serrarpharma.com\/wp-content\/uploads\/2021\/04\/Nongmo.png?resize=100%2C100&amp;ssl=1 100w\" sizes=\"(max-width: 70px) 100vw, 70px\" data-recalc-dims=\"1\" \/><img loading=\"lazy\" class=\"alignnone wp-image-11799\" src=\"https:\/\/i0.wp.com\/www.serrarpharma.com\/wp-content\/uploads\/2021\/04\/ISO-07.png?resize=70%2C70&#038;ssl=1\" alt=\"\" width=\"70\" height=\"70\" srcset=\"https:\/\/i0.wp.com\/www.serrarpharma.com\/wp-content\/uploads\/2021\/04\/ISO-07.png?resize=300%2C300&amp;ssl=1 300w, https:\/\/i0.wp.com\/www.serrarpharma.com\/wp-content\/uploads\/2021\/04\/ISO-07.png?resize=150%2C150&amp;ssl=1 150w, https:\/\/i0.wp.com\/www.serrarpharma.com\/wp-content\/uploads\/2021\/04\/ISO-07.png?resize=100%2C100&amp;ssl=1 100w, https:\/\/i0.wp.com\/www.serrarpharma.com\/wp-content\/uploads\/2021\/04\/ISO-07.png?w=418&amp;ssl=1 418w\" sizes=\"(max-width: 70px) 100vw, 70px\" data-recalc-dims=\"1\" \/><\/p>\n<p><strong> Avantages pour la sant\u00e9 de Dr. SERRAR<sup>\u00ae<\/sup> ProBiotic For Life <\/strong><\/p>\n<div class=\"productlist\">Tous les ingr\u00e9dients naturels<br \/>\nTous les jours pour soutenir<br \/>\nDigestion<br \/>\nBallonnements<br \/>\nDiarrh\u00e9e associ\u00e9e aux antibiotiques<br \/>\nConstipation chez les personnes \u00e2g\u00e9es<br \/>\nVoyages \u00e0 l&#8217;\u00e9tranger<br \/>\nGestion du poids<br \/>\nSoutenir immunis\u00e9<br \/>\nPerte de m\u00e9moire<br \/>\nMauvaise humeur<br \/>\nBien-\u00eatre<br \/>\nRides avec l&#8217;\u00e2ge<br \/>\nPeau s\u00e8che<br \/>\nProbl\u00e8mes de cuir chevelu<br \/>\nPhotosensibilit\u00e9<\/div>\n<p>Les nombreuses donn\u00e9es scientifiques privil\u00e9gient les probiotiques, notamment pour les principaux avantages et utilisations suivants:<br \/>\n<strong><br \/>\nAIDER LE SYST\u00c8ME DIGESTIF: <\/strong><\/p>\n<div class=\"productlist\">Digestion<br \/>\nBallonnements<br \/>\nDiarrh\u00e9e associ\u00e9e aux antibiotiques<br \/>\nConstipation chez les personnes \u00e2g\u00e9es<br \/>\nVoyages \u00e0 l&#8217;\u00e9tranger<\/div>\n<p><strong><br \/>\nRALENTIR LA PROGRESSION DES MALADIES D\u00c9G\u00c9N\u00c9RATIVES <\/strong><\/p>\n<div class=\"productlist\">Maladie d&#8217;Alzheimer<br \/>\nMaladie de Parkinson<br \/>\nScl\u00e9rose en plaques<br \/>\nD\u00e9mence<\/div>\n<p><strong><br \/>\nPR\u00c9VENIR LES R\u00c9ACTIONS AUTO-IMMUNES <\/strong><\/p>\n<div class=\"productlist\">Allergie alimentaire<br \/>\nEcz\u00e9ma<\/div>\n<p><strong><br \/>\nPROT\u00c9GEZ LE C\u0152UR <\/strong><\/p>\n<div class=\"productlist\">Dyslipid\u00e9mie (cholest\u00e9rol sanguin)<br \/>\nHypertension art\u00e9rielle<\/div>\n<p><strong><br \/>\nAM\u00c9LIORER LES PERFORMANCES COGNITIVES <\/strong><\/p>\n<div class=\"productlist\">Perte de m\u00e9moire<br \/>\nMauvaise humeur<\/div>\n<p><strong><br \/>\nR\u00c9GLEMENTER L&#8217;APP\u00c9TIT ET MAINTENIR UN POIDS SAIN <\/strong><\/p>\n<div class=\"productlist\">Ob\u00e9sit\u00e9 ou surcharge pond\u00e9rale<br \/>\nTroubles de l&#8217;alimentation<br \/>\nDiab\u00e8te de type 2<\/div>\n<p><strong><br \/>\nPR\u00c9VENIR LES MALADIES INFLAMMATOIRES <\/strong><\/p>\n<div class=\"productlist\">Maladie de Crohn<br \/>\nSyndrome du c\u00f4lon irritable \/ du c\u00f4lon<\/div>\n<p><strong><br \/>\nSOUTIEN DE L&#8217;IMMUNIT\u00c9 ET PROTECTION CONTRE LES INFECTIONS <\/strong><\/p>\n<div class=\"productlist\">Infections respiratoires<br \/>\nInfections des voies urinaires<br \/>\nVaginose bact\u00e9rienne<br \/>\nOtite (otites)<br \/>\nVaccination chez les personnes \u00e2g\u00e9es<\/div>\n<p><strong><br \/>\nR\u00c9DUIRE LE STRESS PSYCHOLOGIQUE <\/strong><\/p>\n<div class=\"productlist\">Anxi\u00e9t\u00e9<br \/>\nUne d\u00e9pression<br \/>\nDifficult\u00e9 \u00e0 se concentrer<\/div>\n<p><strong><br \/>\nPR\u00c9VENIR LES CARENCES EN NUTRITION <\/strong><\/p>\n<div class=\"productlist\">Troubles du spectre autistique<br \/>\nIntol\u00e9rance alimentaire<\/div>\n<p><strong><br \/>\nRETARDER LE VIEILLISSEMENT DERMATOLOGIQUE <\/strong><\/p>\n<div class=\"productlist\">Rides avec l&#8217;\u00e2ge<br \/>\nPeau s\u00e8che<br \/>\nProbl\u00e8mes de cuir chevelu<br \/>\nPhotosensibilit\u00e9<\/div>\n<p>&nbsp;<\/p>\n<p>Il va sans dire qu&#8217;il est important de bien manger tous les jours avec une vari\u00e9t\u00e9 d&#8217;aliments sains au-del\u00e0 de la suppl\u00e9mentation.<\/p>\n<p>&nbsp;<\/p>\n<h5>Pourquoi choisir Dr. SERRAR<sup>\u00ae<\/sup> Probiotic?<\/h5>\n<p>Les probiotiques SerrarPharma sont fabriqu\u00e9s selon les normes les plus \u00e9lev\u00e9es de l&#8217;industrie pharmaceutique. Ils contiennent des complexes multi-souches qui refl\u00e8tent la composition naturelle de la flore probiotique humaine (Bifidobacteria et Lactobacilli).<\/p>\n<div class=\"productlist\">LA PLUS HAUTE QUALIT\u00c9. SANS GLUTEN. Fabriqu\u00e9 aux \u00c9tats-Unis.<br \/>\nInstallations certifi\u00e9es FDA<br \/>\nLes bonnes pratiques de fabrication (BPF) sont un ensemble de r\u00e9glementations pharmaceutiques strictes qui garantissent que les compl\u00e9ments alimentaires sont fabriqu\u00e9s et contr\u00f4l\u00e9s \u00e0 un niveau \u00e9lev\u00e9 qui peut \u00eatre utilis\u00e9.<br \/>\nSans soja, sans gluten, certifi\u00e9 casher, sans produits laitiers, v\u00e9g\u00e9tarien<br \/>\nExempt de lait, d&#8217;oeuf, de poisson, de crustac\u00e9s, de noix, d&#8217;arachides, de bl\u00e9 et de soja. \u00c9galement sans levure, gluten, orge, riz, sodium et sucre.<br \/>\nEfficacit\u00e9 maximale<br \/>\nTout naturel<\/div>\n<p><strong><br \/>\nMode d&#8217;emploi <\/strong><br \/>\nEn tant que compl\u00e9ment alimentaire, prenez une (1) capsule une fois par jour avant les repas, ou selon les directives d&#8217;un professionnel de la sant\u00e9.<br \/>\nConservez dans un endroit frais et sec.<br \/>\nM\u00e9lange exclusif de 50 milliards sur les UFC: Bifidobacterium lactis (HA-194), Lactobacillus acidophilus (HA-122), Bifidobacterium longum (HA-135), Bifidobacterium bifidum, Lactobacillus casei, Lactobacillus plantarum (HA-119), Lactobacivus gobelet ,, Lactobacillus rhamnosus (HA-111), Lactobacillus bulgaricus, Lactospore (bacillus coagulans).<\/p>\n<p><strong> Autres ingr\u00e9dients <\/strong><br \/>\nFarine de riz \u00e0 grains longs. Cellulose v\u00e9g\u00e9tale. Capsule v\u00e9g\u00e9tarienne SerrarPharma, LLC. les produits sont fabriqu\u00e9s avec des ingr\u00e9dients de la plus haute qualit\u00e9 et fabriqu\u00e9s selon les bonnes pratiques de fabrication (cGMP).<\/p>\n<p>&#8211;<br \/>\n<strong> Informations importantes: <\/strong><br \/>\nSi vous prenez des m\u00e9dicaments sur ordonnance, que vous avez un probl\u00e8me de sant\u00e9 ou que vous avez des pr\u00e9occupations sp\u00e9cifiques concernant l&#8217;ad\u00e9quation de l&#8217;un de nos produits par rapport \u00e0 ceux-ci, vous devez toujours consulter votre m\u00e9decin g\u00e9n\u00e9raliste ou votre pharmacien avant de prendre des suppl\u00e9ments. Les femmes enceintes ou allaitantes devraient consulter un m\u00e9decin g\u00e9n\u00e9raliste avant de prendre des suppl\u00e9ments. Ne d\u00e9passez pas la dose quotidienne recommand\u00e9e. Tenir hors de port\u00e9e des enfants. Les suppl\u00e9ments ne doivent pas remplacer un r\u00e9gime alimentaire vari\u00e9. Lisez toujours l&#8217;\u00e9tiquette avant utilisation<\/p>\n<p>Serrar Pharma utilise uniquement des ingr\u00e9dients purs et naturels, provenant de sources fiables GMP. Nous assurons la qualit\u00e9 non seulement de chaque lot, mais de chaque ingr\u00e9dient de ce lot, en vous assurant d&#8217;obtenir uniquement le produit de la plus haute qualit\u00e9. Il existe de nombreux avantages de support suppl\u00e9mentaires. Voir ci-dessous les avis. Si vous avez des questions, veuillez nous contacter \u00e0 info@serrarpharma.com<\/p>\n<p>&nbsp;<\/p>\n<p>&nbsp;<\/p>\n<p><span style=\"color: #005890;\"><strong>FABRIQU\u00c9 AU CANADA \u00a0\u00a0 \u00a0 | \u00a0\u00a0 \u00a0 CERTIFI\u00c9 GMP \u00a0 \u00a0\u00a0 | \u00a0\u00a0 \u00a0 SANS OGM \u00a0 \u00a0\u00a0 | \u00a0\u00a0 \u00a0 <span class=\"VIiyi\" lang=\"fr\"><span class=\"JLqJ4b ChMk0b\" data-language-for-alternatives=\"fr\" data-language-to-translate-into=\"en\" data-phrase-index=\"0\">LABORATOIRE CERTIFI\u00c9 ISO 17025<\/span><\/span><\/strong><\/span><\/p>\n","protected":false},"excerpt":{"rendered":"<p>Avantages pour la sant\u00e9 de Dr. SERRAR\u00ae ProBiotic For Life Tous les ingr\u00e9dients naturels Tous les jours pour soutenir Digestion Ballonnements Diarrh\u00e9e associ\u00e9e aux antibiotiques Constipation chez les personnes \u00e2g\u00e9es Voyages \u00e0 l&#8217;\u00e9tranger Gestion du poids Soutenir immunis\u00e9 Perte de m\u00e9moire Mauvaise humeur Bien-\u00eatre Rides avec l&#8217;\u00e2ge Peau s\u00e8che Probl\u00e8mes de cuir chevelu Photosensibilit\u00e9 Les [&hellip;]<\/p>\n","protected":false},"featured_media":10552,"template":"","meta":{"hide_page_title":"","_coblocks_attr":"","_coblocks_dimensions":"","_coblocks_responsive_height":"","_coblocks_accordion_ie_support":""},"product_cat":[21],"product_tag":[],"translation":{"provider":"WPGlobus","version":"3.0.1","language":"fr","enabled_languages":["en","es","fr","ar","pt","it"],"languages":{"en":{"title":true,"content":true,"excerpt":false},"es":{"title":false,"content":true,"excerpt":false},"fr":{"title":false,"content":true,"excerpt":false},"ar":{"title":false,"content":true,"excerpt":false},"pt":{"title":false,"content":true,"excerpt":false},"it":{"title":false,"content":true,"excerpt":false}}},"_links":{"self":[{"href":"https:\/\/www.serrarpharma.com\/fr\/wp-json\/wp\/v2\/product\/7405"}],"collection":[{"href":"https:\/\/www.serrarpharma.com\/fr\/wp-json\/wp\/v2\/product"}],"about":[{"href":"https:\/\/www.serrarpharma.com\/fr\/wp-json\/wp\/v2\/types\/product"}],"wp:featuredmedia":[{"embeddable":true,"href":"https:\/\/www.serrarpharma.com\/fr\/wp-json\/wp\/v2\/media\/10552"}],"wp:attachment":[{"href":"https:\/\/www.serrarpharma.com\/fr\/wp-json\/wp\/v2\/media?parent=7405"}],"wp:term":[{"taxonomy":"product_cat","embeddable":true,"href":"https:\/\/www.serrarpharma.com\/fr\/wp-json\/wp\/v2\/product_cat?post=7405"},{"taxonomy":"product_tag","embeddable":true,"href":"https:\/\/www.serrarpharma.com\/fr\/wp-json\/wp\/v2\/product_tag?post=7405"}],"curies":[{"name":"wp","href":"https:\/\/api.w.org\/{rel}","templated":true}]}}