{"id":7401,"date":"2020-05-20T01:14:02","date_gmt":"2020-05-20T05:14:02","guid":{"rendered":"https:\/\/www.serrarpharma.com\/?post_type=product&#038;p=7401"},"modified":"2024-08-21T21:17:55","modified_gmt":"2024-08-22T01:17:55","slug":"zinavitamin-d3","status":"publish","type":"product","link":"https:\/\/www.serrarpharma.com\/fr\/product\/zinavitamin-d3\/","title":{"rendered":"Vitamin D3"},"content":{"rendered":"<p><img loading=\"lazy\" class=\"alignnone wp-image-11896\" src=\"https:\/\/i0.wp.com\/www.serrarpharma.com\/wp-content\/uploads\/2021\/05\/Quality-Labels-US-09.png?resize=70%2C70&#038;ssl=1\" alt=\"\" width=\"70\" height=\"70\" data-recalc-dims=\"1\" \/><img loading=\"lazy\" class=\"alignnone wp-image-11370\" src=\"https:\/\/i0.wp.com\/www.serrarpharma.com\/wp-content\/uploads\/2021\/04\/GMP.png?resize=70%2C70&#038;ssl=1\" alt=\"\" width=\"70\" height=\"70\" srcset=\"https:\/\/i0.wp.com\/www.serrarpharma.com\/wp-content\/uploads\/2021\/04\/GMP.png?w=150&amp;ssl=1 150w, https:\/\/i0.wp.com\/www.serrarpharma.com\/wp-content\/uploads\/2021\/04\/GMP.png?resize=100%2C100&amp;ssl=1 100w\" sizes=\"(max-width: 70px) 100vw, 70px\" data-recalc-dims=\"1\" \/><img loading=\"lazy\" class=\"alignnone wp-image-11369\" src=\"https:\/\/i0.wp.com\/www.serrarpharma.com\/wp-content\/uploads\/2021\/04\/Nongmo.png?resize=70%2C70&#038;ssl=1\" alt=\"\" width=\"70\" height=\"70\" srcset=\"https:\/\/i0.wp.com\/www.serrarpharma.com\/wp-content\/uploads\/2021\/04\/Nongmo.png?w=150&amp;ssl=1 150w, https:\/\/i0.wp.com\/www.serrarpharma.com\/wp-content\/uploads\/2021\/04\/Nongmo.png?resize=100%2C100&amp;ssl=1 100w\" sizes=\"(max-width: 70px) 100vw, 70px\" data-recalc-dims=\"1\" \/><img loading=\"lazy\" class=\"alignnone wp-image-11799\" src=\"https:\/\/i0.wp.com\/www.serrarpharma.com\/wp-content\/uploads\/2021\/04\/ISO-07.png?resize=70%2C70&#038;ssl=1\" alt=\"\" width=\"70\" height=\"70\" srcset=\"https:\/\/i0.wp.com\/www.serrarpharma.com\/wp-content\/uploads\/2021\/04\/ISO-07.png?resize=300%2C300&amp;ssl=1 300w, https:\/\/i0.wp.com\/www.serrarpharma.com\/wp-content\/uploads\/2021\/04\/ISO-07.png?resize=150%2C150&amp;ssl=1 150w, https:\/\/i0.wp.com\/www.serrarpharma.com\/wp-content\/uploads\/2021\/04\/ISO-07.png?resize=100%2C100&amp;ssl=1 100w, https:\/\/i0.wp.com\/www.serrarpharma.com\/wp-content\/uploads\/2021\/04\/ISO-07.png?w=418&amp;ssl=1 418w\" sizes=\"(max-width: 70px) 100vw, 70px\" data-recalc-dims=\"1\" \/><\/p>\n<p>&nbsp;<\/p>\n<p>APPROVISIONNEMENT EN 4 MOIS<br \/>\n<strong>Avantages pour la sant\u00e9 de Dr. SERRAR<sup>\u00ae<\/sup> Vitamin D3 <\/strong><\/p>\n<div class=\"productlist\">5000 UI<br \/>\nTous les ingr\u00e9dients naturels<br \/>\nSupport quotidien<br \/>\nAbsorption de calcium<br \/>\nUn syst\u00e8me immunitaire sain et fort<br \/>\nSant\u00e9 pulmonaire<br \/>\nRisque r\u00e9duit de grippe<br \/>\n\u00c9vitez le diab\u00e8te<br \/>\nStimule la sant\u00e9 cardiaque<br \/>\nDes os et des dents plus solides<br \/>\nRend les muscles plus forts<br \/>\nProt\u00e8ge la m\u00e9moire<br \/>\nAm\u00e9lioration de l&#8217;humeur et du bien-\u00eatre<br \/>\nAugmentez naturellement les niveaux d&#8217;\u00e9nergie<br \/>\nAnti-inflammatoire<\/div>\n<p>&#8211;<br \/>\nDr. SERRAR<sup>\u00ae<\/sup> Vitamin D3 V\u00e9g\u00e9tarien 5000 UI Haute Absorption<br \/>\n500 UI par goutte<br \/>\n(4 mois d&#8217;approvisionnement)<br \/>\nLes gouttes sont une goutte de vitamine quotidienne facile avec de grands avantages!<\/p>\n<p><strong> AVANTAGES CL\u00c9S <\/strong><\/p>\n<div class=\"productlist\">Favorise le renforcement sain des os et des dents<br \/>\nSoutient Immune<br \/>\nSoutenir la sant\u00e9 du cerveau et du syst\u00e8me nerveux<br \/>\nSoutenir la r\u00e9ponse inflammatoire<br \/>\nPrend en charge la fonction pulmonaire<br \/>\nR\u00e9gule les niveaux d&#8217;insuline<br \/>\nR\u00e9gulation du diab\u00e8te<br \/>\nSoutien \u00e0 la sant\u00e9 cardiovasculaire<br \/>\nR\u00e9duire les risques de maladie cardiaque<br \/>\nContribue \u00e0 une fonction musculaire normale<br \/>\nAbsorption \/ utilisation normale du calcium et du phosphore<br \/>\nNiveaux normaux de calcium dans le sang<br \/>\nA un r\u00f4le dans le processus de division cellulaire<br \/>\nR\u00e9duire le risque de scl\u00e9rose en plaques<br \/>\nLutter contre la maladie<br \/>\nCombattre la d\u00e9pression<br \/>\nPerte de poids<\/div>\n<p>&#8211;<\/p>\n<p><strong> Qu&#8217;est-ce que la vitamine D3? <\/strong><br \/>\nLa vitamine D est parfois appel\u00e9e \u00abvitamine soleil\u00bb car elle est produite dans votre peau en r\u00e9ponse \u00e0 la lumi\u00e8re du soleil (ultraviolets B: UVB). C&#8217;est une vitamine liposoluble dans une famille de compos\u00e9s qui comprend les vitamines D-1, D-2 et D-3. Il serait difficile de trouver des quantit\u00e9s suffisantes de vitamine D uniquement avec de la nourriture, car la quantit\u00e9 est faible dans la plupart des aliments, sauf dans les poissons gras.Si votre corps ne re\u00e7oit pas suffisamment de vitamine D, vous risquez de d\u00e9velopper des anomalies osseuses telles que os mous (ost\u00e9omalacie) ou os fragiles (ost\u00e9oporose).<\/p>\n<p><strong> Pourquoi la vitamine D3? <\/strong><br \/>\nSelon une \u00e9tude r\u00e9cente, plus de 40% de la population est d\u00e9ficiente en vitamine D. \u00cates-vous un d&#8217;entre eux? Comment saurais tu? Les sympt\u00f4mes courants comprennent:<\/p>\n<div class=\"productlist\">Sautes d&#8217;humeur<br \/>\nD\u00e9pression<br \/>\nManque d&#8217;\u00e9nergie<br \/>\nAffections cutan\u00e9es chroniques<br \/>\nAutres maladies chroniques<\/div>\n<p><strong><br \/>\nSi vous souffrez de l&#8217;un de ces sympt\u00f4mes, la r\u00e9ponse pourrait \u00eatre aussi simple que quelques gouttes de notre vitamine D3 chaque jour. <\/strong><\/p>\n<p>&nbsp;<\/p>\n<h5>Pourquoi choisir Dr. SERRAR<sup>\u00ae<\/sup> Vitamin D3?<\/h5>\n<p>SerrarPharma Vitamin D3 sont fabriqu\u00e9s selon les normes de qualit\u00e9 les plus \u00e9lev\u00e9es de l&#8217;industrie pharmaceutique. Ils contiennent de la vitamine D3 5000iu liquide naturel \u00e0 haute absorption avec de l&#8217;huile d&#8217;olive contient le plus haut niveau de vitamine D3 efficace en dose quotidienne savoureuse. Notre formule est con\u00e7ue pour \u00eatre simplement d\u00e9pos\u00e9e sous la langue pour une absorption maximale. La vitamine D3 liquide est absorb\u00e9e plus facilement et est id\u00e9ale pour les personnes ayant des probl\u00e8mes digestifs.<\/p>\n<div class=\"productlist\">Une bouteille 4 mois d&#8217;approvisionnement. 210 doses quotidiennes. Bon go\u00fbt et v\u00e9g\u00e9tarien.<br \/>\nFabriqu\u00e9 aux \u00c9tats-Unis. L&#8217;huile d&#8217;olive est garantie pure et fabriqu\u00e9e dans des installations certifi\u00e9es GMP.<br \/>\nRecommand\u00e9 par les meilleurs dermatologues et oncologues. Favorise la d\u00e9toxification, un syst\u00e8me immunitaire optimal et am\u00e9liore le sommeil. 80% des Am\u00e9ricains sont d\u00e9ficients en vitamine D3. La vitamine D3 est liposoluble est la meilleure huile naturelle absorb\u00e9e comme dans notre formule unique d&#8217;huile d&#8217;olive.<br \/>\nObtenez des cheveux et une peau sains; obtenir une \u00e9nergie et un m\u00e9tabolisme optimaux.<br \/>\nInstallations certifi\u00e9es FDA<br \/>\nLes bonnes pratiques de fabrication (BPF) sont un ensemble de r\u00e9glementations pharmaceutiques strictes qui garantissent que les compl\u00e9ments alimentaires sont fabriqu\u00e9s et contr\u00f4l\u00e9s \u00e0 un niveau \u00e9lev\u00e9 qui convient \u00e0 l&#8217;utilisation.<br \/>\nSans soja, sans gluten, certifi\u00e9 casher, sans produits laitiers, v\u00e9g\u00e9tarien<br \/>\nExempt de lait, d&#8217;oeuf, de poisson, de crustac\u00e9s, de noix, d&#8217;arachides, de bl\u00e9 et de soja. \u00c9galement sans levure, gluten, orge, riz, sodium et sucre.<br \/>\nLiquide \u00e0 absorption rapide<br \/>\nPure VIT D3 livr\u00e9e dans de l&#8217;huile d&#8217;olive extra vierge sans OGM<br \/>\nEfficacit\u00e9 maximale<br \/>\nSource enti\u00e8rement naturelle&lt;\/div<strong><br \/>\nMode d&#8217;emploi <\/strong><\/p>\n<div class=\"productlist\">Prenez 10 gouttes par jour. Notre formule \u00e0 haute absorption est con\u00e7ue pour \u00eatre simplement d\u00e9pos\u00e9e sous la langue pour une absorption maximale.<br \/>\nNe d\u00e9passez pas la dose indiqu\u00e9e.<br \/>\nUne bouteille 4 mois d&#8217;approvisionnement. 210 doses quotidiennes. Fabriqu\u00e9 aux \u00c9tats-Unis. Huile d&#8217;olive.<br \/>\nGaranti pur et fabriqu\u00e9 dans des installations certifi\u00e9es cGMP.<br \/>\nLa vitamine D3 liquide est absorb\u00e9e plus facilement et est id\u00e9ale pour les personnes ayant des probl\u00e8mes digestifs<\/div>\n<p>&#8211;<br \/>\n<strong> Informations importantes: <\/strong><br \/>\nSi vous prenez des m\u00e9dicaments sur ordonnance, que vous avez un probl\u00e8me de sant\u00e9 ou que vous avez des pr\u00e9occupations sp\u00e9cifiques concernant l&#8217;ad\u00e9quation de l&#8217;un de nos produits par rapport \u00e0 ceux-ci, vous devez toujours consulter votre m\u00e9decin g\u00e9n\u00e9raliste ou votre pharmacien avant de prendre des suppl\u00e9ments. Les femmes enceintes ou allaitantes devraient consulter un m\u00e9decin g\u00e9n\u00e9raliste avant de prendre des suppl\u00e9ments. Ne d\u00e9passez pas la dose quotidienne recommand\u00e9e. Tenir hors de port\u00e9e des enfants. Les suppl\u00e9ments ne doivent pas remplacer un r\u00e9gime alimentaire vari\u00e9. Lisez toujours l&#8217;\u00e9tiquette avant utilisation<\/p>\n<p>Serrar Pharma utilise uniquement des ingr\u00e9dients purs et naturels, provenant de sources fiables GMP. Nous assurons la qualit\u00e9 non seulement de chaque lot, mais de chaque ingr\u00e9dient de ce lot, en vous assurant d&#8217;obtenir uniquement le produit de la plus haute qualit\u00e9. Il existe de nombreux avantages de support suppl\u00e9mentaires. Voir ci-dessous les avis. Si vous avez des questions, veuillez nous contacter \u00e0 info@serrarpharma.com<\/p>\n<p>&nbsp;<\/p>\n<p><span style=\"color: #005890;\"><strong>FABRIQU\u00c9 AU USA \u00a0\u00a0\u00a0 | \u00a0 \u00a0 CERTIFI\u00c9 GMP \u00a0 \u00a0 | \u00a0 \u00a0 SANS OGM \u00a0 \u00a0 | \u00a0 \u00a0 <span class=\"VIiyi\" lang=\"fr\"><span class=\"JLqJ4b ChMk0b\" data-language-for-alternatives=\"fr\" data-language-to-translate-into=\"en\" data-phrase-index=\"0\">LABORATOIRE CERTIFI\u00c9 ISO 17025<\/span><\/span><\/strong><\/span><\/p>\n","protected":false},"excerpt":{"rendered":"<p>&nbsp; APPROVISIONNEMENT EN 4 MOIS Avantages pour la sant\u00e9 de Dr. SERRAR\u00ae Vitamin D3 5000 UI Tous les ingr\u00e9dients naturels Support quotidien Absorption de calcium Un syst\u00e8me immunitaire sain et fort Sant\u00e9 pulmonaire Risque r\u00e9duit de grippe \u00c9vitez le diab\u00e8te Stimule la sant\u00e9 cardiaque Des os et des dents plus solides Rend les muscles plus [&hellip;]<\/p>\n","protected":false},"featured_media":7923,"template":"","meta":{"hide_page_title":"","_coblocks_attr":"","_coblocks_dimensions":"","_coblocks_responsive_height":"","_coblocks_accordion_ie_support":""},"product_cat":[21],"product_tag":[],"translation":{"provider":"WPGlobus","version":"3.0.1","language":"fr","enabled_languages":["en","es","fr","ar","pt","it"],"languages":{"en":{"title":true,"content":true,"excerpt":false},"es":{"title":false,"content":true,"excerpt":false},"fr":{"title":false,"content":true,"excerpt":false},"ar":{"title":false,"content":true,"excerpt":false},"pt":{"title":false,"content":true,"excerpt":false},"it":{"title":false,"content":true,"excerpt":false}}},"_links":{"self":[{"href":"https:\/\/www.serrarpharma.com\/fr\/wp-json\/wp\/v2\/product\/7401"}],"collection":[{"href":"https:\/\/www.serrarpharma.com\/fr\/wp-json\/wp\/v2\/product"}],"about":[{"href":"https:\/\/www.serrarpharma.com\/fr\/wp-json\/wp\/v2\/types\/product"}],"wp:featuredmedia":[{"embeddable":true,"href":"https:\/\/www.serrarpharma.com\/fr\/wp-json\/wp\/v2\/media\/7923"}],"wp:attachment":[{"href":"https:\/\/www.serrarpharma.com\/fr\/wp-json\/wp\/v2\/media?parent=7401"}],"wp:term":[{"taxonomy":"product_cat","embeddable":true,"href":"https:\/\/www.serrarpharma.com\/fr\/wp-json\/wp\/v2\/product_cat?post=7401"},{"taxonomy":"product_tag","embeddable":true,"href":"https:\/\/www.serrarpharma.com\/fr\/wp-json\/wp\/v2\/product_tag?post=7401"}],"curies":[{"name":"wp","href":"https:\/\/api.w.org\/{rel}","templated":true}]}}