{"id":5045,"date":"2020-05-08T16:35:53","date_gmt":"2020-05-08T16:35:53","guid":{"rendered":"https:\/\/www.serrarpharma.com\/?post_type=product&#038;p=5045"},"modified":"2024-08-21T21:39:11","modified_gmt":"2024-08-22T01:39:11","slug":"gold-package","status":"publish","type":"product","link":"https:\/\/www.serrarpharma.com\/fr\/product\/gold-package\/","title":{"rendered":"Gold Package"},"content":{"rendered":"<p><span style=\"color: #16659e;\"><strong>DETOX ACTUELLEMENT \u00c9PUIS\u00c9 &#8211; SERA REMPLAC\u00c9 PAR UN PROBIOTIQUE<\/strong><\/span><\/p>\n<p>Le package Gold comprend ZinaSlim, ZinaBoost, ZinaDetox, et Programme Journalier!<\/p>\n<p>Suppl\u00e9ments ont prouv\u00e9 leur efficacit\u00e9:<br \/>\nGestion du poids sant\u00e9 &amp; ob\u00e9sit\u00e9.<br \/>\nCoupe-faim<br \/>\nSuppresseur de Go\u00fbt Sucr\u00e9.<br \/>\nBooste le M\u00e9tabolisme<br \/>\n\u00c9limine la Fatigue.<br \/>\nBoost l&#8217;\u00e9nergie<br \/>\n<strong>Soutient<br \/>\nLa Sant\u00e9 Gastro-Intestinale<br \/>\nDetox<\/strong><\/p>\n<p>INGR\u00c9DIENTS PURS ET NATURELS<\/p>\n<p>&nbsp;<\/p>\n<p><strong> Informations importantes: <\/strong><br \/>\nSi vous prenez des m\u00e9dicaments sur ordonnance, que vous avez un probl\u00e8me de sant\u00e9 ou que vous avez des pr\u00e9occupations sp\u00e9cifiques concernant l&#8217;ad\u00e9quation de l&#8217;un de nos produits par rapport \u00e0 ceux-ci, vous devez toujours consulter votre m\u00e9decin g\u00e9n\u00e9raliste ou votre pharmacien avant de prendre des suppl\u00e9ments. Les femmes enceintes ou allaitantes devraient consulter un m\u00e9decin g\u00e9n\u00e9raliste avant de prendre des suppl\u00e9ments. Ne d\u00e9passez pas la dose quotidienne recommand\u00e9e. Tenir hors de port\u00e9e des enfants. Les suppl\u00e9ments ne doivent pas remplacer un r\u00e9gime alimentaire vari\u00e9. Lisez toujours l&#8217;\u00e9tiquette avant utilisation<\/p>\n<p>Serrar Pharma utilise uniquement des ingr\u00e9dients purs et naturels, provenant de sources fiables GMP. Nous assurons la qualit\u00e9 non seulement de chaque lot, mais de chaque ingr\u00e9dient de ce lot, en vous assurant d&#8217;obtenir uniquement le produit de la plus haute qualit\u00e9. Il existe de nombreux avantages de support suppl\u00e9mentaires. Voir ci-dessous les avis. Si vous avez des questions, veuillez nous contacter \u00e0 info@serrarpharma.com<\/p>\n","protected":false},"excerpt":{"rendered":"<p>DETOX ACTUELLEMENT \u00c9PUIS\u00c9 &#8211; SERA REMPLAC\u00c9 PAR UN PROBIOTIQUE Le package Gold comprend ZinaSlim, ZinaBoost, ZinaDetox, et Programme Journalier! Suppl\u00e9ments ont prouv\u00e9 leur efficacit\u00e9: Gestion du poids sant\u00e9 &amp; ob\u00e9sit\u00e9. Coupe-faim Suppresseur de Go\u00fbt Sucr\u00e9. Booste le M\u00e9tabolisme \u00c9limine la Fatigue. Boost l&#8217;\u00e9nergie Soutient La Sant\u00e9 Gastro-Intestinale Detox INGR\u00c9DIENTS PURS ET NATURELS &nbsp; Informations importantes: [&hellip;]<\/p>\n","protected":false},"featured_media":8537,"template":"","meta":{"hide_page_title":"","_coblocks_attr":"","_coblocks_dimensions":"","_coblocks_responsive_height":"","_coblocks_accordion_ie_support":""},"product_cat":[21],"product_tag":[],"translation":{"provider":"WPGlobus","version":"3.0.1","language":"fr","enabled_languages":["en","es","fr","ar","pt","it"],"languages":{"en":{"title":true,"content":true,"excerpt":false},"es":{"title":false,"content":true,"excerpt":false},"fr":{"title":false,"content":true,"excerpt":false},"ar":{"title":false,"content":true,"excerpt":false},"pt":{"title":false,"content":true,"excerpt":false},"it":{"title":false,"content":true,"excerpt":false}}},"_links":{"self":[{"href":"https:\/\/www.serrarpharma.com\/fr\/wp-json\/wp\/v2\/product\/5045"}],"collection":[{"href":"https:\/\/www.serrarpharma.com\/fr\/wp-json\/wp\/v2\/product"}],"about":[{"href":"https:\/\/www.serrarpharma.com\/fr\/wp-json\/wp\/v2\/types\/product"}],"wp:featuredmedia":[{"embeddable":true,"href":"https:\/\/www.serrarpharma.com\/fr\/wp-json\/wp\/v2\/media\/8537"}],"wp:attachment":[{"href":"https:\/\/www.serrarpharma.com\/fr\/wp-json\/wp\/v2\/media?parent=5045"}],"wp:term":[{"taxonomy":"product_cat","embeddable":true,"href":"https:\/\/www.serrarpharma.com\/fr\/wp-json\/wp\/v2\/product_cat?post=5045"},{"taxonomy":"product_tag","embeddable":true,"href":"https:\/\/www.serrarpharma.com\/fr\/wp-json\/wp\/v2\/product_tag?post=5045"}],"curies":[{"name":"wp","href":"https:\/\/api.w.org\/{rel}","templated":true}]}}