{"id":2327,"date":"2020-04-17T15:32:03","date_gmt":"2020-04-17T15:32:03","guid":{"rendered":"https:\/\/www.serrarpharma.com\/?post_type=product&#038;p=2327"},"modified":"2021-11-12T18:21:51","modified_gmt":"2021-11-12T23:21:51","slug":"zinabalance","status":"publish","type":"product","link":"https:\/\/www.serrarpharma.com\/fr\/product\/zinabalance\/","title":{"rendered":"ZinaBalance"},"content":{"rendered":"<p><img loading=\"lazy\" class=\"alignnone wp-image-11896\" src=\"https:\/\/i0.wp.com\/www.serrarpharma.com\/wp-content\/uploads\/2021\/05\/Quality-Labels-US-09.png?resize=70%2C70&#038;ssl=1\" alt=\"\" width=\"70\" height=\"70\" data-recalc-dims=\"1\" \/><img loading=\"lazy\" class=\"alignnone wp-image-11370\" src=\"https:\/\/i0.wp.com\/www.serrarpharma.com\/wp-content\/uploads\/2021\/04\/GMP.png?resize=70%2C70&#038;ssl=1\" alt=\"\" width=\"70\" height=\"70\" srcset=\"https:\/\/i0.wp.com\/www.serrarpharma.com\/wp-content\/uploads\/2021\/04\/GMP.png?w=150&amp;ssl=1 150w, https:\/\/i0.wp.com\/www.serrarpharma.com\/wp-content\/uploads\/2021\/04\/GMP.png?resize=100%2C100&amp;ssl=1 100w\" sizes=\"(max-width: 70px) 100vw, 70px\" data-recalc-dims=\"1\" \/><img loading=\"lazy\" class=\"alignnone wp-image-11369\" src=\"https:\/\/i0.wp.com\/www.serrarpharma.com\/wp-content\/uploads\/2021\/04\/Nongmo.png?resize=70%2C70&#038;ssl=1\" alt=\"\" width=\"70\" height=\"70\" srcset=\"https:\/\/i0.wp.com\/www.serrarpharma.com\/wp-content\/uploads\/2021\/04\/Nongmo.png?w=150&amp;ssl=1 150w, https:\/\/i0.wp.com\/www.serrarpharma.com\/wp-content\/uploads\/2021\/04\/Nongmo.png?resize=100%2C100&amp;ssl=1 100w\" sizes=\"(max-width: 70px) 100vw, 70px\" data-recalc-dims=\"1\" \/><img loading=\"lazy\" class=\"alignnone wp-image-11799\" src=\"https:\/\/i0.wp.com\/www.serrarpharma.com\/wp-content\/uploads\/2021\/04\/ISO-07.png?resize=70%2C70&#038;ssl=1\" alt=\"\" width=\"70\" height=\"70\" srcset=\"https:\/\/i0.wp.com\/www.serrarpharma.com\/wp-content\/uploads\/2021\/04\/ISO-07.png?resize=300%2C300&amp;ssl=1 300w, https:\/\/i0.wp.com\/www.serrarpharma.com\/wp-content\/uploads\/2021\/04\/ISO-07.png?resize=150%2C150&amp;ssl=1 150w, https:\/\/i0.wp.com\/www.serrarpharma.com\/wp-content\/uploads\/2021\/04\/ISO-07.png?resize=100%2C100&amp;ssl=1 100w, https:\/\/i0.wp.com\/www.serrarpharma.com\/wp-content\/uploads\/2021\/04\/ISO-07.png?w=418&amp;ssl=1 418w\" sizes=\"(max-width: 70px) 100vw, 70px\" data-recalc-dims=\"1\" \/><\/p>\n<p>Contient des ingr\u00e9dients naturels qui aident \u00e0 r\u00e9guler les hormones du stress<br \/>\n<strong>R\u00e9duit:<\/strong><\/p>\n<div class=\"productlist\">Niveaux de cortisol<br \/>\nStress et anxi\u00e9t\u00e9<br \/>\nApp\u00e9tit (coupe-faim)<br \/>\nEnvie de sucre et de grignotage<br \/>\nAbsorption des graisses et<br \/>\nStockage des graisses sur l&#8217;estomac<\/div>\n<p><strong> Augmente: <\/strong><\/p>\n<div class=\"productlist\">S\u00e9rotonine<br \/>\nNiveau d&#8217;\u00e9nergie<br \/>\nSensation de joie et de bien-\u00eatre<br \/>\nAntioxydant<\/div>\n<p><strong> R\u00e9gularise: <\/strong><\/p>\n<div class=\"productlist\">Hormones m\u00e9taboliques<br \/>\nIndex glyc\u00e9mique<br \/>\nNiveaux de cholest\u00e9rol<\/div>\n<p>&#8211;<\/p>\n<p>Cette formule unique et exclusive a \u00e9t\u00e9 soigneusement cr\u00e9\u00e9e par un docteur certifi\u00e9 Dr Serrar MD, PhD, ND, pour vous aider \u00e0 trouver une solution s\u00fbre et naturelle au stress, \u00e0 l&#8217;anxi\u00e9t\u00e9, au SSPT, au contr\u00f4le des envies, \u00e0 l&#8217;\u00e9quilibre hormonal m\u00e9tabolique et \u00e0 am\u00e9liorer votre humeur et votre niveau d&#8217;\u00e9nergie \u00e0 mesure que votre corps s&#8217;adapte \u00e0 de nouvelles habitudes alimentaires plus saines. Le programme d&#8217;\u00e9quilibre ZinaCal + ZinaBalance vous met sur la voie d&#8217;\u00eatre une personne plus heureuse, plus saine et plus d\u00e9tendue!<\/p>\n<p>&nbsp;<\/p>\n<p><strong>Dosage:<\/strong><\/p>\n<p>10 gouttes 3 fois par jour<\/p>\n<p><strong> Informations importantes: <\/strong><br \/>\nSi vous prenez des m\u00e9dicaments sur ordonnance, que vous avez un probl\u00e8me de sant\u00e9 ou que vous avez des pr\u00e9occupations sp\u00e9cifiques concernant l&#8217;ad\u00e9quation de l&#8217;un de nos produits par rapport \u00e0 ceux-ci, vous devez toujours consulter votre m\u00e9decin g\u00e9n\u00e9raliste ou votre pharmacien avant de prendre des suppl\u00e9ments. Les femmes enceintes ou allaitantes devraient consulter un m\u00e9decin g\u00e9n\u00e9raliste avant de prendre des suppl\u00e9ments. Ne d\u00e9passez pas la dose quotidienne recommand\u00e9e. Tenir hors de port\u00e9e des enfants. Les suppl\u00e9ments ne doivent pas remplacer un r\u00e9gime alimentaire vari\u00e9. Lisez toujours l&#8217;\u00e9tiquette avant utilisation<\/p>\n<p>Serrar Pharma utilise uniquement des ingr\u00e9dients purs et naturels, provenant de sources fiables GMP. Nous assurons la qualit\u00e9 non seulement de chaque lot, mais de chaque ingr\u00e9dient de ce lot, en vous assurant d&#8217;obtenir uniquement le produit de la plus haute qualit\u00e9. Il existe de nombreux avantages de support suppl\u00e9mentaires. Voir ci-dessous les avis. Si vous avez des questions, veuillez nous contacter \u00e0 info@serrarpharma.com<\/p>\n<p>&nbsp;<\/p>\n<p><span style=\"color: #005890;\"><strong>FABRIQU\u00c9 AU USA <span class=\"VIiyi\" lang=\"es\"> \u00a0\u00a0\u00a0\u00a0 <\/span>| <span class=\"VIiyi\" lang=\"es\"> \u00a0\u00a0\u00a0\u00a0 <\/span>CERTIFI\u00c9 GMP <span class=\"VIiyi\" lang=\"es\"> \u00a0\u00a0\u00a0\u00a0 <\/span>| <span class=\"VIiyi\" lang=\"es\"> \u00a0\u00a0\u00a0\u00a0 <\/span>SANS OGM <span class=\"VIiyi\" lang=\"es\"> \u00a0\u00a0\u00a0\u00a0 <\/span>| <span class=\"VIiyi\" lang=\"es\"> \u00a0\u00a0\u00a0\u00a0 <\/span><span class=\"VIiyi\" lang=\"fr\"><span class=\"JLqJ4b ChMk0b\" data-language-for-alternatives=\"fr\" data-language-to-translate-into=\"en\" data-phrase-index=\"0\">LABORATOIRE CERTIFI\u00c9 ISO 17025<\/span><\/span><\/strong><\/span><\/p>\n","protected":false},"excerpt":{"rendered":"<p>Contient des ingr\u00e9dients naturels qui aident \u00e0 r\u00e9guler les hormones du stress R\u00e9duit: Niveaux de cortisol Stress et anxi\u00e9t\u00e9 App\u00e9tit (coupe-faim) Envie de sucre et de grignotage Absorption des graisses et Stockage des graisses sur l&#8217;estomac Augmente: S\u00e9rotonine Niveau d&#8217;\u00e9nergie Sensation de joie et de bien-\u00eatre Antioxydant R\u00e9gularise: Hormones m\u00e9taboliques Index glyc\u00e9mique Niveaux de cholest\u00e9rol [&hellip;]<\/p>\n","protected":false},"featured_media":7922,"template":"","meta":{"hide_page_title":"","_coblocks_attr":"","_coblocks_dimensions":"","_coblocks_responsive_height":"","_coblocks_accordion_ie_support":""},"product_cat":[21],"product_tag":[],"translation":{"provider":"WPGlobus","version":"3.0.1","language":"fr","enabled_languages":["en","es","fr","ar","pt","it"],"languages":{"en":{"title":true,"content":true,"excerpt":false},"es":{"title":false,"content":true,"excerpt":false},"fr":{"title":false,"content":true,"excerpt":false},"ar":{"title":false,"content":true,"excerpt":false},"pt":{"title":false,"content":true,"excerpt":false},"it":{"title":false,"content":true,"excerpt":false}}},"_links":{"self":[{"href":"https:\/\/www.serrarpharma.com\/fr\/wp-json\/wp\/v2\/product\/2327"}],"collection":[{"href":"https:\/\/www.serrarpharma.com\/fr\/wp-json\/wp\/v2\/product"}],"about":[{"href":"https:\/\/www.serrarpharma.com\/fr\/wp-json\/wp\/v2\/types\/product"}],"wp:featuredmedia":[{"embeddable":true,"href":"https:\/\/www.serrarpharma.com\/fr\/wp-json\/wp\/v2\/media\/7922"}],"wp:attachment":[{"href":"https:\/\/www.serrarpharma.com\/fr\/wp-json\/wp\/v2\/media?parent=2327"}],"wp:term":[{"taxonomy":"product_cat","embeddable":true,"href":"https:\/\/www.serrarpharma.com\/fr\/wp-json\/wp\/v2\/product_cat?post=2327"},{"taxonomy":"product_tag","embeddable":true,"href":"https:\/\/www.serrarpharma.com\/fr\/wp-json\/wp\/v2\/product_tag?post=2327"}],"curies":[{"name":"wp","href":"https:\/\/api.w.org\/{rel}","templated":true}]}}