{"id":1879,"date":"2020-04-15T01:51:05","date_gmt":"2020-04-15T01:51:05","guid":{"rendered":"https:\/\/www.serrarpharma.com\/?post_type=product&#038;p=1879"},"modified":"2021-11-25T13:06:20","modified_gmt":"2021-11-25T18:06:20","slug":"zinaslim-advanced","status":"publish","type":"product","link":"https:\/\/www.serrarpharma.com\/fr\/product\/zinaslim-advanced\/","title":{"rendered":"ZinaSlim Advanced"},"content":{"rendered":"<p><img loading=\"lazy\" class=\"alignnone wp-image-11896\" src=\"https:\/\/i0.wp.com\/www.serrarpharma.com\/wp-content\/uploads\/2021\/05\/Quality-Labels-US-09.png?resize=70%2C70&#038;ssl=1\" alt=\"\" width=\"70\" height=\"70\" data-recalc-dims=\"1\" \/><img loading=\"lazy\" class=\"alignnone wp-image-11370\" src=\"https:\/\/i0.wp.com\/www.serrarpharma.com\/wp-content\/uploads\/2021\/04\/GMP.png?resize=70%2C70&#038;ssl=1\" alt=\"\" width=\"70\" height=\"70\" srcset=\"https:\/\/i0.wp.com\/www.serrarpharma.com\/wp-content\/uploads\/2021\/04\/GMP.png?w=150&amp;ssl=1 150w, https:\/\/i0.wp.com\/www.serrarpharma.com\/wp-content\/uploads\/2021\/04\/GMP.png?resize=100%2C100&amp;ssl=1 100w\" sizes=\"(max-width: 70px) 100vw, 70px\" data-recalc-dims=\"1\" \/><img loading=\"lazy\" class=\"alignnone wp-image-11369\" src=\"https:\/\/i0.wp.com\/www.serrarpharma.com\/wp-content\/uploads\/2021\/04\/Nongmo.png?resize=70%2C70&#038;ssl=1\" alt=\"\" width=\"70\" height=\"70\" srcset=\"https:\/\/i0.wp.com\/www.serrarpharma.com\/wp-content\/uploads\/2021\/04\/Nongmo.png?w=150&amp;ssl=1 150w, https:\/\/i0.wp.com\/www.serrarpharma.com\/wp-content\/uploads\/2021\/04\/Nongmo.png?resize=100%2C100&amp;ssl=1 100w\" sizes=\"(max-width: 70px) 100vw, 70px\" data-recalc-dims=\"1\" \/><img loading=\"lazy\" class=\"alignnone wp-image-11799\" src=\"https:\/\/i0.wp.com\/www.serrarpharma.com\/wp-content\/uploads\/2021\/04\/ISO-07.png?resize=70%2C70&#038;ssl=1\" alt=\"\" width=\"70\" height=\"70\" srcset=\"https:\/\/i0.wp.com\/www.serrarpharma.com\/wp-content\/uploads\/2021\/04\/ISO-07.png?resize=300%2C300&amp;ssl=1 300w, https:\/\/i0.wp.com\/www.serrarpharma.com\/wp-content\/uploads\/2021\/04\/ISO-07.png?resize=150%2C150&amp;ssl=1 150w, https:\/\/i0.wp.com\/www.serrarpharma.com\/wp-content\/uploads\/2021\/04\/ISO-07.png?resize=100%2C100&amp;ssl=1 100w, https:\/\/i0.wp.com\/www.serrarpharma.com\/wp-content\/uploads\/2021\/04\/ISO-07.png?w=418&amp;ssl=1 418w\" sizes=\"(max-width: 70px) 100vw, 70px\" data-recalc-dims=\"1\" \/><\/p>\n<p>R\u00e9duit la Prise de Poids.<br \/>\nComplimente un Style de Vie avec un R\u00e9gime Hypocalorique pour ceux qui participent \u00e0 un Programme de Gestion de Poids Sant\u00e9<br \/>\nCoupe-Faim.<\/p>\n<p>R\u00e9duit le gain de poids<br \/>\n<strong>R\u00e9duit:<\/strong><\/p>\n<div class=\"productlist\">Teneur en mati\u00e8res grasses et%<br \/>\nTaille et hanches (IMC)<br \/>\nHypertension art\u00e9rielle<br \/>\nAnxi\u00e9t\u00e9 et fatigue<\/div>\n<p><strong>Augmente:<\/strong><\/p>\n<div class=\"productlist\">Sentiment de sati\u00e9t\u00e9<br \/>\nPerte de graisse avec l&#8217;exercice a\u00e9robie<\/div>\n<p><strong>Effet hypoglyc\u00e9mique: <\/strong><\/p>\n<div class=\"productlist\">Suppresseur de go\u00fbt sucr\u00e9<br \/>\nR\u00e8glement sur le niveau de sucre<\/div>\n<p><strong><br \/>\nEFFET SUR L&#8217;\u00c9QUILIBRE DES LIPIDES ET LES HORMONES<\/strong><\/p>\n<p><strong>R\u00e9duit:<\/strong><\/p>\n<div class=\"productlist\">LDL<br \/>\nNiveau de cholest\u00e9rol<br \/>\nActivit\u00e9 lipase pancr\u00e9atique<\/div>\n<p><strong>Augmente:<\/strong><\/p>\n<div class=\"productlist\">Total, gratuit, niveaux de testost\u00e9rone HDL, libido chez les hommes<br \/>\nS\u00e9rotonine (bien-\u00eatre et moins anxieux)<\/div>\n<p>&nbsp;<\/p>\n<p>&nbsp;<\/p>\n<p>Cette formule unique et exclusive a \u00e9t\u00e9 soigneusement cr\u00e9\u00e9e par le Dr Serrar MD, PhD, ND pour vous aider \u00e0 trouver une solution de perte de poids s\u00fbre et naturelle. Il est utile pour toute personne suivant un r\u00e9gime hypocalorique dans un programme de perte de poids.<\/p>\n<p>Ce suppl\u00e9ment botanique naturel contient des substances naturelles qui contr\u00f4lent l&#8217;app\u00e9tit naturellement et augmentent les niveaux de l&#8217;hormone s\u00e9rotonine (un produit chimique dans le cerveau qui vous rend heureux, d\u00e9tendu, \u00e9motionnellement et physiquement). Cette formule puissante vous aidera \u00e0 \u00e9viter de trop manger et de manger \u00e9motionnellement des aliments et des collations malsains. Il vous aide \u00e0 am\u00e9liorer votre humeur et votre \u00e9nergie \u00e0 mesure que le corps s&#8217;adapte \u00e0 de nouvelles habitudes alimentaires saines. De nombreux patients constatent un changement positif: une meilleure apparence de leur silhouette (activation du m\u00e9tabolisme: diminution de la graisse corporelle) une meilleure humeur, une diminution du cholest\u00e9rol, une diminution de leur tension art\u00e9rielle et une r\u00e9gularisation de leur taux de sucre apr\u00e8s les 30 premiers jours . ZinaSlim vous met sur la bonne voie pour r\u00e9duire consid\u00e9rablement votre stress et votre fatigue et devenir une personne plus heureuse et en meilleure sant\u00e9!<\/p>\n<p><strong>Dosage:<\/strong><\/p>\n<p>10 gouttes 3 fois par jour<\/p>\n<p>15 minutes avant le petit d\u00e9jeuner, le d\u00e9jeuner et le d\u00eener<\/p>\n<p>Ne mangez pas 15 minutes apr\u00e8s avoir pris les gouttes<\/p>\n<p><strong> Informations importantes: <\/strong><br \/>\nSi vous prenez des m\u00e9dicaments sur ordonnance, que vous avez un probl\u00e8me de sant\u00e9 ou que vous avez des pr\u00e9occupations sp\u00e9cifiques concernant l&#8217;ad\u00e9quation de l&#8217;un de nos produits par rapport \u00e0 ceux-ci, vous devez toujours consulter votre m\u00e9decin g\u00e9n\u00e9raliste ou votre pharmacien avant de prendre des suppl\u00e9ments. Les femmes enceintes ou allaitantes devraient consulter un m\u00e9decin g\u00e9n\u00e9raliste avant de prendre des suppl\u00e9ments. Ne d\u00e9passez pas la dose quotidienne recommand\u00e9e. Tenir hors de port\u00e9e des enfants. Les suppl\u00e9ments ne doivent pas remplacer un r\u00e9gime alimentaire vari\u00e9. Lisez toujours l&#8217;\u00e9tiquette avant utilisation<\/p>\n<p>Serrar Pharma utilise uniquement des ingr\u00e9dients purs et naturels, provenant de sources fiables GMP. Nous assurons la qualit\u00e9 non seulement de chaque lot, mais de chaque ingr\u00e9dient de ce lot, en vous assurant d&#8217;obtenir uniquement le produit de la plus haute qualit\u00e9. Il existe de nombreux avantages de support suppl\u00e9mentaires. Voir ci-dessous les avis. Si vous avez des questions, veuillez nous contacter \u00e0 info@serrarpharma.com<\/p>\n<p>&nbsp;<\/p>\n<p><span style=\"color: #005890;\"><strong><span class=\"VIiyi\" lang=\"fr\"><span class=\"JLqJ4b ChMk0b\" data-language-for-alternatives=\"fr\" data-language-to-translate-into=\"en\" data-phrase-index=\"0\">FABRIQU\u00c9 AUX USA<\/span><\/span> <span class=\"VIiyi\" lang=\"es\"> \u00a0\u00a0\u00a0\u00a0 <\/span>| <span class=\"VIiyi\" lang=\"es\"> \u00a0\u00a0\u00a0\u00a0 <\/span>CERTIFI\u00c9 GMP <span class=\"VIiyi\" lang=\"es\"> \u00a0\u00a0\u00a0\u00a0 <\/span>| <span class=\"VIiyi\" lang=\"es\"> \u00a0\u00a0\u00a0\u00a0 <\/span>SANS OGM <span class=\"VIiyi\" lang=\"es\"> \u00a0\u00a0\u00a0\u00a0 <\/span>| <span class=\"VIiyi\" lang=\"es\"> \u00a0\u00a0\u00a0\u00a0 <\/span><span class=\"VIiyi\" lang=\"fr\"><span class=\"JLqJ4b ChMk0b\" data-language-for-alternatives=\"fr\" data-language-to-translate-into=\"en\" data-phrase-index=\"0\">LABORATOIRE CERTIFI\u00c9 ISO 17025<\/span><\/span><\/strong><\/span><\/p>\n","protected":false},"excerpt":{"rendered":"<p>R\u00e9duit la Prise de Poids. Complimente un Style de Vie avec un R\u00e9gime Hypocalorique pour ceux qui participent \u00e0 un Programme de Gestion de Poids Sant\u00e9 Coupe-Faim. R\u00e9duit le gain de poids R\u00e9duit: Teneur en mati\u00e8res grasses et% Taille et hanches (IMC) Hypertension art\u00e9rielle Anxi\u00e9t\u00e9 et fatigue Augmente: Sentiment de sati\u00e9t\u00e9 Perte de graisse avec [&hellip;]<\/p>\n","protected":false},"featured_media":7916,"template":"","meta":{"hide_page_title":"","_coblocks_attr":"","_coblocks_dimensions":"","_coblocks_responsive_height":"","_coblocks_accordion_ie_support":""},"product_cat":[21],"product_tag":[],"translation":{"provider":"WPGlobus","version":"3.0.1","language":"fr","enabled_languages":["en","es","fr","ar","pt","it"],"languages":{"en":{"title":true,"content":true,"excerpt":false},"es":{"title":false,"content":true,"excerpt":false},"fr":{"title":false,"content":true,"excerpt":false},"ar":{"title":false,"content":true,"excerpt":false},"pt":{"title":false,"content":true,"excerpt":false},"it":{"title":false,"content":true,"excerpt":false}}},"_links":{"self":[{"href":"https:\/\/www.serrarpharma.com\/fr\/wp-json\/wp\/v2\/product\/1879"}],"collection":[{"href":"https:\/\/www.serrarpharma.com\/fr\/wp-json\/wp\/v2\/product"}],"about":[{"href":"https:\/\/www.serrarpharma.com\/fr\/wp-json\/wp\/v2\/types\/product"}],"wp:featuredmedia":[{"embeddable":true,"href":"https:\/\/www.serrarpharma.com\/fr\/wp-json\/wp\/v2\/media\/7916"}],"wp:attachment":[{"href":"https:\/\/www.serrarpharma.com\/fr\/wp-json\/wp\/v2\/media?parent=1879"}],"wp:term":[{"taxonomy":"product_cat","embeddable":true,"href":"https:\/\/www.serrarpharma.com\/fr\/wp-json\/wp\/v2\/product_cat?post=1879"},{"taxonomy":"product_tag","embeddable":true,"href":"https:\/\/www.serrarpharma.com\/fr\/wp-json\/wp\/v2\/product_tag?post=1879"}],"curies":[{"name":"wp","href":"https:\/\/api.w.org\/{rel}","templated":true}]}}