{"id":11123,"date":"2021-04-05T19:09:15","date_gmt":"2021-04-05T23:09:15","guid":{"rendered":"https:\/\/www.serrarpharma.com\/?post_type=product&#038;p=11123"},"modified":"2025-02-01T23:16:13","modified_gmt":"2025-02-02T04:16:13","slug":"naturosleep","status":"publish","type":"product","link":"https:\/\/www.serrarpharma.com\/fr\/product\/naturosleep\/","title":{"rendered":"NaturoSleep"},"content":{"rendered":"<p><img loading=\"lazy\" class=\"alignnone wp-image-11371\" src=\"https:\/\/i0.wp.com\/www.serrarpharma.com\/wp-content\/uploads\/2021\/04\/Made-in-CA.png?resize=70%2C70&#038;ssl=1\" alt=\"\" width=\"70\" height=\"70\" srcset=\"https:\/\/i0.wp.com\/www.serrarpharma.com\/wp-content\/uploads\/2021\/04\/Made-in-CA.png?w=150&amp;ssl=1 150w, https:\/\/i0.wp.com\/www.serrarpharma.com\/wp-content\/uploads\/2021\/04\/Made-in-CA.png?resize=100%2C100&amp;ssl=1 100w\" sizes=\"(max-width: 70px) 100vw, 70px\" data-recalc-dims=\"1\" \/><img loading=\"lazy\" class=\"alignnone wp-image-11370\" src=\"https:\/\/i0.wp.com\/www.serrarpharma.com\/wp-content\/uploads\/2021\/04\/GMP.png?resize=70%2C70&#038;ssl=1\" alt=\"\" width=\"70\" height=\"70\" srcset=\"https:\/\/i0.wp.com\/www.serrarpharma.com\/wp-content\/uploads\/2021\/04\/GMP.png?w=150&amp;ssl=1 150w, https:\/\/i0.wp.com\/www.serrarpharma.com\/wp-content\/uploads\/2021\/04\/GMP.png?resize=100%2C100&amp;ssl=1 100w\" sizes=\"(max-width: 70px) 100vw, 70px\" data-recalc-dims=\"1\" \/><img loading=\"lazy\" class=\"alignnone wp-image-11369\" src=\"https:\/\/i0.wp.com\/www.serrarpharma.com\/wp-content\/uploads\/2021\/04\/Nongmo.png?resize=70%2C70&#038;ssl=1\" alt=\"\" width=\"70\" height=\"70\" srcset=\"https:\/\/i0.wp.com\/www.serrarpharma.com\/wp-content\/uploads\/2021\/04\/Nongmo.png?w=150&amp;ssl=1 150w, https:\/\/i0.wp.com\/www.serrarpharma.com\/wp-content\/uploads\/2021\/04\/Nongmo.png?resize=100%2C100&amp;ssl=1 100w\" sizes=\"(max-width: 70px) 100vw, 70px\" data-recalc-dims=\"1\" \/><img loading=\"lazy\" class=\"alignnone wp-image-11799\" src=\"https:\/\/i0.wp.com\/www.serrarpharma.com\/wp-content\/uploads\/2021\/04\/ISO-07.png?resize=70%2C70&#038;ssl=1\" alt=\"\" width=\"70\" height=\"70\" srcset=\"https:\/\/i0.wp.com\/www.serrarpharma.com\/wp-content\/uploads\/2021\/04\/ISO-07.png?resize=300%2C300&amp;ssl=1 300w, https:\/\/i0.wp.com\/www.serrarpharma.com\/wp-content\/uploads\/2021\/04\/ISO-07.png?resize=150%2C150&amp;ssl=1 150w, https:\/\/i0.wp.com\/www.serrarpharma.com\/wp-content\/uploads\/2021\/04\/ISO-07.png?resize=100%2C100&amp;ssl=1 100w, https:\/\/i0.wp.com\/www.serrarpharma.com\/wp-content\/uploads\/2021\/04\/ISO-07.png?w=418&amp;ssl=1 418w\" sizes=\"(max-width: 70px) 100vw, 70px\" data-recalc-dims=\"1\" \/><\/p>\n<p>La m\u00e9latonine est une hormone produite et s\u00e9cr\u00e9t\u00e9e par la glande pin\u00e9ale, une glande en forme de pomme de pin mesurant moins d&#8217;un centim\u00e8tre de longueur, situ\u00e9e au plus profond du cerveau.<\/p>\n<p>La fonction principale de la m\u00e9latonine est le maintien d&#8217;un rythme circadien sain; en d&#8217;autres termes, votre cycle veille \/ sommeil. La lumi\u00e8re arr\u00eate la lib\u00e9ration de m\u00e9latonine, ce qui pose un probl\u00e8me de sant\u00e9 pour ceux qui voyagent fr\u00e9quemment et souffrent du d\u00e9calage horaire, ou pour les travailleurs par quarts qui manquent de cette hormone pr\u00e9cieuse pour obtenir leur sommeil profond critique pour rester en bonne sant\u00e9. La production de m\u00e9latonine diminue \u00e9galement avec l&#8217;\u00e2ge, ce qui peut \u00e9galement contribuer \u00e0 l&#8217;insomnie chronique chez l&#8217;adulte.<\/p>\n<p>La m\u00e9latonine est s\u00fbre, bien tol\u00e9r\u00e9e et une alternative sans effets secondaires aux somnif\u00e8res qui ne conduira pas \u00e0 la d\u00e9pendance et \u00e0 la d\u00e9pendance. Il peut raccourcir le temps n\u00e9cessaire pour s&#8217;endormir, ainsi qu&#8217;am\u00e9liorer la dur\u00e9e et la qualit\u00e9 du sommeil. Le manque de sommeil affecte de nombreux aspects de la vie quotidienne, y compris la vigilance mentale, l&#8217;\u00e9nergie et l&#8217;endurance. Le manque de sommeil rend les gens plus vuln\u00e9rables aux accidents et aux sautes d&#8217;humeur. Une carence en m\u00e9latonine peut \u00e9galement \u00eatre li\u00e9e \u00e0 une maladie coronarienne et \u00e0 une fonction immunitaire compromise.<\/p>\n<p>Le liquide NaturoSleep du Dr SERRAR <sup> \u00ae <\/sup> est une alternative pratique et rapide aux comprim\u00e9s et aux g\u00e9lules. Il a une saveur naturelle de menthe et la dose peut \u00eatre facilement calibr\u00e9e pour r\u00e9pondre aux besoins th\u00e9rapeutiques individuels.<\/p>\n<p><strong> Avantages: <\/strong><br \/>\nAide \u00e0 restaurer un rythme circadien sain (cycle veille \/ sommeil)<br \/>\nAide \u00e0 augmenter le temps de sommeil total<br \/>\nSaveur naturelle de menthe<br \/>\nSans OGM<\/p>\n<p><strong> Informations importantes: <\/strong><br \/>\nSi vous prenez des m\u00e9dicaments sur ordonnance, si vous souffrez d&#8217;un probl\u00e8me de sant\u00e9 ou si vous avez des pr\u00e9occupations sp\u00e9cifiques concernant la pertinence de l&#8217;un de nos produits par rapport \u00e0 ceux-ci, vous devez toujours consulter votre m\u00e9decin g\u00e9n\u00e9raliste ou votre pharmacien avant de prendre des suppl\u00e9ments. Les femmes enceintes ou allaitantes devraient consulter un m\u00e9decin g\u00e9n\u00e9raliste avant de prendre des suppl\u00e9ments. Ne d\u00e9passez pas la dose quotidienne recommand\u00e9e. Tenir hors de port\u00e9e des enfants. Les suppl\u00e9ments ne doivent pas \u00eatre pris comme un substitut \u00e0 une alimentation vari\u00e9e. Lisez toujours l&#8217;\u00e9tiquette avant utilisation<\/p>\n<p>Serrar Pharma utilise uniquement des ingr\u00e9dients purs et naturels, provenant de sources fiables GMP. Nous assurons la qualit\u00e9 non seulement de chaque lot, mais \u00e9galement de chaque ingr\u00e9dient de ce lot, vous garantissant ainsi un produit de la plus haute qualit\u00e9. Il existe de nombreux avantages de soutien suppl\u00e9mentaire. Voir ci-dessous les avis. Si vous avez des questions, veuillez nous contacter \u00e0 info@serrarpharma.com<\/p>\n<p>&nbsp;<\/p>\n<p><strong><span style=\"color: #005890;\">FABRIQU\u00c9 AU CANADA \u00a0 \u00a0\u00a0 | \u00a0 \u00a0\u00a0 CERTIFI\u00c9 GMP \u00a0 \u00a0\u00a0 | \u00a0 \u00a0\u00a0 SANS OGM\u00a0 \u00a0 \u00a0 |\u00a0 \u00a0 \u00a0 <span class=\"VIiyi\" lang=\"fr\"><span class=\"JLqJ4b ChMk0b\" data-language-for-alternatives=\"fr\" data-language-to-translate-into=\"en\" data-phrase-index=\"0\">LABORATOIRE CERTIFI\u00c9 ISO 17025<\/span><\/span><br \/>\n<\/span><\/strong><\/p>\n","protected":false},"excerpt":{"rendered":"<p>La m\u00e9latonine est une hormone produite et s\u00e9cr\u00e9t\u00e9e par la glande pin\u00e9ale, une glande en forme de pomme de pin mesurant moins d&#8217;un centim\u00e8tre de longueur, situ\u00e9e au plus profond du cerveau. La fonction principale de la m\u00e9latonine est le maintien d&#8217;un rythme circadien sain; en d&#8217;autres termes, votre cycle veille \/ sommeil. La lumi\u00e8re [&hellip;]<\/p>\n","protected":false},"featured_media":11303,"template":"","meta":{"hide_page_title":"","_coblocks_attr":"","_coblocks_dimensions":"","_coblocks_responsive_height":"","_coblocks_accordion_ie_support":""},"product_cat":[21],"product_tag":[],"translation":{"provider":"WPGlobus","version":"3.0.1","language":"fr","enabled_languages":["en","es","fr","ar","pt","it"],"languages":{"en":{"title":true,"content":true,"excerpt":false},"es":{"title":false,"content":true,"excerpt":false},"fr":{"title":false,"content":true,"excerpt":false},"ar":{"title":false,"content":true,"excerpt":false},"pt":{"title":false,"content":true,"excerpt":false},"it":{"title":false,"content":true,"excerpt":false}}},"_links":{"self":[{"href":"https:\/\/www.serrarpharma.com\/fr\/wp-json\/wp\/v2\/product\/11123"}],"collection":[{"href":"https:\/\/www.serrarpharma.com\/fr\/wp-json\/wp\/v2\/product"}],"about":[{"href":"https:\/\/www.serrarpharma.com\/fr\/wp-json\/wp\/v2\/types\/product"}],"wp:featuredmedia":[{"embeddable":true,"href":"https:\/\/www.serrarpharma.com\/fr\/wp-json\/wp\/v2\/media\/11303"}],"wp:attachment":[{"href":"https:\/\/www.serrarpharma.com\/fr\/wp-json\/wp\/v2\/media?parent=11123"}],"wp:term":[{"taxonomy":"product_cat","embeddable":true,"href":"https:\/\/www.serrarpharma.com\/fr\/wp-json\/wp\/v2\/product_cat?post=11123"},{"taxonomy":"product_tag","embeddable":true,"href":"https:\/\/www.serrarpharma.com\/fr\/wp-json\/wp\/v2\/product_tag?post=11123"}],"curies":[{"name":"wp","href":"https:\/\/api.w.org\/{rel}","templated":true}]}}