{"id":11120,"date":"2021-04-05T18:24:41","date_gmt":"2021-04-05T22:24:41","guid":{"rendered":"https:\/\/www.serrarpharma.com\/?post_type=product&#038;p=11120"},"modified":"2025-02-01T23:16:13","modified_gmt":"2025-02-02T04:16:13","slug":"zinaboost-capsule","status":"publish","type":"product","link":"https:\/\/www.serrarpharma.com\/fr\/product\/zinaboost-capsule\/","title":{"rendered":"ZinaBoost Capsule"},"content":{"rendered":"<p><img loading=\"lazy\" class=\"alignnone wp-image-11371\" src=\"https:\/\/i0.wp.com\/www.serrarpharma.com\/wp-content\/uploads\/2021\/04\/Made-in-CA.png?resize=70%2C70&#038;ssl=1\" alt=\"\" width=\"70\" height=\"70\" srcset=\"https:\/\/i0.wp.com\/www.serrarpharma.com\/wp-content\/uploads\/2021\/04\/Made-in-CA.png?w=150&amp;ssl=1 150w, https:\/\/i0.wp.com\/www.serrarpharma.com\/wp-content\/uploads\/2021\/04\/Made-in-CA.png?resize=100%2C100&amp;ssl=1 100w\" sizes=\"(max-width: 70px) 100vw, 70px\" data-recalc-dims=\"1\" \/><img loading=\"lazy\" class=\"alignnone wp-image-11370\" src=\"https:\/\/i0.wp.com\/www.serrarpharma.com\/wp-content\/uploads\/2021\/04\/GMP.png?resize=70%2C70&#038;ssl=1\" alt=\"\" width=\"70\" height=\"70\" srcset=\"https:\/\/i0.wp.com\/www.serrarpharma.com\/wp-content\/uploads\/2021\/04\/GMP.png?w=150&amp;ssl=1 150w, https:\/\/i0.wp.com\/www.serrarpharma.com\/wp-content\/uploads\/2021\/04\/GMP.png?resize=100%2C100&amp;ssl=1 100w\" sizes=\"(max-width: 70px) 100vw, 70px\" data-recalc-dims=\"1\" \/><img loading=\"lazy\" class=\"alignnone wp-image-11369\" src=\"https:\/\/i0.wp.com\/www.serrarpharma.com\/wp-content\/uploads\/2021\/04\/Nongmo.png?resize=70%2C70&#038;ssl=1\" alt=\"\" width=\"70\" height=\"70\" srcset=\"https:\/\/i0.wp.com\/www.serrarpharma.com\/wp-content\/uploads\/2021\/04\/Nongmo.png?w=150&amp;ssl=1 150w, https:\/\/i0.wp.com\/www.serrarpharma.com\/wp-content\/uploads\/2021\/04\/Nongmo.png?resize=100%2C100&amp;ssl=1 100w\" sizes=\"(max-width: 70px) 100vw, 70px\" data-recalc-dims=\"1\" \/><img loading=\"lazy\" class=\"alignnone wp-image-11799\" src=\"https:\/\/i0.wp.com\/www.serrarpharma.com\/wp-content\/uploads\/2021\/04\/ISO-07.png?resize=70%2C70&#038;ssl=1\" alt=\"\" width=\"70\" height=\"70\" srcset=\"https:\/\/i0.wp.com\/www.serrarpharma.com\/wp-content\/uploads\/2021\/04\/ISO-07.png?resize=300%2C300&amp;ssl=1 300w, https:\/\/i0.wp.com\/www.serrarpharma.com\/wp-content\/uploads\/2021\/04\/ISO-07.png?resize=150%2C150&amp;ssl=1 150w, https:\/\/i0.wp.com\/www.serrarpharma.com\/wp-content\/uploads\/2021\/04\/ISO-07.png?resize=100%2C100&amp;ssl=1 100w, https:\/\/i0.wp.com\/www.serrarpharma.com\/wp-content\/uploads\/2021\/04\/ISO-07.png?w=418&amp;ssl=1 418w\" sizes=\"(max-width: 70px) 100vw, 70px\" data-recalc-dims=\"1\" \/><\/p>\n<p><strong>Permet l&#8217;activit\u00e9 physique \u00e0 toute personne suivant un r\u00e9gime hypocalorique dans un programme de perte de poids <\/strong><\/p>\n<div class=\"productlist\">Stimule le m\u00e9tabolisme des nutriments<br \/>\nAugmente l&#8217;\u00e9nergie<br \/>\n\u00c9limine la fatigue<br \/>\nSupprime l&#8217;app\u00e9tit et le d\u00e9sir de sucre<br \/>\nEffet hypoglyc\u00e9mique et contr\u00f4le la glyc\u00e9mie<br \/>\nAide \u00e0 \u00e9quilibrer les graisses et les hormones<br \/>\nAide au bon fonctionnement des muscles<br \/>\nAugmente les capacit\u00e9s physiques et les performances<\/div>\n<p>&#8211;<\/p>\n<p>Le ZinaBoost du Dr SERRAR\u00ae est une combinaison bien \u00e9quilibr\u00e9e de nutriments con\u00e7ue pour augmenter l&#8217;\u00e9nergie et l&#8217;endurance. La formule ZinaBoost du Dr SERRAR\u00ae est un m\u00e9lange multidimensionnel de nutriments formul\u00e9 pour amplifier l&#8217;\u00e9nergie et renforcer l&#8217;endurance. Passons en revue la liste des ingr\u00e9dients de notre formule d\u00e9velopp\u00e9e par le naturopathe.<\/p>\n<p><strong> Contient: <\/strong><br \/>\n\u1d05-Ribose aide \u00e0 restaurer les niveaux d&#8217;\u00e9nergie pour acc\u00e9l\u00e9rer le temps de r\u00e9cup\u00e9ration apr\u00e8s des p\u00e9riodes de stress et d&#8217;effort.<\/p>\n<p>L&#8217;astragale (16% de polysaccharides) est l&#8217;une des herbes les plus appr\u00e9ci\u00e9es de l&#8217;Est. C&#8217;est particuli\u00e8rement merveilleux pour augmenter l&#8217;\u00e9nergie et l&#8217;endurance ainsi que pour renforcer la r\u00e9sistance du corps. C&#8217;est une herbe tonifiante qui aide \u00e0 \u00e9quilibrer les syst\u00e8mes du corps.<\/p>\n<p>Le Panax ginseng (20% de gins\u00e9nosides) est connu comme le roi de tous les toniques \u00e9nerg\u00e9tiques. Il stimule tout le corps, aidant \u00e0 surmonter le stress, la fatigue et la faiblesse.<br \/>\nLe ginseng de Sib\u00e9rie (0,8% d&#8217;\u00e9leuth\u00e9rosides) est l&#8217;un des meilleurs toniques \u00e9nerg\u00e9tiques. Des \u00e9tudes ont montr\u00e9 qu&#8217;il peut consid\u00e9rablement augmenter l&#8217;endurance, permettant \u00e0 ceux qui l&#8217;utilisent de travailler plus longtemps et plus dur, et de se remettre de l&#8217;\u00e9puisement plus rapidement.<\/p>\n<p>La racine de r\u00e9glisse (10% d&#8217;acide glycyrrhizinique) est bien connue pour sa capacit\u00e9 \u00e0 aider avec le stress et l&#8217;\u00e9nergie. Il contient des substances similaires aux hormones corticosurr\u00e9nales du corps, ce qui le rend id\u00e9al pour les personnes souffrant d\u2019insuffisance surr\u00e9nalienne et d\u2019\u00e9puisement.<\/p>\n<p>Ces produits favorisent l&#8217;endurance, aident \u00e0 r\u00e9duire la fatigue, am\u00e9liorent les performances physiques et maintiennent la capacit\u00e9 du corps \u00e0 m\u00e9taboliser les nutriments. Cette formule unique et exclusive a \u00e9t\u00e9 soigneusement con\u00e7ue pour vous aider \u00e0 maintenir les capacit\u00e9s du corps \u00e0 m\u00e9taboliser les nutriments et \u00e0 augmenter vos capacit\u00e9s physiques lors des performances physiques (stress physique).<\/p>\n<p><strong>Dosage:<\/strong><\/p>\n<p>Prendre 1 capsule une fois par jour ou selon les directives de votre professionnel de la sant\u00e9.<\/p>\n<p><strong> Informations importantes: <\/strong><\/p>\n<p>Ne contient pas de: gluten, soja, bl\u00e9, \u0153ufs, produits laitiers, levure, agrumes, conservateurs, ar\u00f4me ou colorant artificiel ou amidon.<\/p>\n<p>Pr\u00e9cautions et avertissements: Consultez un professionnel de la sant\u00e9 avant l&#8217;utilisation si vous \u00eates enceinte ou si vous allaitez; si vous prenez des antid\u00e9presseurs; si vous prenez des anticoagulants ou de la digoxine; si vous avez n&#8217;importe quel type d&#8217;infection aigu\u00eb; ou si vous souffrez d&#8217;une maladie auto-immune. Consulter un professionnel de la sant\u00e9 si les sympt\u00f4mes persistent ou s&#8217;aggravent.<\/p>\n<p>Contradications: ne pas utiliser si vous avez un trouble h\u00e9matologique; si vous prenez de la warfarine; si vous avez des allergies ou souffrez d&#8217;asthme; ou si vous avez des allergies aux abeilles ou aux produits de l&#8217;abeille.<\/p>\n<p>R\u00e9actions ind\u00e9sirables connues: une hypersensibilit\u00e9 (par exemple une allergie) est connue pour se produire; dans ce cas, cessez l&#8217;utilisation. Certaines personnes peuvent souffrir d&#8217;insomnie, d&#8217;anxi\u00e9t\u00e9 ou de maux de t\u00eate; dans ce cas, cessez l&#8217;utilisation.<\/p>\n<p>Ne pas utiliser si le sceau est bris\u00e9. Tenir hors de port\u00e9e des enfants.<\/p>\n<p>Si vous prenez des m\u00e9dicaments sur ordonnance, que vous avez un probl\u00e8me de sant\u00e9 ou que vous avez des pr\u00e9occupations sp\u00e9cifiques concernant l&#8217;ad\u00e9quation de l&#8217;un de nos produits par rapport \u00e0 ceux-ci, vous devez toujours consulter votre m\u00e9decin g\u00e9n\u00e9raliste ou votre pharmacien avant de prendre des suppl\u00e9ments. Les femmes enceintes ou allaitantes devraient consulter un m\u00e9decin g\u00e9n\u00e9raliste avant de prendre des suppl\u00e9ments. Ne d\u00e9passez pas la dose quotidienne recommand\u00e9e. Tenir hors de port\u00e9e des enfants. Les suppl\u00e9ments ne doivent pas remplacer un r\u00e9gime alimentaire vari\u00e9. Lisez toujours l&#8217;\u00e9tiquette avant utilisation<\/p>\n<p>Serrar Pharma utilise uniquement des ingr\u00e9dients purs et naturels, provenant de sources fiables GMP. Nous assurons la qualit\u00e9 non seulement de chaque lot, mais de chaque ingr\u00e9dient de ce lot, en vous assurant d&#8217;obtenir uniquement le produit de la plus haute qualit\u00e9. Il existe de nombreux avantages de support suppl\u00e9mentaires. Voir ci-dessous les avis. Si vous avez des questions, veuillez nous contacter \u00e0 info@serrarpharma.com<\/p>\n<p><strong><span style=\"color: #005890;\">FABRIQU\u00c9 AU CANADA <span class=\"VIiyi\" lang=\"es\"> \u00a0\u00a0\u00a0\u00a0 <\/span>| <span class=\"VIiyi\" lang=\"es\"> \u00a0\u00a0\u00a0\u00a0 <\/span>CERTIFI\u00c9 GMP <span class=\"VIiyi\" lang=\"es\"> \u00a0\u00a0\u00a0\u00a0 <\/span>| <span class=\"VIiyi\" lang=\"es\"> \u00a0\u00a0\u00a0\u00a0 <\/span>SANS OGM <span class=\"VIiyi\" lang=\"es\"> \u00a0\u00a0\u00a0\u00a0 <\/span>| <span class=\"VIiyi\" lang=\"es\"> \u00a0\u00a0\u00a0\u00a0 <\/span><span class=\"VIiyi\" lang=\"fr\"><span class=\"JLqJ4b ChMk0b\" data-language-for-alternatives=\"fr\" data-language-to-translate-into=\"en\" data-phrase-index=\"0\">LABORATOIRE CERTIFI\u00c9 ISO 17025<\/span><\/span><br \/>\n<\/span><\/strong><\/p>\n","protected":false},"excerpt":{"rendered":"<p>Permet l&#8217;activit\u00e9 physique \u00e0 toute personne suivant un r\u00e9gime hypocalorique dans un programme de perte de poids Stimule le m\u00e9tabolisme des nutriments Augmente l&#8217;\u00e9nergie \u00c9limine la fatigue Supprime l&#8217;app\u00e9tit et le d\u00e9sir de sucre Effet hypoglyc\u00e9mique et contr\u00f4le la glyc\u00e9mie Aide \u00e0 \u00e9quilibrer les graisses et les hormones Aide au bon fonctionnement des muscles Augmente [&hellip;]<\/p>\n","protected":false},"featured_media":11122,"template":"","meta":{"hide_page_title":"","_coblocks_attr":"","_coblocks_dimensions":"","_coblocks_responsive_height":"","_coblocks_accordion_ie_support":""},"product_cat":[21],"product_tag":[],"translation":{"provider":"WPGlobus","version":"3.0.1","language":"fr","enabled_languages":["en","es","fr","ar","pt","it"],"languages":{"en":{"title":true,"content":true,"excerpt":false},"es":{"title":false,"content":true,"excerpt":false},"fr":{"title":false,"content":true,"excerpt":false},"ar":{"title":false,"content":true,"excerpt":false},"pt":{"title":false,"content":true,"excerpt":false},"it":{"title":false,"content":true,"excerpt":false}}},"_links":{"self":[{"href":"https:\/\/www.serrarpharma.com\/fr\/wp-json\/wp\/v2\/product\/11120"}],"collection":[{"href":"https:\/\/www.serrarpharma.com\/fr\/wp-json\/wp\/v2\/product"}],"about":[{"href":"https:\/\/www.serrarpharma.com\/fr\/wp-json\/wp\/v2\/types\/product"}],"wp:featuredmedia":[{"embeddable":true,"href":"https:\/\/www.serrarpharma.com\/fr\/wp-json\/wp\/v2\/media\/11122"}],"wp:attachment":[{"href":"https:\/\/www.serrarpharma.com\/fr\/wp-json\/wp\/v2\/media?parent=11120"}],"wp:term":[{"taxonomy":"product_cat","embeddable":true,"href":"https:\/\/www.serrarpharma.com\/fr\/wp-json\/wp\/v2\/product_cat?post=11120"},{"taxonomy":"product_tag","embeddable":true,"href":"https:\/\/www.serrarpharma.com\/fr\/wp-json\/wp\/v2\/product_tag?post=11120"}],"curies":[{"name":"wp","href":"https:\/\/api.w.org\/{rel}","templated":true}]}}